{"id":211,"date":"2022-11-27T18:56:10","date_gmt":"2022-11-27T17:56:10","guid":{"rendered":"http:\/\/up2sky.aero\/?page_id=211"},"modified":"2023-09-19T12:28:34","modified_gmt":"2023-09-19T10:28:34","slug":"pilot-shop","status":"publish","type":"page","link":"https:\/\/up2sky.aero\/en\/pilot-shop\/","title":{"rendered":"Pilot shop"},"content":{"rendered":"","protected":false},"excerpt":{"rendered":"","protected":false},"author":1,"featured_media":701,"parent":0,"menu_order":0,"comment_status":"closed","ping_status":"closed","template":"","meta":{"_acf_changed":false,"inline_featured_image":false,"footnotes":""},"class_list":["post-211","page","type-page","status-publish","has-post-thumbnail","hentry"],"acf":[],"yoast_head":"<!-- This site is optimized with the Yoast SEO plugin v27.4 - https:\/\/yoast.com\/product\/yoast-seo-wordpress\/ -->\n<title>up2sky.aero | Pilot shop | Potreby pre pilotov<\/title>\n<meta name=\"description\" content=\"Pilot shop pon\u00faka \u0161irok\u00fd sortiment leteck\u00e9ho vybavenia, potreby pre pilotov, leteck\u00e9 doplnky, leteck\u00e9 oble\u010denie\" \/>\n<meta name=\"robots\" content=\"index, follow, max-snippet:-1, max-image-preview:large, max-video-preview:-1\" \/>\n<link rel=\"canonical\" href=\"https:\/\/up2sky.aero\/en\/pilot-shop\/\" \/>\n<meta property=\"og:locale\" content=\"en_GB\" \/>\n<meta property=\"og:type\" content=\"article\" \/>\n<meta property=\"og:title\" content=\"up2sky.aero | Pilot shop | Potreby pre pilotov\" \/>\n<meta property=\"og:description\" content=\"Pilot shop pon\u00faka \u0161irok\u00fd sortiment leteck\u00e9ho vybavenia, potreby pre pilotov, leteck\u00e9 doplnky, leteck\u00e9 oble\u010denie\" \/>\n<meta property=\"og:url\" content=\"https:\/\/up2sky.aero\/en\/pilot-shop\/\" \/>\n<meta property=\"og:site_name\" content=\"up2sky.aero\" \/>\n<meta property=\"article:publisher\" content=\"https:\/\/www.facebook.com\/up2sky.aero\" \/>\n<meta property=\"article:modified_time\" content=\"2023-09-19T10:28:34+00:00\" \/>\n<meta property=\"og:image\" content=\"http:\/\/up2sky.aero\/wp-content\/uploads\/2023\/01\/9586E9B7-07D7-4738-BC29-F2E632BFE36A.jpeg\" \/>\n\t<meta property=\"og:image:width\" content=\"1279\" \/>\n\t<meta property=\"og:image:height\" content=\"703\" \/>\n\t<meta property=\"og:image:type\" content=\"image\/jpeg\" \/>\n<meta name=\"twitter:card\" content=\"summary_large_image\" \/>\n<script type=\"application\/ld+json\" class=\"yoast-schema-graph\">{\"@context\":\"https:\\\/\\\/schema.org\",\"@graph\":[{\"@type\":\"WebPage\",\"@id\":\"https:\\\/\\\/up2sky.aero\\\/pilot-shop\\\/\",\"url\":\"https:\\\/\\\/up2sky.aero\\\/pilot-shop\\\/\",\"name\":\"up2sky.aero | Pilot shop | Potreby pre pilotov\",\"isPartOf\":{\"@id\":\"https:\\\/\\\/up2sky.aero\\\/#website\"},\"primaryImageOfPage\":{\"@id\":\"https:\\\/\\\/up2sky.aero\\\/pilot-shop\\\/#primaryimage\"},\"image\":{\"@id\":\"https:\\\/\\\/up2sky.aero\\\/pilot-shop\\\/#primaryimage\"},\"thumbnailUrl\":\"https:\\\/\\\/up2sky.aero\\\/wp-content\\\/uploads\\\/2023\\\/01\\\/9586E9B7-07D7-4738-BC29-F2E632BFE36A.jpeg\",\"datePublished\":\"2022-11-27T17:56:10+00:00\",\"dateModified\":\"2023-09-19T10:28:34+00:00\",\"description\":\"Pilot shop pon\u00faka \u0161irok\u00fd sortiment leteck\u00e9ho vybavenia, potreby pre pilotov, leteck\u00e9 doplnky, leteck\u00e9 oble\u010denie\",\"breadcrumb\":{\"@id\":\"https:\\\/\\\/up2sky.aero\\\/pilot-shop\\\/#breadcrumb\"},\"inLanguage\":\"en-GB\",\"potentialAction\":[{\"@type\":\"ReadAction\",\"target\":[\"https:\\\/\\\/up2sky.aero\\\/pilot-shop\\\/\"]}]},{\"@type\":\"ImageObject\",\"inLanguage\":\"en-GB\",\"@id\":\"https:\\\/\\\/up2sky.aero\\\/pilot-shop\\\/#primaryimage\",\"url\":\"https:\\\/\\\/up2sky.aero\\\/wp-content\\\/uploads\\\/2023\\\/01\\\/9586E9B7-07D7-4738-BC29-F2E632BFE36A.jpeg\",\"contentUrl\":\"https:\\\/\\\/up2sky.aero\\\/wp-content\\\/uploads\\\/2023\\\/01\\\/9586E9B7-07D7-4738-BC29-F2E632BFE36A.jpeg\",\"width\":1279,\"height\":703,\"caption\":\"Pilot SHOP\"},{\"@type\":\"BreadcrumbList\",\"@id\":\"https:\\\/\\\/up2sky.aero\\\/pilot-shop\\\/#breadcrumb\",\"itemListElement\":[{\"@type\":\"ListItem\",\"position\":1,\"name\":\"Domovsk\u00e1 str\u00e1nka\",\"item\":\"https:\\\/\\\/up2sky.aero\\\/\"},{\"@type\":\"ListItem\",\"position\":2,\"name\":\"Pilot shop\"}]},{\"@type\":\"WebSite\",\"@id\":\"https:\\\/\\\/up2sky.aero\\\/#website\",\"url\":\"https:\\\/\\\/up2sky.aero\\\/\",\"name\":\"up2sky.aero\",\"description\":\"Z\u00e1\u017eitkov\u00e9 lety pre milovn\u00edkov dobrodru\u017estiev\",\"publisher\":{\"@id\":\"https:\\\/\\\/up2sky.aero\\\/#organization\"},\"alternateName\":\"up2sky\",\"potentialAction\":[{\"@type\":\"SearchAction\",\"target\":{\"@type\":\"EntryPoint\",\"urlTemplate\":\"https:\\\/\\\/up2sky.aero\\\/?s={search_term_string}\"},\"query-input\":{\"@type\":\"PropertyValueSpecification\",\"valueRequired\":true,\"valueName\":\"search_term_string\"}}],\"inLanguage\":\"en-GB\"},{\"@type\":\"Organization\",\"@id\":\"https:\\\/\\\/up2sky.aero\\\/#organization\",\"name\":\"up2sky.aero, s.r.o.\",\"url\":\"https:\\\/\\\/up2sky.aero\\\/\",\"logo\":{\"@type\":\"ImageObject\",\"inLanguage\":\"en-GB\",\"@id\":\"https:\\\/\\\/up2sky.aero\\\/#\\\/schema\\\/logo\\\/image\\\/\",\"url\":\"https:\\\/\\\/up2sky.aero\\\/wp-content\\\/uploads\\\/2022\\\/10\\\/up2sky-logo.svg\",\"contentUrl\":\"https:\\\/\\\/up2sky.aero\\\/wp-content\\\/uploads\\\/2022\\\/10\\\/up2sky-logo.svg\",\"width\":180,\"height\":141,\"caption\":\"up2sky.aero, s.r.o.\"},\"image\":{\"@id\":\"https:\\\/\\\/up2sky.aero\\\/#\\\/schema\\\/logo\\\/image\\\/\"},\"sameAs\":[\"https:\\\/\\\/www.facebook.com\\\/up2sky.aero\"]}]}<\/script>\n<!-- \/ Yoast SEO plugin. -->","yoast_head_json":{"title":"up2sky.aero | Pilot shop | Potreby pre pilotov","description":"Pilot shop pon\u00faka \u0161irok\u00fd sortiment leteck\u00e9ho vybavenia, potreby pre pilotov, leteck\u00e9 doplnky, leteck\u00e9 oble\u010denie","robots":{"index":"index","follow":"follow","max-snippet":"max-snippet:-1","max-image-preview":"max-image-preview:large","max-video-preview":"max-video-preview:-1"},"canonical":"https:\/\/up2sky.aero\/en\/pilot-shop\/","og_locale":"en_GB","og_type":"article","og_title":"up2sky.aero | Pilot shop | Potreby pre pilotov","og_description":"Pilot shop pon\u00faka \u0161irok\u00fd sortiment leteck\u00e9ho vybavenia, potreby pre pilotov, leteck\u00e9 doplnky, leteck\u00e9 oble\u010denie","og_url":"https:\/\/up2sky.aero\/en\/pilot-shop\/","og_site_name":"up2sky.aero","article_publisher":"https:\/\/www.facebook.com\/up2sky.aero","article_modified_time":"2023-09-19T10:28:34+00:00","og_image":[{"width":1279,"height":703,"url":"http:\/\/up2sky.aero\/wp-content\/uploads\/2023\/01\/9586E9B7-07D7-4738-BC29-F2E632BFE36A.jpeg","type":"image\/jpeg"}],"twitter_card":"summary_large_image","schema":{"@context":"https:\/\/schema.org","@graph":[{"@type":"WebPage","@id":"https:\/\/up2sky.aero\/pilot-shop\/","url":"https:\/\/up2sky.aero\/pilot-shop\/","name":"up2sky.aero | Pilot shop | Potreby pre pilotov","isPartOf":{"@id":"https:\/\/up2sky.aero\/#website"},"primaryImageOfPage":{"@id":"https:\/\/up2sky.aero\/pilot-shop\/#primaryimage"},"image":{"@id":"https:\/\/up2sky.aero\/pilot-shop\/#primaryimage"},"thumbnailUrl":"https:\/\/up2sky.aero\/wp-content\/uploads\/2023\/01\/9586E9B7-07D7-4738-BC29-F2E632BFE36A.jpeg","datePublished":"2022-11-27T17:56:10+00:00","dateModified":"2023-09-19T10:28:34+00:00","description":"Pilot shop pon\u00faka \u0161irok\u00fd sortiment leteck\u00e9ho vybavenia, potreby pre pilotov, leteck\u00e9 doplnky, leteck\u00e9 oble\u010denie","breadcrumb":{"@id":"https:\/\/up2sky.aero\/pilot-shop\/#breadcrumb"},"inLanguage":"en-GB","potentialAction":[{"@type":"ReadAction","target":["https:\/\/up2sky.aero\/pilot-shop\/"]}]},{"@type":"ImageObject","inLanguage":"en-GB","@id":"https:\/\/up2sky.aero\/pilot-shop\/#primaryimage","url":"https:\/\/up2sky.aero\/wp-content\/uploads\/2023\/01\/9586E9B7-07D7-4738-BC29-F2E632BFE36A.jpeg","contentUrl":"https:\/\/up2sky.aero\/wp-content\/uploads\/2023\/01\/9586E9B7-07D7-4738-BC29-F2E632BFE36A.jpeg","width":1279,"height":703,"caption":"Pilot SHOP"},{"@type":"BreadcrumbList","@id":"https:\/\/up2sky.aero\/pilot-shop\/#breadcrumb","itemListElement":[{"@type":"ListItem","position":1,"name":"Domovsk\u00e1 str\u00e1nka","item":"https:\/\/up2sky.aero\/"},{"@type":"ListItem","position":2,"name":"Pilot shop"}]},{"@type":"WebSite","@id":"https:\/\/up2sky.aero\/#website","url":"https:\/\/up2sky.aero\/","name":"up2sky.aero","description":"Z\u00e1\u017eitkov\u00e9 lety pre milovn\u00edkov dobrodru\u017estiev","publisher":{"@id":"https:\/\/up2sky.aero\/#organization"},"alternateName":"up2sky","potentialAction":[{"@type":"SearchAction","target":{"@type":"EntryPoint","urlTemplate":"https:\/\/up2sky.aero\/?s={search_term_string}"},"query-input":{"@type":"PropertyValueSpecification","valueRequired":true,"valueName":"search_term_string"}}],"inLanguage":"en-GB"},{"@type":"Organization","@id":"https:\/\/up2sky.aero\/#organization","name":"up2sky.aero, s.r.o.","url":"https:\/\/up2sky.aero\/","logo":{"@type":"ImageObject","inLanguage":"en-GB","@id":"https:\/\/up2sky.aero\/#\/schema\/logo\/image\/","url":"https:\/\/up2sky.aero\/wp-content\/uploads\/2022\/10\/up2sky-logo.svg","contentUrl":"https:\/\/up2sky.aero\/wp-content\/uploads\/2022\/10\/up2sky-logo.svg","width":180,"height":141,"caption":"up2sky.aero, s.r.o."},"image":{"@id":"https:\/\/up2sky.aero\/#\/schema\/logo\/image\/"},"sameAs":["https:\/\/www.facebook.com\/up2sky.aero"]}]}},"_links":{"self":[{"href":"https:\/\/up2sky.aero\/en\/wp-json\/wp\/v2\/pages\/211","targetHints":{"allow":["GET"]}}],"collection":[{"href":"https:\/\/up2sky.aero\/en\/wp-json\/wp\/v2\/pages"}],"about":[{"href":"https:\/\/up2sky.aero\/en\/wp-json\/wp\/v2\/types\/page"}],"author":[{"embeddable":true,"href":"https:\/\/up2sky.aero\/en\/wp-json\/wp\/v2\/users\/1"}],"replies":[{"embeddable":true,"href":"https:\/\/up2sky.aero\/en\/wp-json\/wp\/v2\/comments?post=211"}],"version-history":[{"count":0,"href":"https:\/\/up2sky.aero\/en\/wp-json\/wp\/v2\/pages\/211\/revisions"}],"wp:featuredmedia":[{"embeddable":true,"href":"https:\/\/up2sky.aero\/en\/wp-json\/wp\/v2\/media\/701"}],"wp:attachment":[{"href":"https:\/\/up2sky.aero\/en\/wp-json\/wp\/v2\/media?parent=211"}],"curies":[{"name":"wp","href":"https:\/\/api.w.org\/{rel}","templated":true}]}}