{"id":3,"date":"2022-10-09T18:40:09","date_gmt":"2022-10-09T16:40:09","guid":{"rendered":"http:\/\/up2sky.aero\/?page_id=3"},"modified":"2023-09-16T14:26:37","modified_gmt":"2023-09-16T12:26:37","slug":"ochrana-sukromia","status":"publish","type":"page","link":"https:\/\/up2sky.aero\/en\/ochrana-sukromia\/","title":{"rendered":"Z\u00e1sady ochrany osobn\u00fdch \u00fadajov"},"content":{"rendered":"<div \r\n    class=\"align wp-block-peb-pdf-embed\" \r\n    id=\"pebPDFEmbed-1\" \r\n    data-props=\"{&quot;attributes&quot;:{&quot;cId&quot;:&quot;e59fd95e-9&quot;,&quot;file&quot;:{&quot;id&quot;:225,&quot;url&quot;:&quot;http:\\\/\\\/up2sky.aero\\\/wp-content\\\/uploads\\\/2022\\\/12\\\/Osobne-udaje_up2sky.pdf&quot;,&quot;alt&quot;:&quot;&quot;,&quot;title&quot;:&quot;Osobn\\u00e9 \\u00fadaje_up2sky&quot;},&quot;config&quot;:{&quot;embedMode&quot;:&quot;IN_LINE&quot;},&quot;align&quot;:&quot;&quot;,&quot;options&quot;:{&quot;showDownloadPDF&quot;:false,&quot;showPrintPDF&quot;:false,&quot;showFullScreen&quot;:true},&quot;alignment&quot;:&quot;center&quot;,&quot;width&quot;:&quot;100%&quot;,&quot;height&quot;:&quot;469px&quot;,&quot;padding&quot;:{&quot;side&quot;:4},&quot;margin&quot;:{&quot;side&quot;:4},&quot;border&quot;:{&quot;radius&quot;:&quot;0px&quot;,&quot;style&quot;:&quot;solid&quot;,&quot;color&quot;:&quot;#dadada&quot;,&quot;width&quot;:&quot;1px&quot;},&quot;shadow&quot;:[],&quot;TrpContentRestriction&quot;:{&quot;restriction_type&quot;:&quot;exclude&quot;,&quot;selected_languages&quot;:[],&quot;panel_open&quot;:true}},&quot;pebAPIKey&quot;:&quot;adce007c185e4015bcba658e12da6fa3&quot;}\" \r\n>\r\n<\/div>","protected":false},"excerpt":{"rendered":"","protected":false},"author":1,"featured_media":0,"parent":0,"menu_order":0,"comment_status":"closed","ping_status":"open","template":"","meta":{"_acf_changed":false,"inline_featured_image":false,"footnotes":""},"class_list":["post-3","page","type-page","status-publish","hentry"],"acf":[],"yoast_head":"<!-- This site is optimized with the Yoast SEO plugin v27.4 - https:\/\/yoast.com\/product\/yoast-seo-wordpress\/ -->\n<title>Z\u00e1sady ochrany osobn\u00fdch \u00fadajov - up2sky.aero<\/title>\n<meta name=\"description\" content=\"Doprajte nezabudnute\u013en\u00fd z\u00e1\u017eitok sebe alebo svoj\u00edm zn\u00e1mym. Pon\u00fakame v\u00e1m z\u00e1\u017eitkov\u00e9 lety, pren\u00e1jom lietadla, ale aj slu\u017eby Aero Taxi a Aero Mail.\" \/>\n<meta name=\"robots\" content=\"index, follow, max-snippet:-1, max-image-preview:large, max-video-preview:-1\" \/>\n<link rel=\"canonical\" href=\"https:\/\/up2sky.aero\/en\/ochrana-sukromia\/\" \/>\n<meta property=\"og:locale\" content=\"en_GB\" \/>\n<meta property=\"og:type\" content=\"article\" \/>\n<meta property=\"og:title\" content=\"Z\u00e1sady ochrany osobn\u00fdch \u00fadajov - up2sky.aero\" \/>\n<meta property=\"og:description\" content=\"Doprajte nezabudnute\u013en\u00fd z\u00e1\u017eitok sebe alebo svoj\u00edm zn\u00e1mym. Pon\u00fakame v\u00e1m z\u00e1\u017eitkov\u00e9 lety, pren\u00e1jom lietadla, ale aj slu\u017eby Aero Taxi a Aero Mail.\" \/>\n<meta property=\"og:url\" content=\"https:\/\/up2sky.aero\/en\/ochrana-sukromia\/\" \/>\n<meta property=\"og:site_name\" content=\"up2sky.aero\" \/>\n<meta property=\"article:publisher\" content=\"https:\/\/www.facebook.com\/up2sky.aero\" \/>\n<meta property=\"article:modified_time\" content=\"2023-09-16T12:26:37+00:00\" \/>\n<meta property=\"og:image\" content=\"https:\/\/up2sky.aero\/wp-content\/uploads\/2023\/01\/9586E9B7-07D7-4738-BC29-F2E632BFE36A.jpeg\" \/>\n\t<meta property=\"og:image:width\" content=\"1279\" \/>\n\t<meta property=\"og:image:height\" content=\"703\" \/>\n\t<meta property=\"og:image:type\" content=\"image\/jpeg\" \/>\n<meta name=\"twitter:card\" content=\"summary_large_image\" \/>\n<script type=\"application\/ld+json\" class=\"yoast-schema-graph\">{\"@context\":\"https:\\\/\\\/schema.org\",\"@graph\":[{\"@type\":\"WebPage\",\"@id\":\"https:\\\/\\\/up2sky.aero\\\/ochrana-sukromia\\\/\",\"url\":\"https:\\\/\\\/up2sky.aero\\\/ochrana-sukromia\\\/\",\"name\":\"Z\u00e1sady ochrany osobn\u00fdch \u00fadajov - up2sky.aero\",\"isPartOf\":{\"@id\":\"https:\\\/\\\/up2sky.aero\\\/#website\"},\"datePublished\":\"2022-10-09T16:40:09+00:00\",\"dateModified\":\"2023-09-16T12:26:37+00:00\",\"description\":\"Doprajte nezabudnute\u013en\u00fd z\u00e1\u017eitok sebe alebo svoj\u00edm zn\u00e1mym. Pon\u00fakame v\u00e1m z\u00e1\u017eitkov\u00e9 lety, pren\u00e1jom lietadla, ale aj slu\u017eby Aero Taxi a Aero Mail.\",\"breadcrumb\":{\"@id\":\"https:\\\/\\\/up2sky.aero\\\/ochrana-sukromia\\\/#breadcrumb\"},\"inLanguage\":\"en-GB\",\"potentialAction\":[{\"@type\":\"ReadAction\",\"target\":[\"https:\\\/\\\/up2sky.aero\\\/ochrana-sukromia\\\/\"]}]},{\"@type\":\"BreadcrumbList\",\"@id\":\"https:\\\/\\\/up2sky.aero\\\/ochrana-sukromia\\\/#breadcrumb\",\"itemListElement\":[{\"@type\":\"ListItem\",\"position\":1,\"name\":\"Domovsk\u00e1 str\u00e1nka\",\"item\":\"https:\\\/\\\/up2sky.aero\\\/\"},{\"@type\":\"ListItem\",\"position\":2,\"name\":\"Z\u00e1sady ochrany osobn\u00fdch \u00fadajov\"}]},{\"@type\":\"WebSite\",\"@id\":\"https:\\\/\\\/up2sky.aero\\\/#website\",\"url\":\"https:\\\/\\\/up2sky.aero\\\/\",\"name\":\"up2sky.aero\",\"description\":\"Z\u00e1\u017eitkov\u00e9 lety pre milovn\u00edkov dobrodru\u017estiev\",\"publisher\":{\"@id\":\"https:\\\/\\\/up2sky.aero\\\/#organization\"},\"alternateName\":\"up2sky\",\"potentialAction\":[{\"@type\":\"SearchAction\",\"target\":{\"@type\":\"EntryPoint\",\"urlTemplate\":\"https:\\\/\\\/up2sky.aero\\\/?s={search_term_string}\"},\"query-input\":{\"@type\":\"PropertyValueSpecification\",\"valueRequired\":true,\"valueName\":\"search_term_string\"}}],\"inLanguage\":\"en-GB\"},{\"@type\":\"Organization\",\"@id\":\"https:\\\/\\\/up2sky.aero\\\/#organization\",\"name\":\"up2sky.aero, s.r.o.\",\"url\":\"https:\\\/\\\/up2sky.aero\\\/\",\"logo\":{\"@type\":\"ImageObject\",\"inLanguage\":\"en-GB\",\"@id\":\"https:\\\/\\\/up2sky.aero\\\/#\\\/schema\\\/logo\\\/image\\\/\",\"url\":\"https:\\\/\\\/up2sky.aero\\\/wp-content\\\/uploads\\\/2022\\\/10\\\/up2sky-logo.svg\",\"contentUrl\":\"https:\\\/\\\/up2sky.aero\\\/wp-content\\\/uploads\\\/2022\\\/10\\\/up2sky-logo.svg\",\"width\":180,\"height\":141,\"caption\":\"up2sky.aero, s.r.o.\"},\"image\":{\"@id\":\"https:\\\/\\\/up2sky.aero\\\/#\\\/schema\\\/logo\\\/image\\\/\"},\"sameAs\":[\"https:\\\/\\\/www.facebook.com\\\/up2sky.aero\"]}]}<\/script>\n<!-- \/ Yoast SEO plugin. -->","yoast_head_json":{"title":"Z\u00e1sady ochrany osobn\u00fdch \u00fadajov - up2sky.aero","description":"Doprajte nezabudnute\u013en\u00fd z\u00e1\u017eitok sebe alebo svoj\u00edm zn\u00e1mym. Pon\u00fakame v\u00e1m z\u00e1\u017eitkov\u00e9 lety, pren\u00e1jom lietadla, ale aj slu\u017eby Aero Taxi a Aero Mail.","robots":{"index":"index","follow":"follow","max-snippet":"max-snippet:-1","max-image-preview":"max-image-preview:large","max-video-preview":"max-video-preview:-1"},"canonical":"https:\/\/up2sky.aero\/en\/ochrana-sukromia\/","og_locale":"en_GB","og_type":"article","og_title":"Z\u00e1sady ochrany osobn\u00fdch \u00fadajov - up2sky.aero","og_description":"Doprajte nezabudnute\u013en\u00fd z\u00e1\u017eitok sebe alebo svoj\u00edm zn\u00e1mym. Pon\u00fakame v\u00e1m z\u00e1\u017eitkov\u00e9 lety, pren\u00e1jom lietadla, ale aj slu\u017eby Aero Taxi a Aero Mail.","og_url":"https:\/\/up2sky.aero\/en\/ochrana-sukromia\/","og_site_name":"up2sky.aero","article_publisher":"https:\/\/www.facebook.com\/up2sky.aero","article_modified_time":"2023-09-16T12:26:37+00:00","og_image":[{"width":1279,"height":703,"url":"https:\/\/up2sky.aero\/wp-content\/uploads\/2023\/01\/9586E9B7-07D7-4738-BC29-F2E632BFE36A.jpeg","type":"image\/jpeg"}],"twitter_card":"summary_large_image","schema":{"@context":"https:\/\/schema.org","@graph":[{"@type":"WebPage","@id":"https:\/\/up2sky.aero\/ochrana-sukromia\/","url":"https:\/\/up2sky.aero\/ochrana-sukromia\/","name":"Z\u00e1sady ochrany osobn\u00fdch \u00fadajov - up2sky.aero","isPartOf":{"@id":"https:\/\/up2sky.aero\/#website"},"datePublished":"2022-10-09T16:40:09+00:00","dateModified":"2023-09-16T12:26:37+00:00","description":"Doprajte nezabudnute\u013en\u00fd z\u00e1\u017eitok sebe alebo svoj\u00edm zn\u00e1mym. Pon\u00fakame v\u00e1m z\u00e1\u017eitkov\u00e9 lety, pren\u00e1jom lietadla, ale aj slu\u017eby Aero Taxi a Aero Mail.","breadcrumb":{"@id":"https:\/\/up2sky.aero\/ochrana-sukromia\/#breadcrumb"},"inLanguage":"en-GB","potentialAction":[{"@type":"ReadAction","target":["https:\/\/up2sky.aero\/ochrana-sukromia\/"]}]},{"@type":"BreadcrumbList","@id":"https:\/\/up2sky.aero\/ochrana-sukromia\/#breadcrumb","itemListElement":[{"@type":"ListItem","position":1,"name":"Domovsk\u00e1 str\u00e1nka","item":"https:\/\/up2sky.aero\/"},{"@type":"ListItem","position":2,"name":"Z\u00e1sady ochrany osobn\u00fdch \u00fadajov"}]},{"@type":"WebSite","@id":"https:\/\/up2sky.aero\/#website","url":"https:\/\/up2sky.aero\/","name":"up2sky.aero","description":"Z\u00e1\u017eitkov\u00e9 lety pre milovn\u00edkov dobrodru\u017estiev","publisher":{"@id":"https:\/\/up2sky.aero\/#organization"},"alternateName":"up2sky","potentialAction":[{"@type":"SearchAction","target":{"@type":"EntryPoint","urlTemplate":"https:\/\/up2sky.aero\/?s={search_term_string}"},"query-input":{"@type":"PropertyValueSpecification","valueRequired":true,"valueName":"search_term_string"}}],"inLanguage":"en-GB"},{"@type":"Organization","@id":"https:\/\/up2sky.aero\/#organization","name":"up2sky.aero, s.r.o.","url":"https:\/\/up2sky.aero\/","logo":{"@type":"ImageObject","inLanguage":"en-GB","@id":"https:\/\/up2sky.aero\/#\/schema\/logo\/image\/","url":"https:\/\/up2sky.aero\/wp-content\/uploads\/2022\/10\/up2sky-logo.svg","contentUrl":"https:\/\/up2sky.aero\/wp-content\/uploads\/2022\/10\/up2sky-logo.svg","width":180,"height":141,"caption":"up2sky.aero, s.r.o."},"image":{"@id":"https:\/\/up2sky.aero\/#\/schema\/logo\/image\/"},"sameAs":["https:\/\/www.facebook.com\/up2sky.aero"]}]}},"_links":{"self":[{"href":"https:\/\/up2sky.aero\/en\/wp-json\/wp\/v2\/pages\/3","targetHints":{"allow":["GET"]}}],"collection":[{"href":"https:\/\/up2sky.aero\/en\/wp-json\/wp\/v2\/pages"}],"about":[{"href":"https:\/\/up2sky.aero\/en\/wp-json\/wp\/v2\/types\/page"}],"author":[{"embeddable":true,"href":"https:\/\/up2sky.aero\/en\/wp-json\/wp\/v2\/users\/1"}],"replies":[{"embeddable":true,"href":"https:\/\/up2sky.aero\/en\/wp-json\/wp\/v2\/comments?post=3"}],"version-history":[{"count":0,"href":"https:\/\/up2sky.aero\/en\/wp-json\/wp\/v2\/pages\/3\/revisions"}],"wp:attachment":[{"href":"https:\/\/up2sky.aero\/en\/wp-json\/wp\/v2\/media?parent=3"}],"curies":[{"name":"wp","href":"https:\/\/api.w.org\/{rel}","templated":true}]}}