{"id":72,"date":"2022-11-04T17:26:45","date_gmt":"2022-11-04T16:26:45","guid":{"rendered":"http:\/\/up2sky.aero\/?page_id=72"},"modified":"2024-01-27T09:16:41","modified_gmt":"2024-01-27T08:16:41","slug":"kontakt","status":"publish","type":"page","link":"https:\/\/up2sky.aero\/en\/kontakt\/","title":{"rendered":"Contact"},"content":{"rendered":"","protected":false},"excerpt":{"rendered":"","protected":false},"author":1,"featured_media":0,"parent":0,"menu_order":0,"comment_status":"closed","ping_status":"closed","template":"","meta":{"_acf_changed":false,"inline_featured_image":false,"footnotes":""},"class_list":["post-72","page","type-page","status-publish","hentry"],"acf":[],"yoast_head":"<!-- This site is optimized with the Yoast SEO plugin v27.4 - https:\/\/yoast.com\/product\/yoast-seo-wordpress\/ -->\n<title>up2sky.aero | Kontakt<\/title>\n<meta name=\"description\" content=\"Kontakt: Leteck\u00e9 tr\u00e9ningov\u00e9 centrum n\u00e1jdete na ulici Bernol\u00e1kova 4681\/17 v Poprade. Z\u00e1\u017eitkov\u00e9 lety sa realizuj\u00fa z Letiska Poprad.\" \/>\n<meta name=\"robots\" content=\"index, follow, max-snippet:-1, max-image-preview:large, max-video-preview:-1\" \/>\n<link rel=\"canonical\" href=\"https:\/\/up2sky.aero\/en\/kontakt\/\" \/>\n<meta property=\"og:locale\" content=\"en_GB\" \/>\n<meta property=\"og:type\" content=\"article\" \/>\n<meta property=\"og:title\" content=\"up2sky.aero | Kontakt\" \/>\n<meta property=\"og:description\" content=\"Kontakt: Leteck\u00e9 tr\u00e9ningov\u00e9 centrum n\u00e1jdete na ulici Bernol\u00e1kova 4681\/17 v Poprade. Z\u00e1\u017eitkov\u00e9 lety sa realizuj\u00fa z Letiska Poprad.\" \/>\n<meta property=\"og:url\" content=\"https:\/\/up2sky.aero\/en\/kontakt\/\" \/>\n<meta property=\"og:site_name\" content=\"up2sky.aero\" \/>\n<meta property=\"article:publisher\" content=\"https:\/\/www.facebook.com\/up2sky.aero\" \/>\n<meta property=\"article:modified_time\" content=\"2024-01-27T08:16:41+00:00\" \/>\n<meta property=\"og:image\" content=\"https:\/\/up2sky.aero\/wp-content\/uploads\/2023\/01\/9586E9B7-07D7-4738-BC29-F2E632BFE36A.jpeg\" \/>\n\t<meta property=\"og:image:width\" content=\"1279\" \/>\n\t<meta property=\"og:image:height\" content=\"703\" \/>\n\t<meta property=\"og:image:type\" content=\"image\/jpeg\" \/>\n<meta name=\"twitter:card\" content=\"summary_large_image\" \/>\n<meta name=\"twitter:label1\" content=\"Estimated reading time\" \/>\n\t<meta name=\"twitter:data1\" content=\"2 minutes\" \/>\n<script type=\"application\/ld+json\" class=\"yoast-schema-graph\">{\"@context\":\"https:\\\/\\\/schema.org\",\"@graph\":[{\"@type\":\"WebPage\",\"@id\":\"https:\\\/\\\/up2sky.aero\\\/kontakt\\\/\",\"url\":\"https:\\\/\\\/up2sky.aero\\\/kontakt\\\/\",\"name\":\"up2sky.aero | Kontakt\",\"isPartOf\":{\"@id\":\"https:\\\/\\\/up2sky.aero\\\/#website\"},\"datePublished\":\"2022-11-04T16:26:45+00:00\",\"dateModified\":\"2024-01-27T08:16:41+00:00\",\"description\":\"Kontakt: Leteck\u00e9 tr\u00e9ningov\u00e9 centrum n\u00e1jdete na ulici Bernol\u00e1kova 4681\\\/17 v Poprade. Z\u00e1\u017eitkov\u00e9 lety sa realizuj\u00fa z Letiska Poprad.\",\"breadcrumb\":{\"@id\":\"https:\\\/\\\/up2sky.aero\\\/kontakt\\\/#breadcrumb\"},\"inLanguage\":\"en-GB\",\"potentialAction\":[{\"@type\":\"ReadAction\",\"target\":[\"https:\\\/\\\/up2sky.aero\\\/kontakt\\\/\"]}]},{\"@type\":\"BreadcrumbList\",\"@id\":\"https:\\\/\\\/up2sky.aero\\\/kontakt\\\/#breadcrumb\",\"itemListElement\":[{\"@type\":\"ListItem\",\"position\":1,\"name\":\"Domovsk\u00e1 str\u00e1nka\",\"item\":\"https:\\\/\\\/up2sky.aero\\\/\"},{\"@type\":\"ListItem\",\"position\":2,\"name\":\"Kontakt\"}]},{\"@type\":\"WebSite\",\"@id\":\"https:\\\/\\\/up2sky.aero\\\/#website\",\"url\":\"https:\\\/\\\/up2sky.aero\\\/\",\"name\":\"up2sky.aero\",\"description\":\"Z\u00e1\u017eitkov\u00e9 lety pre milovn\u00edkov dobrodru\u017estiev\",\"publisher\":{\"@id\":\"https:\\\/\\\/up2sky.aero\\\/#organization\"},\"alternateName\":\"up2sky\",\"potentialAction\":[{\"@type\":\"SearchAction\",\"target\":{\"@type\":\"EntryPoint\",\"urlTemplate\":\"https:\\\/\\\/up2sky.aero\\\/?s={search_term_string}\"},\"query-input\":{\"@type\":\"PropertyValueSpecification\",\"valueRequired\":true,\"valueName\":\"search_term_string\"}}],\"inLanguage\":\"en-GB\"},{\"@type\":\"Organization\",\"@id\":\"https:\\\/\\\/up2sky.aero\\\/#organization\",\"name\":\"up2sky.aero, s.r.o.\",\"url\":\"https:\\\/\\\/up2sky.aero\\\/\",\"logo\":{\"@type\":\"ImageObject\",\"inLanguage\":\"en-GB\",\"@id\":\"https:\\\/\\\/up2sky.aero\\\/#\\\/schema\\\/logo\\\/image\\\/\",\"url\":\"https:\\\/\\\/up2sky.aero\\\/wp-content\\\/uploads\\\/2022\\\/10\\\/up2sky-logo.svg\",\"contentUrl\":\"https:\\\/\\\/up2sky.aero\\\/wp-content\\\/uploads\\\/2022\\\/10\\\/up2sky-logo.svg\",\"width\":180,\"height\":141,\"caption\":\"up2sky.aero, s.r.o.\"},\"image\":{\"@id\":\"https:\\\/\\\/up2sky.aero\\\/#\\\/schema\\\/logo\\\/image\\\/\"},\"sameAs\":[\"https:\\\/\\\/www.facebook.com\\\/up2sky.aero\"]}]}<\/script>\n<!-- \/ Yoast SEO plugin. -->","yoast_head_json":{"title":"up2sky.aero | Kontakt","description":"Kontakt: Leteck\u00e9 tr\u00e9ningov\u00e9 centrum n\u00e1jdete na ulici Bernol\u00e1kova 4681\/17 v Poprade. Z\u00e1\u017eitkov\u00e9 lety sa realizuj\u00fa z Letiska Poprad.","robots":{"index":"index","follow":"follow","max-snippet":"max-snippet:-1","max-image-preview":"max-image-preview:large","max-video-preview":"max-video-preview:-1"},"canonical":"https:\/\/up2sky.aero\/en\/kontakt\/","og_locale":"en_GB","og_type":"article","og_title":"up2sky.aero | Kontakt","og_description":"Kontakt: Leteck\u00e9 tr\u00e9ningov\u00e9 centrum n\u00e1jdete na ulici Bernol\u00e1kova 4681\/17 v Poprade. Z\u00e1\u017eitkov\u00e9 lety sa realizuj\u00fa z Letiska Poprad.","og_url":"https:\/\/up2sky.aero\/en\/kontakt\/","og_site_name":"up2sky.aero","article_publisher":"https:\/\/www.facebook.com\/up2sky.aero","article_modified_time":"2024-01-27T08:16:41+00:00","og_image":[{"width":1279,"height":703,"url":"https:\/\/up2sky.aero\/wp-content\/uploads\/2023\/01\/9586E9B7-07D7-4738-BC29-F2E632BFE36A.jpeg","type":"image\/jpeg"}],"twitter_card":"summary_large_image","twitter_misc":{"Estimated reading time":"2 minutes"},"schema":{"@context":"https:\/\/schema.org","@graph":[{"@type":"WebPage","@id":"https:\/\/up2sky.aero\/kontakt\/","url":"https:\/\/up2sky.aero\/kontakt\/","name":"up2sky.aero | Kontakt","isPartOf":{"@id":"https:\/\/up2sky.aero\/#website"},"datePublished":"2022-11-04T16:26:45+00:00","dateModified":"2024-01-27T08:16:41+00:00","description":"Kontakt: Leteck\u00e9 tr\u00e9ningov\u00e9 centrum n\u00e1jdete na ulici Bernol\u00e1kova 4681\/17 v Poprade. Z\u00e1\u017eitkov\u00e9 lety sa realizuj\u00fa z Letiska Poprad.","breadcrumb":{"@id":"https:\/\/up2sky.aero\/kontakt\/#breadcrumb"},"inLanguage":"en-GB","potentialAction":[{"@type":"ReadAction","target":["https:\/\/up2sky.aero\/kontakt\/"]}]},{"@type":"BreadcrumbList","@id":"https:\/\/up2sky.aero\/kontakt\/#breadcrumb","itemListElement":[{"@type":"ListItem","position":1,"name":"Domovsk\u00e1 str\u00e1nka","item":"https:\/\/up2sky.aero\/"},{"@type":"ListItem","position":2,"name":"Kontakt"}]},{"@type":"WebSite","@id":"https:\/\/up2sky.aero\/#website","url":"https:\/\/up2sky.aero\/","name":"up2sky.aero","description":"Z\u00e1\u017eitkov\u00e9 lety pre milovn\u00edkov dobrodru\u017estiev","publisher":{"@id":"https:\/\/up2sky.aero\/#organization"},"alternateName":"up2sky","potentialAction":[{"@type":"SearchAction","target":{"@type":"EntryPoint","urlTemplate":"https:\/\/up2sky.aero\/?s={search_term_string}"},"query-input":{"@type":"PropertyValueSpecification","valueRequired":true,"valueName":"search_term_string"}}],"inLanguage":"en-GB"},{"@type":"Organization","@id":"https:\/\/up2sky.aero\/#organization","name":"up2sky.aero, s.r.o.","url":"https:\/\/up2sky.aero\/","logo":{"@type":"ImageObject","inLanguage":"en-GB","@id":"https:\/\/up2sky.aero\/#\/schema\/logo\/image\/","url":"https:\/\/up2sky.aero\/wp-content\/uploads\/2022\/10\/up2sky-logo.svg","contentUrl":"https:\/\/up2sky.aero\/wp-content\/uploads\/2022\/10\/up2sky-logo.svg","width":180,"height":141,"caption":"up2sky.aero, s.r.o."},"image":{"@id":"https:\/\/up2sky.aero\/#\/schema\/logo\/image\/"},"sameAs":["https:\/\/www.facebook.com\/up2sky.aero"]}]}},"_links":{"self":[{"href":"https:\/\/up2sky.aero\/en\/wp-json\/wp\/v2\/pages\/72","targetHints":{"allow":["GET"]}}],"collection":[{"href":"https:\/\/up2sky.aero\/en\/wp-json\/wp\/v2\/pages"}],"about":[{"href":"https:\/\/up2sky.aero\/en\/wp-json\/wp\/v2\/types\/page"}],"author":[{"embeddable":true,"href":"https:\/\/up2sky.aero\/en\/wp-json\/wp\/v2\/users\/1"}],"replies":[{"embeddable":true,"href":"https:\/\/up2sky.aero\/en\/wp-json\/wp\/v2\/comments?post=72"}],"version-history":[{"count":0,"href":"https:\/\/up2sky.aero\/en\/wp-json\/wp\/v2\/pages\/72\/revisions"}],"wp:attachment":[{"href":"https:\/\/up2sky.aero\/en\/wp-json\/wp\/v2\/media?parent=72"}],"curies":[{"name":"wp","href":"https:\/\/api.w.org\/{rel}","templated":true}]}}