{"id":1326,"date":"2023-10-01T13:22:00","date_gmt":"2023-10-01T11:22:00","guid":{"rendered":"https:\/\/up2sky.aero\/?post_type=product&#038;p=1326"},"modified":"2025-01-09T13:38:16","modified_gmt":"2025-01-09T12:38:16","slug":"be-a-captain-120-min","status":"publish","type":"product","link":"https:\/\/up2sky.aero\/en\/product\/be-a-captain-120-min\/","title":{"rendered":"BE A CAPTAIN 120 min"},"content":{"rendered":"<div>\n<p>\u2022 <strong>Flight for one person<\/strong><br \/>\n\u2022 Neobmedzen\u00e1 platnos\u0165<br \/>\n\u2022 Variant si vy\u017eaduje aspo\u0148 z\u00e1kladn\u00e9 znalosti pri obsluhe lietadla.<br \/>\n\u2022 Let \u00fa\u010dastn\u00edka m\u00f4\u017eu sledova\u0165 a\u017e 2 sprev\u00e1dzaj\u00face osoby<br \/>\n\u2022 Teoretick\u00e1 pr\u00edprava, in\u0161trukt\u00e1\u017e k ovl\u00e1daniu simul\u00e1tora<br \/>\n\u2022 ovl\u00e1danie plne funk\u010dnej repliky leteck\u00e9ho simul\u00e1tora B738-M (re\u00e1lna ve\u013ekos\u0165, akt\u00edvne sily v riaden\u00ed, trottle quadrant, 220-stup\u0148ov\u00fd extern\u00fd displej a projektory v 4K (UHD) rozl\u00ed\u0161en\u00ed.<br \/>\n\u2022 trvanie letu: 120 min<br \/>\n\u2022 let \u0161peci\u00e1lne prisp\u00f4soben\u00fd va\u0161im o\u010dak\u00e1vaniam, aby ste mohli naplno vyu\u017ei\u0165 svoj \u010das a za\u017ei\u0165 ho jedine\u010dn\u00fdm sp\u00f4sobom. Bal\u00edk V\u00e1m umo\u017en\u00ed absolvova\u0165 cel\u00fa trasu z bodu A do bodu B. Umo\u017en\u00edme V\u00e1m zvoli\u0165 si poveternostn\u00e9 podmienky, \u010do znamen\u00e1, \u017ee si budete m\u00f4c\u0165 otestova\u0165 svoje schopnosti v t\u00fdch najn\u00e1ro\u010dnej\u0161\u00edch situ\u00e1ci\u00e1ch. \u0160tandardn\u00fd scen\u00e1r zah\u0155\u0148a aj predletov\u00fd br\u00edfing a n\u00e1le\u017eitosti ako v bal\u00edku GO-AROUND<br \/>\n\u2022 Dozor a pomoc in\u0161truktora po\u010das priebehu stretnutia<\/p>\n<p><b>Nealkoholick\u00fd n\u00e1poj GR\u00c1TIS pre ka\u017ed\u00fa osobu (pre max. 3 osoby)<\/b><\/p>\n<p><strong>Letisk\u00e1, z ktor\u00fdch \u0161tartujeme v r\u00e1mci bal\u00edka<\/strong><br \/>\nV r\u00e1mci bal\u00edka si \u00fa\u010dastn\u00edk m\u00f4\u017ee vybra\u0165 ak\u00e9ko\u013evek letisko na svete z datab\u00e1zy. Nieko\u013eko desiatok scen\u00e9ri\u00ed v na\u0161ej datab\u00e1ze zah\u0155\u0148a nielen zmapovan\u00e9 dr\u00e1hy, ale aj do detailov pripraven\u00e9 letisk\u00e1, termin\u00e1ly a mest\u00e1. M\u00f4\u017eete vidie\u0165 Vysok\u00e9 Tatry z v\u00fd\u0161ky, m\u00f4\u017eete letie\u0165 do Egypta, do USA, preletie\u0165 na riekou Hudson alebo Eifelovkou. M\u00f4\u017eete tie\u017e letie\u0165 kde len chcete.<\/p>\n<p><strong>Atmosf\u00e9rick\u00e9 podmienky<\/strong><br \/>\nLety realizovan\u00e9 v r\u00e1mci bal\u00edka sa m\u00f4\u017eu uskuto\u010dni\u0165 za ak\u00fdchko\u013evek poveternostn\u00fdch podmienok. Sme schopn\u00ed simulova\u0165 ak\u00e9ko\u013evek podmienky vr\u00e1tane anom\u00e1li\u00ed po\u010dasia. S\u00fa\u010das\u0165ou bal\u00ed\u010dka je aj \u017eiv\u00e9 po\u010dasie, teda po\u010dasie, ktor\u00e9 v danom \u010dase a v danej oblasti skuto\u010dne panuje.<\/p>\n<p><b>Realiz\u00e1cia letu na simul\u00e1tore prebieha v priestoroch Leteck\u00e9ho tr\u00e9ningov\u00e9ho centra v Poprade<\/b><\/p>\n<\/div>\n<div><span style=\"color: #000000;\">--<\/span><\/div>","protected":false},"excerpt":{"rendered":"<p>\u2022 Let pre jednu osobu \u2022 Neobmedzen\u00e1 platnos\u0165 \u2022 Variant si vy\u017eaduje aspo\u0148 z\u00e1kladn\u00e9 znalosti pri obsluhe lietadla. \u2022 Let \u00fa\u010dastn\u00edka m\u00f4\u017eu sledova\u0165 a\u017e 2 sprev\u00e1dzaj\u00face osoby \u2022 Teoretick\u00e1 pr\u00edprava, in\u0161trukt\u00e1\u017e k ovl\u00e1daniu simul\u00e1tora \u2022 ovl\u00e1danie plne funk\u010dnej repliky leteck\u00e9ho simul\u00e1tora B738-M (re\u00e1lna ve\u013ekos\u0165, akt\u00edvne sily v riaden\u00ed, trottle quadrant, 220-stup\u0148ov\u00fd extern\u00fd displej a projektory [&hellip;]<\/p>","protected":false},"featured_media":1292,"template":"","meta":{"_acf_changed":false,"inline_featured_image":false},"product_brand":[],"product_cat":[56],"product_tag":[59,57],"class_list":{"0":"post-1326","1":"product","2":"type-product","3":"status-publish","4":"has-post-thumbnail","6":"product_cat-simulator-b738-m","7":"product_tag-b738-m","8":"product_tag-simulator","10":"first","11":"instock","12":"sale","13":"virtual","14":"taxable","15":"purchasable","16":"product-type-simple"},"acf":[],"yoast_head":"<!-- This site is optimized with the Yoast SEO plugin v27.5 - https:\/\/yoast.com\/product\/yoast-seo-wordpress\/ -->\n<title>BE A CAPTAIN 120 min - up2sky.aero<\/title>\n<meta name=\"description\" content=\"Leteck\u00fd simul\u00e1tor B738-M | 120 min\u00fatov\u00fd let na simul\u00e1tore dopravn\u00e9ho lietadla | Akt\u00edvne sily v riaden\u00ed a 4K (UHD) rozl\u00ed\u0161enie | Jedin\u00fd svojho typu v SR\" \/>\n<meta name=\"robots\" content=\"index, follow, max-snippet:-1, max-image-preview:large, max-video-preview:-1\" \/>\n<link rel=\"canonical\" href=\"https:\/\/up2sky.aero\/en\/product\/be-a-captain-120-min\/\" \/>\n<meta property=\"og:locale\" content=\"en_GB\" \/>\n<meta property=\"og:type\" content=\"article\" \/>\n<meta property=\"og:title\" content=\"BE A CAPTAIN 120 min - up2sky.aero\" \/>\n<meta property=\"og:description\" content=\"Leteck\u00fd simul\u00e1tor B738-M | 120 min\u00fatov\u00fd let na simul\u00e1tore dopravn\u00e9ho lietadla | Akt\u00edvne sily v riaden\u00ed a 4K (UHD) rozl\u00ed\u0161enie | Jedin\u00fd svojho typu v SR\" \/>\n<meta property=\"og:url\" content=\"https:\/\/up2sky.aero\/en\/product\/be-a-captain-120-min\/\" \/>\n<meta property=\"og:site_name\" content=\"up2sky.aero\" \/>\n<meta property=\"article:publisher\" content=\"https:\/\/www.facebook.com\/up2sky.aero\" \/>\n<meta property=\"article:modified_time\" content=\"2025-01-09T12:38:16+00:00\" \/>\n<meta property=\"og:image\" content=\"http:\/\/up2sky.aero\/wp-content\/uploads\/2023\/09\/IMG_1102-scaled.jpg\" \/>\n\t<meta property=\"og:image:width\" content=\"2560\" \/>\n\t<meta property=\"og:image:height\" content=\"1535\" \/>\n\t<meta property=\"og:image:type\" content=\"image\/jpeg\" \/>\n<meta name=\"twitter:card\" content=\"summary_large_image\" \/>\n<meta name=\"twitter:label1\" content=\"Estimated reading time\" \/>\n\t<meta name=\"twitter:data1\" content=\"2 minutes\" \/>\n<script type=\"application\/ld+json\" class=\"yoast-schema-graph\">{\"@context\":\"https:\\\/\\\/schema.org\",\"@graph\":[{\"@type\":\"WebPage\",\"@id\":\"https:\\\/\\\/up2sky.aero\\\/produkt\\\/be-a-captain-120-min\\\/\",\"url\":\"https:\\\/\\\/up2sky.aero\\\/produkt\\\/be-a-captain-120-min\\\/\",\"name\":\"BE A CAPTAIN 120 min - up2sky.aero\",\"isPartOf\":{\"@id\":\"https:\\\/\\\/up2sky.aero\\\/#website\"},\"primaryImageOfPage\":{\"@id\":\"https:\\\/\\\/up2sky.aero\\\/produkt\\\/be-a-captain-120-min\\\/#primaryimage\"},\"image\":{\"@id\":\"https:\\\/\\\/up2sky.aero\\\/produkt\\\/be-a-captain-120-min\\\/#primaryimage\"},\"thumbnailUrl\":\"https:\\\/\\\/up2sky.aero\\\/wp-content\\\/uploads\\\/2023\\\/09\\\/IMG_1102-scaled.jpg\",\"datePublished\":\"2023-10-01T11:22:00+00:00\",\"dateModified\":\"2025-01-09T12:38:16+00:00\",\"description\":\"Leteck\u00fd simul\u00e1tor B738-M | 120 min\u00fatov\u00fd let na simul\u00e1tore dopravn\u00e9ho lietadla | Akt\u00edvne sily v riaden\u00ed a 4K (UHD) rozl\u00ed\u0161enie | Jedin\u00fd svojho typu v SR\",\"breadcrumb\":{\"@id\":\"https:\\\/\\\/up2sky.aero\\\/produkt\\\/be-a-captain-120-min\\\/#breadcrumb\"},\"inLanguage\":\"en-GB\",\"potentialAction\":[{\"@type\":\"ReadAction\",\"target\":[\"https:\\\/\\\/up2sky.aero\\\/produkt\\\/be-a-captain-120-min\\\/\"]}]},{\"@type\":\"ImageObject\",\"inLanguage\":\"en-GB\",\"@id\":\"https:\\\/\\\/up2sky.aero\\\/produkt\\\/be-a-captain-120-min\\\/#primaryimage\",\"url\":\"https:\\\/\\\/up2sky.aero\\\/wp-content\\\/uploads\\\/2023\\\/09\\\/IMG_1102-scaled.jpg\",\"contentUrl\":\"https:\\\/\\\/up2sky.aero\\\/wp-content\\\/uploads\\\/2023\\\/09\\\/IMG_1102-scaled.jpg\",\"width\":2560,\"height\":1535,\"caption\":\"Leteck\u00fd simul\u00e1tor B738M FNPTII MCC v Poprade\"},{\"@type\":\"BreadcrumbList\",\"@id\":\"https:\\\/\\\/up2sky.aero\\\/produkt\\\/be-a-captain-120-min\\\/#breadcrumb\",\"itemListElement\":[{\"@type\":\"ListItem\",\"position\":1,\"name\":\"Domovsk\u00e1 str\u00e1nka\",\"item\":\"https:\\\/\\\/up2sky.aero\\\/\"},{\"@type\":\"ListItem\",\"position\":2,\"name\":\"Pilot shop\",\"item\":\"https:\\\/\\\/up2sky.aero\\\/?page_id=126\"},{\"@type\":\"ListItem\",\"position\":3,\"name\":\"BE A CAPTAIN 120 min\"}]},{\"@type\":\"WebSite\",\"@id\":\"https:\\\/\\\/up2sky.aero\\\/#website\",\"url\":\"https:\\\/\\\/up2sky.aero\\\/\",\"name\":\"up2sky.aero\",\"description\":\"Z\u00e1\u017eitkov\u00e9 lety pre milovn\u00edkov dobrodru\u017estiev\",\"publisher\":{\"@id\":\"https:\\\/\\\/up2sky.aero\\\/#organization\"},\"alternateName\":\"up2sky\",\"potentialAction\":[{\"@type\":\"SearchAction\",\"target\":{\"@type\":\"EntryPoint\",\"urlTemplate\":\"https:\\\/\\\/up2sky.aero\\\/?s={search_term_string}\"},\"query-input\":{\"@type\":\"PropertyValueSpecification\",\"valueRequired\":true,\"valueName\":\"search_term_string\"}}],\"inLanguage\":\"en-GB\"},{\"@type\":\"Organization\",\"@id\":\"https:\\\/\\\/up2sky.aero\\\/#organization\",\"name\":\"up2sky.aero, s.r.o.\",\"url\":\"https:\\\/\\\/up2sky.aero\\\/\",\"logo\":{\"@type\":\"ImageObject\",\"inLanguage\":\"en-GB\",\"@id\":\"https:\\\/\\\/up2sky.aero\\\/#\\\/schema\\\/logo\\\/image\\\/\",\"url\":\"https:\\\/\\\/up2sky.aero\\\/wp-content\\\/uploads\\\/2022\\\/10\\\/up2sky-logo.svg\",\"contentUrl\":\"https:\\\/\\\/up2sky.aero\\\/wp-content\\\/uploads\\\/2022\\\/10\\\/up2sky-logo.svg\",\"width\":180,\"height\":141,\"caption\":\"up2sky.aero, s.r.o.\"},\"image\":{\"@id\":\"https:\\\/\\\/up2sky.aero\\\/#\\\/schema\\\/logo\\\/image\\\/\"},\"sameAs\":[\"https:\\\/\\\/www.facebook.com\\\/up2sky.aero\"]}]}<\/script>\n<!-- \/ Yoast SEO plugin. -->","yoast_head_json":{"title":"BE A CAPTAIN 120 min - up2sky.aero","description":"Leteck\u00fd simul\u00e1tor B738-M | 120 min\u00fatov\u00fd let na simul\u00e1tore dopravn\u00e9ho lietadla | Akt\u00edvne sily v riaden\u00ed a 4K (UHD) rozl\u00ed\u0161enie | Jedin\u00fd svojho typu v SR","robots":{"index":"index","follow":"follow","max-snippet":"max-snippet:-1","max-image-preview":"max-image-preview:large","max-video-preview":"max-video-preview:-1"},"canonical":"https:\/\/up2sky.aero\/en\/product\/be-a-captain-120-min\/","og_locale":"en_GB","og_type":"article","og_title":"BE A CAPTAIN 120 min - up2sky.aero","og_description":"Leteck\u00fd simul\u00e1tor B738-M | 120 min\u00fatov\u00fd let na simul\u00e1tore dopravn\u00e9ho lietadla | Akt\u00edvne sily v riaden\u00ed a 4K (UHD) rozl\u00ed\u0161enie | Jedin\u00fd svojho typu v SR","og_url":"https:\/\/up2sky.aero\/en\/product\/be-a-captain-120-min\/","og_site_name":"up2sky.aero","article_publisher":"https:\/\/www.facebook.com\/up2sky.aero","article_modified_time":"2025-01-09T12:38:16+00:00","og_image":[{"width":2560,"height":1535,"url":"http:\/\/up2sky.aero\/wp-content\/uploads\/2023\/09\/IMG_1102-scaled.jpg","type":"image\/jpeg"}],"twitter_card":"summary_large_image","twitter_misc":{"Estimated reading time":"2 minutes"},"schema":{"@context":"https:\/\/schema.org","@graph":[{"@type":"WebPage","@id":"https:\/\/up2sky.aero\/produkt\/be-a-captain-120-min\/","url":"https:\/\/up2sky.aero\/produkt\/be-a-captain-120-min\/","name":"BE A CAPTAIN 120 min - up2sky.aero","isPartOf":{"@id":"https:\/\/up2sky.aero\/#website"},"primaryImageOfPage":{"@id":"https:\/\/up2sky.aero\/produkt\/be-a-captain-120-min\/#primaryimage"},"image":{"@id":"https:\/\/up2sky.aero\/produkt\/be-a-captain-120-min\/#primaryimage"},"thumbnailUrl":"https:\/\/up2sky.aero\/wp-content\/uploads\/2023\/09\/IMG_1102-scaled.jpg","datePublished":"2023-10-01T11:22:00+00:00","dateModified":"2025-01-09T12:38:16+00:00","description":"Leteck\u00fd simul\u00e1tor B738-M | 120 min\u00fatov\u00fd let na simul\u00e1tore dopravn\u00e9ho lietadla | Akt\u00edvne sily v riaden\u00ed a 4K (UHD) rozl\u00ed\u0161enie | Jedin\u00fd svojho typu v SR","breadcrumb":{"@id":"https:\/\/up2sky.aero\/produkt\/be-a-captain-120-min\/#breadcrumb"},"inLanguage":"en-GB","potentialAction":[{"@type":"ReadAction","target":["https:\/\/up2sky.aero\/produkt\/be-a-captain-120-min\/"]}]},{"@type":"ImageObject","inLanguage":"en-GB","@id":"https:\/\/up2sky.aero\/produkt\/be-a-captain-120-min\/#primaryimage","url":"https:\/\/up2sky.aero\/wp-content\/uploads\/2023\/09\/IMG_1102-scaled.jpg","contentUrl":"https:\/\/up2sky.aero\/wp-content\/uploads\/2023\/09\/IMG_1102-scaled.jpg","width":2560,"height":1535,"caption":"Leteck\u00fd simul\u00e1tor B738M FNPTII MCC v Poprade"},{"@type":"BreadcrumbList","@id":"https:\/\/up2sky.aero\/produkt\/be-a-captain-120-min\/#breadcrumb","itemListElement":[{"@type":"ListItem","position":1,"name":"Domovsk\u00e1 str\u00e1nka","item":"https:\/\/up2sky.aero\/"},{"@type":"ListItem","position":2,"name":"Pilot shop","item":"https:\/\/up2sky.aero\/?page_id=126"},{"@type":"ListItem","position":3,"name":"BE A CAPTAIN 120 min"}]},{"@type":"WebSite","@id":"https:\/\/up2sky.aero\/#website","url":"https:\/\/up2sky.aero\/","name":"up2sky.aero","description":"Z\u00e1\u017eitkov\u00e9 lety pre milovn\u00edkov dobrodru\u017estiev","publisher":{"@id":"https:\/\/up2sky.aero\/#organization"},"alternateName":"up2sky","potentialAction":[{"@type":"SearchAction","target":{"@type":"EntryPoint","urlTemplate":"https:\/\/up2sky.aero\/?s={search_term_string}"},"query-input":{"@type":"PropertyValueSpecification","valueRequired":true,"valueName":"search_term_string"}}],"inLanguage":"en-GB"},{"@type":"Organization","@id":"https:\/\/up2sky.aero\/#organization","name":"up2sky.aero, s.r.o.","url":"https:\/\/up2sky.aero\/","logo":{"@type":"ImageObject","inLanguage":"en-GB","@id":"https:\/\/up2sky.aero\/#\/schema\/logo\/image\/","url":"https:\/\/up2sky.aero\/wp-content\/uploads\/2022\/10\/up2sky-logo.svg","contentUrl":"https:\/\/up2sky.aero\/wp-content\/uploads\/2022\/10\/up2sky-logo.svg","width":180,"height":141,"caption":"up2sky.aero, s.r.o."},"image":{"@id":"https:\/\/up2sky.aero\/#\/schema\/logo\/image\/"},"sameAs":["https:\/\/www.facebook.com\/up2sky.aero"]}]}},"_links":{"self":[{"href":"https:\/\/up2sky.aero\/en\/wp-json\/wp\/v2\/product\/1326","targetHints":{"allow":["GET"]}}],"collection":[{"href":"https:\/\/up2sky.aero\/en\/wp-json\/wp\/v2\/product"}],"about":[{"href":"https:\/\/up2sky.aero\/en\/wp-json\/wp\/v2\/types\/product"}],"wp:featuredmedia":[{"embeddable":true,"href":"https:\/\/up2sky.aero\/en\/wp-json\/wp\/v2\/media\/1292"}],"wp:attachment":[{"href":"https:\/\/up2sky.aero\/en\/wp-json\/wp\/v2\/media?parent=1326"}],"wp:term":[{"taxonomy":"product_brand","embeddable":true,"href":"https:\/\/up2sky.aero\/en\/wp-json\/wp\/v2\/product_brand?post=1326"},{"taxonomy":"product_cat","embeddable":true,"href":"https:\/\/up2sky.aero\/en\/wp-json\/wp\/v2\/product_cat?post=1326"},{"taxonomy":"product_tag","embeddable":true,"href":"https:\/\/up2sky.aero\/en\/wp-json\/wp\/v2\/product_tag?post=1326"}],"curies":[{"name":"wp","href":"https:\/\/api.w.org\/{rel}","templated":true}]}}