{"id":1559,"date":"2024-02-27T13:03:57","date_gmt":"2024-02-27T12:03:57","guid":{"rendered":"https:\/\/up2sky.aero\/?post_type=product&#038;p=1559"},"modified":"2025-01-09T13:36:30","modified_gmt":"2025-01-09T12:36:30","slug":"level-flight-45-min","status":"publish","type":"product","link":"https:\/\/up2sky.aero\/en\/product\/level-flight-45-min\/","title":{"rendered":"LEVEL FLIGHT 45 min"},"content":{"rendered":"<p>\u2022 <b>Flight for one person<\/b><br \/>\n\u2022 Neobmedzen\u00e1 platnos\u0165<br \/>\n\u2022 Let je ur\u010den\u00fd pre za\u010diato\u010dn\u00edkov aj mierne pokro\u010dil\u00fdch. Leteck\u00e9 sk\u00fasenosti s\u00fa v\u00fdhodou, ale nie s\u00fa nutn\u00e9.<br \/>\n\u2022 Let \u00fa\u010dastn\u00edka m\u00f4\u017eu sledova\u0165 a\u017e 2 sprev\u00e1dzaj\u00face osoby<br \/>\n\u2022 Teoretick\u00e1 pr\u00edprava, in\u0161trukt\u00e1\u017e k ovl\u00e1daniu simul\u00e1tora<br \/>\n\u2022 ovl\u00e1danie plne funk\u010dnej repliky leteck\u00e9ho simul\u00e1tora B738-M (re\u00e1lna ve\u013ekos\u0165, akt\u00edvne sily v riaden\u00ed, trottle quadrant, 220-stup\u0148ov\u00fd extern\u00fd displej a projektory v 4K (UHD) rozl\u00ed\u0161en\u00ed.<br \/>\n\u2022 Trvanie letu: 45 min<br \/>\n\u2022Simul\u00e1cia za\u010d\u00edna na dr\u00e1he, lietadlo je plne pripraven\u00e9 a nakonfigurovan\u00e9 na vzlet. \u00da\u010dastn\u00edk vykon\u00e1va viacero vzletov, let pl\u00e1novanej trasy a viacero prist\u00e1vac\u00edch man\u00e9vrov.<br \/>\n\u2022 Dozor a pomoc in\u0161truktora po\u010das priebehu stretnutia<\/p>\n<p><b>Nealkoholick\u00fd n\u00e1poj GR\u00c1TIS pre ka\u017ed\u00fa osobu (pre max. 3 osoby)<\/b><\/p>\n<p><strong>Letisk\u00e1, z ktor\u00fdch \u0161tartujeme v r\u00e1mci bal\u00edka<\/strong><br \/>\nV r\u00e1mci bal\u00edka si \u00fa\u010dastn\u00edk m\u00f4\u017ee vybra\u0165 ak\u00e9ko\u013evek letisko na svete z datab\u00e1zy. Nieko\u013eko desiatok scen\u00e9ri\u00ed v na\u0161ej datab\u00e1ze zah\u0155\u0148a nielen zmapovan\u00e9 dr\u00e1hy, ale aj do detailov pripraven\u00e9 letisk\u00e1, termin\u00e1ly a mest\u00e1. M\u00f4\u017eete vidie\u0165 Vysok\u00e9 Tatry z v\u00fd\u0161ky, m\u00f4\u017eete letie\u0165 do Egypta, do USA, preletie\u0165 na riekou Hudson alebo Eifelovkou. M\u00f4\u017eete tie\u017e letie\u0165 kde len chcete.<\/p>\n<p><strong>Atmosf\u00e9rick\u00e9 podmienky<\/strong><br \/>\nLety realizovan\u00e9 v r\u00e1mci bal\u00edka sa m\u00f4\u017eu uskuto\u010dni\u0165 za ak\u00fdchko\u013evek poveternostn\u00fdch podmienok. Sme schopn\u00ed simulova\u0165 ak\u00e9ko\u013evek podmienky vr\u00e1tane anom\u00e1li\u00ed po\u010dasia. S\u00fa\u010das\u0165ou bal\u00ed\u010dka je aj \u017eiv\u00e9 po\u010dasie, teda po\u010dasie, ktor\u00e9 v danom \u010dase a v danej oblasti skuto\u010dne panuje.<\/p>\n<p><b>Realiz\u00e1cia letu na simul\u00e1tore prebieha v priestoroch Leteck\u00e9ho tr\u00e9ningov\u00e9ho centra v Poprade<\/b><\/p>\n<p>\u2014<\/p>","protected":false},"excerpt":{"rendered":"<p>\u2022 Let pre jednu osobu \u2022 Neobmedzen\u00e1 platnos\u0165 \u2022 Let je ur\u010den\u00fd pre za\u010diato\u010dn\u00edkov aj mierne pokro\u010dil\u00fdch. Leteck\u00e9 sk\u00fasenosti s\u00fa v\u00fdhodou, ale nie s\u00fa nutn\u00e9. \u2022 Let \u00fa\u010dastn\u00edka m\u00f4\u017eu sledova\u0165 a\u017e 2 sprev\u00e1dzaj\u00face osoby \u2022 Teoretick\u00e1 pr\u00edprava, in\u0161trukt\u00e1\u017e k ovl\u00e1daniu simul\u00e1tora \u2022 ovl\u00e1danie plne funk\u010dnej repliky leteck\u00e9ho simul\u00e1tora B738-M (re\u00e1lna ve\u013ekos\u0165, akt\u00edvne sily v riaden\u00ed, [&hellip;]<\/p>","protected":false},"featured_media":1296,"template":"","meta":{"_acf_changed":false,"inline_featured_image":false},"product_brand":[],"product_cat":[56],"product_tag":[59,57],"class_list":{"0":"post-1559","1":"product","2":"type-product","3":"status-publish","4":"has-post-thumbnail","6":"product_cat-simulator-b738-m","7":"product_tag-b738-m","8":"product_tag-simulator","10":"first","11":"instock","12":"sale","13":"virtual","14":"taxable","15":"purchasable","16":"product-type-simple"},"acf":[],"yoast_head":"<!-- This site is optimized with the Yoast SEO plugin v27.5 - https:\/\/yoast.com\/product\/yoast-seo-wordpress\/ -->\n<title>LEVEL FLIGHT 45 min - up2sky.aero<\/title>\n<meta name=\"description\" content=\"Leteck\u00fd simul\u00e1tor B738-M | 45 min\u00fatov\u00fd let na simul\u00e1tore dopravn\u00e9ho lietadla | Akt\u00edvne sily v riaden\u00ed a 4K (UHD) rozl\u00ed\u0161enie\" \/>\n<meta name=\"robots\" content=\"index, follow, max-snippet:-1, max-image-preview:large, max-video-preview:-1\" \/>\n<link rel=\"canonical\" href=\"https:\/\/up2sky.aero\/en\/product\/level-flight-45-min\/\" \/>\n<meta property=\"og:locale\" content=\"en_GB\" \/>\n<meta property=\"og:type\" content=\"article\" \/>\n<meta property=\"og:title\" content=\"LEVEL FLIGHT 45 min - up2sky.aero\" \/>\n<meta property=\"og:description\" content=\"Leteck\u00fd simul\u00e1tor B738-M | 45 min\u00fatov\u00fd let na simul\u00e1tore dopravn\u00e9ho lietadla | Akt\u00edvne sily v riaden\u00ed a 4K (UHD) rozl\u00ed\u0161enie\" \/>\n<meta property=\"og:url\" content=\"https:\/\/up2sky.aero\/en\/product\/level-flight-45-min\/\" \/>\n<meta property=\"og:site_name\" content=\"up2sky.aero\" \/>\n<meta property=\"article:publisher\" content=\"https:\/\/www.facebook.com\/up2sky.aero\" \/>\n<meta property=\"article:modified_time\" content=\"2025-01-09T12:36:30+00:00\" \/>\n<meta property=\"og:image\" content=\"http:\/\/up2sky.aero\/wp-content\/uploads\/2023\/09\/IMG_1099.jpeg\" \/>\n\t<meta property=\"og:image:width\" content=\"2497\" \/>\n\t<meta property=\"og:image:height\" content=\"1637\" \/>\n\t<meta property=\"og:image:type\" content=\"image\/jpeg\" \/>\n<meta name=\"twitter:card\" content=\"summary_large_image\" \/>\n<meta name=\"twitter:label1\" content=\"Estimated reading time\" \/>\n\t<meta name=\"twitter:data1\" content=\"2 minutes\" \/>\n<script type=\"application\/ld+json\" class=\"yoast-schema-graph\">{\"@context\":\"https:\\\/\\\/schema.org\",\"@graph\":[{\"@type\":\"WebPage\",\"@id\":\"https:\\\/\\\/up2sky.aero\\\/produkt\\\/level-flight-45-min\\\/\",\"url\":\"https:\\\/\\\/up2sky.aero\\\/produkt\\\/level-flight-45-min\\\/\",\"name\":\"LEVEL FLIGHT 45 min - up2sky.aero\",\"isPartOf\":{\"@id\":\"https:\\\/\\\/up2sky.aero\\\/#website\"},\"primaryImageOfPage\":{\"@id\":\"https:\\\/\\\/up2sky.aero\\\/produkt\\\/level-flight-45-min\\\/#primaryimage\"},\"image\":{\"@id\":\"https:\\\/\\\/up2sky.aero\\\/produkt\\\/level-flight-45-min\\\/#primaryimage\"},\"thumbnailUrl\":\"https:\\\/\\\/up2sky.aero\\\/wp-content\\\/uploads\\\/2023\\\/09\\\/IMG_1099.jpeg\",\"datePublished\":\"2024-02-27T12:03:57+00:00\",\"dateModified\":\"2025-01-09T12:36:30+00:00\",\"description\":\"Leteck\u00fd simul\u00e1tor B738-M | 45 min\u00fatov\u00fd let na simul\u00e1tore dopravn\u00e9ho lietadla | Akt\u00edvne sily v riaden\u00ed a 4K (UHD) rozl\u00ed\u0161enie\",\"breadcrumb\":{\"@id\":\"https:\\\/\\\/up2sky.aero\\\/produkt\\\/level-flight-45-min\\\/#breadcrumb\"},\"inLanguage\":\"en-GB\",\"potentialAction\":[{\"@type\":\"ReadAction\",\"target\":[\"https:\\\/\\\/up2sky.aero\\\/produkt\\\/level-flight-45-min\\\/\"]}]},{\"@type\":\"ImageObject\",\"inLanguage\":\"en-GB\",\"@id\":\"https:\\\/\\\/up2sky.aero\\\/produkt\\\/level-flight-45-min\\\/#primaryimage\",\"url\":\"https:\\\/\\\/up2sky.aero\\\/wp-content\\\/uploads\\\/2023\\\/09\\\/IMG_1099.jpeg\",\"contentUrl\":\"https:\\\/\\\/up2sky.aero\\\/wp-content\\\/uploads\\\/2023\\\/09\\\/IMG_1099.jpeg\",\"width\":2497,\"height\":1637,\"caption\":\"Leteck\u00fd simul\u00e1tor B738-M\"},{\"@type\":\"BreadcrumbList\",\"@id\":\"https:\\\/\\\/up2sky.aero\\\/produkt\\\/level-flight-45-min\\\/#breadcrumb\",\"itemListElement\":[{\"@type\":\"ListItem\",\"position\":1,\"name\":\"Domovsk\u00e1 str\u00e1nka\",\"item\":\"https:\\\/\\\/up2sky.aero\\\/\"},{\"@type\":\"ListItem\",\"position\":2,\"name\":\"Pilot shop\",\"item\":\"https:\\\/\\\/up2sky.aero\\\/?page_id=126\"},{\"@type\":\"ListItem\",\"position\":3,\"name\":\"LEVEL FLIGHT 45 min\"}]},{\"@type\":\"WebSite\",\"@id\":\"https:\\\/\\\/up2sky.aero\\\/#website\",\"url\":\"https:\\\/\\\/up2sky.aero\\\/\",\"name\":\"up2sky.aero\",\"description\":\"Z\u00e1\u017eitkov\u00e9 lety pre milovn\u00edkov dobrodru\u017estiev\",\"publisher\":{\"@id\":\"https:\\\/\\\/up2sky.aero\\\/#organization\"},\"alternateName\":\"up2sky\",\"potentialAction\":[{\"@type\":\"SearchAction\",\"target\":{\"@type\":\"EntryPoint\",\"urlTemplate\":\"https:\\\/\\\/up2sky.aero\\\/?s={search_term_string}\"},\"query-input\":{\"@type\":\"PropertyValueSpecification\",\"valueRequired\":true,\"valueName\":\"search_term_string\"}}],\"inLanguage\":\"en-GB\"},{\"@type\":\"Organization\",\"@id\":\"https:\\\/\\\/up2sky.aero\\\/#organization\",\"name\":\"up2sky.aero, s.r.o.\",\"url\":\"https:\\\/\\\/up2sky.aero\\\/\",\"logo\":{\"@type\":\"ImageObject\",\"inLanguage\":\"en-GB\",\"@id\":\"https:\\\/\\\/up2sky.aero\\\/#\\\/schema\\\/logo\\\/image\\\/\",\"url\":\"https:\\\/\\\/up2sky.aero\\\/wp-content\\\/uploads\\\/2022\\\/10\\\/up2sky-logo.svg\",\"contentUrl\":\"https:\\\/\\\/up2sky.aero\\\/wp-content\\\/uploads\\\/2022\\\/10\\\/up2sky-logo.svg\",\"width\":180,\"height\":141,\"caption\":\"up2sky.aero, s.r.o.\"},\"image\":{\"@id\":\"https:\\\/\\\/up2sky.aero\\\/#\\\/schema\\\/logo\\\/image\\\/\"},\"sameAs\":[\"https:\\\/\\\/www.facebook.com\\\/up2sky.aero\"]}]}<\/script>\n<!-- \/ Yoast SEO plugin. -->","yoast_head_json":{"title":"LEVEL FLIGHT 45 min - up2sky.aero","description":"Leteck\u00fd simul\u00e1tor B738-M | 45 min\u00fatov\u00fd let na simul\u00e1tore dopravn\u00e9ho lietadla | Akt\u00edvne sily v riaden\u00ed a 4K (UHD) rozl\u00ed\u0161enie","robots":{"index":"index","follow":"follow","max-snippet":"max-snippet:-1","max-image-preview":"max-image-preview:large","max-video-preview":"max-video-preview:-1"},"canonical":"https:\/\/up2sky.aero\/en\/product\/level-flight-45-min\/","og_locale":"en_GB","og_type":"article","og_title":"LEVEL FLIGHT 45 min - up2sky.aero","og_description":"Leteck\u00fd simul\u00e1tor B738-M | 45 min\u00fatov\u00fd let na simul\u00e1tore dopravn\u00e9ho lietadla | Akt\u00edvne sily v riaden\u00ed a 4K (UHD) rozl\u00ed\u0161enie","og_url":"https:\/\/up2sky.aero\/en\/product\/level-flight-45-min\/","og_site_name":"up2sky.aero","article_publisher":"https:\/\/www.facebook.com\/up2sky.aero","article_modified_time":"2025-01-09T12:36:30+00:00","og_image":[{"width":2497,"height":1637,"url":"http:\/\/up2sky.aero\/wp-content\/uploads\/2023\/09\/IMG_1099.jpeg","type":"image\/jpeg"}],"twitter_card":"summary_large_image","twitter_misc":{"Estimated reading time":"2 minutes"},"schema":{"@context":"https:\/\/schema.org","@graph":[{"@type":"WebPage","@id":"https:\/\/up2sky.aero\/produkt\/level-flight-45-min\/","url":"https:\/\/up2sky.aero\/produkt\/level-flight-45-min\/","name":"LEVEL FLIGHT 45 min - up2sky.aero","isPartOf":{"@id":"https:\/\/up2sky.aero\/#website"},"primaryImageOfPage":{"@id":"https:\/\/up2sky.aero\/produkt\/level-flight-45-min\/#primaryimage"},"image":{"@id":"https:\/\/up2sky.aero\/produkt\/level-flight-45-min\/#primaryimage"},"thumbnailUrl":"https:\/\/up2sky.aero\/wp-content\/uploads\/2023\/09\/IMG_1099.jpeg","datePublished":"2024-02-27T12:03:57+00:00","dateModified":"2025-01-09T12:36:30+00:00","description":"Leteck\u00fd simul\u00e1tor B738-M | 45 min\u00fatov\u00fd let na simul\u00e1tore dopravn\u00e9ho lietadla | Akt\u00edvne sily v riaden\u00ed a 4K (UHD) rozl\u00ed\u0161enie","breadcrumb":{"@id":"https:\/\/up2sky.aero\/produkt\/level-flight-45-min\/#breadcrumb"},"inLanguage":"en-GB","potentialAction":[{"@type":"ReadAction","target":["https:\/\/up2sky.aero\/produkt\/level-flight-45-min\/"]}]},{"@type":"ImageObject","inLanguage":"en-GB","@id":"https:\/\/up2sky.aero\/produkt\/level-flight-45-min\/#primaryimage","url":"https:\/\/up2sky.aero\/wp-content\/uploads\/2023\/09\/IMG_1099.jpeg","contentUrl":"https:\/\/up2sky.aero\/wp-content\/uploads\/2023\/09\/IMG_1099.jpeg","width":2497,"height":1637,"caption":"Leteck\u00fd simul\u00e1tor B738-M"},{"@type":"BreadcrumbList","@id":"https:\/\/up2sky.aero\/produkt\/level-flight-45-min\/#breadcrumb","itemListElement":[{"@type":"ListItem","position":1,"name":"Domovsk\u00e1 str\u00e1nka","item":"https:\/\/up2sky.aero\/"},{"@type":"ListItem","position":2,"name":"Pilot shop","item":"https:\/\/up2sky.aero\/?page_id=126"},{"@type":"ListItem","position":3,"name":"LEVEL FLIGHT 45 min"}]},{"@type":"WebSite","@id":"https:\/\/up2sky.aero\/#website","url":"https:\/\/up2sky.aero\/","name":"up2sky.aero","description":"Z\u00e1\u017eitkov\u00e9 lety pre milovn\u00edkov dobrodru\u017estiev","publisher":{"@id":"https:\/\/up2sky.aero\/#organization"},"alternateName":"up2sky","potentialAction":[{"@type":"SearchAction","target":{"@type":"EntryPoint","urlTemplate":"https:\/\/up2sky.aero\/?s={search_term_string}"},"query-input":{"@type":"PropertyValueSpecification","valueRequired":true,"valueName":"search_term_string"}}],"inLanguage":"en-GB"},{"@type":"Organization","@id":"https:\/\/up2sky.aero\/#organization","name":"up2sky.aero, s.r.o.","url":"https:\/\/up2sky.aero\/","logo":{"@type":"ImageObject","inLanguage":"en-GB","@id":"https:\/\/up2sky.aero\/#\/schema\/logo\/image\/","url":"https:\/\/up2sky.aero\/wp-content\/uploads\/2022\/10\/up2sky-logo.svg","contentUrl":"https:\/\/up2sky.aero\/wp-content\/uploads\/2022\/10\/up2sky-logo.svg","width":180,"height":141,"caption":"up2sky.aero, s.r.o."},"image":{"@id":"https:\/\/up2sky.aero\/#\/schema\/logo\/image\/"},"sameAs":["https:\/\/www.facebook.com\/up2sky.aero"]}]}},"_links":{"self":[{"href":"https:\/\/up2sky.aero\/en\/wp-json\/wp\/v2\/product\/1559","targetHints":{"allow":["GET"]}}],"collection":[{"href":"https:\/\/up2sky.aero\/en\/wp-json\/wp\/v2\/product"}],"about":[{"href":"https:\/\/up2sky.aero\/en\/wp-json\/wp\/v2\/types\/product"}],"wp:featuredmedia":[{"embeddable":true,"href":"https:\/\/up2sky.aero\/en\/wp-json\/wp\/v2\/media\/1296"}],"wp:attachment":[{"href":"https:\/\/up2sky.aero\/en\/wp-json\/wp\/v2\/media?parent=1559"}],"wp:term":[{"taxonomy":"product_brand","embeddable":true,"href":"https:\/\/up2sky.aero\/en\/wp-json\/wp\/v2\/product_brand?post=1559"},{"taxonomy":"product_cat","embeddable":true,"href":"https:\/\/up2sky.aero\/en\/wp-json\/wp\/v2\/product_cat?post=1559"},{"taxonomy":"product_tag","embeddable":true,"href":"https:\/\/up2sky.aero\/en\/wp-json\/wp\/v2\/product_tag?post=1559"}],"curies":[{"name":"wp","href":"https:\/\/api.w.org\/{rel}","templated":true}]}}