{"id":1847,"date":"2024-06-29T16:17:08","date_gmt":"2024-06-29T14:17:08","guid":{"rendered":"https:\/\/up2sky.aero\/?post_type=product&#038;p=1847"},"modified":"2024-09-08T11:57:18","modified_gmt":"2024-09-08T09:57:18","slug":"panska-mikina-boeing-black","status":"publish","type":"product","link":"https:\/\/up2sky.aero\/en\/product\/panska-mikina-boeing-black\/","title":{"rendered":"Men's sweatshirt BOEING BLACK"},"content":{"rendered":"<pre id=\"tw-target-text\" class=\"tw-data-text tw-text-large tw-ta\" dir=\"ltr\" data-placeholder=\"Preklad\" aria-label=\"Prelo\u017een\u00fd text\" data-ved=\"2ahUKEwiRrbHo_ICHAxXegf0HHWJvCdEQ3ewLegQIBhAU\"><span class=\"Y2IQFc\" lang=\"sk\">Introducing the Recrafted by Boxercraft\u2122 Hoodie, which combines comfort with eco-consciousness.\nThis ultra-soft hoodie is made from 100% recycled materials, including upcycled cotton\nand post-consumer polystyrene, making it a socially responsible way to stay comfortable and stylish.\r\n<strong>\r\nDetails:<\/strong>\r\nSignature Boeing logo printed on chest\n50% post-consumer polyester \/ 50% upcycled cotton\nDrawstring hood\nRegular fit\nMachine washable<\/span><\/pre>","protected":false},"excerpt":{"rendered":"<p>Predstavujeme mikinu s kapuc\u0148ou Recrafted by Boxercraft\u2122, ktor\u00e1 sp\u00e1ja pohodlie s ekologick\u00fdm povedom\u00edm. T\u00e1to ultram\u00e4kk\u00e1 mikina s kapuc\u0148ou je vyroben\u00e1 zo 100% recyklovan\u00fdch materi\u00e1lov vr\u00e1tane upcyklovanej bavlny a spotrebite\u013esk\u00e9ho polystyr\u00e9nu, \u010do z nej rob\u00ed spolo\u010densky zodpovedn\u00fd sp\u00f4sob, ako by\u0165 pohodln\u00fd a \u0161t\u00fdlov\u00fd. Podrobnosti: Na hrudi vytla\u010den\u00e9 podpisov\u00e9 logo Boeing 50 % spotrebite\u013esk\u00fd polyester \/ 50 [&hellip;]<\/p>","protected":false},"featured_media":1848,"template":"","meta":{"_acf_changed":false,"inline_featured_image":false},"product_brand":[],"product_cat":[24,22,62],"product_tag":[],"class_list":{"0":"post-1847","1":"product","2":"type-product","3":"status-publish","4":"has-post-thumbnail","6":"product_cat-oblecenie-pilot-shop-2","7":"product_cat-pilot-shop","8":"product_cat-boeing","9":"product_shipping_class-packeta","11":"first","12":"instock","13":"taxable","14":"shipping-taxable","15":"purchasable","16":"product-type-variable"},"acf":[],"yoast_head":"<!-- This site is optimized with the Yoast SEO plugin v27.4 - https:\/\/yoast.com\/product\/yoast-seo-wordpress\/ -->\n<title>PILOT SHOP | P\u00e1nska mikina BOEING BLACK | up2sky.aero<\/title>\n<meta name=\"description\" content=\"Predstavujeme mikinu s kapuc\u0148ou Recrafted by Boxercraft\u2122, ktor\u00e1 sp\u00e1ja pohodlie s eko povedom\u00edm. Je vyroben\u00e1 zo 100% recyklovan\u00fdch materi\u00e1lov\" \/>\n<meta name=\"robots\" content=\"index, follow, max-snippet:-1, max-image-preview:large, max-video-preview:-1\" \/>\n<link rel=\"canonical\" href=\"https:\/\/up2sky.aero\/en\/product\/panska-mikina-boeing-black\/\" \/>\n<meta property=\"og:locale\" content=\"en_GB\" \/>\n<meta property=\"og:type\" content=\"article\" \/>\n<meta property=\"og:title\" content=\"PILOT SHOP | P\u00e1nska mikina BOEING BLACK | up2sky.aero\" \/>\n<meta property=\"og:description\" content=\"Predstavujeme mikinu s kapuc\u0148ou Recrafted by Boxercraft\u2122, ktor\u00e1 sp\u00e1ja pohodlie s eko povedom\u00edm. Je vyroben\u00e1 zo 100% recyklovan\u00fdch materi\u00e1lov\" \/>\n<meta property=\"og:url\" content=\"https:\/\/up2sky.aero\/en\/product\/panska-mikina-boeing-black\/\" \/>\n<meta property=\"og:site_name\" content=\"up2sky.aero\" \/>\n<meta property=\"article:publisher\" content=\"https:\/\/www.facebook.com\/up2sky.aero\" \/>\n<meta property=\"article:modified_time\" content=\"2024-09-08T09:57:18+00:00\" \/>\n<meta property=\"og:image\" content=\"http:\/\/up2sky.aero\/wp-content\/uploads\/2024\/06\/IMG_2228.jpeg\" \/>\n\t<meta property=\"og:image:width\" content=\"1200\" \/>\n\t<meta property=\"og:image:height\" content=\"1200\" \/>\n\t<meta property=\"og:image:type\" content=\"image\/jpeg\" \/>\n<meta name=\"twitter:card\" content=\"summary_large_image\" \/>\n<meta name=\"twitter:label1\" content=\"Estimated reading time\" \/>\n\t<meta name=\"twitter:data1\" content=\"1 minute\" \/>\n<script type=\"application\/ld+json\" class=\"yoast-schema-graph\">{\"@context\":\"https:\\\/\\\/schema.org\",\"@graph\":[{\"@type\":\"WebPage\",\"@id\":\"https:\\\/\\\/up2sky.aero\\\/produkt\\\/panska-mikina-boeing-black\\\/\",\"url\":\"https:\\\/\\\/up2sky.aero\\\/produkt\\\/panska-mikina-boeing-black\\\/\",\"name\":\"PILOT SHOP | P\u00e1nska mikina BOEING BLACK | up2sky.aero\",\"isPartOf\":{\"@id\":\"https:\\\/\\\/up2sky.aero\\\/#website\"},\"primaryImageOfPage\":{\"@id\":\"https:\\\/\\\/up2sky.aero\\\/produkt\\\/panska-mikina-boeing-black\\\/#primaryimage\"},\"image\":{\"@id\":\"https:\\\/\\\/up2sky.aero\\\/produkt\\\/panska-mikina-boeing-black\\\/#primaryimage\"},\"thumbnailUrl\":\"https:\\\/\\\/up2sky.aero\\\/wp-content\\\/uploads\\\/2024\\\/06\\\/IMG_2228.jpeg\",\"datePublished\":\"2024-06-29T14:17:08+00:00\",\"dateModified\":\"2024-09-08T09:57:18+00:00\",\"description\":\"Predstavujeme mikinu s kapuc\u0148ou Recrafted by Boxercraft\u2122, ktor\u00e1 sp\u00e1ja pohodlie s eko povedom\u00edm. Je vyroben\u00e1 zo 100% recyklovan\u00fdch materi\u00e1lov\",\"breadcrumb\":{\"@id\":\"https:\\\/\\\/up2sky.aero\\\/produkt\\\/panska-mikina-boeing-black\\\/#breadcrumb\"},\"inLanguage\":\"en-GB\",\"potentialAction\":[{\"@type\":\"ReadAction\",\"target\":[\"https:\\\/\\\/up2sky.aero\\\/produkt\\\/panska-mikina-boeing-black\\\/\"]}]},{\"@type\":\"ImageObject\",\"inLanguage\":\"en-GB\",\"@id\":\"https:\\\/\\\/up2sky.aero\\\/produkt\\\/panska-mikina-boeing-black\\\/#primaryimage\",\"url\":\"https:\\\/\\\/up2sky.aero\\\/wp-content\\\/uploads\\\/2024\\\/06\\\/IMG_2228.jpeg\",\"contentUrl\":\"https:\\\/\\\/up2sky.aero\\\/wp-content\\\/uploads\\\/2024\\\/06\\\/IMG_2228.jpeg\",\"width\":1200,\"height\":1200,\"caption\":\"P\u00e1nska mikina BOEING BLACK\"},{\"@type\":\"BreadcrumbList\",\"@id\":\"https:\\\/\\\/up2sky.aero\\\/produkt\\\/panska-mikina-boeing-black\\\/#breadcrumb\",\"itemListElement\":[{\"@type\":\"ListItem\",\"position\":1,\"name\":\"Domovsk\u00e1 str\u00e1nka\",\"item\":\"https:\\\/\\\/up2sky.aero\\\/\"},{\"@type\":\"ListItem\",\"position\":2,\"name\":\"Pilot shop\",\"item\":\"https:\\\/\\\/up2sky.aero\\\/?page_id=126\"},{\"@type\":\"ListItem\",\"position\":3,\"name\":\"P\u00e1nska mikina BOEING BLACK\"}]},{\"@type\":\"WebSite\",\"@id\":\"https:\\\/\\\/up2sky.aero\\\/#website\",\"url\":\"https:\\\/\\\/up2sky.aero\\\/\",\"name\":\"up2sky.aero\",\"description\":\"Z\u00e1\u017eitkov\u00e9 lety pre milovn\u00edkov dobrodru\u017estiev\",\"publisher\":{\"@id\":\"https:\\\/\\\/up2sky.aero\\\/#organization\"},\"alternateName\":\"up2sky\",\"potentialAction\":[{\"@type\":\"SearchAction\",\"target\":{\"@type\":\"EntryPoint\",\"urlTemplate\":\"https:\\\/\\\/up2sky.aero\\\/?s={search_term_string}\"},\"query-input\":{\"@type\":\"PropertyValueSpecification\",\"valueRequired\":true,\"valueName\":\"search_term_string\"}}],\"inLanguage\":\"en-GB\"},{\"@type\":\"Organization\",\"@id\":\"https:\\\/\\\/up2sky.aero\\\/#organization\",\"name\":\"up2sky.aero, s.r.o.\",\"url\":\"https:\\\/\\\/up2sky.aero\\\/\",\"logo\":{\"@type\":\"ImageObject\",\"inLanguage\":\"en-GB\",\"@id\":\"https:\\\/\\\/up2sky.aero\\\/#\\\/schema\\\/logo\\\/image\\\/\",\"url\":\"https:\\\/\\\/up2sky.aero\\\/wp-content\\\/uploads\\\/2022\\\/10\\\/up2sky-logo.svg\",\"contentUrl\":\"https:\\\/\\\/up2sky.aero\\\/wp-content\\\/uploads\\\/2022\\\/10\\\/up2sky-logo.svg\",\"width\":180,\"height\":141,\"caption\":\"up2sky.aero, s.r.o.\"},\"image\":{\"@id\":\"https:\\\/\\\/up2sky.aero\\\/#\\\/schema\\\/logo\\\/image\\\/\"},\"sameAs\":[\"https:\\\/\\\/www.facebook.com\\\/up2sky.aero\"]}]}<\/script>\n<!-- \/ Yoast SEO plugin. -->","yoast_head_json":{"title":"PILOT SHOP | P\u00e1nska mikina BOEING BLACK | up2sky.aero","description":"Predstavujeme mikinu s kapuc\u0148ou Recrafted by Boxercraft\u2122, ktor\u00e1 sp\u00e1ja pohodlie s eko povedom\u00edm. Je vyroben\u00e1 zo 100% recyklovan\u00fdch materi\u00e1lov","robots":{"index":"index","follow":"follow","max-snippet":"max-snippet:-1","max-image-preview":"max-image-preview:large","max-video-preview":"max-video-preview:-1"},"canonical":"https:\/\/up2sky.aero\/en\/product\/panska-mikina-boeing-black\/","og_locale":"en_GB","og_type":"article","og_title":"PILOT SHOP | P\u00e1nska mikina BOEING BLACK | up2sky.aero","og_description":"Predstavujeme mikinu s kapuc\u0148ou Recrafted by Boxercraft\u2122, ktor\u00e1 sp\u00e1ja pohodlie s eko povedom\u00edm. Je vyroben\u00e1 zo 100% recyklovan\u00fdch materi\u00e1lov","og_url":"https:\/\/up2sky.aero\/en\/product\/panska-mikina-boeing-black\/","og_site_name":"up2sky.aero","article_publisher":"https:\/\/www.facebook.com\/up2sky.aero","article_modified_time":"2024-09-08T09:57:18+00:00","og_image":[{"width":1200,"height":1200,"url":"http:\/\/up2sky.aero\/wp-content\/uploads\/2024\/06\/IMG_2228.jpeg","type":"image\/jpeg"}],"twitter_card":"summary_large_image","twitter_misc":{"Estimated reading time":"1 minute"},"schema":{"@context":"https:\/\/schema.org","@graph":[{"@type":"WebPage","@id":"https:\/\/up2sky.aero\/produkt\/panska-mikina-boeing-black\/","url":"https:\/\/up2sky.aero\/produkt\/panska-mikina-boeing-black\/","name":"PILOT SHOP | P\u00e1nska mikina BOEING BLACK | up2sky.aero","isPartOf":{"@id":"https:\/\/up2sky.aero\/#website"},"primaryImageOfPage":{"@id":"https:\/\/up2sky.aero\/produkt\/panska-mikina-boeing-black\/#primaryimage"},"image":{"@id":"https:\/\/up2sky.aero\/produkt\/panska-mikina-boeing-black\/#primaryimage"},"thumbnailUrl":"https:\/\/up2sky.aero\/wp-content\/uploads\/2024\/06\/IMG_2228.jpeg","datePublished":"2024-06-29T14:17:08+00:00","dateModified":"2024-09-08T09:57:18+00:00","description":"Predstavujeme mikinu s kapuc\u0148ou Recrafted by Boxercraft\u2122, ktor\u00e1 sp\u00e1ja pohodlie s eko povedom\u00edm. Je vyroben\u00e1 zo 100% recyklovan\u00fdch materi\u00e1lov","breadcrumb":{"@id":"https:\/\/up2sky.aero\/produkt\/panska-mikina-boeing-black\/#breadcrumb"},"inLanguage":"en-GB","potentialAction":[{"@type":"ReadAction","target":["https:\/\/up2sky.aero\/produkt\/panska-mikina-boeing-black\/"]}]},{"@type":"ImageObject","inLanguage":"en-GB","@id":"https:\/\/up2sky.aero\/produkt\/panska-mikina-boeing-black\/#primaryimage","url":"https:\/\/up2sky.aero\/wp-content\/uploads\/2024\/06\/IMG_2228.jpeg","contentUrl":"https:\/\/up2sky.aero\/wp-content\/uploads\/2024\/06\/IMG_2228.jpeg","width":1200,"height":1200,"caption":"P\u00e1nska mikina BOEING BLACK"},{"@type":"BreadcrumbList","@id":"https:\/\/up2sky.aero\/produkt\/panska-mikina-boeing-black\/#breadcrumb","itemListElement":[{"@type":"ListItem","position":1,"name":"Domovsk\u00e1 str\u00e1nka","item":"https:\/\/up2sky.aero\/"},{"@type":"ListItem","position":2,"name":"Pilot shop","item":"https:\/\/up2sky.aero\/?page_id=126"},{"@type":"ListItem","position":3,"name":"P\u00e1nska mikina BOEING BLACK"}]},{"@type":"WebSite","@id":"https:\/\/up2sky.aero\/#website","url":"https:\/\/up2sky.aero\/","name":"up2sky.aero","description":"Z\u00e1\u017eitkov\u00e9 lety pre milovn\u00edkov dobrodru\u017estiev","publisher":{"@id":"https:\/\/up2sky.aero\/#organization"},"alternateName":"up2sky","potentialAction":[{"@type":"SearchAction","target":{"@type":"EntryPoint","urlTemplate":"https:\/\/up2sky.aero\/?s={search_term_string}"},"query-input":{"@type":"PropertyValueSpecification","valueRequired":true,"valueName":"search_term_string"}}],"inLanguage":"en-GB"},{"@type":"Organization","@id":"https:\/\/up2sky.aero\/#organization","name":"up2sky.aero, s.r.o.","url":"https:\/\/up2sky.aero\/","logo":{"@type":"ImageObject","inLanguage":"en-GB","@id":"https:\/\/up2sky.aero\/#\/schema\/logo\/image\/","url":"https:\/\/up2sky.aero\/wp-content\/uploads\/2022\/10\/up2sky-logo.svg","contentUrl":"https:\/\/up2sky.aero\/wp-content\/uploads\/2022\/10\/up2sky-logo.svg","width":180,"height":141,"caption":"up2sky.aero, s.r.o."},"image":{"@id":"https:\/\/up2sky.aero\/#\/schema\/logo\/image\/"},"sameAs":["https:\/\/www.facebook.com\/up2sky.aero"]}]}},"_links":{"self":[{"href":"https:\/\/up2sky.aero\/en\/wp-json\/wp\/v2\/product\/1847","targetHints":{"allow":["GET"]}}],"collection":[{"href":"https:\/\/up2sky.aero\/en\/wp-json\/wp\/v2\/product"}],"about":[{"href":"https:\/\/up2sky.aero\/en\/wp-json\/wp\/v2\/types\/product"}],"wp:featuredmedia":[{"embeddable":true,"href":"https:\/\/up2sky.aero\/en\/wp-json\/wp\/v2\/media\/1848"}],"wp:attachment":[{"href":"https:\/\/up2sky.aero\/en\/wp-json\/wp\/v2\/media?parent=1847"}],"wp:term":[{"taxonomy":"product_brand","embeddable":true,"href":"https:\/\/up2sky.aero\/en\/wp-json\/wp\/v2\/product_brand?post=1847"},{"taxonomy":"product_cat","embeddable":true,"href":"https:\/\/up2sky.aero\/en\/wp-json\/wp\/v2\/product_cat?post=1847"},{"taxonomy":"product_tag","embeddable":true,"href":"https:\/\/up2sky.aero\/en\/wp-json\/wp\/v2\/product_tag?post=1847"}],"curies":[{"name":"wp","href":"https:\/\/api.w.org\/{rel}","templated":true}]}}