{"id":1852,"date":"2024-06-29T16:31:20","date_gmt":"2024-06-29T14:31:20","guid":{"rendered":"https:\/\/up2sky.aero\/?post_type=product&#038;p=1852"},"modified":"2024-09-08T11:56:49","modified_gmt":"2024-09-08T09:56:49","slug":"mikina-boeing-white-unisex","status":"publish","type":"product","link":"https:\/\/up2sky.aero\/en\/product\/mikina-boeing-white-unisex\/","title":{"rendered":"Sweatshirt BOEING WHITE Unisex"},"content":{"rendered":"<pre id=\"tw-target-text\" class=\"tw-data-text tw-text-large tw-ta\" dir=\"ltr\" data-placeholder=\"Preklad\" aria-label=\"Prelo\u017een\u00fd text\" data-ved=\"2ahUKEwiRrbHo_ICHAxXegf0HHWJvCdEQ3ewLegQIBhAU\"><span class=\"Y2IQFc\" lang=\"sk\">Effortlessly combining comfort with eco-consciousness, this Recrafted by Boxercraft\u2122 sweatshirt\nhelps save energy and supports water conservation with every wear.\nThis innovative blend, made from reused plastic bottles and recycled cotton,\nnot only provides durability, but also contributes to a more sustainable future.\r\n\r\n<strong>Details:<\/strong>\r\nSignature Boeing logo printed on chest\n50% post-consumer polyester \/ 50% upcycled cotton\nRegular fit\nMachine washable<\/span><\/pre>","protected":false},"excerpt":{"rendered":"<p>T\u00e1to Recrafted by Boxercraft\u2122 mikina,ktor\u00e1 bez n\u00e1mahy sp\u00e1ja pohodlie s ekologick\u00fdm povedom\u00edm, pom\u00e1ha \u0161etri\u0165 energiu a podporuje \u00fasporu vody pri ka\u017edom nosen\u00ed. T\u00e1to inovat\u00edvna zmes, ktor\u00e1 poch\u00e1dza z op\u00e4tovne pou\u017eit\u00fdch plastov\u00fdch flia\u0161 a recyklovanej bavlny, poskytuje nielen odolnos\u0165, ale prispieva aj k udr\u017eate\u013enej\u0161ej bud\u00facnosti. Podrobnosti: Na hrudi vytla\u010den\u00e9 podpisov\u00e9 logo Boeing 50 % spotrebite\u013esk\u00fd polyester [&hellip;]<\/p>","protected":false},"featured_media":1853,"template":"","meta":{"_acf_changed":false,"inline_featured_image":false},"product_brand":[],"product_cat":[24,22,62],"product_tag":[],"class_list":{"0":"post-1852","1":"product","2":"type-product","3":"status-publish","4":"has-post-thumbnail","6":"product_cat-oblecenie-pilot-shop-2","7":"product_cat-pilot-shop","8":"product_cat-boeing","9":"product_shipping_class-packeta","11":"first","12":"instock","13":"taxable","14":"shipping-taxable","15":"purchasable","16":"product-type-variable"},"acf":[],"yoast_head":"<!-- This site is optimized with the Yoast SEO plugin v27.4 - https:\/\/yoast.com\/product\/yoast-seo-wordpress\/ -->\n<title>PILOT SHOP | Mikina BOEING WHITE Unisex | up2sky.aero<\/title>\n<meta name=\"description\" content=\"T\u00e1to Recrafted by Boxercraft\u2122 mikina,ktor\u00e1 bez n\u00e1mahy sp\u00e1ja pohodlie s ekologick\u00fdm povedom\u00edm, pom\u00e1ha \u0161etri\u0165 energiu a podporuje \u00fasporu vody pri nosen\u00ed.\" \/>\n<meta name=\"robots\" content=\"index, follow, max-snippet:-1, max-image-preview:large, max-video-preview:-1\" \/>\n<link rel=\"canonical\" href=\"https:\/\/up2sky.aero\/en\/product\/mikina-boeing-white-unisex\/\" \/>\n<meta property=\"og:locale\" content=\"en_GB\" \/>\n<meta property=\"og:type\" content=\"article\" \/>\n<meta property=\"og:title\" content=\"PILOT SHOP | Mikina BOEING WHITE Unisex | up2sky.aero\" \/>\n<meta property=\"og:description\" content=\"T\u00e1to Recrafted by Boxercraft\u2122 mikina,ktor\u00e1 bez n\u00e1mahy sp\u00e1ja pohodlie s ekologick\u00fdm povedom\u00edm, pom\u00e1ha \u0161etri\u0165 energiu a podporuje \u00fasporu vody pri nosen\u00ed.\" \/>\n<meta property=\"og:url\" content=\"https:\/\/up2sky.aero\/en\/product\/mikina-boeing-white-unisex\/\" \/>\n<meta property=\"og:site_name\" content=\"up2sky.aero\" \/>\n<meta property=\"article:publisher\" content=\"https:\/\/www.facebook.com\/up2sky.aero\" \/>\n<meta property=\"article:modified_time\" content=\"2024-09-08T09:56:49+00:00\" \/>\n<meta property=\"og:image\" content=\"http:\/\/up2sky.aero\/wp-content\/uploads\/2024\/06\/IMG_2225.jpeg\" \/>\n\t<meta property=\"og:image:width\" content=\"1200\" \/>\n\t<meta property=\"og:image:height\" content=\"1200\" \/>\n\t<meta property=\"og:image:type\" content=\"image\/jpeg\" \/>\n<meta name=\"twitter:card\" content=\"summary_large_image\" \/>\n<meta name=\"twitter:label1\" content=\"Estimated reading time\" \/>\n\t<meta name=\"twitter:data1\" content=\"1 minute\" \/>\n<script type=\"application\/ld+json\" class=\"yoast-schema-graph\">{\"@context\":\"https:\\\/\\\/schema.org\",\"@graph\":[{\"@type\":\"WebPage\",\"@id\":\"https:\\\/\\\/up2sky.aero\\\/produkt\\\/mikina-boeing-white-unisex\\\/\",\"url\":\"https:\\\/\\\/up2sky.aero\\\/produkt\\\/mikina-boeing-white-unisex\\\/\",\"name\":\"PILOT SHOP | Mikina BOEING WHITE Unisex | up2sky.aero\",\"isPartOf\":{\"@id\":\"https:\\\/\\\/up2sky.aero\\\/#website\"},\"primaryImageOfPage\":{\"@id\":\"https:\\\/\\\/up2sky.aero\\\/produkt\\\/mikina-boeing-white-unisex\\\/#primaryimage\"},\"image\":{\"@id\":\"https:\\\/\\\/up2sky.aero\\\/produkt\\\/mikina-boeing-white-unisex\\\/#primaryimage\"},\"thumbnailUrl\":\"https:\\\/\\\/up2sky.aero\\\/wp-content\\\/uploads\\\/2024\\\/06\\\/IMG_2225.jpeg\",\"datePublished\":\"2024-06-29T14:31:20+00:00\",\"dateModified\":\"2024-09-08T09:56:49+00:00\",\"description\":\"T\u00e1to Recrafted by Boxercraft\u2122 mikina,ktor\u00e1 bez n\u00e1mahy sp\u00e1ja pohodlie s ekologick\u00fdm povedom\u00edm, pom\u00e1ha \u0161etri\u0165 energiu a podporuje \u00fasporu vody pri nosen\u00ed.\",\"breadcrumb\":{\"@id\":\"https:\\\/\\\/up2sky.aero\\\/produkt\\\/mikina-boeing-white-unisex\\\/#breadcrumb\"},\"inLanguage\":\"en-GB\",\"potentialAction\":[{\"@type\":\"ReadAction\",\"target\":[\"https:\\\/\\\/up2sky.aero\\\/produkt\\\/mikina-boeing-white-unisex\\\/\"]}]},{\"@type\":\"ImageObject\",\"inLanguage\":\"en-GB\",\"@id\":\"https:\\\/\\\/up2sky.aero\\\/produkt\\\/mikina-boeing-white-unisex\\\/#primaryimage\",\"url\":\"https:\\\/\\\/up2sky.aero\\\/wp-content\\\/uploads\\\/2024\\\/06\\\/IMG_2225.jpeg\",\"contentUrl\":\"https:\\\/\\\/up2sky.aero\\\/wp-content\\\/uploads\\\/2024\\\/06\\\/IMG_2225.jpeg\",\"width\":1200,\"height\":1200,\"caption\":\"Mikina BOEING WHITE Unisex\"},{\"@type\":\"BreadcrumbList\",\"@id\":\"https:\\\/\\\/up2sky.aero\\\/produkt\\\/mikina-boeing-white-unisex\\\/#breadcrumb\",\"itemListElement\":[{\"@type\":\"ListItem\",\"position\":1,\"name\":\"Domovsk\u00e1 str\u00e1nka\",\"item\":\"https:\\\/\\\/up2sky.aero\\\/\"},{\"@type\":\"ListItem\",\"position\":2,\"name\":\"Pilot shop\",\"item\":\"https:\\\/\\\/up2sky.aero\\\/?page_id=126\"},{\"@type\":\"ListItem\",\"position\":3,\"name\":\"Mikina BOEING WHITE Unisex\"}]},{\"@type\":\"WebSite\",\"@id\":\"https:\\\/\\\/up2sky.aero\\\/#website\",\"url\":\"https:\\\/\\\/up2sky.aero\\\/\",\"name\":\"up2sky.aero\",\"description\":\"Z\u00e1\u017eitkov\u00e9 lety pre milovn\u00edkov dobrodru\u017estiev\",\"publisher\":{\"@id\":\"https:\\\/\\\/up2sky.aero\\\/#organization\"},\"alternateName\":\"up2sky\",\"potentialAction\":[{\"@type\":\"SearchAction\",\"target\":{\"@type\":\"EntryPoint\",\"urlTemplate\":\"https:\\\/\\\/up2sky.aero\\\/?s={search_term_string}\"},\"query-input\":{\"@type\":\"PropertyValueSpecification\",\"valueRequired\":true,\"valueName\":\"search_term_string\"}}],\"inLanguage\":\"en-GB\"},{\"@type\":\"Organization\",\"@id\":\"https:\\\/\\\/up2sky.aero\\\/#organization\",\"name\":\"up2sky.aero, s.r.o.\",\"url\":\"https:\\\/\\\/up2sky.aero\\\/\",\"logo\":{\"@type\":\"ImageObject\",\"inLanguage\":\"en-GB\",\"@id\":\"https:\\\/\\\/up2sky.aero\\\/#\\\/schema\\\/logo\\\/image\\\/\",\"url\":\"https:\\\/\\\/up2sky.aero\\\/wp-content\\\/uploads\\\/2022\\\/10\\\/up2sky-logo.svg\",\"contentUrl\":\"https:\\\/\\\/up2sky.aero\\\/wp-content\\\/uploads\\\/2022\\\/10\\\/up2sky-logo.svg\",\"width\":180,\"height\":141,\"caption\":\"up2sky.aero, s.r.o.\"},\"image\":{\"@id\":\"https:\\\/\\\/up2sky.aero\\\/#\\\/schema\\\/logo\\\/image\\\/\"},\"sameAs\":[\"https:\\\/\\\/www.facebook.com\\\/up2sky.aero\"]}]}<\/script>\n<!-- \/ Yoast SEO plugin. -->","yoast_head_json":{"title":"PILOT SHOP | Mikina BOEING WHITE Unisex | up2sky.aero","description":"T\u00e1to Recrafted by Boxercraft\u2122 mikina,ktor\u00e1 bez n\u00e1mahy sp\u00e1ja pohodlie s ekologick\u00fdm povedom\u00edm, pom\u00e1ha \u0161etri\u0165 energiu a podporuje \u00fasporu vody pri nosen\u00ed.","robots":{"index":"index","follow":"follow","max-snippet":"max-snippet:-1","max-image-preview":"max-image-preview:large","max-video-preview":"max-video-preview:-1"},"canonical":"https:\/\/up2sky.aero\/en\/product\/mikina-boeing-white-unisex\/","og_locale":"en_GB","og_type":"article","og_title":"PILOT SHOP | Mikina BOEING WHITE Unisex | up2sky.aero","og_description":"T\u00e1to Recrafted by Boxercraft\u2122 mikina,ktor\u00e1 bez n\u00e1mahy sp\u00e1ja pohodlie s ekologick\u00fdm povedom\u00edm, pom\u00e1ha \u0161etri\u0165 energiu a podporuje \u00fasporu vody pri nosen\u00ed.","og_url":"https:\/\/up2sky.aero\/en\/product\/mikina-boeing-white-unisex\/","og_site_name":"up2sky.aero","article_publisher":"https:\/\/www.facebook.com\/up2sky.aero","article_modified_time":"2024-09-08T09:56:49+00:00","og_image":[{"width":1200,"height":1200,"url":"http:\/\/up2sky.aero\/wp-content\/uploads\/2024\/06\/IMG_2225.jpeg","type":"image\/jpeg"}],"twitter_card":"summary_large_image","twitter_misc":{"Estimated reading time":"1 minute"},"schema":{"@context":"https:\/\/schema.org","@graph":[{"@type":"WebPage","@id":"https:\/\/up2sky.aero\/produkt\/mikina-boeing-white-unisex\/","url":"https:\/\/up2sky.aero\/produkt\/mikina-boeing-white-unisex\/","name":"PILOT SHOP | Mikina BOEING WHITE Unisex | up2sky.aero","isPartOf":{"@id":"https:\/\/up2sky.aero\/#website"},"primaryImageOfPage":{"@id":"https:\/\/up2sky.aero\/produkt\/mikina-boeing-white-unisex\/#primaryimage"},"image":{"@id":"https:\/\/up2sky.aero\/produkt\/mikina-boeing-white-unisex\/#primaryimage"},"thumbnailUrl":"https:\/\/up2sky.aero\/wp-content\/uploads\/2024\/06\/IMG_2225.jpeg","datePublished":"2024-06-29T14:31:20+00:00","dateModified":"2024-09-08T09:56:49+00:00","description":"T\u00e1to Recrafted by Boxercraft\u2122 mikina,ktor\u00e1 bez n\u00e1mahy sp\u00e1ja pohodlie s ekologick\u00fdm povedom\u00edm, pom\u00e1ha \u0161etri\u0165 energiu a podporuje \u00fasporu vody pri nosen\u00ed.","breadcrumb":{"@id":"https:\/\/up2sky.aero\/produkt\/mikina-boeing-white-unisex\/#breadcrumb"},"inLanguage":"en-GB","potentialAction":[{"@type":"ReadAction","target":["https:\/\/up2sky.aero\/produkt\/mikina-boeing-white-unisex\/"]}]},{"@type":"ImageObject","inLanguage":"en-GB","@id":"https:\/\/up2sky.aero\/produkt\/mikina-boeing-white-unisex\/#primaryimage","url":"https:\/\/up2sky.aero\/wp-content\/uploads\/2024\/06\/IMG_2225.jpeg","contentUrl":"https:\/\/up2sky.aero\/wp-content\/uploads\/2024\/06\/IMG_2225.jpeg","width":1200,"height":1200,"caption":"Mikina BOEING WHITE Unisex"},{"@type":"BreadcrumbList","@id":"https:\/\/up2sky.aero\/produkt\/mikina-boeing-white-unisex\/#breadcrumb","itemListElement":[{"@type":"ListItem","position":1,"name":"Domovsk\u00e1 str\u00e1nka","item":"https:\/\/up2sky.aero\/"},{"@type":"ListItem","position":2,"name":"Pilot shop","item":"https:\/\/up2sky.aero\/?page_id=126"},{"@type":"ListItem","position":3,"name":"Mikina BOEING WHITE Unisex"}]},{"@type":"WebSite","@id":"https:\/\/up2sky.aero\/#website","url":"https:\/\/up2sky.aero\/","name":"up2sky.aero","description":"Z\u00e1\u017eitkov\u00e9 lety pre milovn\u00edkov dobrodru\u017estiev","publisher":{"@id":"https:\/\/up2sky.aero\/#organization"},"alternateName":"up2sky","potentialAction":[{"@type":"SearchAction","target":{"@type":"EntryPoint","urlTemplate":"https:\/\/up2sky.aero\/?s={search_term_string}"},"query-input":{"@type":"PropertyValueSpecification","valueRequired":true,"valueName":"search_term_string"}}],"inLanguage":"en-GB"},{"@type":"Organization","@id":"https:\/\/up2sky.aero\/#organization","name":"up2sky.aero, s.r.o.","url":"https:\/\/up2sky.aero\/","logo":{"@type":"ImageObject","inLanguage":"en-GB","@id":"https:\/\/up2sky.aero\/#\/schema\/logo\/image\/","url":"https:\/\/up2sky.aero\/wp-content\/uploads\/2022\/10\/up2sky-logo.svg","contentUrl":"https:\/\/up2sky.aero\/wp-content\/uploads\/2022\/10\/up2sky-logo.svg","width":180,"height":141,"caption":"up2sky.aero, s.r.o."},"image":{"@id":"https:\/\/up2sky.aero\/#\/schema\/logo\/image\/"},"sameAs":["https:\/\/www.facebook.com\/up2sky.aero"]}]}},"_links":{"self":[{"href":"https:\/\/up2sky.aero\/en\/wp-json\/wp\/v2\/product\/1852","targetHints":{"allow":["GET"]}}],"collection":[{"href":"https:\/\/up2sky.aero\/en\/wp-json\/wp\/v2\/product"}],"about":[{"href":"https:\/\/up2sky.aero\/en\/wp-json\/wp\/v2\/types\/product"}],"wp:featuredmedia":[{"embeddable":true,"href":"https:\/\/up2sky.aero\/en\/wp-json\/wp\/v2\/media\/1853"}],"wp:attachment":[{"href":"https:\/\/up2sky.aero\/en\/wp-json\/wp\/v2\/media?parent=1852"}],"wp:term":[{"taxonomy":"product_brand","embeddable":true,"href":"https:\/\/up2sky.aero\/en\/wp-json\/wp\/v2\/product_brand?post=1852"},{"taxonomy":"product_cat","embeddable":true,"href":"https:\/\/up2sky.aero\/en\/wp-json\/wp\/v2\/product_cat?post=1852"},{"taxonomy":"product_tag","embeddable":true,"href":"https:\/\/up2sky.aero\/en\/wp-json\/wp\/v2\/product_tag?post=1852"}],"curies":[{"name":"wp","href":"https:\/\/api.w.org\/{rel}","templated":true}]}}