{"id":2241,"date":"2025-05-13T08:20:33","date_gmt":"2025-05-13T06:20:33","guid":{"rendered":"https:\/\/up2sky.aero\/?post_type=product&#038;p=2241"},"modified":"2025-05-13T08:24:25","modified_gmt":"2025-05-13T06:24:25","slug":"modry-hrncek-boeing-kopia","status":"publish","type":"product","link":"https:\/\/up2sky.aero\/en\/product\/modry-hrncek-boeing-kopia\/","title":{"rendered":"\u010cierny hrn\u010dek BOEING"},"content":{"rendered":"","protected":false},"excerpt":{"rendered":"<pre id=\"tw-target-text\" class=\"tw-data-text tw-text-large tw-ta\" dir=\"ltr\" data-placeholder=\"Preklad\" aria-label=\"Prelo\u017een\u00fd text\" data-ved=\"2ahUKEwingd_o4vSGAxUHgv0HHfdSDVEQ3ewLegQIBhAU\"><span class=\"Y2IQFc\" lang=\"sk\">\r\nEnjoy your favorite drink with this Boeing logo mug.\r\n<strong>Details:<\/strong>\r\nBoeing logo on the front\nBoeing logo on the back\nSingle-wall ceramic mug\nMicrowave and dishwasher safe\nVolume: 400 ml<\/span><\/pre>","protected":false},"featured_media":2242,"template":"","meta":{"_acf_changed":false,"inline_featured_image":false},"product_brand":[],"product_cat":[25,22,62],"product_tag":[],"class_list":{"0":"post-2241","1":"product","2":"type-product","3":"status-publish","4":"has-post-thumbnail","6":"product_cat-doplnky-pre-pilotov","7":"product_cat-pilot-shop","8":"product_cat-boeing","9":"product_shipping_class-packeta","11":"first","12":"instock","13":"taxable","14":"shipping-taxable","15":"purchasable","16":"product-type-simple"},"acf":[],"yoast_head":"<!-- This site is optimized with the Yoast SEO plugin v27.4 - https:\/\/yoast.com\/product\/yoast-seo-wordpress\/ -->\n<title>PILOT SHOP | \u010cierny hrn\u010dek BOEING | up2sky.aero<\/title>\n<meta name=\"description\" content=\"Vychutnajte si svoj ob\u013e\u00faben\u00fd n\u00e1poj s t\u00fdmto hrn\u010dekom s logom Boeing. Pozrite si na\u0161u kompletn\u00fa ponuku zna\u010dky BOEING. Mikiny, tri\u010dk\u00e1, doplnky\" \/>\n<meta name=\"robots\" content=\"index, follow, max-snippet:-1, max-image-preview:large, max-video-preview:-1\" \/>\n<link rel=\"canonical\" href=\"https:\/\/up2sky.aero\/en\/product\/modry-hrncek-boeing-kopia\/\" \/>\n<meta property=\"og:locale\" content=\"en_GB\" \/>\n<meta property=\"og:type\" content=\"article\" \/>\n<meta property=\"og:title\" content=\"PILOT SHOP | \u010cierny hrn\u010dek BOEING | up2sky.aero\" \/>\n<meta property=\"og:description\" content=\"Vychutnajte si svoj ob\u013e\u00faben\u00fd n\u00e1poj s t\u00fdmto hrn\u010dekom s logom Boeing. Pozrite si na\u0161u kompletn\u00fa ponuku zna\u010dky BOEING. Mikiny, tri\u010dk\u00e1, doplnky\" \/>\n<meta property=\"og:url\" content=\"https:\/\/up2sky.aero\/en\/product\/modry-hrncek-boeing-kopia\/\" \/>\n<meta property=\"og:site_name\" content=\"up2sky.aero\" \/>\n<meta property=\"article:publisher\" content=\"https:\/\/www.facebook.com\/up2sky.aero\" \/>\n<meta property=\"article:modified_time\" content=\"2025-05-13T06:24:25+00:00\" \/>\n<meta property=\"og:image\" content=\"http:\/\/up2sky.aero\/wp-content\/uploads\/2025\/05\/452633af3c415c1178b574b0955b7720.webp\" \/>\n\t<meta property=\"og:image:width\" content=\"1300\" \/>\n\t<meta property=\"og:image:height\" content=\"1300\" \/>\n\t<meta property=\"og:image:type\" content=\"image\/webp\" \/>\n<meta name=\"twitter:card\" content=\"summary_large_image\" \/>\n<meta name=\"twitter:label1\" content=\"Estimated reading time\" \/>\n\t<meta name=\"twitter:data1\" content=\"1 minute\" \/>\n<script type=\"application\/ld+json\" class=\"yoast-schema-graph\">{\"@context\":\"https:\\\/\\\/schema.org\",\"@graph\":[{\"@type\":\"WebPage\",\"@id\":\"https:\\\/\\\/up2sky.aero\\\/produkt\\\/modry-hrncek-boeing-kopia\\\/\",\"url\":\"https:\\\/\\\/up2sky.aero\\\/produkt\\\/modry-hrncek-boeing-kopia\\\/\",\"name\":\"PILOT SHOP | \u010cierny hrn\u010dek BOEING | up2sky.aero\",\"isPartOf\":{\"@id\":\"https:\\\/\\\/up2sky.aero\\\/#website\"},\"primaryImageOfPage\":{\"@id\":\"https:\\\/\\\/up2sky.aero\\\/produkt\\\/modry-hrncek-boeing-kopia\\\/#primaryimage\"},\"image\":{\"@id\":\"https:\\\/\\\/up2sky.aero\\\/produkt\\\/modry-hrncek-boeing-kopia\\\/#primaryimage\"},\"thumbnailUrl\":\"https:\\\/\\\/up2sky.aero\\\/wp-content\\\/uploads\\\/2025\\\/05\\\/452633af3c415c1178b574b0955b7720.webp\",\"datePublished\":\"2025-05-13T06:20:33+00:00\",\"dateModified\":\"2025-05-13T06:24:25+00:00\",\"description\":\"Vychutnajte si svoj ob\u013e\u00faben\u00fd n\u00e1poj s t\u00fdmto hrn\u010dekom s logom Boeing. Pozrite si na\u0161u kompletn\u00fa ponuku zna\u010dky BOEING. Mikiny, tri\u010dk\u00e1, doplnky\",\"breadcrumb\":{\"@id\":\"https:\\\/\\\/up2sky.aero\\\/produkt\\\/modry-hrncek-boeing-kopia\\\/#breadcrumb\"},\"inLanguage\":\"en-GB\",\"potentialAction\":[{\"@type\":\"ReadAction\",\"target\":[\"https:\\\/\\\/up2sky.aero\\\/produkt\\\/modry-hrncek-boeing-kopia\\\/\"]}]},{\"@type\":\"ImageObject\",\"inLanguage\":\"en-GB\",\"@id\":\"https:\\\/\\\/up2sky.aero\\\/produkt\\\/modry-hrncek-boeing-kopia\\\/#primaryimage\",\"url\":\"https:\\\/\\\/up2sky.aero\\\/wp-content\\\/uploads\\\/2025\\\/05\\\/452633af3c415c1178b574b0955b7720.webp\",\"contentUrl\":\"https:\\\/\\\/up2sky.aero\\\/wp-content\\\/uploads\\\/2025\\\/05\\\/452633af3c415c1178b574b0955b7720.webp\",\"width\":1300,\"height\":1300,\"caption\":\"hrncek BOEING\"},{\"@type\":\"BreadcrumbList\",\"@id\":\"https:\\\/\\\/up2sky.aero\\\/produkt\\\/modry-hrncek-boeing-kopia\\\/#breadcrumb\",\"itemListElement\":[{\"@type\":\"ListItem\",\"position\":1,\"name\":\"Domovsk\u00e1 str\u00e1nka\",\"item\":\"https:\\\/\\\/up2sky.aero\\\/\"},{\"@type\":\"ListItem\",\"position\":2,\"name\":\"Pilot shop\",\"item\":\"https:\\\/\\\/up2sky.aero\\\/?page_id=126\"},{\"@type\":\"ListItem\",\"position\":3,\"name\":\"\u010cierny hrn\u010dek BOEING\"}]},{\"@type\":\"WebSite\",\"@id\":\"https:\\\/\\\/up2sky.aero\\\/#website\",\"url\":\"https:\\\/\\\/up2sky.aero\\\/\",\"name\":\"up2sky.aero\",\"description\":\"Z\u00e1\u017eitkov\u00e9 lety pre milovn\u00edkov dobrodru\u017estiev\",\"publisher\":{\"@id\":\"https:\\\/\\\/up2sky.aero\\\/#organization\"},\"alternateName\":\"up2sky\",\"potentialAction\":[{\"@type\":\"SearchAction\",\"target\":{\"@type\":\"EntryPoint\",\"urlTemplate\":\"https:\\\/\\\/up2sky.aero\\\/?s={search_term_string}\"},\"query-input\":{\"@type\":\"PropertyValueSpecification\",\"valueRequired\":true,\"valueName\":\"search_term_string\"}}],\"inLanguage\":\"en-GB\"},{\"@type\":\"Organization\",\"@id\":\"https:\\\/\\\/up2sky.aero\\\/#organization\",\"name\":\"up2sky.aero, s.r.o.\",\"url\":\"https:\\\/\\\/up2sky.aero\\\/\",\"logo\":{\"@type\":\"ImageObject\",\"inLanguage\":\"en-GB\",\"@id\":\"https:\\\/\\\/up2sky.aero\\\/#\\\/schema\\\/logo\\\/image\\\/\",\"url\":\"https:\\\/\\\/up2sky.aero\\\/wp-content\\\/uploads\\\/2022\\\/10\\\/up2sky-logo.svg\",\"contentUrl\":\"https:\\\/\\\/up2sky.aero\\\/wp-content\\\/uploads\\\/2022\\\/10\\\/up2sky-logo.svg\",\"width\":180,\"height\":141,\"caption\":\"up2sky.aero, s.r.o.\"},\"image\":{\"@id\":\"https:\\\/\\\/up2sky.aero\\\/#\\\/schema\\\/logo\\\/image\\\/\"},\"sameAs\":[\"https:\\\/\\\/www.facebook.com\\\/up2sky.aero\"]}]}<\/script>\n<!-- \/ Yoast SEO plugin. -->","yoast_head_json":{"title":"PILOT SHOP | \u010cierny hrn\u010dek BOEING | up2sky.aero","description":"Vychutnajte si svoj ob\u013e\u00faben\u00fd n\u00e1poj s t\u00fdmto hrn\u010dekom s logom Boeing. Pozrite si na\u0161u kompletn\u00fa ponuku zna\u010dky BOEING. Mikiny, tri\u010dk\u00e1, doplnky","robots":{"index":"index","follow":"follow","max-snippet":"max-snippet:-1","max-image-preview":"max-image-preview:large","max-video-preview":"max-video-preview:-1"},"canonical":"https:\/\/up2sky.aero\/en\/product\/modry-hrncek-boeing-kopia\/","og_locale":"en_GB","og_type":"article","og_title":"PILOT SHOP | \u010cierny hrn\u010dek BOEING | up2sky.aero","og_description":"Vychutnajte si svoj ob\u013e\u00faben\u00fd n\u00e1poj s t\u00fdmto hrn\u010dekom s logom Boeing. Pozrite si na\u0161u kompletn\u00fa ponuku zna\u010dky BOEING. Mikiny, tri\u010dk\u00e1, doplnky","og_url":"https:\/\/up2sky.aero\/en\/product\/modry-hrncek-boeing-kopia\/","og_site_name":"up2sky.aero","article_publisher":"https:\/\/www.facebook.com\/up2sky.aero","article_modified_time":"2025-05-13T06:24:25+00:00","og_image":[{"width":1300,"height":1300,"url":"http:\/\/up2sky.aero\/wp-content\/uploads\/2025\/05\/452633af3c415c1178b574b0955b7720.webp","type":"image\/webp"}],"twitter_card":"summary_large_image","twitter_misc":{"Estimated reading time":"1 minute"},"schema":{"@context":"https:\/\/schema.org","@graph":[{"@type":"WebPage","@id":"https:\/\/up2sky.aero\/produkt\/modry-hrncek-boeing-kopia\/","url":"https:\/\/up2sky.aero\/produkt\/modry-hrncek-boeing-kopia\/","name":"PILOT SHOP | \u010cierny hrn\u010dek BOEING | up2sky.aero","isPartOf":{"@id":"https:\/\/up2sky.aero\/#website"},"primaryImageOfPage":{"@id":"https:\/\/up2sky.aero\/produkt\/modry-hrncek-boeing-kopia\/#primaryimage"},"image":{"@id":"https:\/\/up2sky.aero\/produkt\/modry-hrncek-boeing-kopia\/#primaryimage"},"thumbnailUrl":"https:\/\/up2sky.aero\/wp-content\/uploads\/2025\/05\/452633af3c415c1178b574b0955b7720.webp","datePublished":"2025-05-13T06:20:33+00:00","dateModified":"2025-05-13T06:24:25+00:00","description":"Vychutnajte si svoj ob\u013e\u00faben\u00fd n\u00e1poj s t\u00fdmto hrn\u010dekom s logom Boeing. Pozrite si na\u0161u kompletn\u00fa ponuku zna\u010dky BOEING. Mikiny, tri\u010dk\u00e1, doplnky","breadcrumb":{"@id":"https:\/\/up2sky.aero\/produkt\/modry-hrncek-boeing-kopia\/#breadcrumb"},"inLanguage":"en-GB","potentialAction":[{"@type":"ReadAction","target":["https:\/\/up2sky.aero\/produkt\/modry-hrncek-boeing-kopia\/"]}]},{"@type":"ImageObject","inLanguage":"en-GB","@id":"https:\/\/up2sky.aero\/produkt\/modry-hrncek-boeing-kopia\/#primaryimage","url":"https:\/\/up2sky.aero\/wp-content\/uploads\/2025\/05\/452633af3c415c1178b574b0955b7720.webp","contentUrl":"https:\/\/up2sky.aero\/wp-content\/uploads\/2025\/05\/452633af3c415c1178b574b0955b7720.webp","width":1300,"height":1300,"caption":"hrncek BOEING"},{"@type":"BreadcrumbList","@id":"https:\/\/up2sky.aero\/produkt\/modry-hrncek-boeing-kopia\/#breadcrumb","itemListElement":[{"@type":"ListItem","position":1,"name":"Domovsk\u00e1 str\u00e1nka","item":"https:\/\/up2sky.aero\/"},{"@type":"ListItem","position":2,"name":"Pilot shop","item":"https:\/\/up2sky.aero\/?page_id=126"},{"@type":"ListItem","position":3,"name":"\u010cierny hrn\u010dek BOEING"}]},{"@type":"WebSite","@id":"https:\/\/up2sky.aero\/#website","url":"https:\/\/up2sky.aero\/","name":"up2sky.aero","description":"Z\u00e1\u017eitkov\u00e9 lety pre milovn\u00edkov dobrodru\u017estiev","publisher":{"@id":"https:\/\/up2sky.aero\/#organization"},"alternateName":"up2sky","potentialAction":[{"@type":"SearchAction","target":{"@type":"EntryPoint","urlTemplate":"https:\/\/up2sky.aero\/?s={search_term_string}"},"query-input":{"@type":"PropertyValueSpecification","valueRequired":true,"valueName":"search_term_string"}}],"inLanguage":"en-GB"},{"@type":"Organization","@id":"https:\/\/up2sky.aero\/#organization","name":"up2sky.aero, s.r.o.","url":"https:\/\/up2sky.aero\/","logo":{"@type":"ImageObject","inLanguage":"en-GB","@id":"https:\/\/up2sky.aero\/#\/schema\/logo\/image\/","url":"https:\/\/up2sky.aero\/wp-content\/uploads\/2022\/10\/up2sky-logo.svg","contentUrl":"https:\/\/up2sky.aero\/wp-content\/uploads\/2022\/10\/up2sky-logo.svg","width":180,"height":141,"caption":"up2sky.aero, s.r.o."},"image":{"@id":"https:\/\/up2sky.aero\/#\/schema\/logo\/image\/"},"sameAs":["https:\/\/www.facebook.com\/up2sky.aero"]}]}},"_links":{"self":[{"href":"https:\/\/up2sky.aero\/en\/wp-json\/wp\/v2\/product\/2241","targetHints":{"allow":["GET"]}}],"collection":[{"href":"https:\/\/up2sky.aero\/en\/wp-json\/wp\/v2\/product"}],"about":[{"href":"https:\/\/up2sky.aero\/en\/wp-json\/wp\/v2\/types\/product"}],"wp:featuredmedia":[{"embeddable":true,"href":"https:\/\/up2sky.aero\/en\/wp-json\/wp\/v2\/media\/2242"}],"wp:attachment":[{"href":"https:\/\/up2sky.aero\/en\/wp-json\/wp\/v2\/media?parent=2241"}],"wp:term":[{"taxonomy":"product_brand","embeddable":true,"href":"https:\/\/up2sky.aero\/en\/wp-json\/wp\/v2\/product_brand?post=2241"},{"taxonomy":"product_cat","embeddable":true,"href":"https:\/\/up2sky.aero\/en\/wp-json\/wp\/v2\/product_cat?post=2241"},{"taxonomy":"product_tag","embeddable":true,"href":"https:\/\/up2sky.aero\/en\/wp-json\/wp\/v2\/product_tag?post=2241"}],"curies":[{"name":"wp","href":"https:\/\/api.w.org\/{rel}","templated":true}]}}