{"id":2279,"date":"2025-05-13T10:18:28","date_gmt":"2025-05-13T08:18:28","guid":{"rendered":"https:\/\/up2sky.aero\/?post_type=product&#038;p=2279"},"modified":"2025-05-13T12:54:18","modified_gmt":"2025-05-13T10:54:18","slug":"tricko-boeing-var-blue","status":"publish","type":"product","link":"https:\/\/up2sky.aero\/en\/product\/tricko-boeing-var-blue\/","title":{"rendered":"T-shirt BOEING VAR BLUE"},"content":{"rendered":"<pre id=\"tw-target-text\" class=\"tw-data-text tw-text-large JgzqYd RES9jf tw-ta\" dir=\"ltr\" data-placeholder=\"Preklad\" aria-label=\"Prelo\u017een\u00fd text\" data-ved=\"2ahUKEwiSgeCb8YWHAxXegf0HHWJvCdEQ3ewLegQIAxAU\"><span class=\"Y2IQFc\" lang=\"sk\">Take to the skies in style with this soft cotton BOEING logo t-shirt.\nThe iconic Boeing boldly displayed on the chest makes this t-shirt the perfect addition to any aviation enthusiast's wardrobe. \r\n\r\n<strong>Details<\/strong> BOEING logo on the chest\n100% cotton\nDouble needle bottom and sleeve hem\nRegular fit\nUnisex style<\/span><\/pre>","protected":false},"excerpt":{"rendered":"<p>Vydajte sa na lietanie \u0161t\u00fdlovo s t\u00fdmto jemn\u00fdm bavlnen\u00fdm tri\u010dkom s logom BOEING. Ikonick\u00fd Boeing odv\u00e1\u017ene zobrazen\u00fd na hrudi robia z tohto tri\u010dka dokonal\u00fd doplnok do \u0161atn\u00edka ka\u017ed\u00e9ho nad\u0161enca letectva. Podrobnosti Logo BOEING na hrudi 100% bavlna Spodn\u00e1 \u010das\u0165 a lem ruk\u00e1vov s dvojitou ihlou Be\u017en\u00fd strih Unisex \u0161t\u00fdl<\/p>","protected":false},"featured_media":2284,"template":"","meta":{"_acf_changed":false,"inline_featured_image":false},"product_brand":[],"product_cat":[24,22,62],"product_tag":[],"class_list":{"0":"post-2279","1":"product","2":"type-product","3":"status-publish","4":"has-post-thumbnail","6":"product_cat-oblecenie-pilot-shop-2","7":"product_cat-pilot-shop","8":"product_cat-boeing","9":"product_shipping_class-packeta","11":"first","12":"instock","13":"taxable","14":"shipping-taxable","15":"purchasable","16":"product-type-variable"},"acf":[],"yoast_head":"<!-- This site is optimized with the Yoast SEO plugin v27.4 - https:\/\/yoast.com\/product\/yoast-seo-wordpress\/ -->\n<title>PILOT SHOP | Tri\u010dko BOEING VAR BLUE | up2sky.aero<\/title>\n<meta name=\"description\" content=\"Jemn\u00e9 bavlnen\u00e9 tri\u010dko pripom\u00ednaj\u00face legend\u00e1rny Boeing 737. Ikonick\u00fd Boeing Stratotype rob\u00ed z tejto ko\u0161ele dokonal\u00fd doplnok\" \/>\n<meta name=\"robots\" content=\"index, follow, max-snippet:-1, max-image-preview:large, max-video-preview:-1\" \/>\n<link rel=\"canonical\" href=\"https:\/\/up2sky.aero\/en\/product\/tricko-boeing-var-blue\/\" \/>\n<meta property=\"og:locale\" content=\"en_GB\" \/>\n<meta property=\"og:type\" content=\"article\" \/>\n<meta property=\"og:title\" content=\"PILOT SHOP | Tri\u010dko BOEING VAR BLUE | up2sky.aero\" \/>\n<meta property=\"og:description\" content=\"Jemn\u00e9 bavlnen\u00e9 tri\u010dko pripom\u00ednaj\u00face legend\u00e1rny Boeing 737. Ikonick\u00fd Boeing Stratotype rob\u00ed z tejto ko\u0161ele dokonal\u00fd doplnok\" \/>\n<meta property=\"og:url\" content=\"https:\/\/up2sky.aero\/en\/product\/tricko-boeing-var-blue\/\" \/>\n<meta property=\"og:site_name\" content=\"up2sky.aero\" \/>\n<meta property=\"article:publisher\" content=\"https:\/\/www.facebook.com\/up2sky.aero\" \/>\n<meta property=\"article:modified_time\" content=\"2025-05-13T10:54:18+00:00\" \/>\n<meta property=\"og:image\" content=\"http:\/\/up2sky.aero\/wp-content\/uploads\/2025\/05\/110010012125_royal.jpg\" \/>\n\t<meta property=\"og:image:width\" content=\"2048\" \/>\n\t<meta property=\"og:image:height\" content=\"2048\" \/>\n\t<meta property=\"og:image:type\" content=\"image\/jpeg\" \/>\n<meta name=\"twitter:card\" content=\"summary_large_image\" \/>\n<meta name=\"twitter:label1\" content=\"Estimated reading time\" \/>\n\t<meta name=\"twitter:data1\" content=\"1 minute\" \/>\n<script type=\"application\/ld+json\" class=\"yoast-schema-graph\">{\"@context\":\"https:\\\/\\\/schema.org\",\"@graph\":[{\"@type\":\"WebPage\",\"@id\":\"https:\\\/\\\/up2sky.aero\\\/produkt\\\/tricko-boeing-var-blue\\\/\",\"url\":\"https:\\\/\\\/up2sky.aero\\\/produkt\\\/tricko-boeing-var-blue\\\/\",\"name\":\"PILOT SHOP | Tri\u010dko BOEING VAR BLUE | up2sky.aero\",\"isPartOf\":{\"@id\":\"https:\\\/\\\/up2sky.aero\\\/#website\"},\"primaryImageOfPage\":{\"@id\":\"https:\\\/\\\/up2sky.aero\\\/produkt\\\/tricko-boeing-var-blue\\\/#primaryimage\"},\"image\":{\"@id\":\"https:\\\/\\\/up2sky.aero\\\/produkt\\\/tricko-boeing-var-blue\\\/#primaryimage\"},\"thumbnailUrl\":\"https:\\\/\\\/up2sky.aero\\\/wp-content\\\/uploads\\\/2025\\\/05\\\/110010012125_royal.jpg\",\"datePublished\":\"2025-05-13T08:18:28+00:00\",\"dateModified\":\"2025-05-13T10:54:18+00:00\",\"description\":\"Jemn\u00e9 bavlnen\u00e9 tri\u010dko pripom\u00ednaj\u00face legend\u00e1rny Boeing 737. Ikonick\u00fd Boeing Stratotype rob\u00ed z tejto ko\u0161ele dokonal\u00fd doplnok\",\"breadcrumb\":{\"@id\":\"https:\\\/\\\/up2sky.aero\\\/produkt\\\/tricko-boeing-var-blue\\\/#breadcrumb\"},\"inLanguage\":\"en-GB\",\"potentialAction\":[{\"@type\":\"ReadAction\",\"target\":[\"https:\\\/\\\/up2sky.aero\\\/produkt\\\/tricko-boeing-var-blue\\\/\"]}]},{\"@type\":\"ImageObject\",\"inLanguage\":\"en-GB\",\"@id\":\"https:\\\/\\\/up2sky.aero\\\/produkt\\\/tricko-boeing-var-blue\\\/#primaryimage\",\"url\":\"https:\\\/\\\/up2sky.aero\\\/wp-content\\\/uploads\\\/2025\\\/05\\\/110010012125_royal.jpg\",\"contentUrl\":\"https:\\\/\\\/up2sky.aero\\\/wp-content\\\/uploads\\\/2025\\\/05\\\/110010012125_royal.jpg\",\"width\":2048,\"height\":2048,\"caption\":\"Tri\u010dko Boeing\"},{\"@type\":\"BreadcrumbList\",\"@id\":\"https:\\\/\\\/up2sky.aero\\\/produkt\\\/tricko-boeing-var-blue\\\/#breadcrumb\",\"itemListElement\":[{\"@type\":\"ListItem\",\"position\":1,\"name\":\"Domovsk\u00e1 str\u00e1nka\",\"item\":\"https:\\\/\\\/up2sky.aero\\\/\"},{\"@type\":\"ListItem\",\"position\":2,\"name\":\"Pilot shop\",\"item\":\"https:\\\/\\\/up2sky.aero\\\/?page_id=126\"},{\"@type\":\"ListItem\",\"position\":3,\"name\":\"Tri\u010dko BOEING VAR BLUE\"}]},{\"@type\":\"WebSite\",\"@id\":\"https:\\\/\\\/up2sky.aero\\\/#website\",\"url\":\"https:\\\/\\\/up2sky.aero\\\/\",\"name\":\"up2sky.aero\",\"description\":\"Z\u00e1\u017eitkov\u00e9 lety pre milovn\u00edkov dobrodru\u017estiev\",\"publisher\":{\"@id\":\"https:\\\/\\\/up2sky.aero\\\/#organization\"},\"alternateName\":\"up2sky\",\"potentialAction\":[{\"@type\":\"SearchAction\",\"target\":{\"@type\":\"EntryPoint\",\"urlTemplate\":\"https:\\\/\\\/up2sky.aero\\\/?s={search_term_string}\"},\"query-input\":{\"@type\":\"PropertyValueSpecification\",\"valueRequired\":true,\"valueName\":\"search_term_string\"}}],\"inLanguage\":\"en-GB\"},{\"@type\":\"Organization\",\"@id\":\"https:\\\/\\\/up2sky.aero\\\/#organization\",\"name\":\"up2sky.aero, s.r.o.\",\"url\":\"https:\\\/\\\/up2sky.aero\\\/\",\"logo\":{\"@type\":\"ImageObject\",\"inLanguage\":\"en-GB\",\"@id\":\"https:\\\/\\\/up2sky.aero\\\/#\\\/schema\\\/logo\\\/image\\\/\",\"url\":\"https:\\\/\\\/up2sky.aero\\\/wp-content\\\/uploads\\\/2022\\\/10\\\/up2sky-logo.svg\",\"contentUrl\":\"https:\\\/\\\/up2sky.aero\\\/wp-content\\\/uploads\\\/2022\\\/10\\\/up2sky-logo.svg\",\"width\":180,\"height\":141,\"caption\":\"up2sky.aero, s.r.o.\"},\"image\":{\"@id\":\"https:\\\/\\\/up2sky.aero\\\/#\\\/schema\\\/logo\\\/image\\\/\"},\"sameAs\":[\"https:\\\/\\\/www.facebook.com\\\/up2sky.aero\"]}]}<\/script>\n<!-- \/ Yoast SEO plugin. -->","yoast_head_json":{"title":"PILOT SHOP | Tri\u010dko BOEING VAR BLUE | up2sky.aero","description":"Jemn\u00e9 bavlnen\u00e9 tri\u010dko pripom\u00ednaj\u00face legend\u00e1rny Boeing 737. Ikonick\u00fd Boeing Stratotype rob\u00ed z tejto ko\u0161ele dokonal\u00fd doplnok","robots":{"index":"index","follow":"follow","max-snippet":"max-snippet:-1","max-image-preview":"max-image-preview:large","max-video-preview":"max-video-preview:-1"},"canonical":"https:\/\/up2sky.aero\/en\/product\/tricko-boeing-var-blue\/","og_locale":"en_GB","og_type":"article","og_title":"PILOT SHOP | Tri\u010dko BOEING VAR BLUE | up2sky.aero","og_description":"Jemn\u00e9 bavlnen\u00e9 tri\u010dko pripom\u00ednaj\u00face legend\u00e1rny Boeing 737. Ikonick\u00fd Boeing Stratotype rob\u00ed z tejto ko\u0161ele dokonal\u00fd doplnok","og_url":"https:\/\/up2sky.aero\/en\/product\/tricko-boeing-var-blue\/","og_site_name":"up2sky.aero","article_publisher":"https:\/\/www.facebook.com\/up2sky.aero","article_modified_time":"2025-05-13T10:54:18+00:00","og_image":[{"width":2048,"height":2048,"url":"http:\/\/up2sky.aero\/wp-content\/uploads\/2025\/05\/110010012125_royal.jpg","type":"image\/jpeg"}],"twitter_card":"summary_large_image","twitter_misc":{"Estimated reading time":"1 minute"},"schema":{"@context":"https:\/\/schema.org","@graph":[{"@type":"WebPage","@id":"https:\/\/up2sky.aero\/produkt\/tricko-boeing-var-blue\/","url":"https:\/\/up2sky.aero\/produkt\/tricko-boeing-var-blue\/","name":"PILOT SHOP | Tri\u010dko BOEING VAR BLUE | up2sky.aero","isPartOf":{"@id":"https:\/\/up2sky.aero\/#website"},"primaryImageOfPage":{"@id":"https:\/\/up2sky.aero\/produkt\/tricko-boeing-var-blue\/#primaryimage"},"image":{"@id":"https:\/\/up2sky.aero\/produkt\/tricko-boeing-var-blue\/#primaryimage"},"thumbnailUrl":"https:\/\/up2sky.aero\/wp-content\/uploads\/2025\/05\/110010012125_royal.jpg","datePublished":"2025-05-13T08:18:28+00:00","dateModified":"2025-05-13T10:54:18+00:00","description":"Jemn\u00e9 bavlnen\u00e9 tri\u010dko pripom\u00ednaj\u00face legend\u00e1rny Boeing 737. Ikonick\u00fd Boeing Stratotype rob\u00ed z tejto ko\u0161ele dokonal\u00fd doplnok","breadcrumb":{"@id":"https:\/\/up2sky.aero\/produkt\/tricko-boeing-var-blue\/#breadcrumb"},"inLanguage":"en-GB","potentialAction":[{"@type":"ReadAction","target":["https:\/\/up2sky.aero\/produkt\/tricko-boeing-var-blue\/"]}]},{"@type":"ImageObject","inLanguage":"en-GB","@id":"https:\/\/up2sky.aero\/produkt\/tricko-boeing-var-blue\/#primaryimage","url":"https:\/\/up2sky.aero\/wp-content\/uploads\/2025\/05\/110010012125_royal.jpg","contentUrl":"https:\/\/up2sky.aero\/wp-content\/uploads\/2025\/05\/110010012125_royal.jpg","width":2048,"height":2048,"caption":"Tri\u010dko Boeing"},{"@type":"BreadcrumbList","@id":"https:\/\/up2sky.aero\/produkt\/tricko-boeing-var-blue\/#breadcrumb","itemListElement":[{"@type":"ListItem","position":1,"name":"Domovsk\u00e1 str\u00e1nka","item":"https:\/\/up2sky.aero\/"},{"@type":"ListItem","position":2,"name":"Pilot shop","item":"https:\/\/up2sky.aero\/?page_id=126"},{"@type":"ListItem","position":3,"name":"Tri\u010dko BOEING VAR BLUE"}]},{"@type":"WebSite","@id":"https:\/\/up2sky.aero\/#website","url":"https:\/\/up2sky.aero\/","name":"up2sky.aero","description":"Z\u00e1\u017eitkov\u00e9 lety pre milovn\u00edkov dobrodru\u017estiev","publisher":{"@id":"https:\/\/up2sky.aero\/#organization"},"alternateName":"up2sky","potentialAction":[{"@type":"SearchAction","target":{"@type":"EntryPoint","urlTemplate":"https:\/\/up2sky.aero\/?s={search_term_string}"},"query-input":{"@type":"PropertyValueSpecification","valueRequired":true,"valueName":"search_term_string"}}],"inLanguage":"en-GB"},{"@type":"Organization","@id":"https:\/\/up2sky.aero\/#organization","name":"up2sky.aero, s.r.o.","url":"https:\/\/up2sky.aero\/","logo":{"@type":"ImageObject","inLanguage":"en-GB","@id":"https:\/\/up2sky.aero\/#\/schema\/logo\/image\/","url":"https:\/\/up2sky.aero\/wp-content\/uploads\/2022\/10\/up2sky-logo.svg","contentUrl":"https:\/\/up2sky.aero\/wp-content\/uploads\/2022\/10\/up2sky-logo.svg","width":180,"height":141,"caption":"up2sky.aero, s.r.o."},"image":{"@id":"https:\/\/up2sky.aero\/#\/schema\/logo\/image\/"},"sameAs":["https:\/\/www.facebook.com\/up2sky.aero"]}]}},"_links":{"self":[{"href":"https:\/\/up2sky.aero\/en\/wp-json\/wp\/v2\/product\/2279","targetHints":{"allow":["GET"]}}],"collection":[{"href":"https:\/\/up2sky.aero\/en\/wp-json\/wp\/v2\/product"}],"about":[{"href":"https:\/\/up2sky.aero\/en\/wp-json\/wp\/v2\/types\/product"}],"wp:featuredmedia":[{"embeddable":true,"href":"https:\/\/up2sky.aero\/en\/wp-json\/wp\/v2\/media\/2284"}],"wp:attachment":[{"href":"https:\/\/up2sky.aero\/en\/wp-json\/wp\/v2\/media?parent=2279"}],"wp:term":[{"taxonomy":"product_brand","embeddable":true,"href":"https:\/\/up2sky.aero\/en\/wp-json\/wp\/v2\/product_brand?post=2279"},{"taxonomy":"product_cat","embeddable":true,"href":"https:\/\/up2sky.aero\/en\/wp-json\/wp\/v2\/product_cat?post=2279"},{"taxonomy":"product_tag","embeddable":true,"href":"https:\/\/up2sky.aero\/en\/wp-json\/wp\/v2\/product_tag?post=2279"}],"curies":[{"name":"wp","href":"https:\/\/api.w.org\/{rel}","templated":true}]}}