{"id":2295,"date":"2025-05-13T11:18:49","date_gmt":"2025-05-13T09:18:49","guid":{"rendered":"https:\/\/up2sky.aero\/?post_type=product&#038;p=2295"},"modified":"2025-05-13T12:25:27","modified_gmt":"2025-05-13T10:25:27","slug":"klucenka-na-krk-boeing-blue","status":"publish","type":"product","link":"https:\/\/up2sky.aero\/en\/product\/klucenka-na-krk-boeing-blue\/","title":{"rendered":"BOEING BLUE neck keychain"},"content":{"rendered":"<pre id=\"tw-target-text\" class=\"tw-data-text tw-text-large tw-ta\" dir=\"ltr\" data-placeholder=\"Preklad\" aria-label=\"Prelo\u017een\u00fd text\" data-ved=\"2ahUKEwingd_o4vSGAxUHgv0HHfdSDVEQ3ewLegQIBhAU\"><span class=\"Y2IQFc\" lang=\"sk\">Keep your essentials safe and express your passion for aviation\nwith this Boeing lanyard.\nA stylish accessory with a touch of aviation history.\n\nDetails:\nBoeing logo\nRemovable clip\nHook for badge, ID keys, etc.\r\n<\/span><\/pre>","protected":false},"excerpt":{"rendered":"<p>Majte svoje z\u00e1kladn\u00e9 veci v bezpe\u010d\u00ed a vyjadrite svoje nad\u0161enie pre letectvo s touto \u0161n\u00farkou na krk Boeing. \u0160t\u00fdlov\u00fd doplnok s n\u00e1dychom hist\u00f3rie letectva. Podrobnosti: Logo Boeing Odn\u00edmate\u013en\u00e1 spona H\u00e1\u010dik na odznak, ID k\u013e\u00fa\u010de at\u010f.<\/p>","protected":false},"featured_media":2296,"template":"","meta":{"_acf_changed":false,"inline_featured_image":false},"product_brand":[],"product_cat":[25,22,62],"product_tag":[],"class_list":{"0":"post-2295","1":"product","2":"type-product","3":"status-publish","4":"has-post-thumbnail","6":"product_cat-doplnky-pre-pilotov","7":"product_cat-pilot-shop","8":"product_cat-boeing","9":"product_shipping_class-packeta","11":"first","12":"instock","13":"taxable","14":"shipping-taxable","15":"purchasable","16":"product-type-simple"},"acf":[],"yoast_head":"<!-- This site is optimized with the Yoast SEO plugin v27.4 - https:\/\/yoast.com\/product\/yoast-seo-wordpress\/ -->\n<title>PILOT SHOP | K\u013e\u00fa\u010denka na krk BOEING BLUE | up2sky.aero<\/title>\n<meta name=\"description\" content=\"Majte svoje z\u00e1kladn\u00e9 veci v bezpe\u010d\u00ed a vyjadrite svoje nad\u0161enie pre letectvo s touto \u0161n\u00farkou na krk Boeing 737, ktor\u00e1 zdob\u00ed ikonick\u00e9 log\u00e1 Stratotype a Boeing\" \/>\n<meta name=\"robots\" content=\"index, follow, max-snippet:-1, max-image-preview:large, max-video-preview:-1\" \/>\n<link rel=\"canonical\" href=\"https:\/\/up2sky.aero\/en\/product\/klucenka-na-krk-boeing-blue\/\" \/>\n<meta property=\"og:locale\" content=\"en_GB\" \/>\n<meta property=\"og:type\" content=\"article\" \/>\n<meta property=\"og:title\" content=\"PILOT SHOP | K\u013e\u00fa\u010denka na krk BOEING BLUE | up2sky.aero\" \/>\n<meta property=\"og:description\" content=\"Majte svoje z\u00e1kladn\u00e9 veci v bezpe\u010d\u00ed a vyjadrite svoje nad\u0161enie pre letectvo s touto \u0161n\u00farkou na krk Boeing 737, ktor\u00e1 zdob\u00ed ikonick\u00e9 log\u00e1 Stratotype a Boeing\" \/>\n<meta property=\"og:url\" content=\"https:\/\/up2sky.aero\/en\/product\/klucenka-na-krk-boeing-blue\/\" \/>\n<meta property=\"og:site_name\" content=\"up2sky.aero\" \/>\n<meta property=\"article:publisher\" content=\"https:\/\/www.facebook.com\/up2sky.aero\" \/>\n<meta property=\"article:modified_time\" content=\"2025-05-13T10:25:27+00:00\" \/>\n<meta property=\"og:image\" content=\"http:\/\/up2sky.aero\/wp-content\/uploads\/2025\/05\/580080090465.webp\" \/>\n\t<meta property=\"og:image:width\" content=\"1200\" \/>\n\t<meta property=\"og:image:height\" content=\"1200\" \/>\n\t<meta property=\"og:image:type\" content=\"image\/webp\" \/>\n<meta name=\"twitter:card\" content=\"summary_large_image\" \/>\n<meta name=\"twitter:label1\" content=\"Estimated reading time\" \/>\n\t<meta name=\"twitter:data1\" content=\"1 minute\" \/>\n<script type=\"application\/ld+json\" class=\"yoast-schema-graph\">{\"@context\":\"https:\\\/\\\/schema.org\",\"@graph\":[{\"@type\":\"WebPage\",\"@id\":\"https:\\\/\\\/up2sky.aero\\\/produkt\\\/klucenka-na-krk-boeing-blue\\\/\",\"url\":\"https:\\\/\\\/up2sky.aero\\\/produkt\\\/klucenka-na-krk-boeing-blue\\\/\",\"name\":\"PILOT SHOP | K\u013e\u00fa\u010denka na krk BOEING BLUE | up2sky.aero\",\"isPartOf\":{\"@id\":\"https:\\\/\\\/up2sky.aero\\\/#website\"},\"primaryImageOfPage\":{\"@id\":\"https:\\\/\\\/up2sky.aero\\\/produkt\\\/klucenka-na-krk-boeing-blue\\\/#primaryimage\"},\"image\":{\"@id\":\"https:\\\/\\\/up2sky.aero\\\/produkt\\\/klucenka-na-krk-boeing-blue\\\/#primaryimage\"},\"thumbnailUrl\":\"https:\\\/\\\/up2sky.aero\\\/wp-content\\\/uploads\\\/2025\\\/05\\\/580080090465.webp\",\"datePublished\":\"2025-05-13T09:18:49+00:00\",\"dateModified\":\"2025-05-13T10:25:27+00:00\",\"description\":\"Majte svoje z\u00e1kladn\u00e9 veci v bezpe\u010d\u00ed a vyjadrite svoje nad\u0161enie pre letectvo s touto \u0161n\u00farkou na krk Boeing 737, ktor\u00e1 zdob\u00ed ikonick\u00e9 log\u00e1 Stratotype a Boeing\",\"breadcrumb\":{\"@id\":\"https:\\\/\\\/up2sky.aero\\\/produkt\\\/klucenka-na-krk-boeing-blue\\\/#breadcrumb\"},\"inLanguage\":\"en-GB\",\"potentialAction\":[{\"@type\":\"ReadAction\",\"target\":[\"https:\\\/\\\/up2sky.aero\\\/produkt\\\/klucenka-na-krk-boeing-blue\\\/\"]}]},{\"@type\":\"ImageObject\",\"inLanguage\":\"en-GB\",\"@id\":\"https:\\\/\\\/up2sky.aero\\\/produkt\\\/klucenka-na-krk-boeing-blue\\\/#primaryimage\",\"url\":\"https:\\\/\\\/up2sky.aero\\\/wp-content\\\/uploads\\\/2025\\\/05\\\/580080090465.webp\",\"contentUrl\":\"https:\\\/\\\/up2sky.aero\\\/wp-content\\\/uploads\\\/2025\\\/05\\\/580080090465.webp\",\"width\":1200,\"height\":1200,\"caption\":\"K\u013e\u00fa\u010denka BOEING\"},{\"@type\":\"BreadcrumbList\",\"@id\":\"https:\\\/\\\/up2sky.aero\\\/produkt\\\/klucenka-na-krk-boeing-blue\\\/#breadcrumb\",\"itemListElement\":[{\"@type\":\"ListItem\",\"position\":1,\"name\":\"Domovsk\u00e1 str\u00e1nka\",\"item\":\"https:\\\/\\\/up2sky.aero\\\/\"},{\"@type\":\"ListItem\",\"position\":2,\"name\":\"Pilot shop\",\"item\":\"https:\\\/\\\/up2sky.aero\\\/?page_id=126\"},{\"@type\":\"ListItem\",\"position\":3,\"name\":\"K\u013e\u00fa\u010denka na krk BOEING BLUE\"}]},{\"@type\":\"WebSite\",\"@id\":\"https:\\\/\\\/up2sky.aero\\\/#website\",\"url\":\"https:\\\/\\\/up2sky.aero\\\/\",\"name\":\"up2sky.aero\",\"description\":\"Z\u00e1\u017eitkov\u00e9 lety pre milovn\u00edkov dobrodru\u017estiev\",\"publisher\":{\"@id\":\"https:\\\/\\\/up2sky.aero\\\/#organization\"},\"alternateName\":\"up2sky\",\"potentialAction\":[{\"@type\":\"SearchAction\",\"target\":{\"@type\":\"EntryPoint\",\"urlTemplate\":\"https:\\\/\\\/up2sky.aero\\\/?s={search_term_string}\"},\"query-input\":{\"@type\":\"PropertyValueSpecification\",\"valueRequired\":true,\"valueName\":\"search_term_string\"}}],\"inLanguage\":\"en-GB\"},{\"@type\":\"Organization\",\"@id\":\"https:\\\/\\\/up2sky.aero\\\/#organization\",\"name\":\"up2sky.aero, s.r.o.\",\"url\":\"https:\\\/\\\/up2sky.aero\\\/\",\"logo\":{\"@type\":\"ImageObject\",\"inLanguage\":\"en-GB\",\"@id\":\"https:\\\/\\\/up2sky.aero\\\/#\\\/schema\\\/logo\\\/image\\\/\",\"url\":\"https:\\\/\\\/up2sky.aero\\\/wp-content\\\/uploads\\\/2022\\\/10\\\/up2sky-logo.svg\",\"contentUrl\":\"https:\\\/\\\/up2sky.aero\\\/wp-content\\\/uploads\\\/2022\\\/10\\\/up2sky-logo.svg\",\"width\":180,\"height\":141,\"caption\":\"up2sky.aero, s.r.o.\"},\"image\":{\"@id\":\"https:\\\/\\\/up2sky.aero\\\/#\\\/schema\\\/logo\\\/image\\\/\"},\"sameAs\":[\"https:\\\/\\\/www.facebook.com\\\/up2sky.aero\"]}]}<\/script>\n<!-- \/ Yoast SEO plugin. -->","yoast_head_json":{"title":"PILOT SHOP | K\u013e\u00fa\u010denka na krk BOEING BLUE | up2sky.aero","description":"Majte svoje z\u00e1kladn\u00e9 veci v bezpe\u010d\u00ed a vyjadrite svoje nad\u0161enie pre letectvo s touto \u0161n\u00farkou na krk Boeing 737, ktor\u00e1 zdob\u00ed ikonick\u00e9 log\u00e1 Stratotype a Boeing","robots":{"index":"index","follow":"follow","max-snippet":"max-snippet:-1","max-image-preview":"max-image-preview:large","max-video-preview":"max-video-preview:-1"},"canonical":"https:\/\/up2sky.aero\/en\/product\/klucenka-na-krk-boeing-blue\/","og_locale":"en_GB","og_type":"article","og_title":"PILOT SHOP | K\u013e\u00fa\u010denka na krk BOEING BLUE | up2sky.aero","og_description":"Majte svoje z\u00e1kladn\u00e9 veci v bezpe\u010d\u00ed a vyjadrite svoje nad\u0161enie pre letectvo s touto \u0161n\u00farkou na krk Boeing 737, ktor\u00e1 zdob\u00ed ikonick\u00e9 log\u00e1 Stratotype a Boeing","og_url":"https:\/\/up2sky.aero\/en\/product\/klucenka-na-krk-boeing-blue\/","og_site_name":"up2sky.aero","article_publisher":"https:\/\/www.facebook.com\/up2sky.aero","article_modified_time":"2025-05-13T10:25:27+00:00","og_image":[{"width":1200,"height":1200,"url":"http:\/\/up2sky.aero\/wp-content\/uploads\/2025\/05\/580080090465.webp","type":"image\/webp"}],"twitter_card":"summary_large_image","twitter_misc":{"Estimated reading time":"1 minute"},"schema":{"@context":"https:\/\/schema.org","@graph":[{"@type":"WebPage","@id":"https:\/\/up2sky.aero\/produkt\/klucenka-na-krk-boeing-blue\/","url":"https:\/\/up2sky.aero\/produkt\/klucenka-na-krk-boeing-blue\/","name":"PILOT SHOP | K\u013e\u00fa\u010denka na krk BOEING BLUE | up2sky.aero","isPartOf":{"@id":"https:\/\/up2sky.aero\/#website"},"primaryImageOfPage":{"@id":"https:\/\/up2sky.aero\/produkt\/klucenka-na-krk-boeing-blue\/#primaryimage"},"image":{"@id":"https:\/\/up2sky.aero\/produkt\/klucenka-na-krk-boeing-blue\/#primaryimage"},"thumbnailUrl":"https:\/\/up2sky.aero\/wp-content\/uploads\/2025\/05\/580080090465.webp","datePublished":"2025-05-13T09:18:49+00:00","dateModified":"2025-05-13T10:25:27+00:00","description":"Majte svoje z\u00e1kladn\u00e9 veci v bezpe\u010d\u00ed a vyjadrite svoje nad\u0161enie pre letectvo s touto \u0161n\u00farkou na krk Boeing 737, ktor\u00e1 zdob\u00ed ikonick\u00e9 log\u00e1 Stratotype a Boeing","breadcrumb":{"@id":"https:\/\/up2sky.aero\/produkt\/klucenka-na-krk-boeing-blue\/#breadcrumb"},"inLanguage":"en-GB","potentialAction":[{"@type":"ReadAction","target":["https:\/\/up2sky.aero\/produkt\/klucenka-na-krk-boeing-blue\/"]}]},{"@type":"ImageObject","inLanguage":"en-GB","@id":"https:\/\/up2sky.aero\/produkt\/klucenka-na-krk-boeing-blue\/#primaryimage","url":"https:\/\/up2sky.aero\/wp-content\/uploads\/2025\/05\/580080090465.webp","contentUrl":"https:\/\/up2sky.aero\/wp-content\/uploads\/2025\/05\/580080090465.webp","width":1200,"height":1200,"caption":"K\u013e\u00fa\u010denka BOEING"},{"@type":"BreadcrumbList","@id":"https:\/\/up2sky.aero\/produkt\/klucenka-na-krk-boeing-blue\/#breadcrumb","itemListElement":[{"@type":"ListItem","position":1,"name":"Domovsk\u00e1 str\u00e1nka","item":"https:\/\/up2sky.aero\/"},{"@type":"ListItem","position":2,"name":"Pilot shop","item":"https:\/\/up2sky.aero\/?page_id=126"},{"@type":"ListItem","position":3,"name":"K\u013e\u00fa\u010denka na krk BOEING BLUE"}]},{"@type":"WebSite","@id":"https:\/\/up2sky.aero\/#website","url":"https:\/\/up2sky.aero\/","name":"up2sky.aero","description":"Z\u00e1\u017eitkov\u00e9 lety pre milovn\u00edkov dobrodru\u017estiev","publisher":{"@id":"https:\/\/up2sky.aero\/#organization"},"alternateName":"up2sky","potentialAction":[{"@type":"SearchAction","target":{"@type":"EntryPoint","urlTemplate":"https:\/\/up2sky.aero\/?s={search_term_string}"},"query-input":{"@type":"PropertyValueSpecification","valueRequired":true,"valueName":"search_term_string"}}],"inLanguage":"en-GB"},{"@type":"Organization","@id":"https:\/\/up2sky.aero\/#organization","name":"up2sky.aero, s.r.o.","url":"https:\/\/up2sky.aero\/","logo":{"@type":"ImageObject","inLanguage":"en-GB","@id":"https:\/\/up2sky.aero\/#\/schema\/logo\/image\/","url":"https:\/\/up2sky.aero\/wp-content\/uploads\/2022\/10\/up2sky-logo.svg","contentUrl":"https:\/\/up2sky.aero\/wp-content\/uploads\/2022\/10\/up2sky-logo.svg","width":180,"height":141,"caption":"up2sky.aero, s.r.o."},"image":{"@id":"https:\/\/up2sky.aero\/#\/schema\/logo\/image\/"},"sameAs":["https:\/\/www.facebook.com\/up2sky.aero"]}]}},"_links":{"self":[{"href":"https:\/\/up2sky.aero\/en\/wp-json\/wp\/v2\/product\/2295","targetHints":{"allow":["GET"]}}],"collection":[{"href":"https:\/\/up2sky.aero\/en\/wp-json\/wp\/v2\/product"}],"about":[{"href":"https:\/\/up2sky.aero\/en\/wp-json\/wp\/v2\/types\/product"}],"wp:featuredmedia":[{"embeddable":true,"href":"https:\/\/up2sky.aero\/en\/wp-json\/wp\/v2\/media\/2296"}],"wp:attachment":[{"href":"https:\/\/up2sky.aero\/en\/wp-json\/wp\/v2\/media?parent=2295"}],"wp:term":[{"taxonomy":"product_brand","embeddable":true,"href":"https:\/\/up2sky.aero\/en\/wp-json\/wp\/v2\/product_brand?post=2295"},{"taxonomy":"product_cat","embeddable":true,"href":"https:\/\/up2sky.aero\/en\/wp-json\/wp\/v2\/product_cat?post=2295"},{"taxonomy":"product_tag","embeddable":true,"href":"https:\/\/up2sky.aero\/en\/wp-json\/wp\/v2\/product_tag?post=2295"}],"curies":[{"name":"wp","href":"https:\/\/api.w.org\/{rel}","templated":true}]}}