{"id":2300,"date":"2025-05-13T12:20:19","date_gmt":"2025-05-13T10:20:19","guid":{"rendered":"https:\/\/up2sky.aero\/?post_type=product&#038;p=2300"},"modified":"2025-05-13T12:24:20","modified_gmt":"2025-05-13T10:24:20","slug":"klucenka-boeing-crystal","status":"publish","type":"product","link":"https:\/\/up2sky.aero\/en\/product\/klucenka-boeing-crystal\/","title":{"rendered":"BOEING CRYSTAL keychain"},"content":{"rendered":"<p>&nbsp;<\/p>\n<pre id=\"tw-target-text\" class=\"tw-data-text tw-text-large tw-ta\" dir=\"ltr\" data-placeholder=\"Preklad\" aria-label=\"Prelo\u017een\u00fd text\" data-ved=\"2ahUKEwingd_o4vSGAxUHgv0HHfdSDVEQ3ewLegQIBhAU\"><span class=\"Y2IQFc\" lang=\"sk\">This key chain, decorated with a blue stone and the BOEING logo, is a great way to show off your passion for aviation.\nClip it to your keys, backpack, or luggage and bring a dose of aviation-inspired style to your daily routine.\r\n\r\n<strong>Details:<\/strong>\r\nenamel design on the front\nBoeing logo on the back\nZinc alloy with color filling\r\n<\/span><\/pre>","protected":false},"excerpt":{"rendered":"<p>&nbsp; T\u00e1to k\u013e\u00fa\u010denka zdoben\u00e1 modr\u00fdm kamienkom a logom BOEING je skvel\u00fdm sp\u00f4sobom, ako uk\u00e1za\u0165 svoju v\u00e1\u0161e\u0148 pre letectvo. Pripnite si ju na k\u013e\u00fa\u010de, batoh alebo bato\u017einu a vneste do svojej ka\u017edodennej rutiny d\u00e1vku \u0161t\u00fdlu in\u0161pirovan\u00fa letectvom. Podrobnosti: smaltovan\u00fd dizajn na prednej strane Logo Boeing na zadnej strane Zliatina zinku s v\u00fdpl\u0148ou vo farbe<\/p>","protected":false},"featured_media":2301,"template":"","meta":{"_acf_changed":false,"inline_featured_image":false},"product_brand":[],"product_cat":[25,22,62],"product_tag":[],"class_list":{"0":"post-2300","1":"product","2":"type-product","3":"status-publish","4":"has-post-thumbnail","6":"product_cat-doplnky-pre-pilotov","7":"product_cat-pilot-shop","8":"product_cat-boeing","9":"product_shipping_class-packeta","11":"first","12":"instock","13":"taxable","14":"shipping-taxable","15":"purchasable","16":"product-type-simple"},"acf":[],"yoast_head":"<!-- This site is optimized with the Yoast SEO plugin v27.4 - https:\/\/yoast.com\/product\/yoast-seo-wordpress\/ -->\n<title>PILOT SHOP | K\u013e\u00fa\u010denka BOEING CRYSTAL | up2sky.aero<\/title>\n<meta name=\"description\" content=\"T\u00e1to k\u013e\u00fa\u010denka zdoben\u00e1 odoln\u00fdm smaltovan\u00fdm vyobrazen\u00edm ikonick\u00e9ho Boeingu 737 je skvel\u00fdm sp\u00f4sobom, ako uk\u00e1za\u0165 svoju v\u00e1\u0161e\u0148 pre letectvo.\" \/>\n<meta name=\"robots\" content=\"index, follow, max-snippet:-1, max-image-preview:large, max-video-preview:-1\" \/>\n<link rel=\"canonical\" href=\"https:\/\/up2sky.aero\/en\/product\/klucenka-boeing-crystal\/\" \/>\n<meta property=\"og:locale\" content=\"en_GB\" \/>\n<meta property=\"og:type\" content=\"article\" \/>\n<meta property=\"og:title\" content=\"PILOT SHOP | K\u013e\u00fa\u010denka BOEING CRYSTAL | up2sky.aero\" \/>\n<meta property=\"og:description\" content=\"T\u00e1to k\u013e\u00fa\u010denka zdoben\u00e1 odoln\u00fdm smaltovan\u00fdm vyobrazen\u00edm ikonick\u00e9ho Boeingu 737 je skvel\u00fdm sp\u00f4sobom, ako uk\u00e1za\u0165 svoju v\u00e1\u0161e\u0148 pre letectvo.\" \/>\n<meta property=\"og:url\" content=\"https:\/\/up2sky.aero\/en\/product\/klucenka-boeing-crystal\/\" \/>\n<meta property=\"og:site_name\" content=\"up2sky.aero\" \/>\n<meta property=\"article:publisher\" content=\"https:\/\/www.facebook.com\/up2sky.aero\" \/>\n<meta property=\"article:modified_time\" content=\"2025-05-13T10:24:20+00:00\" \/>\n<meta property=\"og:image\" content=\"http:\/\/up2sky.aero\/wp-content\/uploads\/2025\/05\/a8b4504f3c610af7be7243221d1a9f27_41ec1a1f-4b71-4688-87cd-97a970030f89.webp\" \/>\n\t<meta property=\"og:image:width\" content=\"1300\" \/>\n\t<meta property=\"og:image:height\" content=\"1300\" \/>\n\t<meta property=\"og:image:type\" content=\"image\/webp\" \/>\n<meta name=\"twitter:card\" content=\"summary_large_image\" \/>\n<meta name=\"twitter:label1\" content=\"Estimated reading time\" \/>\n\t<meta name=\"twitter:data1\" content=\"1 minute\" \/>\n<script type=\"application\/ld+json\" class=\"yoast-schema-graph\">{\"@context\":\"https:\\\/\\\/schema.org\",\"@graph\":[{\"@type\":\"WebPage\",\"@id\":\"https:\\\/\\\/up2sky.aero\\\/produkt\\\/klucenka-boeing-crystal\\\/\",\"url\":\"https:\\\/\\\/up2sky.aero\\\/produkt\\\/klucenka-boeing-crystal\\\/\",\"name\":\"PILOT SHOP | K\u013e\u00fa\u010denka BOEING CRYSTAL | up2sky.aero\",\"isPartOf\":{\"@id\":\"https:\\\/\\\/up2sky.aero\\\/#website\"},\"primaryImageOfPage\":{\"@id\":\"https:\\\/\\\/up2sky.aero\\\/produkt\\\/klucenka-boeing-crystal\\\/#primaryimage\"},\"image\":{\"@id\":\"https:\\\/\\\/up2sky.aero\\\/produkt\\\/klucenka-boeing-crystal\\\/#primaryimage\"},\"thumbnailUrl\":\"https:\\\/\\\/up2sky.aero\\\/wp-content\\\/uploads\\\/2025\\\/05\\\/a8b4504f3c610af7be7243221d1a9f27_41ec1a1f-4b71-4688-87cd-97a970030f89.webp\",\"datePublished\":\"2025-05-13T10:20:19+00:00\",\"dateModified\":\"2025-05-13T10:24:20+00:00\",\"description\":\"T\u00e1to k\u013e\u00fa\u010denka zdoben\u00e1 odoln\u00fdm smaltovan\u00fdm vyobrazen\u00edm ikonick\u00e9ho Boeingu 737 je skvel\u00fdm sp\u00f4sobom, ako uk\u00e1za\u0165 svoju v\u00e1\u0161e\u0148 pre letectvo.\",\"breadcrumb\":{\"@id\":\"https:\\\/\\\/up2sky.aero\\\/produkt\\\/klucenka-boeing-crystal\\\/#breadcrumb\"},\"inLanguage\":\"en-GB\",\"potentialAction\":[{\"@type\":\"ReadAction\",\"target\":[\"https:\\\/\\\/up2sky.aero\\\/produkt\\\/klucenka-boeing-crystal\\\/\"]}]},{\"@type\":\"ImageObject\",\"inLanguage\":\"en-GB\",\"@id\":\"https:\\\/\\\/up2sky.aero\\\/produkt\\\/klucenka-boeing-crystal\\\/#primaryimage\",\"url\":\"https:\\\/\\\/up2sky.aero\\\/wp-content\\\/uploads\\\/2025\\\/05\\\/a8b4504f3c610af7be7243221d1a9f27_41ec1a1f-4b71-4688-87cd-97a970030f89.webp\",\"contentUrl\":\"https:\\\/\\\/up2sky.aero\\\/wp-content\\\/uploads\\\/2025\\\/05\\\/a8b4504f3c610af7be7243221d1a9f27_41ec1a1f-4b71-4688-87cd-97a970030f89.webp\",\"width\":1300,\"height\":1300,\"caption\":\"K\u013e\u00fa\u010denka BOEING\"},{\"@type\":\"BreadcrumbList\",\"@id\":\"https:\\\/\\\/up2sky.aero\\\/produkt\\\/klucenka-boeing-crystal\\\/#breadcrumb\",\"itemListElement\":[{\"@type\":\"ListItem\",\"position\":1,\"name\":\"Domovsk\u00e1 str\u00e1nka\",\"item\":\"https:\\\/\\\/up2sky.aero\\\/\"},{\"@type\":\"ListItem\",\"position\":2,\"name\":\"Pilot shop\",\"item\":\"https:\\\/\\\/up2sky.aero\\\/?page_id=126\"},{\"@type\":\"ListItem\",\"position\":3,\"name\":\"K\u013e\u00fa\u010denka BOEING CRYSTAL\"}]},{\"@type\":\"WebSite\",\"@id\":\"https:\\\/\\\/up2sky.aero\\\/#website\",\"url\":\"https:\\\/\\\/up2sky.aero\\\/\",\"name\":\"up2sky.aero\",\"description\":\"Z\u00e1\u017eitkov\u00e9 lety pre milovn\u00edkov dobrodru\u017estiev\",\"publisher\":{\"@id\":\"https:\\\/\\\/up2sky.aero\\\/#organization\"},\"alternateName\":\"up2sky\",\"potentialAction\":[{\"@type\":\"SearchAction\",\"target\":{\"@type\":\"EntryPoint\",\"urlTemplate\":\"https:\\\/\\\/up2sky.aero\\\/?s={search_term_string}\"},\"query-input\":{\"@type\":\"PropertyValueSpecification\",\"valueRequired\":true,\"valueName\":\"search_term_string\"}}],\"inLanguage\":\"en-GB\"},{\"@type\":\"Organization\",\"@id\":\"https:\\\/\\\/up2sky.aero\\\/#organization\",\"name\":\"up2sky.aero, s.r.o.\",\"url\":\"https:\\\/\\\/up2sky.aero\\\/\",\"logo\":{\"@type\":\"ImageObject\",\"inLanguage\":\"en-GB\",\"@id\":\"https:\\\/\\\/up2sky.aero\\\/#\\\/schema\\\/logo\\\/image\\\/\",\"url\":\"https:\\\/\\\/up2sky.aero\\\/wp-content\\\/uploads\\\/2022\\\/10\\\/up2sky-logo.svg\",\"contentUrl\":\"https:\\\/\\\/up2sky.aero\\\/wp-content\\\/uploads\\\/2022\\\/10\\\/up2sky-logo.svg\",\"width\":180,\"height\":141,\"caption\":\"up2sky.aero, s.r.o.\"},\"image\":{\"@id\":\"https:\\\/\\\/up2sky.aero\\\/#\\\/schema\\\/logo\\\/image\\\/\"},\"sameAs\":[\"https:\\\/\\\/www.facebook.com\\\/up2sky.aero\"]}]}<\/script>\n<!-- \/ Yoast SEO plugin. -->","yoast_head_json":{"title":"PILOT SHOP | K\u013e\u00fa\u010denka BOEING CRYSTAL | up2sky.aero","description":"T\u00e1to k\u013e\u00fa\u010denka zdoben\u00e1 odoln\u00fdm smaltovan\u00fdm vyobrazen\u00edm ikonick\u00e9ho Boeingu 737 je skvel\u00fdm sp\u00f4sobom, ako uk\u00e1za\u0165 svoju v\u00e1\u0161e\u0148 pre letectvo.","robots":{"index":"index","follow":"follow","max-snippet":"max-snippet:-1","max-image-preview":"max-image-preview:large","max-video-preview":"max-video-preview:-1"},"canonical":"https:\/\/up2sky.aero\/en\/product\/klucenka-boeing-crystal\/","og_locale":"en_GB","og_type":"article","og_title":"PILOT SHOP | K\u013e\u00fa\u010denka BOEING CRYSTAL | up2sky.aero","og_description":"T\u00e1to k\u013e\u00fa\u010denka zdoben\u00e1 odoln\u00fdm smaltovan\u00fdm vyobrazen\u00edm ikonick\u00e9ho Boeingu 737 je skvel\u00fdm sp\u00f4sobom, ako uk\u00e1za\u0165 svoju v\u00e1\u0161e\u0148 pre letectvo.","og_url":"https:\/\/up2sky.aero\/en\/product\/klucenka-boeing-crystal\/","og_site_name":"up2sky.aero","article_publisher":"https:\/\/www.facebook.com\/up2sky.aero","article_modified_time":"2025-05-13T10:24:20+00:00","og_image":[{"width":1300,"height":1300,"url":"http:\/\/up2sky.aero\/wp-content\/uploads\/2025\/05\/a8b4504f3c610af7be7243221d1a9f27_41ec1a1f-4b71-4688-87cd-97a970030f89.webp","type":"image\/webp"}],"twitter_card":"summary_large_image","twitter_misc":{"Estimated reading time":"1 minute"},"schema":{"@context":"https:\/\/schema.org","@graph":[{"@type":"WebPage","@id":"https:\/\/up2sky.aero\/produkt\/klucenka-boeing-crystal\/","url":"https:\/\/up2sky.aero\/produkt\/klucenka-boeing-crystal\/","name":"PILOT SHOP | K\u013e\u00fa\u010denka BOEING CRYSTAL | up2sky.aero","isPartOf":{"@id":"https:\/\/up2sky.aero\/#website"},"primaryImageOfPage":{"@id":"https:\/\/up2sky.aero\/produkt\/klucenka-boeing-crystal\/#primaryimage"},"image":{"@id":"https:\/\/up2sky.aero\/produkt\/klucenka-boeing-crystal\/#primaryimage"},"thumbnailUrl":"https:\/\/up2sky.aero\/wp-content\/uploads\/2025\/05\/a8b4504f3c610af7be7243221d1a9f27_41ec1a1f-4b71-4688-87cd-97a970030f89.webp","datePublished":"2025-05-13T10:20:19+00:00","dateModified":"2025-05-13T10:24:20+00:00","description":"T\u00e1to k\u013e\u00fa\u010denka zdoben\u00e1 odoln\u00fdm smaltovan\u00fdm vyobrazen\u00edm ikonick\u00e9ho Boeingu 737 je skvel\u00fdm sp\u00f4sobom, ako uk\u00e1za\u0165 svoju v\u00e1\u0161e\u0148 pre letectvo.","breadcrumb":{"@id":"https:\/\/up2sky.aero\/produkt\/klucenka-boeing-crystal\/#breadcrumb"},"inLanguage":"en-GB","potentialAction":[{"@type":"ReadAction","target":["https:\/\/up2sky.aero\/produkt\/klucenka-boeing-crystal\/"]}]},{"@type":"ImageObject","inLanguage":"en-GB","@id":"https:\/\/up2sky.aero\/produkt\/klucenka-boeing-crystal\/#primaryimage","url":"https:\/\/up2sky.aero\/wp-content\/uploads\/2025\/05\/a8b4504f3c610af7be7243221d1a9f27_41ec1a1f-4b71-4688-87cd-97a970030f89.webp","contentUrl":"https:\/\/up2sky.aero\/wp-content\/uploads\/2025\/05\/a8b4504f3c610af7be7243221d1a9f27_41ec1a1f-4b71-4688-87cd-97a970030f89.webp","width":1300,"height":1300,"caption":"K\u013e\u00fa\u010denka BOEING"},{"@type":"BreadcrumbList","@id":"https:\/\/up2sky.aero\/produkt\/klucenka-boeing-crystal\/#breadcrumb","itemListElement":[{"@type":"ListItem","position":1,"name":"Domovsk\u00e1 str\u00e1nka","item":"https:\/\/up2sky.aero\/"},{"@type":"ListItem","position":2,"name":"Pilot shop","item":"https:\/\/up2sky.aero\/?page_id=126"},{"@type":"ListItem","position":3,"name":"K\u013e\u00fa\u010denka BOEING CRYSTAL"}]},{"@type":"WebSite","@id":"https:\/\/up2sky.aero\/#website","url":"https:\/\/up2sky.aero\/","name":"up2sky.aero","description":"Z\u00e1\u017eitkov\u00e9 lety pre milovn\u00edkov dobrodru\u017estiev","publisher":{"@id":"https:\/\/up2sky.aero\/#organization"},"alternateName":"up2sky","potentialAction":[{"@type":"SearchAction","target":{"@type":"EntryPoint","urlTemplate":"https:\/\/up2sky.aero\/?s={search_term_string}"},"query-input":{"@type":"PropertyValueSpecification","valueRequired":true,"valueName":"search_term_string"}}],"inLanguage":"en-GB"},{"@type":"Organization","@id":"https:\/\/up2sky.aero\/#organization","name":"up2sky.aero, s.r.o.","url":"https:\/\/up2sky.aero\/","logo":{"@type":"ImageObject","inLanguage":"en-GB","@id":"https:\/\/up2sky.aero\/#\/schema\/logo\/image\/","url":"https:\/\/up2sky.aero\/wp-content\/uploads\/2022\/10\/up2sky-logo.svg","contentUrl":"https:\/\/up2sky.aero\/wp-content\/uploads\/2022\/10\/up2sky-logo.svg","width":180,"height":141,"caption":"up2sky.aero, s.r.o."},"image":{"@id":"https:\/\/up2sky.aero\/#\/schema\/logo\/image\/"},"sameAs":["https:\/\/www.facebook.com\/up2sky.aero"]}]}},"_links":{"self":[{"href":"https:\/\/up2sky.aero\/en\/wp-json\/wp\/v2\/product\/2300","targetHints":{"allow":["GET"]}}],"collection":[{"href":"https:\/\/up2sky.aero\/en\/wp-json\/wp\/v2\/product"}],"about":[{"href":"https:\/\/up2sky.aero\/en\/wp-json\/wp\/v2\/types\/product"}],"wp:featuredmedia":[{"embeddable":true,"href":"https:\/\/up2sky.aero\/en\/wp-json\/wp\/v2\/media\/2301"}],"wp:attachment":[{"href":"https:\/\/up2sky.aero\/en\/wp-json\/wp\/v2\/media?parent=2300"}],"wp:term":[{"taxonomy":"product_brand","embeddable":true,"href":"https:\/\/up2sky.aero\/en\/wp-json\/wp\/v2\/product_brand?post=2300"},{"taxonomy":"product_cat","embeddable":true,"href":"https:\/\/up2sky.aero\/en\/wp-json\/wp\/v2\/product_cat?post=2300"},{"taxonomy":"product_tag","embeddable":true,"href":"https:\/\/up2sky.aero\/en\/wp-json\/wp\/v2\/product_tag?post=2300"}],"curies":[{"name":"wp","href":"https:\/\/api.w.org\/{rel}","templated":true}]}}