{"id":235,"date":"2022-12-04T15:12:00","date_gmt":"2022-12-04T14:12:00","guid":{"rendered":"https:\/\/up2sky.aero\/?post_type=product&#038;p=235"},"modified":"2026-04-13T13:20:00","modified_gmt":"2026-04-13T11:20:00","slug":"60-min-zazitkovy-let-pre-3-osoby-lietadlom-diamond-da-40-2","status":"publish","type":"product","link":"https:\/\/up2sky.aero\/en\/product\/60-min-zazitkovy-let-pre-3-osoby-lietadlom-diamond-da-40-2\/","title":{"rendered":"60 min. z\u00e1\u017eitkov\u00fd let a\u017e pre 3 osoby lietadlom Diamond  DA-40"},"content":{"rendered":"<p><b>Term\u00edn<\/b><\/p>\n<p>Neobmedzen\u00e1 platnos\u0165<\/p>\n<p><b>V cene<\/b><\/p>\n<ul>\n<li>Z\u00e1\u017eitkov\u00fd let lietadlom a\u00a0pilotovanie na\u00a0sk\u00fa\u0161ku (4-miestne lietadlo DIAMOND DA-40)<\/li>\n<li>Pre\u00a03\u00a0pasa\u017eierov (s\u00a0mo\u017enos\u0165ou pilotovania pre\u00a0jedn\u00e9ho) a\u00a0pilota (prenaj\u00edma sa\u00a0cel\u00e9 lietadlo)<\/li>\n<li>Kr\u00e1tka in\u0161trukt\u00e1\u017e pred\u00a0letom<\/li>\n<li>Sk\u00fasen\u00fd pilot<\/li>\n<li>Pohonn\u00e9 hmoty v\u00a0cene voucheru<\/li>\n<li><b> Trvanie letu:<\/b>\u00a060 min.<\/li>\n<li><b> Letisko:<\/b>\u00a0Poprad<\/li>\n<li><b> Trasa letu:<\/b>\u00a0Pod\u013ea\u00a0vlastn\u00e9ho v\u00fdberu (s\u00a0oh\u013eadom na\u00a0minut\u00e1\u017e zak\u00fapen\u00e9ho letu) a\u00a0po\u00a0dohode s\u00a0pilotom\n<ul>\n<li><b> Napr\u00edklad: <\/b>Letisko Poprad\u00a0\u2013 Kr\u00e1\u013eova ho\u013ea\u00a0\u2013 \u010cierny V\u00e1h\u00a0\u2013 Chopok\u00a0\u2013 Liptovsk\u00e1 Mara\u00a0\u2013 Z\u00e1padn\u00e9 Tatry (Podbansk\u00e9)\u00a0\u2013 Hrebienok\u00a0\u2013 Belianske Tatry\u00a0\u2013 Ke\u017emarok\u00a0\u2013 Letisko Poprad<\/li>\n<\/ul>\n<\/li>\n<\/ul>\n<p><b>Pozn\u00e1mka:<\/b>\u00a0Mo\u017enos\u0165 spoji\u0165 viac voucherov a\u00a0pred\u013a\u017ei\u0165 si tak let (po\u00a0dohode s\u00a0pilotom).<\/p>\n<p><b>Obmedzenie<\/b><\/p>\n<ul>\n<li>Voucher je mo\u017en\u00e9 vyu\u017ei\u0165 v\u00a0term\u00edne do\u00a031. 12. 2023 (vr\u00e1tane) pod\u013ea\u00a0dostupn\u00fdch kapac\u00edt a\u00a0po\u00a0dohode s\u00a0poskytovate\u013eom slu\u017eby.<\/li>\n<li>Pilot si vyhradzuje pr\u00e1vo zru\u0161i\u0165 let aj\u00a0na\u00a0rezervovan\u00fd term\u00edn letu z\u00a0d\u00f4vodu zmeny poveternostn\u00fdch podmienok.<\/li>\n<li>V\u00a0pr\u00edpade nepriazniv\u00e9ho po\u010dasia sa\u00a0rezerv\u00e1cia presunie na\u00a0nov\u00fd term\u00edn, ktor\u00fd v\u00e1m bude vyhovova\u0165.<\/li>\n<li>Pre\u00a0zachovanie garancie poskytnutia slu\u017eby odpor\u00fa\u010dame urobi\u0165 rezerv\u00e1ciu najnesk\u00f4r 30\u00a0dn\u00ed pred\u00a0koncom platnosti voucheru.<\/li>\n<li>Let lietadlom m\u00f4\u017eu absolvova\u0165 osoby u\u017e od 5\u00a0rokov v\u00a0sprievode dospelej osoby.<\/li>\n<li>Let lietadlom bez sprievodu dospelej osoby m\u00f4\u017eu absolvova\u0165 osoby od 16\u00a0rokov so\u00a0s\u00fahlasom z\u00e1konn\u00e9ho z\u00e1stupcu (do\u00a018\u00a0rokov je nutn\u00fd p\u00edsomn\u00fd s\u00fahlas z\u00e1konn\u00e9ho z\u00e1stupcu).<\/li>\n<li>Maxim\u00e1lna v\u00fd\u0161ka pasa\u017eiera m\u00f4\u017ee by\u0165 200\u00a0cm a\u00a0maxim\u00e1lna hmotnos\u0165 3\u00a0pasa\u017eierov spolu cca 250\u00a0kg (po\u00a0dohode s\u00a0pilotom).<\/li>\n<li>Osoby so\u00a0srdcov\u00fdmi ochoreniami, s\u00a0probl\u00e9mami s\u00a0vysok\u00fdm alebo n\u00edzkym tlakom, zlou zr\u00e1\u017eanlivos\u0165ou krvi, cukrovkou, epilepsiou, du\u0161evn\u00fdmi poruchami alebo z\u00e1vislos\u0165ami by sa\u00a0mali poradi\u0165 so\u00a0svojim lek\u00e1rom o\u00a0vhodnosti letu.<\/li>\n<li>Poskytovate\u013e slu\u017eby si vyhradzuje pr\u00e1vo odmietnu\u0165 z\u00e1ujemcu v\u00a0pr\u00edpade podozrenia z\u00a0u\u017eitia alkoholick\u00fdch, alebo in\u00fdch omamn\u00fdch l\u00e1tok.<\/li>\n<li>So\u00a0skupinou viacer\u00fdch os\u00f4b je mo\u017enos\u0165 pilotovania len pre\u00a0jedn\u00e9ho\u00a0\u2013 pre\u00a0pasa\u017eiera, ktor\u00fd sed\u00ed vpredu pri pilotovi.<\/li>\n<\/ul>","protected":false},"excerpt":{"rendered":"<p>Term\u00edn Neobmedzen\u00e1 platnos\u0165 V cene Z\u00e1\u017eitkov\u00fd let lietadlom a\u00a0pilotovanie na\u00a0sk\u00fa\u0161ku (4-miestne lietadlo DIAMOND DA-40) Pre\u00a03\u00a0pasa\u017eierov (s\u00a0mo\u017enos\u0165ou pilotovania pre\u00a0jedn\u00e9ho) a\u00a0pilota (prenaj\u00edma sa\u00a0cel\u00e9 lietadlo) Kr\u00e1tka in\u0161trukt\u00e1\u017e pred\u00a0letom Sk\u00fasen\u00fd pilot Pohonn\u00e9 hmoty v\u00a0cene voucheru Trvanie letu:\u00a060 min. Letisko:\u00a0Poprad Trasa letu:\u00a0Pod\u013ea\u00a0vlastn\u00e9ho v\u00fdberu (s\u00a0oh\u013eadom na\u00a0minut\u00e1\u017e zak\u00fapen\u00e9ho letu) a\u00a0po\u00a0dohode s\u00a0pilotom Napr\u00edklad: Letisko Poprad\u00a0\u2013 Kr\u00e1\u013eova ho\u013ea\u00a0\u2013 \u010cierny V\u00e1h\u00a0\u2013 Chopok\u00a0\u2013 Liptovsk\u00e1 Mara\u00a0\u2013 Z\u00e1padn\u00e9 [&hellip;]<\/p>","protected":false},"featured_media":821,"template":"","meta":{"_acf_changed":false,"inline_featured_image":false},"product_brand":[],"product_cat":[17],"product_tag":[52,53,51,46,44],"class_list":{"0":"post-235","1":"product","2":"type-product","3":"status-publish","4":"has-post-thumbnail","6":"product_cat-zazitkove-lety","7":"product_tag-60-minutovy-zazitkovy-let-vyhliadkovy-let","8":"product_tag-adrenalinovy-letecky-zazitok","9":"product_tag-vyhliadkovy-let-ponad-spis","10":"product_tag-vyhliadkovy-let-ponad-tatry","11":"product_tag-zazitkovy-let","13":"first","14":"instock","15":"sale","16":"virtual","17":"taxable","18":"purchasable","19":"product-type-simple"},"acf":[],"yoast_head":"<!-- This site is optimized with the Yoast SEO plugin v27.5 - https:\/\/yoast.com\/product\/yoast-seo-wordpress\/ -->\n<title>60 min. z\u00e1\u017eitkov\u00fd let a\u017e pre 3 osoby lietadlom Diamond DA-40 - up2sky.aero<\/title>\n<meta name=\"description\" content=\"up2sky.aero vyzn\u00e1va\u010dom z\u00e1\u017eitkov pon\u00faka 60 min. z\u00e1\u017eitkov\u00fd let a\u017e pre 3 osoby lietadlom Diamond DA-40. Prelet\u00edme sa ponad Vysok\u00e9 Tatry, Liptov aj Spi\u0161\" \/>\n<meta name=\"robots\" content=\"index, follow, max-snippet:-1, max-image-preview:large, max-video-preview:-1\" \/>\n<link rel=\"canonical\" href=\"https:\/\/up2sky.aero\/en\/product\/60-min-zazitkovy-let-pre-3-osoby-lietadlom-diamond-da-40-2\/\" \/>\n<meta property=\"og:locale\" content=\"en_GB\" \/>\n<meta property=\"og:type\" content=\"article\" \/>\n<meta property=\"og:title\" content=\"60 min. z\u00e1\u017eitkov\u00fd let a\u017e pre 3 osoby lietadlom Diamond DA-40 - up2sky.aero\" \/>\n<meta property=\"og:description\" content=\"up2sky.aero vyzn\u00e1va\u010dom z\u00e1\u017eitkov pon\u00faka 60 min. z\u00e1\u017eitkov\u00fd let a\u017e pre 3 osoby lietadlom Diamond DA-40. Prelet\u00edme sa ponad Vysok\u00e9 Tatry, Liptov aj Spi\u0161\" \/>\n<meta property=\"og:url\" content=\"https:\/\/up2sky.aero\/en\/product\/60-min-zazitkovy-let-pre-3-osoby-lietadlom-diamond-da-40-2\/\" \/>\n<meta property=\"og:site_name\" content=\"up2sky.aero\" \/>\n<meta property=\"article:publisher\" content=\"https:\/\/www.facebook.com\/up2sky.aero\" \/>\n<meta property=\"article:modified_time\" content=\"2026-04-13T11:20:00+00:00\" \/>\n<meta property=\"og:image\" content=\"http:\/\/up2sky.aero\/wp-content\/uploads\/2023\/02\/ADD732EC-0776-4112-B8A4-2F714D1E316A.jpeg\" \/>\n\t<meta property=\"og:image:width\" content=\"1440\" \/>\n\t<meta property=\"og:image:height\" content=\"1440\" \/>\n\t<meta property=\"og:image:type\" content=\"image\/jpeg\" \/>\n<meta name=\"twitter:card\" content=\"summary_large_image\" \/>\n<meta name=\"twitter:label1\" content=\"Estimated reading time\" \/>\n\t<meta name=\"twitter:data1\" content=\"2 minutes\" \/>\n<script type=\"application\/ld+json\" class=\"yoast-schema-graph\">{\"@context\":\"https:\\\/\\\/schema.org\",\"@graph\":[{\"@type\":\"WebPage\",\"@id\":\"https:\\\/\\\/up2sky.aero\\\/produkt\\\/60-min-zazitkovy-let-pre-3-osoby-lietadlom-diamond-da-40-2\\\/\",\"url\":\"https:\\\/\\\/up2sky.aero\\\/produkt\\\/60-min-zazitkovy-let-pre-3-osoby-lietadlom-diamond-da-40-2\\\/\",\"name\":\"60 min. z\u00e1\u017eitkov\u00fd let a\u017e pre 3 osoby lietadlom Diamond DA-40 - up2sky.aero\",\"isPartOf\":{\"@id\":\"https:\\\/\\\/up2sky.aero\\\/#website\"},\"primaryImageOfPage\":{\"@id\":\"https:\\\/\\\/up2sky.aero\\\/produkt\\\/60-min-zazitkovy-let-pre-3-osoby-lietadlom-diamond-da-40-2\\\/#primaryimage\"},\"image\":{\"@id\":\"https:\\\/\\\/up2sky.aero\\\/produkt\\\/60-min-zazitkovy-let-pre-3-osoby-lietadlom-diamond-da-40-2\\\/#primaryimage\"},\"thumbnailUrl\":\"https:\\\/\\\/up2sky.aero\\\/wp-content\\\/uploads\\\/2023\\\/02\\\/ADD732EC-0776-4112-B8A4-2F714D1E316A.jpeg\",\"datePublished\":\"2022-12-04T14:12:00+00:00\",\"dateModified\":\"2026-04-13T11:20:00+00:00\",\"description\":\"up2sky.aero vyzn\u00e1va\u010dom z\u00e1\u017eitkov pon\u00faka 60 min. z\u00e1\u017eitkov\u00fd let a\u017e pre 3 osoby lietadlom Diamond DA-40. Prelet\u00edme sa ponad Vysok\u00e9 Tatry, Liptov aj Spi\u0161\",\"breadcrumb\":{\"@id\":\"https:\\\/\\\/up2sky.aero\\\/produkt\\\/60-min-zazitkovy-let-pre-3-osoby-lietadlom-diamond-da-40-2\\\/#breadcrumb\"},\"inLanguage\":\"en-GB\",\"potentialAction\":[{\"@type\":\"ReadAction\",\"target\":[\"https:\\\/\\\/up2sky.aero\\\/produkt\\\/60-min-zazitkovy-let-pre-3-osoby-lietadlom-diamond-da-40-2\\\/\"]}]},{\"@type\":\"ImageObject\",\"inLanguage\":\"en-GB\",\"@id\":\"https:\\\/\\\/up2sky.aero\\\/produkt\\\/60-min-zazitkovy-let-pre-3-osoby-lietadlom-diamond-da-40-2\\\/#primaryimage\",\"url\":\"https:\\\/\\\/up2sky.aero\\\/wp-content\\\/uploads\\\/2023\\\/02\\\/ADD732EC-0776-4112-B8A4-2F714D1E316A.jpeg\",\"contentUrl\":\"https:\\\/\\\/up2sky.aero\\\/wp-content\\\/uploads\\\/2023\\\/02\\\/ADD732EC-0776-4112-B8A4-2F714D1E316A.jpeg\",\"width\":1440,\"height\":1440,\"caption\":\"Z\u00e1\u017eitkov\u00e9 lety\"},{\"@type\":\"BreadcrumbList\",\"@id\":\"https:\\\/\\\/up2sky.aero\\\/produkt\\\/60-min-zazitkovy-let-pre-3-osoby-lietadlom-diamond-da-40-2\\\/#breadcrumb\",\"itemListElement\":[{\"@type\":\"ListItem\",\"position\":1,\"name\":\"Domovsk\u00e1 str\u00e1nka\",\"item\":\"https:\\\/\\\/up2sky.aero\\\/\"},{\"@type\":\"ListItem\",\"position\":2,\"name\":\"Pilot shop\",\"item\":\"https:\\\/\\\/up2sky.aero\\\/?page_id=126\"},{\"@type\":\"ListItem\",\"position\":3,\"name\":\"60 min. z\u00e1\u017eitkov\u00fd let a\u017e pre 3 osoby lietadlom Diamond DA-40\"}]},{\"@type\":\"WebSite\",\"@id\":\"https:\\\/\\\/up2sky.aero\\\/#website\",\"url\":\"https:\\\/\\\/up2sky.aero\\\/\",\"name\":\"up2sky.aero\",\"description\":\"Z\u00e1\u017eitkov\u00e9 lety pre milovn\u00edkov dobrodru\u017estiev\",\"publisher\":{\"@id\":\"https:\\\/\\\/up2sky.aero\\\/#organization\"},\"alternateName\":\"up2sky\",\"potentialAction\":[{\"@type\":\"SearchAction\",\"target\":{\"@type\":\"EntryPoint\",\"urlTemplate\":\"https:\\\/\\\/up2sky.aero\\\/?s={search_term_string}\"},\"query-input\":{\"@type\":\"PropertyValueSpecification\",\"valueRequired\":true,\"valueName\":\"search_term_string\"}}],\"inLanguage\":\"en-GB\"},{\"@type\":\"Organization\",\"@id\":\"https:\\\/\\\/up2sky.aero\\\/#organization\",\"name\":\"up2sky.aero, s.r.o.\",\"url\":\"https:\\\/\\\/up2sky.aero\\\/\",\"logo\":{\"@type\":\"ImageObject\",\"inLanguage\":\"en-GB\",\"@id\":\"https:\\\/\\\/up2sky.aero\\\/#\\\/schema\\\/logo\\\/image\\\/\",\"url\":\"https:\\\/\\\/up2sky.aero\\\/wp-content\\\/uploads\\\/2022\\\/10\\\/up2sky-logo.svg\",\"contentUrl\":\"https:\\\/\\\/up2sky.aero\\\/wp-content\\\/uploads\\\/2022\\\/10\\\/up2sky-logo.svg\",\"width\":180,\"height\":141,\"caption\":\"up2sky.aero, s.r.o.\"},\"image\":{\"@id\":\"https:\\\/\\\/up2sky.aero\\\/#\\\/schema\\\/logo\\\/image\\\/\"},\"sameAs\":[\"https:\\\/\\\/www.facebook.com\\\/up2sky.aero\"]}]}<\/script>\n<!-- \/ Yoast SEO plugin. -->","yoast_head_json":{"title":"60 min. z\u00e1\u017eitkov\u00fd let a\u017e pre 3 osoby lietadlom Diamond DA-40 - up2sky.aero","description":"up2sky.aero vyzn\u00e1va\u010dom z\u00e1\u017eitkov pon\u00faka 60 min. z\u00e1\u017eitkov\u00fd let a\u017e pre 3 osoby lietadlom Diamond DA-40. Prelet\u00edme sa ponad Vysok\u00e9 Tatry, Liptov aj Spi\u0161","robots":{"index":"index","follow":"follow","max-snippet":"max-snippet:-1","max-image-preview":"max-image-preview:large","max-video-preview":"max-video-preview:-1"},"canonical":"https:\/\/up2sky.aero\/en\/product\/60-min-zazitkovy-let-pre-3-osoby-lietadlom-diamond-da-40-2\/","og_locale":"en_GB","og_type":"article","og_title":"60 min. z\u00e1\u017eitkov\u00fd let a\u017e pre 3 osoby lietadlom Diamond DA-40 - up2sky.aero","og_description":"up2sky.aero vyzn\u00e1va\u010dom z\u00e1\u017eitkov pon\u00faka 60 min. z\u00e1\u017eitkov\u00fd let a\u017e pre 3 osoby lietadlom Diamond DA-40. Prelet\u00edme sa ponad Vysok\u00e9 Tatry, Liptov aj Spi\u0161","og_url":"https:\/\/up2sky.aero\/en\/product\/60-min-zazitkovy-let-pre-3-osoby-lietadlom-diamond-da-40-2\/","og_site_name":"up2sky.aero","article_publisher":"https:\/\/www.facebook.com\/up2sky.aero","article_modified_time":"2026-04-13T11:20:00+00:00","og_image":[{"width":1440,"height":1440,"url":"http:\/\/up2sky.aero\/wp-content\/uploads\/2023\/02\/ADD732EC-0776-4112-B8A4-2F714D1E316A.jpeg","type":"image\/jpeg"}],"twitter_card":"summary_large_image","twitter_misc":{"Estimated reading time":"2 minutes"},"schema":{"@context":"https:\/\/schema.org","@graph":[{"@type":"WebPage","@id":"https:\/\/up2sky.aero\/produkt\/60-min-zazitkovy-let-pre-3-osoby-lietadlom-diamond-da-40-2\/","url":"https:\/\/up2sky.aero\/produkt\/60-min-zazitkovy-let-pre-3-osoby-lietadlom-diamond-da-40-2\/","name":"60 min. z\u00e1\u017eitkov\u00fd let a\u017e pre 3 osoby lietadlom Diamond DA-40 - up2sky.aero","isPartOf":{"@id":"https:\/\/up2sky.aero\/#website"},"primaryImageOfPage":{"@id":"https:\/\/up2sky.aero\/produkt\/60-min-zazitkovy-let-pre-3-osoby-lietadlom-diamond-da-40-2\/#primaryimage"},"image":{"@id":"https:\/\/up2sky.aero\/produkt\/60-min-zazitkovy-let-pre-3-osoby-lietadlom-diamond-da-40-2\/#primaryimage"},"thumbnailUrl":"https:\/\/up2sky.aero\/wp-content\/uploads\/2023\/02\/ADD732EC-0776-4112-B8A4-2F714D1E316A.jpeg","datePublished":"2022-12-04T14:12:00+00:00","dateModified":"2026-04-13T11:20:00+00:00","description":"up2sky.aero vyzn\u00e1va\u010dom z\u00e1\u017eitkov pon\u00faka 60 min. z\u00e1\u017eitkov\u00fd let a\u017e pre 3 osoby lietadlom Diamond DA-40. Prelet\u00edme sa ponad Vysok\u00e9 Tatry, Liptov aj Spi\u0161","breadcrumb":{"@id":"https:\/\/up2sky.aero\/produkt\/60-min-zazitkovy-let-pre-3-osoby-lietadlom-diamond-da-40-2\/#breadcrumb"},"inLanguage":"en-GB","potentialAction":[{"@type":"ReadAction","target":["https:\/\/up2sky.aero\/produkt\/60-min-zazitkovy-let-pre-3-osoby-lietadlom-diamond-da-40-2\/"]}]},{"@type":"ImageObject","inLanguage":"en-GB","@id":"https:\/\/up2sky.aero\/produkt\/60-min-zazitkovy-let-pre-3-osoby-lietadlom-diamond-da-40-2\/#primaryimage","url":"https:\/\/up2sky.aero\/wp-content\/uploads\/2023\/02\/ADD732EC-0776-4112-B8A4-2F714D1E316A.jpeg","contentUrl":"https:\/\/up2sky.aero\/wp-content\/uploads\/2023\/02\/ADD732EC-0776-4112-B8A4-2F714D1E316A.jpeg","width":1440,"height":1440,"caption":"Z\u00e1\u017eitkov\u00e9 lety"},{"@type":"BreadcrumbList","@id":"https:\/\/up2sky.aero\/produkt\/60-min-zazitkovy-let-pre-3-osoby-lietadlom-diamond-da-40-2\/#breadcrumb","itemListElement":[{"@type":"ListItem","position":1,"name":"Domovsk\u00e1 str\u00e1nka","item":"https:\/\/up2sky.aero\/"},{"@type":"ListItem","position":2,"name":"Pilot shop","item":"https:\/\/up2sky.aero\/?page_id=126"},{"@type":"ListItem","position":3,"name":"60 min. z\u00e1\u017eitkov\u00fd let a\u017e pre 3 osoby lietadlom Diamond DA-40"}]},{"@type":"WebSite","@id":"https:\/\/up2sky.aero\/#website","url":"https:\/\/up2sky.aero\/","name":"up2sky.aero","description":"Z\u00e1\u017eitkov\u00e9 lety pre milovn\u00edkov dobrodru\u017estiev","publisher":{"@id":"https:\/\/up2sky.aero\/#organization"},"alternateName":"up2sky","potentialAction":[{"@type":"SearchAction","target":{"@type":"EntryPoint","urlTemplate":"https:\/\/up2sky.aero\/?s={search_term_string}"},"query-input":{"@type":"PropertyValueSpecification","valueRequired":true,"valueName":"search_term_string"}}],"inLanguage":"en-GB"},{"@type":"Organization","@id":"https:\/\/up2sky.aero\/#organization","name":"up2sky.aero, s.r.o.","url":"https:\/\/up2sky.aero\/","logo":{"@type":"ImageObject","inLanguage":"en-GB","@id":"https:\/\/up2sky.aero\/#\/schema\/logo\/image\/","url":"https:\/\/up2sky.aero\/wp-content\/uploads\/2022\/10\/up2sky-logo.svg","contentUrl":"https:\/\/up2sky.aero\/wp-content\/uploads\/2022\/10\/up2sky-logo.svg","width":180,"height":141,"caption":"up2sky.aero, s.r.o."},"image":{"@id":"https:\/\/up2sky.aero\/#\/schema\/logo\/image\/"},"sameAs":["https:\/\/www.facebook.com\/up2sky.aero"]}]}},"_links":{"self":[{"href":"https:\/\/up2sky.aero\/en\/wp-json\/wp\/v2\/product\/235","targetHints":{"allow":["GET"]}}],"collection":[{"href":"https:\/\/up2sky.aero\/en\/wp-json\/wp\/v2\/product"}],"about":[{"href":"https:\/\/up2sky.aero\/en\/wp-json\/wp\/v2\/types\/product"}],"wp:featuredmedia":[{"embeddable":true,"href":"https:\/\/up2sky.aero\/en\/wp-json\/wp\/v2\/media\/821"}],"wp:attachment":[{"href":"https:\/\/up2sky.aero\/en\/wp-json\/wp\/v2\/media?parent=235"}],"wp:term":[{"taxonomy":"product_brand","embeddable":true,"href":"https:\/\/up2sky.aero\/en\/wp-json\/wp\/v2\/product_brand?post=235"},{"taxonomy":"product_cat","embeddable":true,"href":"https:\/\/up2sky.aero\/en\/wp-json\/wp\/v2\/product_cat?post=235"},{"taxonomy":"product_tag","embeddable":true,"href":"https:\/\/up2sky.aero\/en\/wp-json\/wp\/v2\/product_tag?post=235"}],"curies":[{"name":"wp","href":"https:\/\/api.w.org\/{rel}","templated":true}]}}