{"id":238,"date":"2022-12-04T15:13:40","date_gmt":"2022-12-04T14:13:40","guid":{"rendered":"https:\/\/up2sky.aero\/?post_type=product&#038;p=238"},"modified":"2026-04-13T13:17:43","modified_gmt":"2026-04-13T11:17:43","slug":"30-min-zazitkovy-let","status":"publish","type":"product","link":"https:\/\/up2sky.aero\/en\/product\/30-min-zazitkovy-let\/","title":{"rendered":"30 min. z\u00e1\u017eitkov\u00fd let a\u017e pre 3 osoby lietadlom Diamond DA-40"},"content":{"rendered":"<p><b>Term\u00edn<\/b><\/p>\n<p>Neobmedzen\u00e1 platnos\u0165<\/p>\n<p><b>V cene voucheru<\/b><\/p>\n<ul>\n<li>Z\u00e1\u017eitkov\u00fd let lietadlom a\u00a0pilotovanie na\u00a0sk\u00fa\u0161ku (4-miestne lietadlo DIAMOND DA-40)<\/li>\n<li>Pre\u00a03\u00a0pasa\u017eierov (s\u00a0mo\u017enos\u0165ou pilotovania pre\u00a0jedn\u00e9ho) a\u00a0pilota (prenaj\u00edma sa\u00a0cel\u00e9 lietadlo)<\/li>\n<li>Kr\u00e1tka in\u0161trukt\u00e1\u017e pred\u00a0letom<\/li>\n<li>Sk\u00fasen\u00fd pilot<\/li>\n<li>Pohonn\u00e9 hmoty v\u00a0cene voucheru<\/li>\n<li><b> Trvanie letu:<\/b>\u00a030 min.<\/li>\n<li><b> Letisko:<\/b>\u00a0Poprad<\/li>\n<li><b> Trasa letu:<\/b>\u00a0Pod\u013ea\u00a0vlastn\u00e9ho v\u00fdberu (s\u00a0oh\u013eadom na\u00a0minut\u00e1\u017e zak\u00fapen\u00e9ho letu) a\u00a0po\u00a0dohode s\u00a0pilotom\n<ul>\n<li><b> Napr\u00edklad:<\/b><\/li>\n<li>Letisko Poprad\u00a0\u2013 Belianske Tatry (Chodn\u00edk korunami stromov)\u00a0\u2013 Pieniny (Tri Koruny)\u00a0\u2013 \u013dubovniansky hrad\u00a0\u2013 Ka\u0161tie\u013e Str\u00e1\u017eky (Royal Village)\u00a0\u2013 Letisko Poprad<\/li>\n<li>Letisko Poprad\u00a0\u2013 Levo\u010da\u00a0\u2013 Spi\u0161sk\u00fd hrad\u00a0\u2013 Ka\u0161tie\u013e Spi\u0161sk\u00fd Hrhov\u00a0\u2013 Slovensk\u00fd raj\u00a0\u2013 prielom Horn\u00e1du\u00a0\u2013 Letisko Poprad<\/li>\n<\/ul>\n<\/li>\n<\/ul>\n<p><b>Pozn\u00e1mka:<\/b>\u00a0Mo\u017enos\u0165 spoji\u0165 viac voucherov a\u00a0pred\u013a\u017ei\u0165 si tak let (a\u017e po\u00a0dohode s\u00a0pilotom).<\/p>\n<p><b>Obmedzenie (iba ak bude nutn\u00e9)<\/b><\/p>\n<ul>\n<li>Voucher je mo\u017en\u00e9 vyu\u017ei\u0165 v\u00a0term\u00edne do\u00a031. 12.\u00a02023 (vr\u00e1tane) pod\u013ea\u00a0dostupn\u00fdch kapac\u00edt a\u00a0po\u00a0dohode s\u00a0poskytovate\u013eom slu\u017eby.<\/li>\n<li>Pilot si vyhradzuje pr\u00e1vo zru\u0161i\u0165 let aj\u00a0na\u00a0rezervovan\u00fd term\u00edn letu z\u00a0d\u00f4vodu zmeny poveternostn\u00fdch podmienok.<\/li>\n<li>V\u00a0pr\u00edpade nepriazniv\u00e9ho po\u010dasia sa\u00a0rezerv\u00e1cia presunie na\u00a0nov\u00fd term\u00edn, ktor\u00fd v\u00e1m bude vyhovova\u0165.<\/li>\n<li>Pre\u00a0zachovanie garancie poskytnutia slu\u017eby odpor\u00fa\u010dame urobi\u0165 rezerv\u00e1ciu najnesk\u00f4r 30\u00a0dn\u00ed pred\u00a0koncom platnosti voucheru.<\/li>\n<li>Let lietadlom m\u00f4\u017eu absolvova\u0165 osoby u\u017e od 5\u00a0rokov v\u00a0sprievode dospelej osoby.<\/li>\n<li>Let lietadlom bez sprievodu dospelej osoby m\u00f4\u017eu absolvova\u0165 osoby od 16\u00a0rokov so\u00a0s\u00fahlasom z\u00e1konn\u00e9ho z\u00e1stupcu (do\u00a018\u00a0rokov je nutn\u00fd p\u00edsomn\u00fd s\u00fahlas z\u00e1konn\u00e9ho z\u00e1stupcu).<\/li>\n<li>Maxim\u00e1lna v\u00fd\u0161ka pasa\u017eiera m\u00f4\u017ee by\u0165 200\u00a0cm a\u00a0maxim\u00e1lna hmotnos\u0165 3\u00a0pasa\u017eierov spolu cca 250\u00a0kg (po\u00a0dohode s\u00a0pilotom).<\/li>\n<li>Osoby so\u00a0srdcov\u00fdmi ochoreniami, s\u00a0probl\u00e9mami s\u00a0vysok\u00fdm alebo n\u00edzkym tlakom, zlou zr\u00e1\u017eanlivos\u0165ou krvi, cukrovkou, epilepsiou, du\u0161evn\u00fdmi poruchami alebo z\u00e1vislos\u0165ami by sa\u00a0mali poradi\u0165 so\u00a0svojim lek\u00e1rom o\u00a0vhodnosti letu.<\/li>\n<li>Poskytovate\u013e slu\u017eby si vyhradzuje pr\u00e1vo odmietnu\u0165 z\u00e1ujemcu v\u00a0pr\u00edpade podozrenia z\u00a0u\u017eitia alkoholick\u00fdch, alebo in\u00fdch omamn\u00fdch l\u00e1tok.<\/li>\n<li>So\u00a0skupinou viacer\u00fdch os\u00f4b je mo\u017enos\u0165 pilotovania len pre\u00a0jedn\u00e9ho\u00a0\u2013 pre\u00a0pasa\u017eiera, ktor\u00fd sed\u00ed vpredu pri pilotovi.<\/li>\n<\/ul>","protected":false},"excerpt":{"rendered":"<p>up2sky.aero pon\u00faka 30 min z\u00e1\u017eitkov\u00fd let a\u017e pre 3 osoby ponad monument\u00e1lne Vysok\u00e9 Tatry pre t\u00fdch, ktor\u00fdch l\u00e1ka lietanie a t\u00fa\u017eia po dobrodru\u017estve.<\/p>","protected":false},"featured_media":47,"template":"","meta":{"_acf_changed":false,"inline_featured_image":false},"product_brand":[],"product_cat":[17],"product_tag":[48,45,46,44],"class_list":{"0":"post-238","1":"product","2":"type-product","3":"status-publish","4":"has-post-thumbnail","6":"product_cat-zazitkove-lety","7":"product_tag-30-minutovy-zazitkovy-let-vyhliadkovy-let","8":"product_tag-vyhliadkovy-let","9":"product_tag-vyhliadkovy-let-ponad-tatry","10":"product_tag-zazitkovy-let","12":"first","13":"instock","14":"sale","15":"virtual","16":"taxable","17":"purchasable","18":"product-type-simple"},"acf":[],"yoast_head":"<!-- This site is optimized with the Yoast SEO plugin v27.4 - https:\/\/yoast.com\/product\/yoast-seo-wordpress\/ -->\n<title>30 min. z\u00e1\u017eitkov\u00fd let a\u017e pre 3 osoby lietadlom Diamond DA-40<\/title>\n<meta name=\"description\" content=\"30 min z\u00e1\u017eitkov\u00fd let a\u017e pre 3 osoby ponad monument\u00e1lne Vysok\u00e9 Tatry pre t\u00fdch, ktor\u00fdch l\u00e1ka lietanie a t\u00fa\u017eia po dobrodru\u017estve.\" \/>\n<meta name=\"robots\" content=\"index, follow, max-snippet:-1, max-image-preview:large, max-video-preview:-1\" \/>\n<link rel=\"canonical\" href=\"https:\/\/up2sky.aero\/en\/product\/30-min-zazitkovy-let\/\" \/>\n<meta property=\"og:locale\" content=\"en_GB\" \/>\n<meta property=\"og:type\" content=\"article\" \/>\n<meta property=\"og:title\" content=\"30 min. z\u00e1\u017eitkov\u00fd let a\u017e pre 3 osoby lietadlom Diamond DA-40\" \/>\n<meta property=\"og:description\" content=\"30 min z\u00e1\u017eitkov\u00fd let a\u017e pre 3 osoby ponad monument\u00e1lne Vysok\u00e9 Tatry pre t\u00fdch, ktor\u00fdch l\u00e1ka lietanie a t\u00fa\u017eia po dobrodru\u017estve.\" \/>\n<meta property=\"og:url\" content=\"https:\/\/up2sky.aero\/en\/product\/30-min-zazitkovy-let\/\" \/>\n<meta property=\"og:site_name\" content=\"up2sky.aero\" \/>\n<meta property=\"article:publisher\" content=\"https:\/\/www.facebook.com\/up2sky.aero\" \/>\n<meta property=\"article:modified_time\" content=\"2026-04-13T11:17:43+00:00\" \/>\n<meta property=\"og:image\" content=\"http:\/\/up2sky.aero\/wp-content\/uploads\/2022\/11\/Rectangle-333.jpg\" \/>\n\t<meta property=\"og:image:width\" content=\"627\" \/>\n\t<meta property=\"og:image:height\" content=\"687\" \/>\n\t<meta property=\"og:image:type\" content=\"image\/jpeg\" \/>\n<meta name=\"twitter:card\" content=\"summary_large_image\" \/>\n<meta name=\"twitter:label1\" content=\"Estimated reading time\" \/>\n\t<meta name=\"twitter:data1\" content=\"2 minutes\" \/>\n<script type=\"application\/ld+json\" class=\"yoast-schema-graph\">{\"@context\":\"https:\\\/\\\/schema.org\",\"@graph\":[{\"@type\":\"WebPage\",\"@id\":\"https:\\\/\\\/up2sky.aero\\\/produkt\\\/30-min-zazitkovy-let\\\/\",\"url\":\"https:\\\/\\\/up2sky.aero\\\/produkt\\\/30-min-zazitkovy-let\\\/\",\"name\":\"30 min. z\u00e1\u017eitkov\u00fd let a\u017e pre 3 osoby lietadlom Diamond DA-40\",\"isPartOf\":{\"@id\":\"https:\\\/\\\/up2sky.aero\\\/#website\"},\"primaryImageOfPage\":{\"@id\":\"https:\\\/\\\/up2sky.aero\\\/produkt\\\/30-min-zazitkovy-let\\\/#primaryimage\"},\"image\":{\"@id\":\"https:\\\/\\\/up2sky.aero\\\/produkt\\\/30-min-zazitkovy-let\\\/#primaryimage\"},\"thumbnailUrl\":\"https:\\\/\\\/up2sky.aero\\\/wp-content\\\/uploads\\\/2022\\\/11\\\/Rectangle-333.jpg\",\"datePublished\":\"2022-12-04T14:13:40+00:00\",\"dateModified\":\"2026-04-13T11:17:43+00:00\",\"description\":\"30 min z\u00e1\u017eitkov\u00fd let a\u017e pre 3 osoby ponad monument\u00e1lne Vysok\u00e9 Tatry pre t\u00fdch, ktor\u00fdch l\u00e1ka lietanie a t\u00fa\u017eia po dobrodru\u017estve.\",\"breadcrumb\":{\"@id\":\"https:\\\/\\\/up2sky.aero\\\/produkt\\\/30-min-zazitkovy-let\\\/#breadcrumb\"},\"inLanguage\":\"en-GB\",\"potentialAction\":[{\"@type\":\"ReadAction\",\"target\":[\"https:\\\/\\\/up2sky.aero\\\/produkt\\\/30-min-zazitkovy-let\\\/\"]}]},{\"@type\":\"ImageObject\",\"inLanguage\":\"en-GB\",\"@id\":\"https:\\\/\\\/up2sky.aero\\\/produkt\\\/30-min-zazitkovy-let\\\/#primaryimage\",\"url\":\"https:\\\/\\\/up2sky.aero\\\/wp-content\\\/uploads\\\/2022\\\/11\\\/Rectangle-333.jpg\",\"contentUrl\":\"https:\\\/\\\/up2sky.aero\\\/wp-content\\\/uploads\\\/2022\\\/11\\\/Rectangle-333.jpg\",\"width\":627,\"height\":687,\"caption\":\"30 min. z\u00e1\u017eitkov\u00fd let z kokpitu Diamond DA-40\"},{\"@type\":\"BreadcrumbList\",\"@id\":\"https:\\\/\\\/up2sky.aero\\\/produkt\\\/30-min-zazitkovy-let\\\/#breadcrumb\",\"itemListElement\":[{\"@type\":\"ListItem\",\"position\":1,\"name\":\"Domovsk\u00e1 str\u00e1nka\",\"item\":\"https:\\\/\\\/up2sky.aero\\\/\"},{\"@type\":\"ListItem\",\"position\":2,\"name\":\"Pilot shop\",\"item\":\"https:\\\/\\\/up2sky.aero\\\/?page_id=126\"},{\"@type\":\"ListItem\",\"position\":3,\"name\":\"30 min. z\u00e1\u017eitkov\u00fd let a\u017e pre 3 osoby lietadlom Diamond DA-40\"}]},{\"@type\":\"WebSite\",\"@id\":\"https:\\\/\\\/up2sky.aero\\\/#website\",\"url\":\"https:\\\/\\\/up2sky.aero\\\/\",\"name\":\"up2sky.aero\",\"description\":\"Z\u00e1\u017eitkov\u00e9 lety pre milovn\u00edkov dobrodru\u017estiev\",\"publisher\":{\"@id\":\"https:\\\/\\\/up2sky.aero\\\/#organization\"},\"alternateName\":\"up2sky\",\"potentialAction\":[{\"@type\":\"SearchAction\",\"target\":{\"@type\":\"EntryPoint\",\"urlTemplate\":\"https:\\\/\\\/up2sky.aero\\\/?s={search_term_string}\"},\"query-input\":{\"@type\":\"PropertyValueSpecification\",\"valueRequired\":true,\"valueName\":\"search_term_string\"}}],\"inLanguage\":\"en-GB\"},{\"@type\":\"Organization\",\"@id\":\"https:\\\/\\\/up2sky.aero\\\/#organization\",\"name\":\"up2sky.aero, s.r.o.\",\"url\":\"https:\\\/\\\/up2sky.aero\\\/\",\"logo\":{\"@type\":\"ImageObject\",\"inLanguage\":\"en-GB\",\"@id\":\"https:\\\/\\\/up2sky.aero\\\/#\\\/schema\\\/logo\\\/image\\\/\",\"url\":\"https:\\\/\\\/up2sky.aero\\\/wp-content\\\/uploads\\\/2022\\\/10\\\/up2sky-logo.svg\",\"contentUrl\":\"https:\\\/\\\/up2sky.aero\\\/wp-content\\\/uploads\\\/2022\\\/10\\\/up2sky-logo.svg\",\"width\":180,\"height\":141,\"caption\":\"up2sky.aero, s.r.o.\"},\"image\":{\"@id\":\"https:\\\/\\\/up2sky.aero\\\/#\\\/schema\\\/logo\\\/image\\\/\"},\"sameAs\":[\"https:\\\/\\\/www.facebook.com\\\/up2sky.aero\"]}]}<\/script>\n<!-- \/ Yoast SEO plugin. -->","yoast_head_json":{"title":"30 min. z\u00e1\u017eitkov\u00fd let a\u017e pre 3 osoby lietadlom Diamond DA-40","description":"30 min z\u00e1\u017eitkov\u00fd let a\u017e pre 3 osoby ponad monument\u00e1lne Vysok\u00e9 Tatry pre t\u00fdch, ktor\u00fdch l\u00e1ka lietanie a t\u00fa\u017eia po dobrodru\u017estve.","robots":{"index":"index","follow":"follow","max-snippet":"max-snippet:-1","max-image-preview":"max-image-preview:large","max-video-preview":"max-video-preview:-1"},"canonical":"https:\/\/up2sky.aero\/en\/product\/30-min-zazitkovy-let\/","og_locale":"en_GB","og_type":"article","og_title":"30 min. z\u00e1\u017eitkov\u00fd let a\u017e pre 3 osoby lietadlom Diamond DA-40","og_description":"30 min z\u00e1\u017eitkov\u00fd let a\u017e pre 3 osoby ponad monument\u00e1lne Vysok\u00e9 Tatry pre t\u00fdch, ktor\u00fdch l\u00e1ka lietanie a t\u00fa\u017eia po dobrodru\u017estve.","og_url":"https:\/\/up2sky.aero\/en\/product\/30-min-zazitkovy-let\/","og_site_name":"up2sky.aero","article_publisher":"https:\/\/www.facebook.com\/up2sky.aero","article_modified_time":"2026-04-13T11:17:43+00:00","og_image":[{"width":627,"height":687,"url":"http:\/\/up2sky.aero\/wp-content\/uploads\/2022\/11\/Rectangle-333.jpg","type":"image\/jpeg"}],"twitter_card":"summary_large_image","twitter_misc":{"Estimated reading time":"2 minutes"},"schema":{"@context":"https:\/\/schema.org","@graph":[{"@type":"WebPage","@id":"https:\/\/up2sky.aero\/produkt\/30-min-zazitkovy-let\/","url":"https:\/\/up2sky.aero\/produkt\/30-min-zazitkovy-let\/","name":"30 min. z\u00e1\u017eitkov\u00fd let a\u017e pre 3 osoby lietadlom Diamond DA-40","isPartOf":{"@id":"https:\/\/up2sky.aero\/#website"},"primaryImageOfPage":{"@id":"https:\/\/up2sky.aero\/produkt\/30-min-zazitkovy-let\/#primaryimage"},"image":{"@id":"https:\/\/up2sky.aero\/produkt\/30-min-zazitkovy-let\/#primaryimage"},"thumbnailUrl":"https:\/\/up2sky.aero\/wp-content\/uploads\/2022\/11\/Rectangle-333.jpg","datePublished":"2022-12-04T14:13:40+00:00","dateModified":"2026-04-13T11:17:43+00:00","description":"30 min z\u00e1\u017eitkov\u00fd let a\u017e pre 3 osoby ponad monument\u00e1lne Vysok\u00e9 Tatry pre t\u00fdch, ktor\u00fdch l\u00e1ka lietanie a t\u00fa\u017eia po dobrodru\u017estve.","breadcrumb":{"@id":"https:\/\/up2sky.aero\/produkt\/30-min-zazitkovy-let\/#breadcrumb"},"inLanguage":"en-GB","potentialAction":[{"@type":"ReadAction","target":["https:\/\/up2sky.aero\/produkt\/30-min-zazitkovy-let\/"]}]},{"@type":"ImageObject","inLanguage":"en-GB","@id":"https:\/\/up2sky.aero\/produkt\/30-min-zazitkovy-let\/#primaryimage","url":"https:\/\/up2sky.aero\/wp-content\/uploads\/2022\/11\/Rectangle-333.jpg","contentUrl":"https:\/\/up2sky.aero\/wp-content\/uploads\/2022\/11\/Rectangle-333.jpg","width":627,"height":687,"caption":"30 min. z\u00e1\u017eitkov\u00fd let z kokpitu Diamond DA-40"},{"@type":"BreadcrumbList","@id":"https:\/\/up2sky.aero\/produkt\/30-min-zazitkovy-let\/#breadcrumb","itemListElement":[{"@type":"ListItem","position":1,"name":"Domovsk\u00e1 str\u00e1nka","item":"https:\/\/up2sky.aero\/"},{"@type":"ListItem","position":2,"name":"Pilot shop","item":"https:\/\/up2sky.aero\/?page_id=126"},{"@type":"ListItem","position":3,"name":"30 min. z\u00e1\u017eitkov\u00fd let a\u017e pre 3 osoby lietadlom Diamond DA-40"}]},{"@type":"WebSite","@id":"https:\/\/up2sky.aero\/#website","url":"https:\/\/up2sky.aero\/","name":"up2sky.aero","description":"Z\u00e1\u017eitkov\u00e9 lety pre milovn\u00edkov dobrodru\u017estiev","publisher":{"@id":"https:\/\/up2sky.aero\/#organization"},"alternateName":"up2sky","potentialAction":[{"@type":"SearchAction","target":{"@type":"EntryPoint","urlTemplate":"https:\/\/up2sky.aero\/?s={search_term_string}"},"query-input":{"@type":"PropertyValueSpecification","valueRequired":true,"valueName":"search_term_string"}}],"inLanguage":"en-GB"},{"@type":"Organization","@id":"https:\/\/up2sky.aero\/#organization","name":"up2sky.aero, s.r.o.","url":"https:\/\/up2sky.aero\/","logo":{"@type":"ImageObject","inLanguage":"en-GB","@id":"https:\/\/up2sky.aero\/#\/schema\/logo\/image\/","url":"https:\/\/up2sky.aero\/wp-content\/uploads\/2022\/10\/up2sky-logo.svg","contentUrl":"https:\/\/up2sky.aero\/wp-content\/uploads\/2022\/10\/up2sky-logo.svg","width":180,"height":141,"caption":"up2sky.aero, s.r.o."},"image":{"@id":"https:\/\/up2sky.aero\/#\/schema\/logo\/image\/"},"sameAs":["https:\/\/www.facebook.com\/up2sky.aero"]}]}},"_links":{"self":[{"href":"https:\/\/up2sky.aero\/en\/wp-json\/wp\/v2\/product\/238","targetHints":{"allow":["GET"]}}],"collection":[{"href":"https:\/\/up2sky.aero\/en\/wp-json\/wp\/v2\/product"}],"about":[{"href":"https:\/\/up2sky.aero\/en\/wp-json\/wp\/v2\/types\/product"}],"wp:featuredmedia":[{"embeddable":true,"href":"https:\/\/up2sky.aero\/en\/wp-json\/wp\/v2\/media\/47"}],"wp:attachment":[{"href":"https:\/\/up2sky.aero\/en\/wp-json\/wp\/v2\/media?parent=238"}],"wp:term":[{"taxonomy":"product_brand","embeddable":true,"href":"https:\/\/up2sky.aero\/en\/wp-json\/wp\/v2\/product_brand?post=238"},{"taxonomy":"product_cat","embeddable":true,"href":"https:\/\/up2sky.aero\/en\/wp-json\/wp\/v2\/product_cat?post=238"},{"taxonomy":"product_tag","embeddable":true,"href":"https:\/\/up2sky.aero\/en\/wp-json\/wp\/v2\/product_tag?post=238"}],"curies":[{"name":"wp","href":"https:\/\/api.w.org\/{rel}","templated":true}]}}