{"id":2555,"date":"2026-03-19T11:43:12","date_gmt":"2026-03-19T10:43:12","guid":{"rendered":"https:\/\/up2sky.aero\/?post_type=product&#038;p=2555"},"modified":"2026-03-30T12:29:31","modified_gmt":"2026-03-30T10:29:31","slug":"sluchadla-bose-a30","status":"publish","type":"product","link":"https:\/\/up2sky.aero\/en\/product\/sluchadla-bose-a30\/","title":{"rendered":"Sl\u00fachadl\u00e1 BOSE A30"},"content":{"rendered":"<p data-start=\"554\" data-end=\"793\">Leteck\u00e1 n\u00e1hlavn\u00e1 s\u00faprava Bose A30 predstavuje \u0161pi\u010dku v oblasti pilotn\u00fdch headsetov.<\/p>\n<p data-start=\"554\" data-end=\"793\">Ide o prv\u00fa n\u00e1hlavn\u00fa s\u00fapravu Bose s tromi volite\u013en\u00fdmi re\u017eimami akt\u00edvneho potla\u010denia hluku (ANC),<\/p>\n<p data-start=\"554\" data-end=\"793\">ktor\u00e1 pon\u00faka maxim\u00e1lnu \u010distotu zvuku, komfort a odolnos\u0165.<\/p>\n<p data-start=\"795\" data-end=\"818\"><strong data-start=\"795\" data-end=\"818\">K\u013e\u00fa\u010dov\u00e9 vlastnosti:<\/strong><\/p>\n<ul data-start=\"820\" data-end=\"1664\">\n<li data-start=\"820\" data-end=\"951\">Digit\u00e1lna akt\u00edvna redukcia \u0161umu (ANC) \u2013 plne digit\u00e1lna slu\u010dka pre presn\u00e9 potla\u010denie hluku<\/li>\n<li data-start=\"952\" data-end=\"1039\">Akt\u00edvna ekvaliz\u00e1cia \u2013 optimalizovan\u00fd zvuk pre interkom aj hudbu, prirodzen\u00fd a \u010dist\u00fd<\/li>\n<li data-start=\"1040\" data-end=\"1117\">Univerz\u00e1lne mikrof\u00f3ny \u2013 umiestnenie mikrof\u00f3nu na \u013eavom aj pravom n\u00e1u\u0161n\u00edku<\/li>\n<li data-start=\"1118\" data-end=\"1186\">Ovl\u00e1dac\u00ed modul \u2013 jednoduch\u00e9 nastavenie v\u0161etk\u00fdch funkci\u00ed headsetu<\/li>\n<li data-start=\"1187\" data-end=\"1240\">Odoln\u00fd dizajn \u2013 testovan\u00fd v n\u00e1ro\u010dn\u00fdch podmienkach<\/li>\n<li data-start=\"1241\" data-end=\"1334\">Obmedzen\u00e1 p\u00e4\u0165ro\u010dn\u00e1 z\u00e1ruka \u2013 n\u00e1hradn\u00e9 diely, pr\u00e1ca a doprava do druh\u00e9ho d\u0148a po celom svete<\/li>\n<li data-start=\"1335\" data-end=\"1420\">Prep\u00edna\u010d prior\u00edt Bluetooth \u2013 mixovanie zvuku Bluetooth s interkomom pod\u013ea potreby<\/li>\n<li data-start=\"1421\" data-end=\"1518\">Certifik\u00e1cia FAA TSO \/ EASA-C139a \u2013 bezpe\u010dn\u00e9 a spo\u013eahliv\u00e9 pou\u017e\u00edvanie pri leteck\u00fdch oper\u00e1ci\u00e1ch<\/li>\n<li data-start=\"1519\" data-end=\"1592\">V\u00fddr\u017e bat\u00e9rie \u2013 25 hod\u00edn s Bluetooth, viac ako 45 hod\u00edn bez Bluetooth<\/li>\n<li data-start=\"1593\" data-end=\"1664\">\u013dahk\u00e9 a pohodln\u00e9 \u2013 ni\u017e\u0161ia up\u00ednacia sila, pohodlie pri dlh\u00fdch letoch<\/li>\n<\/ul>\n<h3 data-start=\"1671\" data-end=\"1703\"><span role=\"text\"><strong data-start=\"1675\" data-end=\"1701\">Technick\u00e9 \u0161pecifik\u00e1cie<\/strong><\/span><\/h3>\n<ul data-start=\"1704\" data-end=\"2000\">\n<li data-start=\"1704\" data-end=\"1755\">Typ: Leteck\u00e1 n\u00e1hlavn\u00e1 s\u00faprava \/ pilotn\u00fd headset<\/li>\n<li data-start=\"1756\" data-end=\"1772\">Zna\u010dka: Bose<\/li>\n<li data-start=\"1773\" data-end=\"1787\">Model: A30<\/li>\n<li data-start=\"1788\" data-end=\"1828\">Hmotnos\u0165: v\u00fdrazne \u013eah\u0161ia kon\u0161trukcia<\/li>\n<li data-start=\"1829\" data-end=\"1858\">ANC: tri volite\u013en\u00e9 re\u017eimy<\/li>\n<li data-start=\"1859\" data-end=\"1919\">Bat\u00e9ria: a\u017e 45 hod\u00edn bez Bluetooth, 25 hod\u00edn s Bluetooth<\/li>\n<li data-start=\"1920\" data-end=\"1958\">Certifik\u00e1cia: FAA TSO \/ EASA-C139a<\/li>\n<li data-start=\"1959\" data-end=\"2000\">Ovl\u00e1danie: modul pre ANC a nastavenia<\/li>\n<\/ul>\n<h3 data-start=\"2140\" data-end=\"2162\"><span role=\"text\"><strong data-start=\"2144\" data-end=\"2160\">Dodacia doba<\/strong><\/span><\/h3>\n<p data-start=\"2163\" data-end=\"2176\">\u00a0 \u00a0 \u00a0 \u00a0cca 7-10 dn\u00ed<\/p>","protected":false},"excerpt":{"rendered":"<p>Sl\u00fachadl\u00e1 BOSE A30<\/p>","protected":false},"featured_media":2556,"template":"","meta":{"_acf_changed":false,"inline_featured_image":false},"product_brand":[],"product_cat":[25,22],"product_tag":[],"class_list":{"0":"post-2555","1":"product","2":"type-product","3":"status-publish","4":"has-post-thumbnail","6":"product_cat-doplnky-pre-pilotov","7":"product_cat-pilot-shop","8":"product_shipping_class-packeta","10":"first","11":"onbackorder","12":"taxable","13":"shipping-taxable","14":"purchasable","15":"product-type-simple"},"acf":[],"yoast_head":"<!-- This site is optimized with the Yoast SEO plugin v27.4 - https:\/\/yoast.com\/product\/yoast-seo-wordpress\/ -->\n<title>Sl\u00fachadl\u00e1 BOSE A30 - up2sky.aero<\/title>\n<meta name=\"description\" content=\"Leteck\u00e1 s\u00faprava Bose A30 je najpohodlnej\u0161ia a najvybavenej\u0161ia s\u00faprava, ak\u00fa kedy spolo\u010dnos\u0165 Bose vytvorila. Ide o prv\u00fa n\u00e1hlavn\u00fa s\u00fapravu,ktor\u00e1 poskytuje tri re\u017eimy akt\u00edvneho potla\u010denia hluku.\" \/>\n<meta name=\"robots\" content=\"index, follow, max-snippet:-1, max-image-preview:large, max-video-preview:-1\" \/>\n<link rel=\"canonical\" href=\"https:\/\/up2sky.aero\/en\/product\/sluchadla-bose-a30\/\" \/>\n<meta property=\"og:locale\" content=\"en_GB\" \/>\n<meta property=\"og:type\" content=\"article\" \/>\n<meta property=\"og:title\" content=\"Sl\u00fachadl\u00e1 BOSE A30 - up2sky.aero\" \/>\n<meta property=\"og:description\" content=\"Leteck\u00e1 s\u00faprava Bose A30 je najpohodlnej\u0161ia a najvybavenej\u0161ia s\u00faprava, ak\u00fa kedy spolo\u010dnos\u0165 Bose vytvorila. Ide o prv\u00fa n\u00e1hlavn\u00fa s\u00fapravu,ktor\u00e1 poskytuje tri re\u017eimy akt\u00edvneho potla\u010denia hluku.\" \/>\n<meta property=\"og:url\" content=\"https:\/\/up2sky.aero\/en\/product\/sluchadla-bose-a30\/\" \/>\n<meta property=\"og:site_name\" content=\"up2sky.aero\" \/>\n<meta property=\"article:publisher\" content=\"https:\/\/www.facebook.com\/up2sky.aero\" \/>\n<meta property=\"article:modified_time\" content=\"2026-03-30T10:29:31+00:00\" \/>\n<meta property=\"og:image\" content=\"http:\/\/up2sky.aero\/wp-content\/uploads\/2026\/03\/9184f316ceef6167eaa26298f198822d-prod-a30-1.png\" \/>\n\t<meta property=\"og:image:width\" content=\"800\" \/>\n\t<meta property=\"og:image:height\" content=\"600\" \/>\n\t<meta property=\"og:image:type\" content=\"image\/png\" \/>\n<meta name=\"twitter:card\" content=\"summary_large_image\" \/>\n<meta name=\"twitter:label1\" content=\"Estimated reading time\" \/>\n\t<meta name=\"twitter:data1\" content=\"2 minutes\" \/>\n<script type=\"application\/ld+json\" class=\"yoast-schema-graph\">{\"@context\":\"https:\\\/\\\/schema.org\",\"@graph\":[{\"@type\":\"WebPage\",\"@id\":\"https:\\\/\\\/up2sky.aero\\\/produkt\\\/sluchadla-bose-a30\\\/\",\"url\":\"https:\\\/\\\/up2sky.aero\\\/produkt\\\/sluchadla-bose-a30\\\/\",\"name\":\"Sl\u00fachadl\u00e1 BOSE A30 - up2sky.aero\",\"isPartOf\":{\"@id\":\"https:\\\/\\\/up2sky.aero\\\/#website\"},\"primaryImageOfPage\":{\"@id\":\"https:\\\/\\\/up2sky.aero\\\/produkt\\\/sluchadla-bose-a30\\\/#primaryimage\"},\"image\":{\"@id\":\"https:\\\/\\\/up2sky.aero\\\/produkt\\\/sluchadla-bose-a30\\\/#primaryimage\"},\"thumbnailUrl\":\"https:\\\/\\\/up2sky.aero\\\/wp-content\\\/uploads\\\/2026\\\/03\\\/9184f316ceef6167eaa26298f198822d-prod-a30-1.png\",\"datePublished\":\"2026-03-19T10:43:12+00:00\",\"dateModified\":\"2026-03-30T10:29:31+00:00\",\"description\":\"Leteck\u00e1 s\u00faprava Bose A30 je najpohodlnej\u0161ia a najvybavenej\u0161ia s\u00faprava, ak\u00fa kedy spolo\u010dnos\u0165 Bose vytvorila. Ide o prv\u00fa n\u00e1hlavn\u00fa s\u00fapravu,ktor\u00e1 poskytuje tri re\u017eimy akt\u00edvneho potla\u010denia hluku.\",\"breadcrumb\":{\"@id\":\"https:\\\/\\\/up2sky.aero\\\/produkt\\\/sluchadla-bose-a30\\\/#breadcrumb\"},\"inLanguage\":\"en-GB\",\"potentialAction\":[{\"@type\":\"ReadAction\",\"target\":[\"https:\\\/\\\/up2sky.aero\\\/produkt\\\/sluchadla-bose-a30\\\/\"]}]},{\"@type\":\"ImageObject\",\"inLanguage\":\"en-GB\",\"@id\":\"https:\\\/\\\/up2sky.aero\\\/produkt\\\/sluchadla-bose-a30\\\/#primaryimage\",\"url\":\"https:\\\/\\\/up2sky.aero\\\/wp-content\\\/uploads\\\/2026\\\/03\\\/9184f316ceef6167eaa26298f198822d-prod-a30-1.png\",\"contentUrl\":\"https:\\\/\\\/up2sky.aero\\\/wp-content\\\/uploads\\\/2026\\\/03\\\/9184f316ceef6167eaa26298f198822d-prod-a30-1.png\",\"width\":800,\"height\":600},{\"@type\":\"BreadcrumbList\",\"@id\":\"https:\\\/\\\/up2sky.aero\\\/produkt\\\/sluchadla-bose-a30\\\/#breadcrumb\",\"itemListElement\":[{\"@type\":\"ListItem\",\"position\":1,\"name\":\"Domovsk\u00e1 str\u00e1nka\",\"item\":\"https:\\\/\\\/up2sky.aero\\\/\"},{\"@type\":\"ListItem\",\"position\":2,\"name\":\"Pilot shop\",\"item\":\"https:\\\/\\\/up2sky.aero\\\/?page_id=126\"},{\"@type\":\"ListItem\",\"position\":3,\"name\":\"Sl\u00fachadl\u00e1 BOSE A30\"}]},{\"@type\":\"WebSite\",\"@id\":\"https:\\\/\\\/up2sky.aero\\\/#website\",\"url\":\"https:\\\/\\\/up2sky.aero\\\/\",\"name\":\"up2sky.aero\",\"description\":\"Z\u00e1\u017eitkov\u00e9 lety pre milovn\u00edkov dobrodru\u017estiev\",\"publisher\":{\"@id\":\"https:\\\/\\\/up2sky.aero\\\/#organization\"},\"alternateName\":\"up2sky\",\"potentialAction\":[{\"@type\":\"SearchAction\",\"target\":{\"@type\":\"EntryPoint\",\"urlTemplate\":\"https:\\\/\\\/up2sky.aero\\\/?s={search_term_string}\"},\"query-input\":{\"@type\":\"PropertyValueSpecification\",\"valueRequired\":true,\"valueName\":\"search_term_string\"}}],\"inLanguage\":\"en-GB\"},{\"@type\":\"Organization\",\"@id\":\"https:\\\/\\\/up2sky.aero\\\/#organization\",\"name\":\"up2sky.aero, s.r.o.\",\"url\":\"https:\\\/\\\/up2sky.aero\\\/\",\"logo\":{\"@type\":\"ImageObject\",\"inLanguage\":\"en-GB\",\"@id\":\"https:\\\/\\\/up2sky.aero\\\/#\\\/schema\\\/logo\\\/image\\\/\",\"url\":\"https:\\\/\\\/up2sky.aero\\\/wp-content\\\/uploads\\\/2022\\\/10\\\/up2sky-logo.svg\",\"contentUrl\":\"https:\\\/\\\/up2sky.aero\\\/wp-content\\\/uploads\\\/2022\\\/10\\\/up2sky-logo.svg\",\"width\":180,\"height\":141,\"caption\":\"up2sky.aero, s.r.o.\"},\"image\":{\"@id\":\"https:\\\/\\\/up2sky.aero\\\/#\\\/schema\\\/logo\\\/image\\\/\"},\"sameAs\":[\"https:\\\/\\\/www.facebook.com\\\/up2sky.aero\"]}]}<\/script>\n<!-- \/ Yoast SEO plugin. -->","yoast_head_json":{"title":"Sl\u00fachadl\u00e1 BOSE A30 - up2sky.aero","description":"Leteck\u00e1 s\u00faprava Bose A30 je najpohodlnej\u0161ia a najvybavenej\u0161ia s\u00faprava, ak\u00fa kedy spolo\u010dnos\u0165 Bose vytvorila. Ide o prv\u00fa n\u00e1hlavn\u00fa s\u00fapravu,ktor\u00e1 poskytuje tri re\u017eimy akt\u00edvneho potla\u010denia hluku.","robots":{"index":"index","follow":"follow","max-snippet":"max-snippet:-1","max-image-preview":"max-image-preview:large","max-video-preview":"max-video-preview:-1"},"canonical":"https:\/\/up2sky.aero\/en\/product\/sluchadla-bose-a30\/","og_locale":"en_GB","og_type":"article","og_title":"Sl\u00fachadl\u00e1 BOSE A30 - up2sky.aero","og_description":"Leteck\u00e1 s\u00faprava Bose A30 je najpohodlnej\u0161ia a najvybavenej\u0161ia s\u00faprava, ak\u00fa kedy spolo\u010dnos\u0165 Bose vytvorila. Ide o prv\u00fa n\u00e1hlavn\u00fa s\u00fapravu,ktor\u00e1 poskytuje tri re\u017eimy akt\u00edvneho potla\u010denia hluku.","og_url":"https:\/\/up2sky.aero\/en\/product\/sluchadla-bose-a30\/","og_site_name":"up2sky.aero","article_publisher":"https:\/\/www.facebook.com\/up2sky.aero","article_modified_time":"2026-03-30T10:29:31+00:00","og_image":[{"width":800,"height":600,"url":"http:\/\/up2sky.aero\/wp-content\/uploads\/2026\/03\/9184f316ceef6167eaa26298f198822d-prod-a30-1.png","type":"image\/png"}],"twitter_card":"summary_large_image","twitter_misc":{"Estimated reading time":"2 minutes"},"schema":{"@context":"https:\/\/schema.org","@graph":[{"@type":"WebPage","@id":"https:\/\/up2sky.aero\/produkt\/sluchadla-bose-a30\/","url":"https:\/\/up2sky.aero\/produkt\/sluchadla-bose-a30\/","name":"Sl\u00fachadl\u00e1 BOSE A30 - up2sky.aero","isPartOf":{"@id":"https:\/\/up2sky.aero\/#website"},"primaryImageOfPage":{"@id":"https:\/\/up2sky.aero\/produkt\/sluchadla-bose-a30\/#primaryimage"},"image":{"@id":"https:\/\/up2sky.aero\/produkt\/sluchadla-bose-a30\/#primaryimage"},"thumbnailUrl":"https:\/\/up2sky.aero\/wp-content\/uploads\/2026\/03\/9184f316ceef6167eaa26298f198822d-prod-a30-1.png","datePublished":"2026-03-19T10:43:12+00:00","dateModified":"2026-03-30T10:29:31+00:00","description":"Leteck\u00e1 s\u00faprava Bose A30 je najpohodlnej\u0161ia a najvybavenej\u0161ia s\u00faprava, ak\u00fa kedy spolo\u010dnos\u0165 Bose vytvorila. Ide o prv\u00fa n\u00e1hlavn\u00fa s\u00fapravu,ktor\u00e1 poskytuje tri re\u017eimy akt\u00edvneho potla\u010denia hluku.","breadcrumb":{"@id":"https:\/\/up2sky.aero\/produkt\/sluchadla-bose-a30\/#breadcrumb"},"inLanguage":"en-GB","potentialAction":[{"@type":"ReadAction","target":["https:\/\/up2sky.aero\/produkt\/sluchadla-bose-a30\/"]}]},{"@type":"ImageObject","inLanguage":"en-GB","@id":"https:\/\/up2sky.aero\/produkt\/sluchadla-bose-a30\/#primaryimage","url":"https:\/\/up2sky.aero\/wp-content\/uploads\/2026\/03\/9184f316ceef6167eaa26298f198822d-prod-a30-1.png","contentUrl":"https:\/\/up2sky.aero\/wp-content\/uploads\/2026\/03\/9184f316ceef6167eaa26298f198822d-prod-a30-1.png","width":800,"height":600},{"@type":"BreadcrumbList","@id":"https:\/\/up2sky.aero\/produkt\/sluchadla-bose-a30\/#breadcrumb","itemListElement":[{"@type":"ListItem","position":1,"name":"Domovsk\u00e1 str\u00e1nka","item":"https:\/\/up2sky.aero\/"},{"@type":"ListItem","position":2,"name":"Pilot shop","item":"https:\/\/up2sky.aero\/?page_id=126"},{"@type":"ListItem","position":3,"name":"Sl\u00fachadl\u00e1 BOSE A30"}]},{"@type":"WebSite","@id":"https:\/\/up2sky.aero\/#website","url":"https:\/\/up2sky.aero\/","name":"up2sky.aero","description":"Z\u00e1\u017eitkov\u00e9 lety pre milovn\u00edkov dobrodru\u017estiev","publisher":{"@id":"https:\/\/up2sky.aero\/#organization"},"alternateName":"up2sky","potentialAction":[{"@type":"SearchAction","target":{"@type":"EntryPoint","urlTemplate":"https:\/\/up2sky.aero\/?s={search_term_string}"},"query-input":{"@type":"PropertyValueSpecification","valueRequired":true,"valueName":"search_term_string"}}],"inLanguage":"en-GB"},{"@type":"Organization","@id":"https:\/\/up2sky.aero\/#organization","name":"up2sky.aero, s.r.o.","url":"https:\/\/up2sky.aero\/","logo":{"@type":"ImageObject","inLanguage":"en-GB","@id":"https:\/\/up2sky.aero\/#\/schema\/logo\/image\/","url":"https:\/\/up2sky.aero\/wp-content\/uploads\/2022\/10\/up2sky-logo.svg","contentUrl":"https:\/\/up2sky.aero\/wp-content\/uploads\/2022\/10\/up2sky-logo.svg","width":180,"height":141,"caption":"up2sky.aero, s.r.o."},"image":{"@id":"https:\/\/up2sky.aero\/#\/schema\/logo\/image\/"},"sameAs":["https:\/\/www.facebook.com\/up2sky.aero"]}]}},"_links":{"self":[{"href":"https:\/\/up2sky.aero\/en\/wp-json\/wp\/v2\/product\/2555","targetHints":{"allow":["GET"]}}],"collection":[{"href":"https:\/\/up2sky.aero\/en\/wp-json\/wp\/v2\/product"}],"about":[{"href":"https:\/\/up2sky.aero\/en\/wp-json\/wp\/v2\/types\/product"}],"wp:featuredmedia":[{"embeddable":true,"href":"https:\/\/up2sky.aero\/en\/wp-json\/wp\/v2\/media\/2556"}],"wp:attachment":[{"href":"https:\/\/up2sky.aero\/en\/wp-json\/wp\/v2\/media?parent=2555"}],"wp:term":[{"taxonomy":"product_brand","embeddable":true,"href":"https:\/\/up2sky.aero\/en\/wp-json\/wp\/v2\/product_brand?post=2555"},{"taxonomy":"product_cat","embeddable":true,"href":"https:\/\/up2sky.aero\/en\/wp-json\/wp\/v2\/product_cat?post=2555"},{"taxonomy":"product_tag","embeddable":true,"href":"https:\/\/up2sky.aero\/en\/wp-json\/wp\/v2\/product_tag?post=2555"}],"curies":[{"name":"wp","href":"https:\/\/api.w.org\/{rel}","templated":true}]}}