{"id":294,"date":"2022-12-13T16:23:46","date_gmt":"2022-12-13T15:23:46","guid":{"rendered":"https:\/\/up2sky.aero\/?post_type=product&#038;p=294"},"modified":"2026-03-18T12:10:16","modified_gmt":"2026-03-18T11:10:16","slug":"pilotny-kufor-airliner","status":"publish","type":"product","link":"https:\/\/up2sky.aero\/en\/product\/pilotny-kufor-airliner\/","title":{"rendered":"AIRLINER pilot's suitcase"},"content":{"rendered":"<p style=\"text-align: left;\">Tento origin\u00e1lny a elegantne navrhnut\u00fd pilotn\u00fd kufor AIRLINER je vyroben\u00fd zo siln\u00e9ho a ekologick\u00e9ho recyklovan\u00e9ho nylonov\u00e9ho vl\u00e1kna. V\u00fdsledkom je \u013eahk\u00e1 flexibilita spojen\u00e1 s vysokou nosnos\u0165ou. Bol preroben\u00fd v spolupr\u00e1ci s profesion\u00e1lmi a jeho nov\u00fd koncept bol zodpovedaj\u00facim sp\u00f4sobom vylep\u0161en\u00fd. V\u010faka rukov\u00e4ti (uzamykate\u013en\u00e9 v r\u00f4znych poloh\u00e1ch) a \u0161tyrom kvalitn\u00fdm kolieskam ho bez n\u00e1mahy prenesiete aj na ve\u013ek\u00e9 vzdialenosti.<\/p>\n<p style=\"text-align: left;\">Predn\u00e9 puzdro je perfektn\u00fd organiz\u00e9r, v\u0161etky mal\u00e9 predmety (per\u00e1, mobil, okuliare, n\u00e1hradn\u00e9 bat\u00e9rie, nab\u00edjacie k\u00e1ble, ID karty at\u010f.) sa daj\u00fa \u013eahko ulo\u017ei\u0165 a vybra\u0165. D\u00e1 sa uzamkn\u00fa\u0165 pripevnen\u00edm dodato\u010dn\u00e9ho visiaceho z\u00e1mku cez o\u010dko s\u0165ahov\u00e1ka zipsu. K dispoz\u00edcii s\u00fa dve vonkaj\u0161ie bo\u010dn\u00e9 vreck\u00e1, ktor\u00e9 mo\u017eno pou\u017ei\u0165 na ulo\u017eenie, tie\u017e dr\u017eiaky na per\u00e1 a odn\u00edmate\u013en\u00fd dr\u017eiak na k\u013e\u00fa\u010de. Nad \u013eav\u00fdm vreckom je \u0161t\u00edtok s menom, aby bolo mo\u017en\u00e9 puzdro pilota identifikova\u0165 a v pr\u00edpade straty ho vr\u00e1ti\u0165 majite\u013eovi. Na zadnej strane n\u00e1jdete upev\u0148ovacie p\u00fatko na pren\u00e1\u0161anie Airlinera na inom voz\u00edku.<\/p>\n<p style=\"text-align: left;\">Hlavn\u00e9 puzdro je mo\u017en\u00e9 zaisti\u0165 dvoma kombina\u010dn\u00fdmi z\u00e1mkami. Na spodnej strane hlavn\u00e9ho veka s\u00fa elastick\u00e9 popruhy na ulo\u017eenie predmetov, ako s\u00fa k\u00e1ble, per\u00e1, bat\u00e9rie, baterky at\u010f. Vo ve\u013ekej hlavnej priehradke sa nach\u00e1dza ta\u0161ka na notebook na such\u00fd zips, ktor\u00fa mo\u017eno vybra\u0165 a pripevni\u0165 na voz\u00edk Airliner, tak\u017ee vo vn\u00fatri m\u00e1te viac \u00falo\u017en\u00e9ho priestoru.<\/p>\n<p>Rozmer: 46x41x21 cm<\/p>","protected":false},"excerpt":{"rendered":"<p>Pilotn\u00fd kufor Airliner<\/p>","protected":false},"featured_media":297,"template":"","meta":{"_acf_changed":false,"inline_featured_image":false},"product_brand":[],"product_cat":[22,23],"product_tag":[29],"class_list":{"0":"post-294","1":"product","2":"type-product","3":"status-publish","4":"has-post-thumbnail","6":"product_cat-pilot-shop","7":"product_cat-pilotne-tasky-kufre","8":"product_tag-design-4-pilots","10":"first","11":"instock","12":"taxable","13":"shipping-taxable","14":"purchasable","15":"product-type-variable"},"acf":[],"yoast_head":"<!-- This site is optimized with the Yoast SEO plugin v27.4 - https:\/\/yoast.com\/product\/yoast-seo-wordpress\/ -->\n<title>Pilotn\u00fd kufor AIRLINER - up2sky.aero<\/title>\n<meta name=\"description\" content=\"Tento origin\u00e1lny a elegantne navrhnut\u00fd pilotn\u00fd kufor AIRLINER je vyroben\u00fd zo siln\u00e9ho a ekologick\u00e9ho recyklovan\u00e9ho nylonov\u00e9ho vl\u00e1kna\" \/>\n<meta name=\"robots\" content=\"index, follow, max-snippet:-1, max-image-preview:large, max-video-preview:-1\" \/>\n<link rel=\"canonical\" href=\"https:\/\/up2sky.aero\/en\/product\/pilotny-kufor-airliner\/\" \/>\n<meta property=\"og:locale\" content=\"en_GB\" \/>\n<meta property=\"og:type\" content=\"article\" \/>\n<meta property=\"og:title\" content=\"Pilotn\u00fd kufor AIRLINER - up2sky.aero\" \/>\n<meta property=\"og:description\" content=\"Tento origin\u00e1lny a elegantne navrhnut\u00fd pilotn\u00fd kufor AIRLINER je vyroben\u00fd zo siln\u00e9ho a ekologick\u00e9ho recyklovan\u00e9ho nylonov\u00e9ho vl\u00e1kna\" \/>\n<meta property=\"og:url\" content=\"https:\/\/up2sky.aero\/en\/product\/pilotny-kufor-airliner\/\" \/>\n<meta property=\"og:site_name\" content=\"up2sky.aero\" \/>\n<meta property=\"article:publisher\" content=\"https:\/\/www.facebook.com\/up2sky.aero\" \/>\n<meta property=\"article:modified_time\" content=\"2026-03-18T11:10:16+00:00\" \/>\n<meta property=\"og:image\" content=\"http:\/\/up2sky.aero\/wp-content\/uploads\/2022\/12\/97D883F5-5CAF-418F-9C06-2EDE9463815A.webp\" \/>\n\t<meta property=\"og:image:width\" content=\"685\" \/>\n\t<meta property=\"og:image:height\" content=\"800\" \/>\n\t<meta property=\"og:image:type\" content=\"image\/webp\" \/>\n<meta name=\"twitter:card\" content=\"summary_large_image\" \/>\n<meta name=\"twitter:label1\" content=\"Estimated reading time\" \/>\n\t<meta name=\"twitter:data1\" content=\"2 minutes\" \/>\n<script type=\"application\/ld+json\" class=\"yoast-schema-graph\">{\"@context\":\"https:\\\/\\\/schema.org\",\"@graph\":[{\"@type\":\"WebPage\",\"@id\":\"https:\\\/\\\/up2sky.aero\\\/produkt\\\/pilotny-kufor-airliner\\\/\",\"url\":\"https:\\\/\\\/up2sky.aero\\\/produkt\\\/pilotny-kufor-airliner\\\/\",\"name\":\"Pilotn\u00fd kufor AIRLINER - up2sky.aero\",\"isPartOf\":{\"@id\":\"https:\\\/\\\/up2sky.aero\\\/#website\"},\"primaryImageOfPage\":{\"@id\":\"https:\\\/\\\/up2sky.aero\\\/produkt\\\/pilotny-kufor-airliner\\\/#primaryimage\"},\"image\":{\"@id\":\"https:\\\/\\\/up2sky.aero\\\/produkt\\\/pilotny-kufor-airliner\\\/#primaryimage\"},\"thumbnailUrl\":\"https:\\\/\\\/up2sky.aero\\\/wp-content\\\/uploads\\\/2022\\\/12\\\/97D883F5-5CAF-418F-9C06-2EDE9463815A.webp\",\"datePublished\":\"2022-12-13T15:23:46+00:00\",\"dateModified\":\"2026-03-18T11:10:16+00:00\",\"description\":\"Tento origin\u00e1lny a elegantne navrhnut\u00fd pilotn\u00fd kufor AIRLINER je vyroben\u00fd zo siln\u00e9ho a ekologick\u00e9ho recyklovan\u00e9ho nylonov\u00e9ho vl\u00e1kna\",\"breadcrumb\":{\"@id\":\"https:\\\/\\\/up2sky.aero\\\/produkt\\\/pilotny-kufor-airliner\\\/#breadcrumb\"},\"inLanguage\":\"en-GB\",\"potentialAction\":[{\"@type\":\"ReadAction\",\"target\":[\"https:\\\/\\\/up2sky.aero\\\/produkt\\\/pilotny-kufor-airliner\\\/\"]}]},{\"@type\":\"ImageObject\",\"inLanguage\":\"en-GB\",\"@id\":\"https:\\\/\\\/up2sky.aero\\\/produkt\\\/pilotny-kufor-airliner\\\/#primaryimage\",\"url\":\"https:\\\/\\\/up2sky.aero\\\/wp-content\\\/uploads\\\/2022\\\/12\\\/97D883F5-5CAF-418F-9C06-2EDE9463815A.webp\",\"contentUrl\":\"https:\\\/\\\/up2sky.aero\\\/wp-content\\\/uploads\\\/2022\\\/12\\\/97D883F5-5CAF-418F-9C06-2EDE9463815A.webp\",\"width\":685,\"height\":800,\"caption\":\"Pilotn\u00fd kufor AIRLINE\"},{\"@type\":\"BreadcrumbList\",\"@id\":\"https:\\\/\\\/up2sky.aero\\\/produkt\\\/pilotny-kufor-airliner\\\/#breadcrumb\",\"itemListElement\":[{\"@type\":\"ListItem\",\"position\":1,\"name\":\"Domovsk\u00e1 str\u00e1nka\",\"item\":\"https:\\\/\\\/up2sky.aero\\\/\"},{\"@type\":\"ListItem\",\"position\":2,\"name\":\"Pilot shop\",\"item\":\"https:\\\/\\\/up2sky.aero\\\/?page_id=126\"},{\"@type\":\"ListItem\",\"position\":3,\"name\":\"Pilotn\u00fd kufor AIRLINER\"}]},{\"@type\":\"WebSite\",\"@id\":\"https:\\\/\\\/up2sky.aero\\\/#website\",\"url\":\"https:\\\/\\\/up2sky.aero\\\/\",\"name\":\"up2sky.aero\",\"description\":\"Z\u00e1\u017eitkov\u00e9 lety pre milovn\u00edkov dobrodru\u017estiev\",\"publisher\":{\"@id\":\"https:\\\/\\\/up2sky.aero\\\/#organization\"},\"alternateName\":\"up2sky\",\"potentialAction\":[{\"@type\":\"SearchAction\",\"target\":{\"@type\":\"EntryPoint\",\"urlTemplate\":\"https:\\\/\\\/up2sky.aero\\\/?s={search_term_string}\"},\"query-input\":{\"@type\":\"PropertyValueSpecification\",\"valueRequired\":true,\"valueName\":\"search_term_string\"}}],\"inLanguage\":\"en-GB\"},{\"@type\":\"Organization\",\"@id\":\"https:\\\/\\\/up2sky.aero\\\/#organization\",\"name\":\"up2sky.aero, s.r.o.\",\"url\":\"https:\\\/\\\/up2sky.aero\\\/\",\"logo\":{\"@type\":\"ImageObject\",\"inLanguage\":\"en-GB\",\"@id\":\"https:\\\/\\\/up2sky.aero\\\/#\\\/schema\\\/logo\\\/image\\\/\",\"url\":\"https:\\\/\\\/up2sky.aero\\\/wp-content\\\/uploads\\\/2022\\\/10\\\/up2sky-logo.svg\",\"contentUrl\":\"https:\\\/\\\/up2sky.aero\\\/wp-content\\\/uploads\\\/2022\\\/10\\\/up2sky-logo.svg\",\"width\":180,\"height\":141,\"caption\":\"up2sky.aero, s.r.o.\"},\"image\":{\"@id\":\"https:\\\/\\\/up2sky.aero\\\/#\\\/schema\\\/logo\\\/image\\\/\"},\"sameAs\":[\"https:\\\/\\\/www.facebook.com\\\/up2sky.aero\"]}]}<\/script>\n<!-- \/ Yoast SEO plugin. -->","yoast_head_json":{"title":"Pilotn\u00fd kufor AIRLINER - up2sky.aero","description":"Tento origin\u00e1lny a elegantne navrhnut\u00fd pilotn\u00fd kufor AIRLINER je vyroben\u00fd zo siln\u00e9ho a ekologick\u00e9ho recyklovan\u00e9ho nylonov\u00e9ho vl\u00e1kna","robots":{"index":"index","follow":"follow","max-snippet":"max-snippet:-1","max-image-preview":"max-image-preview:large","max-video-preview":"max-video-preview:-1"},"canonical":"https:\/\/up2sky.aero\/en\/product\/pilotny-kufor-airliner\/","og_locale":"en_GB","og_type":"article","og_title":"Pilotn\u00fd kufor AIRLINER - up2sky.aero","og_description":"Tento origin\u00e1lny a elegantne navrhnut\u00fd pilotn\u00fd kufor AIRLINER je vyroben\u00fd zo siln\u00e9ho a ekologick\u00e9ho recyklovan\u00e9ho nylonov\u00e9ho vl\u00e1kna","og_url":"https:\/\/up2sky.aero\/en\/product\/pilotny-kufor-airliner\/","og_site_name":"up2sky.aero","article_publisher":"https:\/\/www.facebook.com\/up2sky.aero","article_modified_time":"2026-03-18T11:10:16+00:00","og_image":[{"width":685,"height":800,"url":"http:\/\/up2sky.aero\/wp-content\/uploads\/2022\/12\/97D883F5-5CAF-418F-9C06-2EDE9463815A.webp","type":"image\/webp"}],"twitter_card":"summary_large_image","twitter_misc":{"Estimated reading time":"2 minutes"},"schema":{"@context":"https:\/\/schema.org","@graph":[{"@type":"WebPage","@id":"https:\/\/up2sky.aero\/produkt\/pilotny-kufor-airliner\/","url":"https:\/\/up2sky.aero\/produkt\/pilotny-kufor-airliner\/","name":"Pilotn\u00fd kufor AIRLINER - up2sky.aero","isPartOf":{"@id":"https:\/\/up2sky.aero\/#website"},"primaryImageOfPage":{"@id":"https:\/\/up2sky.aero\/produkt\/pilotny-kufor-airliner\/#primaryimage"},"image":{"@id":"https:\/\/up2sky.aero\/produkt\/pilotny-kufor-airliner\/#primaryimage"},"thumbnailUrl":"https:\/\/up2sky.aero\/wp-content\/uploads\/2022\/12\/97D883F5-5CAF-418F-9C06-2EDE9463815A.webp","datePublished":"2022-12-13T15:23:46+00:00","dateModified":"2026-03-18T11:10:16+00:00","description":"Tento origin\u00e1lny a elegantne navrhnut\u00fd pilotn\u00fd kufor AIRLINER je vyroben\u00fd zo siln\u00e9ho a ekologick\u00e9ho recyklovan\u00e9ho nylonov\u00e9ho vl\u00e1kna","breadcrumb":{"@id":"https:\/\/up2sky.aero\/produkt\/pilotny-kufor-airliner\/#breadcrumb"},"inLanguage":"en-GB","potentialAction":[{"@type":"ReadAction","target":["https:\/\/up2sky.aero\/produkt\/pilotny-kufor-airliner\/"]}]},{"@type":"ImageObject","inLanguage":"en-GB","@id":"https:\/\/up2sky.aero\/produkt\/pilotny-kufor-airliner\/#primaryimage","url":"https:\/\/up2sky.aero\/wp-content\/uploads\/2022\/12\/97D883F5-5CAF-418F-9C06-2EDE9463815A.webp","contentUrl":"https:\/\/up2sky.aero\/wp-content\/uploads\/2022\/12\/97D883F5-5CAF-418F-9C06-2EDE9463815A.webp","width":685,"height":800,"caption":"Pilotn\u00fd kufor AIRLINE"},{"@type":"BreadcrumbList","@id":"https:\/\/up2sky.aero\/produkt\/pilotny-kufor-airliner\/#breadcrumb","itemListElement":[{"@type":"ListItem","position":1,"name":"Domovsk\u00e1 str\u00e1nka","item":"https:\/\/up2sky.aero\/"},{"@type":"ListItem","position":2,"name":"Pilot shop","item":"https:\/\/up2sky.aero\/?page_id=126"},{"@type":"ListItem","position":3,"name":"Pilotn\u00fd kufor AIRLINER"}]},{"@type":"WebSite","@id":"https:\/\/up2sky.aero\/#website","url":"https:\/\/up2sky.aero\/","name":"up2sky.aero","description":"Z\u00e1\u017eitkov\u00e9 lety pre milovn\u00edkov dobrodru\u017estiev","publisher":{"@id":"https:\/\/up2sky.aero\/#organization"},"alternateName":"up2sky","potentialAction":[{"@type":"SearchAction","target":{"@type":"EntryPoint","urlTemplate":"https:\/\/up2sky.aero\/?s={search_term_string}"},"query-input":{"@type":"PropertyValueSpecification","valueRequired":true,"valueName":"search_term_string"}}],"inLanguage":"en-GB"},{"@type":"Organization","@id":"https:\/\/up2sky.aero\/#organization","name":"up2sky.aero, s.r.o.","url":"https:\/\/up2sky.aero\/","logo":{"@type":"ImageObject","inLanguage":"en-GB","@id":"https:\/\/up2sky.aero\/#\/schema\/logo\/image\/","url":"https:\/\/up2sky.aero\/wp-content\/uploads\/2022\/10\/up2sky-logo.svg","contentUrl":"https:\/\/up2sky.aero\/wp-content\/uploads\/2022\/10\/up2sky-logo.svg","width":180,"height":141,"caption":"up2sky.aero, s.r.o."},"image":{"@id":"https:\/\/up2sky.aero\/#\/schema\/logo\/image\/"},"sameAs":["https:\/\/www.facebook.com\/up2sky.aero"]}]}},"_links":{"self":[{"href":"https:\/\/up2sky.aero\/en\/wp-json\/wp\/v2\/product\/294","targetHints":{"allow":["GET"]}}],"collection":[{"href":"https:\/\/up2sky.aero\/en\/wp-json\/wp\/v2\/product"}],"about":[{"href":"https:\/\/up2sky.aero\/en\/wp-json\/wp\/v2\/types\/product"}],"wp:featuredmedia":[{"embeddable":true,"href":"https:\/\/up2sky.aero\/en\/wp-json\/wp\/v2\/media\/297"}],"wp:attachment":[{"href":"https:\/\/up2sky.aero\/en\/wp-json\/wp\/v2\/media?parent=294"}],"wp:term":[{"taxonomy":"product_brand","embeddable":true,"href":"https:\/\/up2sky.aero\/en\/wp-json\/wp\/v2\/product_brand?post=294"},{"taxonomy":"product_cat","embeddable":true,"href":"https:\/\/up2sky.aero\/en\/wp-json\/wp\/v2\/product_cat?post=294"},{"taxonomy":"product_tag","embeddable":true,"href":"https:\/\/up2sky.aero\/en\/wp-json\/wp\/v2\/product_tag?post=294"}],"curies":[{"name":"wp","href":"https:\/\/api.w.org\/{rel}","templated":true}]}}