{"id":325,"date":"2022-12-13T20:27:25","date_gmt":"2022-12-13T19:27:25","guid":{"rendered":"https:\/\/up2sky.aero\/?post_type=product&#038;p=325"},"modified":"2026-04-13T13:26:08","modified_gmt":"2026-04-13T11:26:08","slug":"325","status":"publish","type":"product","link":"https:\/\/up2sky.aero\/en\/product\/325\/","title":{"rendered":"PILOT CROSSCOUNTRY bag"},"content":{"rendered":"<p>Ta\u0161ka je vyroben\u00e1 z kvalitn\u00e9ho \u013eahk\u00e9ho a ekologick\u00e9ho recyklovan\u00e9ho nylonov\u00e9ho vl\u00e1kna, je plne polstrovan\u00e1 a m\u00e1 odn\u00edmate\u013en\u00e9 vystu\u017een\u00e9 dno. Hlavn\u00fd priestor je mo\u017en\u00e9 rozdeli\u0165 r\u00f4znymi sp\u00f4sobmi pod\u013ea va\u0161ich potrieb.<\/p>\n<p>Aby sa ta\u0161ka neza\u0161pinila, s\u00fa na spodnej strane umiestnen\u00e9 mal\u00e9 podpery.<\/p>\n<p>Na prednej strane vonkaj\u0161ie vrecko s obojsmern\u00fdm zipsom umo\u017e\u0148uje r\u00fdchly pr\u00edstup a je tu \u010fal\u0161ia ve\u013ek\u00e1 priehradka na karty, pribli\u017eovacie mapy, letov\u00fd pl\u00e1n at\u010f.<\/p>\n<p>Vn\u00fatri ta\u0161ky je ve\u013ea priehradiek, s\u00fa\u010das\u0165ou je aj dr\u017eiak na pero a dr\u017eiak bat\u00e9rie.<\/p>\n<p>Na zadnej strane s\u00fa dve vonkaj\u0161ie vreck\u00e1, jedno na GPS, vysiela\u010dku, baterku, mapy at\u010f. a jedno je roz\u0161\u00edrite\u013en\u00e9 na sl\u00fachadl\u00e1.<\/p>\n<p>Na ka\u017edej strane ta\u0161ky je vonkaj\u0161ie vrecko. Jedna pre tablet a druh\u00e1 obsahuje 3 sie\u0165ovan\u00e9 vreck\u00e1, tak\u017ee v\u0161etky svoje veci n\u00e1jdete ve\u013emi r\u00fdchlo.<\/p>\n<p>S\u00fa\u010das\u0165ou je aj pohodln\u00fd popruh s polstrovanou proti\u0161mykovou \u010das\u0165ou.<\/p>\n<p>V\u010faka kompaktn\u00fdm rozmerom je CROSSCOUNTRY dokonal\u00fdm spolo\u010dn\u00edkom na v\u00fdlety po krajine.<\/p>\n<p>Rozmer: 30x27x26 cm<\/p>","protected":false},"excerpt":{"rendered":"<p>Ta\u0161ka je vyroben\u00e1 z kvalitn\u00e9ho \u013eahk\u00e9ho a ekologick\u00e9ho recyklovan\u00e9ho nylonov\u00e9ho vl\u00e1kna, je plne polstrovan\u00e1 a m\u00e1 odn\u00edmate\u013en\u00e9 vystu\u017een\u00e9 dno. Hlavn\u00fd priestor je mo\u017en\u00e9 rozdeli\u0165 r\u00f4znymi sp\u00f4sobmi pod\u013ea va\u0161ich potrieb. Aby sa ta\u0161ka neza\u0161pinila, s\u00fa na spodnej strane umiestnen\u00e9 mal\u00e9 podpery. Na prednej strane vonkaj\u0161ie vrecko s obojsmern\u00fdm zipsom umo\u017e\u0148uje r\u00fdchly pr\u00edstup a je tu \u010fal\u0161ia [&hellip;]<\/p>","protected":false},"featured_media":326,"template":"","meta":{"_acf_changed":false,"inline_featured_image":false},"product_brand":[],"product_cat":[22,23],"product_tag":[29],"class_list":{"0":"post-325","1":"product","2":"type-product","3":"status-publish","4":"has-post-thumbnail","6":"product_cat-pilot-shop","7":"product_cat-pilotne-tasky-kufre","8":"product_tag-design-4-pilots","10":"first","11":"instock","12":"taxable","13":"shipping-taxable","14":"purchasable","15":"product-type-variable"},"acf":[],"yoast_head":"<!-- This site is optimized with the Yoast SEO plugin v27.4 - https:\/\/yoast.com\/product\/yoast-seo-wordpress\/ -->\n<title>Ta\u0161ka PILOT CROSSCOUNTRY - up2sky.aero<\/title>\n<meta name=\"description\" content=\"Ta\u0161ka je vyroben\u00e1 z kvalitn\u00e9ho \u013eahk\u00e9ho a ekologick\u00e9ho recyklovan\u00e9ho nylonov\u00e9ho vl\u00e1kna, je plne polstrovan\u00e1 a m\u00e1 odn\u00edmate\u013en\u00e9 vystu\u017een\u00e9 dno. Hlavn\u00fd priestor je mo\u017en\u00e9 rozdeli\u0165 r\u00f4znymi sp\u00f4sobmi pod\u013ea va\u0161ich potrieb.\" \/>\n<meta name=\"robots\" content=\"index, follow, max-snippet:-1, max-image-preview:large, max-video-preview:-1\" \/>\n<link rel=\"canonical\" href=\"https:\/\/up2sky.aero\/en\/product\/325\/\" \/>\n<meta property=\"og:locale\" content=\"en_GB\" \/>\n<meta property=\"og:type\" content=\"article\" \/>\n<meta property=\"og:title\" content=\"Ta\u0161ka PILOT CROSSCOUNTRY - up2sky.aero\" \/>\n<meta property=\"og:description\" content=\"Ta\u0161ka je vyroben\u00e1 z kvalitn\u00e9ho \u013eahk\u00e9ho a ekologick\u00e9ho recyklovan\u00e9ho nylonov\u00e9ho vl\u00e1kna, je plne polstrovan\u00e1 a m\u00e1 odn\u00edmate\u013en\u00e9 vystu\u017een\u00e9 dno. Hlavn\u00fd priestor je mo\u017en\u00e9 rozdeli\u0165 r\u00f4znymi sp\u00f4sobmi pod\u013ea va\u0161ich potrieb.\" \/>\n<meta property=\"og:url\" content=\"https:\/\/up2sky.aero\/en\/product\/325\/\" \/>\n<meta property=\"og:site_name\" content=\"up2sky.aero\" \/>\n<meta property=\"article:publisher\" content=\"https:\/\/www.facebook.com\/up2sky.aero\" \/>\n<meta property=\"article:modified_time\" content=\"2026-04-13T11:26:08+00:00\" \/>\n<meta property=\"og:image\" content=\"http:\/\/up2sky.aero\/wp-content\/uploads\/2022\/12\/2A7BA411-25B1-42B1-8101-1401111FC241.png\" \/>\n\t<meta property=\"og:image:width\" content=\"670\" \/>\n\t<meta property=\"og:image:height\" content=\"800\" \/>\n\t<meta property=\"og:image:type\" content=\"image\/png\" \/>\n<meta name=\"twitter:card\" content=\"summary_large_image\" \/>\n<meta name=\"twitter:label1\" content=\"Estimated reading time\" \/>\n\t<meta name=\"twitter:data1\" content=\"1 minute\" \/>\n<script type=\"application\/ld+json\" class=\"yoast-schema-graph\">{\"@context\":\"https:\\\/\\\/schema.org\",\"@graph\":[{\"@type\":\"WebPage\",\"@id\":\"https:\\\/\\\/up2sky.aero\\\/produkt\\\/325\\\/\",\"url\":\"https:\\\/\\\/up2sky.aero\\\/produkt\\\/325\\\/\",\"name\":\"Ta\u0161ka PILOT CROSSCOUNTRY - up2sky.aero\",\"isPartOf\":{\"@id\":\"https:\\\/\\\/up2sky.aero\\\/#website\"},\"primaryImageOfPage\":{\"@id\":\"https:\\\/\\\/up2sky.aero\\\/produkt\\\/325\\\/#primaryimage\"},\"image\":{\"@id\":\"https:\\\/\\\/up2sky.aero\\\/produkt\\\/325\\\/#primaryimage\"},\"thumbnailUrl\":\"https:\\\/\\\/up2sky.aero\\\/wp-content\\\/uploads\\\/2022\\\/12\\\/2A7BA411-25B1-42B1-8101-1401111FC241.png\",\"datePublished\":\"2022-12-13T19:27:25+00:00\",\"dateModified\":\"2026-04-13T11:26:08+00:00\",\"description\":\"Ta\u0161ka je vyroben\u00e1 z kvalitn\u00e9ho \u013eahk\u00e9ho a ekologick\u00e9ho recyklovan\u00e9ho nylonov\u00e9ho vl\u00e1kna, je plne polstrovan\u00e1 a m\u00e1 odn\u00edmate\u013en\u00e9 vystu\u017een\u00e9 dno. Hlavn\u00fd priestor je mo\u017en\u00e9 rozdeli\u0165 r\u00f4znymi sp\u00f4sobmi pod\u013ea va\u0161ich potrieb.\",\"breadcrumb\":{\"@id\":\"https:\\\/\\\/up2sky.aero\\\/produkt\\\/325\\\/#breadcrumb\"},\"inLanguage\":\"en-GB\",\"potentialAction\":[{\"@type\":\"ReadAction\",\"target\":[\"https:\\\/\\\/up2sky.aero\\\/produkt\\\/325\\\/\"]}]},{\"@type\":\"ImageObject\",\"inLanguage\":\"en-GB\",\"@id\":\"https:\\\/\\\/up2sky.aero\\\/produkt\\\/325\\\/#primaryimage\",\"url\":\"https:\\\/\\\/up2sky.aero\\\/wp-content\\\/uploads\\\/2022\\\/12\\\/2A7BA411-25B1-42B1-8101-1401111FC241.png\",\"contentUrl\":\"https:\\\/\\\/up2sky.aero\\\/wp-content\\\/uploads\\\/2022\\\/12\\\/2A7BA411-25B1-42B1-8101-1401111FC241.png\",\"width\":670,\"height\":800},{\"@type\":\"BreadcrumbList\",\"@id\":\"https:\\\/\\\/up2sky.aero\\\/produkt\\\/325\\\/#breadcrumb\",\"itemListElement\":[{\"@type\":\"ListItem\",\"position\":1,\"name\":\"Domovsk\u00e1 str\u00e1nka\",\"item\":\"https:\\\/\\\/up2sky.aero\\\/\"},{\"@type\":\"ListItem\",\"position\":2,\"name\":\"Pilot shop\",\"item\":\"https:\\\/\\\/up2sky.aero\\\/?page_id=126\"},{\"@type\":\"ListItem\",\"position\":3,\"name\":\"Ta\u0161ka PILOT CROSSCOUNTRY\"}]},{\"@type\":\"WebSite\",\"@id\":\"https:\\\/\\\/up2sky.aero\\\/#website\",\"url\":\"https:\\\/\\\/up2sky.aero\\\/\",\"name\":\"up2sky.aero\",\"description\":\"Z\u00e1\u017eitkov\u00e9 lety pre milovn\u00edkov dobrodru\u017estiev\",\"publisher\":{\"@id\":\"https:\\\/\\\/up2sky.aero\\\/#organization\"},\"alternateName\":\"up2sky\",\"potentialAction\":[{\"@type\":\"SearchAction\",\"target\":{\"@type\":\"EntryPoint\",\"urlTemplate\":\"https:\\\/\\\/up2sky.aero\\\/?s={search_term_string}\"},\"query-input\":{\"@type\":\"PropertyValueSpecification\",\"valueRequired\":true,\"valueName\":\"search_term_string\"}}],\"inLanguage\":\"en-GB\"},{\"@type\":\"Organization\",\"@id\":\"https:\\\/\\\/up2sky.aero\\\/#organization\",\"name\":\"up2sky.aero, s.r.o.\",\"url\":\"https:\\\/\\\/up2sky.aero\\\/\",\"logo\":{\"@type\":\"ImageObject\",\"inLanguage\":\"en-GB\",\"@id\":\"https:\\\/\\\/up2sky.aero\\\/#\\\/schema\\\/logo\\\/image\\\/\",\"url\":\"https:\\\/\\\/up2sky.aero\\\/wp-content\\\/uploads\\\/2022\\\/10\\\/up2sky-logo.svg\",\"contentUrl\":\"https:\\\/\\\/up2sky.aero\\\/wp-content\\\/uploads\\\/2022\\\/10\\\/up2sky-logo.svg\",\"width\":180,\"height\":141,\"caption\":\"up2sky.aero, s.r.o.\"},\"image\":{\"@id\":\"https:\\\/\\\/up2sky.aero\\\/#\\\/schema\\\/logo\\\/image\\\/\"},\"sameAs\":[\"https:\\\/\\\/www.facebook.com\\\/up2sky.aero\"]}]}<\/script>\n<!-- \/ Yoast SEO plugin. -->","yoast_head_json":{"title":"Ta\u0161ka PILOT CROSSCOUNTRY - up2sky.aero","description":"Ta\u0161ka je vyroben\u00e1 z kvalitn\u00e9ho \u013eahk\u00e9ho a ekologick\u00e9ho recyklovan\u00e9ho nylonov\u00e9ho vl\u00e1kna, je plne polstrovan\u00e1 a m\u00e1 odn\u00edmate\u013en\u00e9 vystu\u017een\u00e9 dno. Hlavn\u00fd priestor je mo\u017en\u00e9 rozdeli\u0165 r\u00f4znymi sp\u00f4sobmi pod\u013ea va\u0161ich potrieb.","robots":{"index":"index","follow":"follow","max-snippet":"max-snippet:-1","max-image-preview":"max-image-preview:large","max-video-preview":"max-video-preview:-1"},"canonical":"https:\/\/up2sky.aero\/en\/product\/325\/","og_locale":"en_GB","og_type":"article","og_title":"Ta\u0161ka PILOT CROSSCOUNTRY - up2sky.aero","og_description":"Ta\u0161ka je vyroben\u00e1 z kvalitn\u00e9ho \u013eahk\u00e9ho a ekologick\u00e9ho recyklovan\u00e9ho nylonov\u00e9ho vl\u00e1kna, je plne polstrovan\u00e1 a m\u00e1 odn\u00edmate\u013en\u00e9 vystu\u017een\u00e9 dno. Hlavn\u00fd priestor je mo\u017en\u00e9 rozdeli\u0165 r\u00f4znymi sp\u00f4sobmi pod\u013ea va\u0161ich potrieb.","og_url":"https:\/\/up2sky.aero\/en\/product\/325\/","og_site_name":"up2sky.aero","article_publisher":"https:\/\/www.facebook.com\/up2sky.aero","article_modified_time":"2026-04-13T11:26:08+00:00","og_image":[{"width":670,"height":800,"url":"http:\/\/up2sky.aero\/wp-content\/uploads\/2022\/12\/2A7BA411-25B1-42B1-8101-1401111FC241.png","type":"image\/png"}],"twitter_card":"summary_large_image","twitter_misc":{"Estimated reading time":"1 minute"},"schema":{"@context":"https:\/\/schema.org","@graph":[{"@type":"WebPage","@id":"https:\/\/up2sky.aero\/produkt\/325\/","url":"https:\/\/up2sky.aero\/produkt\/325\/","name":"Ta\u0161ka PILOT CROSSCOUNTRY - up2sky.aero","isPartOf":{"@id":"https:\/\/up2sky.aero\/#website"},"primaryImageOfPage":{"@id":"https:\/\/up2sky.aero\/produkt\/325\/#primaryimage"},"image":{"@id":"https:\/\/up2sky.aero\/produkt\/325\/#primaryimage"},"thumbnailUrl":"https:\/\/up2sky.aero\/wp-content\/uploads\/2022\/12\/2A7BA411-25B1-42B1-8101-1401111FC241.png","datePublished":"2022-12-13T19:27:25+00:00","dateModified":"2026-04-13T11:26:08+00:00","description":"Ta\u0161ka je vyroben\u00e1 z kvalitn\u00e9ho \u013eahk\u00e9ho a ekologick\u00e9ho recyklovan\u00e9ho nylonov\u00e9ho vl\u00e1kna, je plne polstrovan\u00e1 a m\u00e1 odn\u00edmate\u013en\u00e9 vystu\u017een\u00e9 dno. Hlavn\u00fd priestor je mo\u017en\u00e9 rozdeli\u0165 r\u00f4znymi sp\u00f4sobmi pod\u013ea va\u0161ich potrieb.","breadcrumb":{"@id":"https:\/\/up2sky.aero\/produkt\/325\/#breadcrumb"},"inLanguage":"en-GB","potentialAction":[{"@type":"ReadAction","target":["https:\/\/up2sky.aero\/produkt\/325\/"]}]},{"@type":"ImageObject","inLanguage":"en-GB","@id":"https:\/\/up2sky.aero\/produkt\/325\/#primaryimage","url":"https:\/\/up2sky.aero\/wp-content\/uploads\/2022\/12\/2A7BA411-25B1-42B1-8101-1401111FC241.png","contentUrl":"https:\/\/up2sky.aero\/wp-content\/uploads\/2022\/12\/2A7BA411-25B1-42B1-8101-1401111FC241.png","width":670,"height":800},{"@type":"BreadcrumbList","@id":"https:\/\/up2sky.aero\/produkt\/325\/#breadcrumb","itemListElement":[{"@type":"ListItem","position":1,"name":"Domovsk\u00e1 str\u00e1nka","item":"https:\/\/up2sky.aero\/"},{"@type":"ListItem","position":2,"name":"Pilot shop","item":"https:\/\/up2sky.aero\/?page_id=126"},{"@type":"ListItem","position":3,"name":"Ta\u0161ka PILOT CROSSCOUNTRY"}]},{"@type":"WebSite","@id":"https:\/\/up2sky.aero\/#website","url":"https:\/\/up2sky.aero\/","name":"up2sky.aero","description":"Z\u00e1\u017eitkov\u00e9 lety pre milovn\u00edkov dobrodru\u017estiev","publisher":{"@id":"https:\/\/up2sky.aero\/#organization"},"alternateName":"up2sky","potentialAction":[{"@type":"SearchAction","target":{"@type":"EntryPoint","urlTemplate":"https:\/\/up2sky.aero\/?s={search_term_string}"},"query-input":{"@type":"PropertyValueSpecification","valueRequired":true,"valueName":"search_term_string"}}],"inLanguage":"en-GB"},{"@type":"Organization","@id":"https:\/\/up2sky.aero\/#organization","name":"up2sky.aero, s.r.o.","url":"https:\/\/up2sky.aero\/","logo":{"@type":"ImageObject","inLanguage":"en-GB","@id":"https:\/\/up2sky.aero\/#\/schema\/logo\/image\/","url":"https:\/\/up2sky.aero\/wp-content\/uploads\/2022\/10\/up2sky-logo.svg","contentUrl":"https:\/\/up2sky.aero\/wp-content\/uploads\/2022\/10\/up2sky-logo.svg","width":180,"height":141,"caption":"up2sky.aero, s.r.o."},"image":{"@id":"https:\/\/up2sky.aero\/#\/schema\/logo\/image\/"},"sameAs":["https:\/\/www.facebook.com\/up2sky.aero"]}]}},"_links":{"self":[{"href":"https:\/\/up2sky.aero\/en\/wp-json\/wp\/v2\/product\/325","targetHints":{"allow":["GET"]}}],"collection":[{"href":"https:\/\/up2sky.aero\/en\/wp-json\/wp\/v2\/product"}],"about":[{"href":"https:\/\/up2sky.aero\/en\/wp-json\/wp\/v2\/types\/product"}],"wp:featuredmedia":[{"embeddable":true,"href":"https:\/\/up2sky.aero\/en\/wp-json\/wp\/v2\/media\/326"}],"wp:attachment":[{"href":"https:\/\/up2sky.aero\/en\/wp-json\/wp\/v2\/media?parent=325"}],"wp:term":[{"taxonomy":"product_brand","embeddable":true,"href":"https:\/\/up2sky.aero\/en\/wp-json\/wp\/v2\/product_brand?post=325"},{"taxonomy":"product_cat","embeddable":true,"href":"https:\/\/up2sky.aero\/en\/wp-json\/wp\/v2\/product_cat?post=325"},{"taxonomy":"product_tag","embeddable":true,"href":"https:\/\/up2sky.aero\/en\/wp-json\/wp\/v2\/product_tag?post=325"}],"curies":[{"name":"wp","href":"https:\/\/api.w.org\/{rel}","templated":true}]}}