{"id":331,"date":"2022-12-13T20:34:27","date_gmt":"2022-12-13T19:34:27","guid":{"rendered":"https:\/\/up2sky.aero\/?post_type=product&#038;p=331"},"modified":"2026-03-10T17:18:22","modified_gmt":"2026-03-10T16:18:22","slug":"taska-pilot-daily","status":"publish","type":"product","link":"https:\/\/up2sky.aero\/en\/product\/taska-pilot-daily\/","title":{"rendered":"PILOT DAILY bag"},"content":{"rendered":"<p>Dobre navrhnut\u00e1 a univerz\u00e1lne vyu\u017eite\u013en\u00e1 ta\u0161ka s mnoh\u00fdmi vreckami sa d\u00e1 pou\u017e\u00edva\u0165 na dennej b\u00e1ze. Ta\u0161ka je vyroben\u00e1 z pevn\u00e9ho, vodeodoln\u00e9ho a ekologick\u00e9ho recyklovan\u00e9ho nylonu a m\u00e1 po celom obvode polstrovanie. S\u00fa\u010das\u0165ou je aj pevn\u00fd ramenn\u00fd popruh s kovov\u00fdmi prackami. \u0160peci\u00e1lne vystu\u017een\u00fd r\u00e1m a robustn\u00e1 rukov\u00e4\u0165 dod\u00e1vaj\u00fa ta\u0161ke stabilitu. Na ka\u017edej strane ta\u0161ky je jedna priehradka z neopr\u00e9nu s potla\u010dou veternej ru\u017eice.<\/p>\n<p>Ve\u013ek\u00fa hlavn\u00fa priehradku je mo\u017en\u00e9 vyu\u017ei\u0165 r\u00f4znymi sp\u00f4sobmi: n\u00e1jdete v nej dostatok miesta na ulo\u017eenie n\u00e1hlavnej s\u00fapravy, kolennej dosky, m\u00e1p at\u010f. Na bo\u010dnej strane je \u010fal\u0161ia priehradka na mobiln\u00fd telef\u00f3n.<br \/>\nPredn\u00e1 strana ta\u0161ky v\u00e1m poskytuje dve priehradky pre r\u00fdchly pr\u00edstup k \u0161peci\u00e1lnym dr\u017eiakom na per\u00e1, bat\u00e9rie, k\u013e\u00fa\u010de a vizitky.<br \/>\nNa zadnej strane s\u00fa r\u00f4zne priehradky na mapy, letov\u00e9 pl\u00e1ny, mapy a popruh na voz\u00edk.<\/p>\n<p>Rozmer: 42x32 cm, vhodn\u00e1 pre 15,4 notebook.<\/p>","protected":false},"excerpt":{"rendered":"<p>Dobre navrhnut\u00e1 a univerz\u00e1lne vyu\u017eite\u013en\u00e1 ta\u0161ka s mnoh\u00fdmi vreckami sa d\u00e1 pou\u017e\u00edva\u0165 na dennej b\u00e1ze. Ta\u0161ka je vyroben\u00e1 z pevn\u00e9ho, vodeodoln\u00e9ho a ekologick\u00e9ho recyklovan\u00e9ho nylonu a m\u00e1 po celom obvode polstrovanie. S\u00fa\u010das\u0165ou je aj pevn\u00fd ramenn\u00fd popruh s kovov\u00fdmi prackami. \u0160peci\u00e1lne vystu\u017een\u00fd r\u00e1m a robustn\u00e1 rukov\u00e4\u0165 dod\u00e1vaj\u00fa ta\u0161ke stabilitu. Na ka\u017edej strane ta\u0161ky je jedna [&hellip;]<\/p>","protected":false},"featured_media":332,"template":"","meta":{"_acf_changed":false,"inline_featured_image":false},"product_brand":[],"product_cat":[22,23],"product_tag":[29],"class_list":{"0":"post-331","1":"product","2":"type-product","3":"status-publish","4":"has-post-thumbnail","6":"product_cat-pilot-shop","7":"product_cat-pilotne-tasky-kufre","8":"product_tag-design-4-pilots","10":"first","11":"instock","12":"taxable","13":"shipping-taxable","14":"purchasable","15":"product-type-variable"},"acf":[],"yoast_head":"<!-- This site is optimized with the Yoast SEO plugin v27.5 - https:\/\/yoast.com\/product\/yoast-seo-wordpress\/ -->\n<title>Ta\u0161ka PILOT DAILY - up2sky.aero<\/title>\n<meta name=\"description\" content=\"Ta\u0161ka je vyroben\u00e1 z pevn\u00e9ho, vodeodoln\u00e9ho a ekologick\u00e9ho recyklovan\u00e9ho nylonu a m\u00e1 po celom obvode polstrovanie. S\u00fa\u010das\u0165ou je aj ramenn\u00fd popruh s prackami.\" \/>\n<meta name=\"robots\" content=\"index, follow, max-snippet:-1, max-image-preview:large, max-video-preview:-1\" \/>\n<link rel=\"canonical\" href=\"https:\/\/up2sky.aero\/en\/product\/taska-pilot-daily\/\" \/>\n<meta property=\"og:locale\" content=\"en_GB\" \/>\n<meta property=\"og:type\" content=\"article\" \/>\n<meta property=\"og:title\" content=\"Ta\u0161ka PILOT DAILY - up2sky.aero\" \/>\n<meta property=\"og:description\" content=\"Ta\u0161ka je vyroben\u00e1 z pevn\u00e9ho, vodeodoln\u00e9ho a ekologick\u00e9ho recyklovan\u00e9ho nylonu a m\u00e1 po celom obvode polstrovanie. S\u00fa\u010das\u0165ou je aj ramenn\u00fd popruh s prackami.\" \/>\n<meta property=\"og:url\" content=\"https:\/\/up2sky.aero\/en\/product\/taska-pilot-daily\/\" \/>\n<meta property=\"og:site_name\" content=\"up2sky.aero\" \/>\n<meta property=\"article:publisher\" content=\"https:\/\/www.facebook.com\/up2sky.aero\" \/>\n<meta property=\"article:modified_time\" content=\"2026-03-10T16:18:22+00:00\" \/>\n<meta property=\"og:image\" content=\"http:\/\/up2sky.aero\/wp-content\/uploads\/2022\/12\/28C095D7-BC9D-4117-AC52-81DB16C09B28.webp\" \/>\n\t<meta property=\"og:image:width\" content=\"858\" \/>\n\t<meta property=\"og:image:height\" content=\"800\" \/>\n\t<meta property=\"og:image:type\" content=\"image\/webp\" \/>\n<meta name=\"twitter:card\" content=\"summary_large_image\" \/>\n<meta name=\"twitter:label1\" content=\"Estimated reading time\" \/>\n\t<meta name=\"twitter:data1\" content=\"1 minute\" \/>\n<script type=\"application\/ld+json\" class=\"yoast-schema-graph\">{\"@context\":\"https:\\\/\\\/schema.org\",\"@graph\":[{\"@type\":\"WebPage\",\"@id\":\"https:\\\/\\\/up2sky.aero\\\/produkt\\\/taska-pilot-daily\\\/\",\"url\":\"https:\\\/\\\/up2sky.aero\\\/produkt\\\/taska-pilot-daily\\\/\",\"name\":\"Ta\u0161ka PILOT DAILY - up2sky.aero\",\"isPartOf\":{\"@id\":\"https:\\\/\\\/up2sky.aero\\\/#website\"},\"primaryImageOfPage\":{\"@id\":\"https:\\\/\\\/up2sky.aero\\\/produkt\\\/taska-pilot-daily\\\/#primaryimage\"},\"image\":{\"@id\":\"https:\\\/\\\/up2sky.aero\\\/produkt\\\/taska-pilot-daily\\\/#primaryimage\"},\"thumbnailUrl\":\"https:\\\/\\\/up2sky.aero\\\/wp-content\\\/uploads\\\/2022\\\/12\\\/28C095D7-BC9D-4117-AC52-81DB16C09B28.webp\",\"datePublished\":\"2022-12-13T19:34:27+00:00\",\"dateModified\":\"2026-03-10T16:18:22+00:00\",\"description\":\"Ta\u0161ka je vyroben\u00e1 z pevn\u00e9ho, vodeodoln\u00e9ho a ekologick\u00e9ho recyklovan\u00e9ho nylonu a m\u00e1 po celom obvode polstrovanie. S\u00fa\u010das\u0165ou je aj ramenn\u00fd popruh s prackami.\",\"breadcrumb\":{\"@id\":\"https:\\\/\\\/up2sky.aero\\\/produkt\\\/taska-pilot-daily\\\/#breadcrumb\"},\"inLanguage\":\"en-GB\",\"potentialAction\":[{\"@type\":\"ReadAction\",\"target\":[\"https:\\\/\\\/up2sky.aero\\\/produkt\\\/taska-pilot-daily\\\/\"]}]},{\"@type\":\"ImageObject\",\"inLanguage\":\"en-GB\",\"@id\":\"https:\\\/\\\/up2sky.aero\\\/produkt\\\/taska-pilot-daily\\\/#primaryimage\",\"url\":\"https:\\\/\\\/up2sky.aero\\\/wp-content\\\/uploads\\\/2022\\\/12\\\/28C095D7-BC9D-4117-AC52-81DB16C09B28.webp\",\"contentUrl\":\"https:\\\/\\\/up2sky.aero\\\/wp-content\\\/uploads\\\/2022\\\/12\\\/28C095D7-BC9D-4117-AC52-81DB16C09B28.webp\",\"width\":858,\"height\":800},{\"@type\":\"BreadcrumbList\",\"@id\":\"https:\\\/\\\/up2sky.aero\\\/produkt\\\/taska-pilot-daily\\\/#breadcrumb\",\"itemListElement\":[{\"@type\":\"ListItem\",\"position\":1,\"name\":\"Domovsk\u00e1 str\u00e1nka\",\"item\":\"https:\\\/\\\/up2sky.aero\\\/\"},{\"@type\":\"ListItem\",\"position\":2,\"name\":\"Pilot shop\",\"item\":\"https:\\\/\\\/up2sky.aero\\\/?page_id=126\"},{\"@type\":\"ListItem\",\"position\":3,\"name\":\"Ta\u0161ka PILOT DAILY\"}]},{\"@type\":\"WebSite\",\"@id\":\"https:\\\/\\\/up2sky.aero\\\/#website\",\"url\":\"https:\\\/\\\/up2sky.aero\\\/\",\"name\":\"up2sky.aero\",\"description\":\"Z\u00e1\u017eitkov\u00e9 lety pre milovn\u00edkov dobrodru\u017estiev\",\"publisher\":{\"@id\":\"https:\\\/\\\/up2sky.aero\\\/#organization\"},\"alternateName\":\"up2sky\",\"potentialAction\":[{\"@type\":\"SearchAction\",\"target\":{\"@type\":\"EntryPoint\",\"urlTemplate\":\"https:\\\/\\\/up2sky.aero\\\/?s={search_term_string}\"},\"query-input\":{\"@type\":\"PropertyValueSpecification\",\"valueRequired\":true,\"valueName\":\"search_term_string\"}}],\"inLanguage\":\"en-GB\"},{\"@type\":\"Organization\",\"@id\":\"https:\\\/\\\/up2sky.aero\\\/#organization\",\"name\":\"up2sky.aero, s.r.o.\",\"url\":\"https:\\\/\\\/up2sky.aero\\\/\",\"logo\":{\"@type\":\"ImageObject\",\"inLanguage\":\"en-GB\",\"@id\":\"https:\\\/\\\/up2sky.aero\\\/#\\\/schema\\\/logo\\\/image\\\/\",\"url\":\"https:\\\/\\\/up2sky.aero\\\/wp-content\\\/uploads\\\/2022\\\/10\\\/up2sky-logo.svg\",\"contentUrl\":\"https:\\\/\\\/up2sky.aero\\\/wp-content\\\/uploads\\\/2022\\\/10\\\/up2sky-logo.svg\",\"width\":180,\"height\":141,\"caption\":\"up2sky.aero, s.r.o.\"},\"image\":{\"@id\":\"https:\\\/\\\/up2sky.aero\\\/#\\\/schema\\\/logo\\\/image\\\/\"},\"sameAs\":[\"https:\\\/\\\/www.facebook.com\\\/up2sky.aero\"]}]}<\/script>\n<!-- \/ Yoast SEO plugin. -->","yoast_head_json":{"title":"Ta\u0161ka PILOT DAILY - up2sky.aero","description":"Ta\u0161ka je vyroben\u00e1 z pevn\u00e9ho, vodeodoln\u00e9ho a ekologick\u00e9ho recyklovan\u00e9ho nylonu a m\u00e1 po celom obvode polstrovanie. S\u00fa\u010das\u0165ou je aj ramenn\u00fd popruh s prackami.","robots":{"index":"index","follow":"follow","max-snippet":"max-snippet:-1","max-image-preview":"max-image-preview:large","max-video-preview":"max-video-preview:-1"},"canonical":"https:\/\/up2sky.aero\/en\/product\/taska-pilot-daily\/","og_locale":"en_GB","og_type":"article","og_title":"Ta\u0161ka PILOT DAILY - up2sky.aero","og_description":"Ta\u0161ka je vyroben\u00e1 z pevn\u00e9ho, vodeodoln\u00e9ho a ekologick\u00e9ho recyklovan\u00e9ho nylonu a m\u00e1 po celom obvode polstrovanie. S\u00fa\u010das\u0165ou je aj ramenn\u00fd popruh s prackami.","og_url":"https:\/\/up2sky.aero\/en\/product\/taska-pilot-daily\/","og_site_name":"up2sky.aero","article_publisher":"https:\/\/www.facebook.com\/up2sky.aero","article_modified_time":"2026-03-10T16:18:22+00:00","og_image":[{"width":858,"height":800,"url":"http:\/\/up2sky.aero\/wp-content\/uploads\/2022\/12\/28C095D7-BC9D-4117-AC52-81DB16C09B28.webp","type":"image\/webp"}],"twitter_card":"summary_large_image","twitter_misc":{"Estimated reading time":"1 minute"},"schema":{"@context":"https:\/\/schema.org","@graph":[{"@type":"WebPage","@id":"https:\/\/up2sky.aero\/produkt\/taska-pilot-daily\/","url":"https:\/\/up2sky.aero\/produkt\/taska-pilot-daily\/","name":"Ta\u0161ka PILOT DAILY - up2sky.aero","isPartOf":{"@id":"https:\/\/up2sky.aero\/#website"},"primaryImageOfPage":{"@id":"https:\/\/up2sky.aero\/produkt\/taska-pilot-daily\/#primaryimage"},"image":{"@id":"https:\/\/up2sky.aero\/produkt\/taska-pilot-daily\/#primaryimage"},"thumbnailUrl":"https:\/\/up2sky.aero\/wp-content\/uploads\/2022\/12\/28C095D7-BC9D-4117-AC52-81DB16C09B28.webp","datePublished":"2022-12-13T19:34:27+00:00","dateModified":"2026-03-10T16:18:22+00:00","description":"Ta\u0161ka je vyroben\u00e1 z pevn\u00e9ho, vodeodoln\u00e9ho a ekologick\u00e9ho recyklovan\u00e9ho nylonu a m\u00e1 po celom obvode polstrovanie. S\u00fa\u010das\u0165ou je aj ramenn\u00fd popruh s prackami.","breadcrumb":{"@id":"https:\/\/up2sky.aero\/produkt\/taska-pilot-daily\/#breadcrumb"},"inLanguage":"en-GB","potentialAction":[{"@type":"ReadAction","target":["https:\/\/up2sky.aero\/produkt\/taska-pilot-daily\/"]}]},{"@type":"ImageObject","inLanguage":"en-GB","@id":"https:\/\/up2sky.aero\/produkt\/taska-pilot-daily\/#primaryimage","url":"https:\/\/up2sky.aero\/wp-content\/uploads\/2022\/12\/28C095D7-BC9D-4117-AC52-81DB16C09B28.webp","contentUrl":"https:\/\/up2sky.aero\/wp-content\/uploads\/2022\/12\/28C095D7-BC9D-4117-AC52-81DB16C09B28.webp","width":858,"height":800},{"@type":"BreadcrumbList","@id":"https:\/\/up2sky.aero\/produkt\/taska-pilot-daily\/#breadcrumb","itemListElement":[{"@type":"ListItem","position":1,"name":"Domovsk\u00e1 str\u00e1nka","item":"https:\/\/up2sky.aero\/"},{"@type":"ListItem","position":2,"name":"Pilot shop","item":"https:\/\/up2sky.aero\/?page_id=126"},{"@type":"ListItem","position":3,"name":"Ta\u0161ka PILOT DAILY"}]},{"@type":"WebSite","@id":"https:\/\/up2sky.aero\/#website","url":"https:\/\/up2sky.aero\/","name":"up2sky.aero","description":"Z\u00e1\u017eitkov\u00e9 lety pre milovn\u00edkov dobrodru\u017estiev","publisher":{"@id":"https:\/\/up2sky.aero\/#organization"},"alternateName":"up2sky","potentialAction":[{"@type":"SearchAction","target":{"@type":"EntryPoint","urlTemplate":"https:\/\/up2sky.aero\/?s={search_term_string}"},"query-input":{"@type":"PropertyValueSpecification","valueRequired":true,"valueName":"search_term_string"}}],"inLanguage":"en-GB"},{"@type":"Organization","@id":"https:\/\/up2sky.aero\/#organization","name":"up2sky.aero, s.r.o.","url":"https:\/\/up2sky.aero\/","logo":{"@type":"ImageObject","inLanguage":"en-GB","@id":"https:\/\/up2sky.aero\/#\/schema\/logo\/image\/","url":"https:\/\/up2sky.aero\/wp-content\/uploads\/2022\/10\/up2sky-logo.svg","contentUrl":"https:\/\/up2sky.aero\/wp-content\/uploads\/2022\/10\/up2sky-logo.svg","width":180,"height":141,"caption":"up2sky.aero, s.r.o."},"image":{"@id":"https:\/\/up2sky.aero\/#\/schema\/logo\/image\/"},"sameAs":["https:\/\/www.facebook.com\/up2sky.aero"]}]}},"_links":{"self":[{"href":"https:\/\/up2sky.aero\/en\/wp-json\/wp\/v2\/product\/331","targetHints":{"allow":["GET"]}}],"collection":[{"href":"https:\/\/up2sky.aero\/en\/wp-json\/wp\/v2\/product"}],"about":[{"href":"https:\/\/up2sky.aero\/en\/wp-json\/wp\/v2\/types\/product"}],"wp:featuredmedia":[{"embeddable":true,"href":"https:\/\/up2sky.aero\/en\/wp-json\/wp\/v2\/media\/332"}],"wp:attachment":[{"href":"https:\/\/up2sky.aero\/en\/wp-json\/wp\/v2\/media?parent=331"}],"wp:term":[{"taxonomy":"product_brand","embeddable":true,"href":"https:\/\/up2sky.aero\/en\/wp-json\/wp\/v2\/product_brand?post=331"},{"taxonomy":"product_cat","embeddable":true,"href":"https:\/\/up2sky.aero\/en\/wp-json\/wp\/v2\/product_cat?post=331"},{"taxonomy":"product_tag","embeddable":true,"href":"https:\/\/up2sky.aero\/en\/wp-json\/wp\/v2\/product_tag?post=331"}],"curies":[{"name":"wp","href":"https:\/\/api.w.org\/{rel}","templated":true}]}}