{"id":346,"date":"2022-12-13T21:07:08","date_gmt":"2022-12-13T20:07:08","guid":{"rendered":"https:\/\/up2sky.aero\/?post_type=product&#038;p=346"},"modified":"2025-05-09T11:41:17","modified_gmt":"2025-05-09T09:41:17","slug":"ruksak-pilot","status":"publish","type":"product","link":"https:\/\/up2sky.aero\/en\/product\/ruksak-pilot\/","title":{"rendered":"PILOT RUKSAK"},"content":{"rendered":"<p>Tento elegantn\u00fd a pevn\u00fd batoh je vyroben\u00fd zo siln\u00e9ho odoln\u00e9ho a ekologick\u00e9ho recyklovan\u00e9ho nylonu, je plne polstrovan\u00fd a bol navrhnut\u00fd tak, aby chr\u00e1nil aj vysokokvalitn\u00e9 produkty.<\/p>\n<p>Aby sa ta\u0161ka neza\u0161pinila, na spodnej strane s\u00fa mal\u00e9 nastavite\u013en\u00e9 no\u017ei\u010dky.<\/p>\n<p>Na prednej strane je jedna priehradka so zipsom a kovov\u00fdm logom. Pod n\u00edm je ve\u013ek\u00e1 r\u00fdchlo pr\u00edstupn\u00e1 priehradka z neopr\u00e9nu a dve priehradky na organiz\u00e9r po stran\u00e1ch na ulo\u017eenie pier, bat\u00e9ri\u00ed, k\u013e\u00fa\u010dov, k\u00e1blov at\u010f.<\/p>\n<p>Ka\u017ed\u00e1 strana m\u00e1 priehradku na zips na palivov\u00e9 sondy, r\u00e1diov\u00e9 zariadenia, f\u013ea\u0161e na pitie at\u010f. a nad ka\u017edou je mal\u00e1 priehradka z neopr\u00e9nu. Na \u013eavej strane je r\u00fdchlo pr\u00edstupn\u00e1 priehradka so zipsom na notebook a tablet.<\/p>\n<p>Chrb\u00e1t je pohodlne polstrovan\u00fd a vybaven\u00fd priehradkou na zips, tak\u017ee pri nosen\u00ed na chrbte nie je mo\u017en\u00fd ne\u017eiaduci pr\u00edstup a navy\u0161e je tu popruh na voz\u00edk.<\/p>\n<p>Uzamykate\u013en\u00e1 hlavn\u00e1 priehradka sa d\u00e1 variabilne rozdeli\u0165 a pon\u00faka tak ve\u013emi vysok\u00fa mieru flexibility. Vo vn\u00fatri s\u00fa \u010fal\u0161ie 4 sie\u0165ovan\u00e9 priehradky, kde ihne\u010f n\u00e1jdete, \u010do h\u013ead\u00e1te.<\/p>\n<p>Na zadnej strane je uzamykate\u013en\u00e1 priehradka organiz\u00e9ra na papiere. Dve priehradky s\u00fa ozna\u010den\u00e9 VFR a IFR, neopr\u00e9nov\u00e1 priehradka na okuliare, 2 dr\u017eiaky na per\u00e1, 4 priehradky na kreditn\u00e9 karty, palivov\u00e9 karty at\u010f. a oto\u010dn\u00e1 karta pre \u201estav letov\u00e9ho poriadku\u201c.<\/p>\n<p>Na ka\u017edom z ramenn\u00fdch popruhov je neopr\u00e9nov\u00e1 priehradka na ulo\u017eenie r\u00f4znych drobnost\u00ed, ako s\u00fa peniaze, karty at\u010f.<\/p>\n<p>Hlavn\u00e1 priehradka, dve bo\u010dn\u00e9 priehradky na zips a dve mal\u00e9 neopr\u00e9nov\u00e9 priehradky na ramenn\u00fdch popruhoch s\u00fa vybaven\u00e9 reflexn\u00fdm zipsom, aby sa zv\u00fd\u0161ila va\u0161a vidite\u013enos\u0165 v tme.<\/p>\n<p>Rozmer: 46x34x20 cm<\/p>","protected":false},"excerpt":{"rendered":"<p>Tento elegantn\u00fd a pevn\u00fd batoh je vyroben\u00fd zo siln\u00e9ho odoln\u00e9ho a ekologick\u00e9ho recyklovan\u00e9ho nylonu, je plne polstrovan\u00fd a bol navrhnut\u00fd tak, aby chr\u00e1nil aj vysokokvalitn\u00e9 produkty. Aby sa ta\u0161ka neza\u0161pinila, na spodnej strane s\u00fa mal\u00e9 nastavite\u013en\u00e9 no\u017ei\u010dky. Na prednej strane je jedna priehradka so zipsom a kovov\u00fdm logom. Pod n\u00edm je ve\u013ek\u00e1 r\u00fdchlo pr\u00edstupn\u00e1 priehradka [&hellip;]<\/p>","protected":false},"featured_media":347,"template":"","meta":{"_acf_changed":false,"inline_featured_image":false},"product_brand":[],"product_cat":[22,23],"product_tag":[29],"class_list":{"0":"post-346","1":"product","2":"type-product","3":"status-publish","4":"has-post-thumbnail","6":"product_cat-pilot-shop","7":"product_cat-pilotne-tasky-kufre","8":"product_tag-design-4-pilots","10":"first","11":"instock","12":"taxable","13":"shipping-taxable","14":"purchasable","15":"product-type-variable","16":"has-default-attributes"},"acf":[],"yoast_head":"<!-- This site is optimized with the Yoast SEO plugin v27.4 - https:\/\/yoast.com\/product\/yoast-seo-wordpress\/ -->\n<title>Ruksak PILOT - up2sky.aero<\/title>\n<meta name=\"description\" content=\"Tento elegantn\u00fd a pevn\u00fd batoh je vyroben\u00fd zo siln\u00e9ho odoln\u00e9ho a ekologick\u00e9ho recyklovan\u00e9ho nylonu, je plne polstrovan\u00fd a bol navrhnut\u00fd tak, aby chr\u00e1nil aj vysokokvalitn\u00e9 produkty.\" \/>\n<meta name=\"robots\" content=\"index, follow, max-snippet:-1, max-image-preview:large, max-video-preview:-1\" \/>\n<link rel=\"canonical\" href=\"https:\/\/up2sky.aero\/en\/product\/ruksak-pilot\/\" \/>\n<meta property=\"og:locale\" content=\"en_GB\" \/>\n<meta property=\"og:type\" content=\"article\" \/>\n<meta property=\"og:title\" content=\"Ruksak PILOT - up2sky.aero\" \/>\n<meta property=\"og:description\" content=\"Tento elegantn\u00fd a pevn\u00fd batoh je vyroben\u00fd zo siln\u00e9ho odoln\u00e9ho a ekologick\u00e9ho recyklovan\u00e9ho nylonu, je plne polstrovan\u00fd a bol navrhnut\u00fd tak, aby chr\u00e1nil aj vysokokvalitn\u00e9 produkty.\" \/>\n<meta property=\"og:url\" content=\"https:\/\/up2sky.aero\/en\/product\/ruksak-pilot\/\" \/>\n<meta property=\"og:site_name\" content=\"up2sky.aero\" \/>\n<meta property=\"article:publisher\" content=\"https:\/\/www.facebook.com\/up2sky.aero\" \/>\n<meta property=\"article:modified_time\" content=\"2025-05-09T09:41:17+00:00\" \/>\n<meta property=\"og:image\" content=\"http:\/\/up2sky.aero\/wp-content\/uploads\/2022\/12\/FA931B90-5DD4-4CDC-A393-C498F13616C1.webp\" \/>\n\t<meta property=\"og:image:width\" content=\"727\" \/>\n\t<meta property=\"og:image:height\" content=\"800\" \/>\n\t<meta property=\"og:image:type\" content=\"image\/webp\" \/>\n<meta name=\"twitter:card\" content=\"summary_large_image\" \/>\n<meta name=\"twitter:label1\" content=\"Estimated reading time\" \/>\n\t<meta name=\"twitter:data1\" content=\"2 minutes\" \/>\n<script type=\"application\/ld+json\" class=\"yoast-schema-graph\">{\"@context\":\"https:\\\/\\\/schema.org\",\"@graph\":[{\"@type\":\"WebPage\",\"@id\":\"https:\\\/\\\/up2sky.aero\\\/produkt\\\/ruksak-pilot\\\/\",\"url\":\"https:\\\/\\\/up2sky.aero\\\/produkt\\\/ruksak-pilot\\\/\",\"name\":\"Ruksak PILOT - up2sky.aero\",\"isPartOf\":{\"@id\":\"https:\\\/\\\/up2sky.aero\\\/#website\"},\"primaryImageOfPage\":{\"@id\":\"https:\\\/\\\/up2sky.aero\\\/produkt\\\/ruksak-pilot\\\/#primaryimage\"},\"image\":{\"@id\":\"https:\\\/\\\/up2sky.aero\\\/produkt\\\/ruksak-pilot\\\/#primaryimage\"},\"thumbnailUrl\":\"https:\\\/\\\/up2sky.aero\\\/wp-content\\\/uploads\\\/2022\\\/12\\\/FA931B90-5DD4-4CDC-A393-C498F13616C1.webp\",\"datePublished\":\"2022-12-13T20:07:08+00:00\",\"dateModified\":\"2025-05-09T09:41:17+00:00\",\"description\":\"Tento elegantn\u00fd a pevn\u00fd batoh je vyroben\u00fd zo siln\u00e9ho odoln\u00e9ho a ekologick\u00e9ho recyklovan\u00e9ho nylonu, je plne polstrovan\u00fd a bol navrhnut\u00fd tak, aby chr\u00e1nil aj vysokokvalitn\u00e9 produkty.\",\"breadcrumb\":{\"@id\":\"https:\\\/\\\/up2sky.aero\\\/produkt\\\/ruksak-pilot\\\/#breadcrumb\"},\"inLanguage\":\"en-GB\",\"potentialAction\":[{\"@type\":\"ReadAction\",\"target\":[\"https:\\\/\\\/up2sky.aero\\\/produkt\\\/ruksak-pilot\\\/\"]}]},{\"@type\":\"ImageObject\",\"inLanguage\":\"en-GB\",\"@id\":\"https:\\\/\\\/up2sky.aero\\\/produkt\\\/ruksak-pilot\\\/#primaryimage\",\"url\":\"https:\\\/\\\/up2sky.aero\\\/wp-content\\\/uploads\\\/2022\\\/12\\\/FA931B90-5DD4-4CDC-A393-C498F13616C1.webp\",\"contentUrl\":\"https:\\\/\\\/up2sky.aero\\\/wp-content\\\/uploads\\\/2022\\\/12\\\/FA931B90-5DD4-4CDC-A393-C498F13616C1.webp\",\"width\":727,\"height\":800},{\"@type\":\"BreadcrumbList\",\"@id\":\"https:\\\/\\\/up2sky.aero\\\/produkt\\\/ruksak-pilot\\\/#breadcrumb\",\"itemListElement\":[{\"@type\":\"ListItem\",\"position\":1,\"name\":\"Domovsk\u00e1 str\u00e1nka\",\"item\":\"https:\\\/\\\/up2sky.aero\\\/\"},{\"@type\":\"ListItem\",\"position\":2,\"name\":\"Pilot shop\",\"item\":\"https:\\\/\\\/up2sky.aero\\\/?page_id=126\"},{\"@type\":\"ListItem\",\"position\":3,\"name\":\"Ruksak PILOT\"}]},{\"@type\":\"WebSite\",\"@id\":\"https:\\\/\\\/up2sky.aero\\\/#website\",\"url\":\"https:\\\/\\\/up2sky.aero\\\/\",\"name\":\"up2sky.aero\",\"description\":\"Z\u00e1\u017eitkov\u00e9 lety pre milovn\u00edkov dobrodru\u017estiev\",\"publisher\":{\"@id\":\"https:\\\/\\\/up2sky.aero\\\/#organization\"},\"alternateName\":\"up2sky\",\"potentialAction\":[{\"@type\":\"SearchAction\",\"target\":{\"@type\":\"EntryPoint\",\"urlTemplate\":\"https:\\\/\\\/up2sky.aero\\\/?s={search_term_string}\"},\"query-input\":{\"@type\":\"PropertyValueSpecification\",\"valueRequired\":true,\"valueName\":\"search_term_string\"}}],\"inLanguage\":\"en-GB\"},{\"@type\":\"Organization\",\"@id\":\"https:\\\/\\\/up2sky.aero\\\/#organization\",\"name\":\"up2sky.aero, s.r.o.\",\"url\":\"https:\\\/\\\/up2sky.aero\\\/\",\"logo\":{\"@type\":\"ImageObject\",\"inLanguage\":\"en-GB\",\"@id\":\"https:\\\/\\\/up2sky.aero\\\/#\\\/schema\\\/logo\\\/image\\\/\",\"url\":\"https:\\\/\\\/up2sky.aero\\\/wp-content\\\/uploads\\\/2022\\\/10\\\/up2sky-logo.svg\",\"contentUrl\":\"https:\\\/\\\/up2sky.aero\\\/wp-content\\\/uploads\\\/2022\\\/10\\\/up2sky-logo.svg\",\"width\":180,\"height\":141,\"caption\":\"up2sky.aero, s.r.o.\"},\"image\":{\"@id\":\"https:\\\/\\\/up2sky.aero\\\/#\\\/schema\\\/logo\\\/image\\\/\"},\"sameAs\":[\"https:\\\/\\\/www.facebook.com\\\/up2sky.aero\"]}]}<\/script>\n<!-- \/ Yoast SEO plugin. -->","yoast_head_json":{"title":"Ruksak PILOT - up2sky.aero","description":"Tento elegantn\u00fd a pevn\u00fd batoh je vyroben\u00fd zo siln\u00e9ho odoln\u00e9ho a ekologick\u00e9ho recyklovan\u00e9ho nylonu, je plne polstrovan\u00fd a bol navrhnut\u00fd tak, aby chr\u00e1nil aj vysokokvalitn\u00e9 produkty.","robots":{"index":"index","follow":"follow","max-snippet":"max-snippet:-1","max-image-preview":"max-image-preview:large","max-video-preview":"max-video-preview:-1"},"canonical":"https:\/\/up2sky.aero\/en\/product\/ruksak-pilot\/","og_locale":"en_GB","og_type":"article","og_title":"Ruksak PILOT - up2sky.aero","og_description":"Tento elegantn\u00fd a pevn\u00fd batoh je vyroben\u00fd zo siln\u00e9ho odoln\u00e9ho a ekologick\u00e9ho recyklovan\u00e9ho nylonu, je plne polstrovan\u00fd a bol navrhnut\u00fd tak, aby chr\u00e1nil aj vysokokvalitn\u00e9 produkty.","og_url":"https:\/\/up2sky.aero\/en\/product\/ruksak-pilot\/","og_site_name":"up2sky.aero","article_publisher":"https:\/\/www.facebook.com\/up2sky.aero","article_modified_time":"2025-05-09T09:41:17+00:00","og_image":[{"width":727,"height":800,"url":"http:\/\/up2sky.aero\/wp-content\/uploads\/2022\/12\/FA931B90-5DD4-4CDC-A393-C498F13616C1.webp","type":"image\/webp"}],"twitter_card":"summary_large_image","twitter_misc":{"Estimated reading time":"2 minutes"},"schema":{"@context":"https:\/\/schema.org","@graph":[{"@type":"WebPage","@id":"https:\/\/up2sky.aero\/produkt\/ruksak-pilot\/","url":"https:\/\/up2sky.aero\/produkt\/ruksak-pilot\/","name":"Ruksak PILOT - up2sky.aero","isPartOf":{"@id":"https:\/\/up2sky.aero\/#website"},"primaryImageOfPage":{"@id":"https:\/\/up2sky.aero\/produkt\/ruksak-pilot\/#primaryimage"},"image":{"@id":"https:\/\/up2sky.aero\/produkt\/ruksak-pilot\/#primaryimage"},"thumbnailUrl":"https:\/\/up2sky.aero\/wp-content\/uploads\/2022\/12\/FA931B90-5DD4-4CDC-A393-C498F13616C1.webp","datePublished":"2022-12-13T20:07:08+00:00","dateModified":"2025-05-09T09:41:17+00:00","description":"Tento elegantn\u00fd a pevn\u00fd batoh je vyroben\u00fd zo siln\u00e9ho odoln\u00e9ho a ekologick\u00e9ho recyklovan\u00e9ho nylonu, je plne polstrovan\u00fd a bol navrhnut\u00fd tak, aby chr\u00e1nil aj vysokokvalitn\u00e9 produkty.","breadcrumb":{"@id":"https:\/\/up2sky.aero\/produkt\/ruksak-pilot\/#breadcrumb"},"inLanguage":"en-GB","potentialAction":[{"@type":"ReadAction","target":["https:\/\/up2sky.aero\/produkt\/ruksak-pilot\/"]}]},{"@type":"ImageObject","inLanguage":"en-GB","@id":"https:\/\/up2sky.aero\/produkt\/ruksak-pilot\/#primaryimage","url":"https:\/\/up2sky.aero\/wp-content\/uploads\/2022\/12\/FA931B90-5DD4-4CDC-A393-C498F13616C1.webp","contentUrl":"https:\/\/up2sky.aero\/wp-content\/uploads\/2022\/12\/FA931B90-5DD4-4CDC-A393-C498F13616C1.webp","width":727,"height":800},{"@type":"BreadcrumbList","@id":"https:\/\/up2sky.aero\/produkt\/ruksak-pilot\/#breadcrumb","itemListElement":[{"@type":"ListItem","position":1,"name":"Domovsk\u00e1 str\u00e1nka","item":"https:\/\/up2sky.aero\/"},{"@type":"ListItem","position":2,"name":"Pilot shop","item":"https:\/\/up2sky.aero\/?page_id=126"},{"@type":"ListItem","position":3,"name":"Ruksak PILOT"}]},{"@type":"WebSite","@id":"https:\/\/up2sky.aero\/#website","url":"https:\/\/up2sky.aero\/","name":"up2sky.aero","description":"Z\u00e1\u017eitkov\u00e9 lety pre milovn\u00edkov dobrodru\u017estiev","publisher":{"@id":"https:\/\/up2sky.aero\/#organization"},"alternateName":"up2sky","potentialAction":[{"@type":"SearchAction","target":{"@type":"EntryPoint","urlTemplate":"https:\/\/up2sky.aero\/?s={search_term_string}"},"query-input":{"@type":"PropertyValueSpecification","valueRequired":true,"valueName":"search_term_string"}}],"inLanguage":"en-GB"},{"@type":"Organization","@id":"https:\/\/up2sky.aero\/#organization","name":"up2sky.aero, s.r.o.","url":"https:\/\/up2sky.aero\/","logo":{"@type":"ImageObject","inLanguage":"en-GB","@id":"https:\/\/up2sky.aero\/#\/schema\/logo\/image\/","url":"https:\/\/up2sky.aero\/wp-content\/uploads\/2022\/10\/up2sky-logo.svg","contentUrl":"https:\/\/up2sky.aero\/wp-content\/uploads\/2022\/10\/up2sky-logo.svg","width":180,"height":141,"caption":"up2sky.aero, s.r.o."},"image":{"@id":"https:\/\/up2sky.aero\/#\/schema\/logo\/image\/"},"sameAs":["https:\/\/www.facebook.com\/up2sky.aero"]}]}},"_links":{"self":[{"href":"https:\/\/up2sky.aero\/en\/wp-json\/wp\/v2\/product\/346","targetHints":{"allow":["GET"]}}],"collection":[{"href":"https:\/\/up2sky.aero\/en\/wp-json\/wp\/v2\/product"}],"about":[{"href":"https:\/\/up2sky.aero\/en\/wp-json\/wp\/v2\/types\/product"}],"wp:featuredmedia":[{"embeddable":true,"href":"https:\/\/up2sky.aero\/en\/wp-json\/wp\/v2\/media\/347"}],"wp:attachment":[{"href":"https:\/\/up2sky.aero\/en\/wp-json\/wp\/v2\/media?parent=346"}],"wp:term":[{"taxonomy":"product_brand","embeddable":true,"href":"https:\/\/up2sky.aero\/en\/wp-json\/wp\/v2\/product_brand?post=346"},{"taxonomy":"product_cat","embeddable":true,"href":"https:\/\/up2sky.aero\/en\/wp-json\/wp\/v2\/product_cat?post=346"},{"taxonomy":"product_tag","embeddable":true,"href":"https:\/\/up2sky.aero\/en\/wp-json\/wp\/v2\/product_tag?post=346"}],"curies":[{"name":"wp","href":"https:\/\/api.w.org\/{rel}","templated":true}]}}