{"id":355,"date":"2022-12-13T21:59:31","date_gmt":"2022-12-13T20:59:31","guid":{"rendered":"https:\/\/up2sky.aero\/?post_type=product&#038;p=355"},"modified":"2024-12-26T17:40:50","modified_gmt":"2024-12-26T16:40:50","slug":"i-pilot-tablet","status":"publish","type":"product","link":"https:\/\/up2sky.aero\/en\/product\/i-pilot-tablet\/","title":{"rendered":"i-Pilot TABLET knee pad"},"content":{"rendered":"<p>T\u00e1to elegantn\u00e1, vysoko kvalitn\u00e1 doska na kolen\u00e1 je vyroben\u00e1 z ekologickej ko\u017ee a m\u00e1 \u0161irok\u00fd p\u00e1sik na such\u00fd zips, pr\u00edchytn\u00fa sponu, dva elastick\u00e9 dr\u017eiaky na per\u00e1 a kovov\u00fd dr\u017eiak pre s\u00fapravu PILOT CONTROLLER\u00ae KIT. Okrem popruhu poskytuj\u00fa proti\u0161mykov\u00e9 podlo\u017eky ve\u013emi dobr\u00fa stabilitu.<\/p>\n<p>Vhodn\u00e9 pre v\u00e4\u010d\u0161inu s\u00fa\u010dasn\u00fdch tabletov (9\u201d-11\u201d)<\/p>\n<p>Vn\u00fatro n\u00e1kolenia je potiahnut\u00e9 m\u00e4kk\u00fdm mikrovl\u00e1knom, ktor\u00e9 chr\u00e1ni v\u00e1\u0161 pr\u00edstroj, a m\u00e1 aj vrecko na vizitky.<br \/>\nNov\u00e9 kontaktn\u00e9 li\u0161ty navy\u0161e zais\u0165uj\u00fa lep\u0161\u00ed odvod tepla a optim\u00e1lnu cirkul\u00e1ciu vzduchu a tablet je zaisten\u00fd such\u00fdm zipsom proti vypadnutiu.<\/p>\n<p>Rozmer: 19x26x2 cm<\/p>","protected":false},"excerpt":{"rendered":"<p>T\u00e1to elegantn\u00e1, vysoko kvalitn\u00e1 doska na kolen\u00e1 je vyroben\u00e1 z ekologickej ko\u017ee a m\u00e1 \u0161irok\u00fd p\u00e1sik na such\u00fd zips, pr\u00edchytn\u00fa sponu, dva elastick\u00e9 dr\u017eiaky na per\u00e1 a kovov\u00fd dr\u017eiak pre s\u00fapravu PILOT CONTROLLER\u00ae KIT. Okrem popruhu poskytuj\u00fa proti\u0161mykov\u00e9 podlo\u017eky ve\u013emi dobr\u00fa stabilitu. Vhodn\u00e9 pre v\u00e4\u010d\u0161inu s\u00fa\u010dasn\u00fdch tabletov (9\u201d-11\u201d) Vn\u00fatro n\u00e1kolenia je potiahnut\u00e9 m\u00e4kk\u00fdm mikrovl\u00e1knom, ktor\u00e9 [&hellip;]<\/p>","protected":false},"featured_media":356,"template":"","meta":{"_acf_changed":false,"inline_featured_image":false},"product_brand":[],"product_cat":[27,22],"product_tag":[29],"class_list":{"0":"post-355","1":"product","2":"type-product","3":"status-publish","4":"has-post-thumbnail","6":"product_cat-nakolenniky","7":"product_cat-pilot-shop","8":"product_tag-design-4-pilots","10":"first","11":"instock","12":"taxable","13":"shipping-taxable","14":"purchasable","15":"product-type-variable"},"acf":[],"yoast_head":"<!-- This site is optimized with the Yoast SEO plugin v27.4 - https:\/\/yoast.com\/product\/yoast-seo-wordpress\/ -->\n<title>N\u00e1kolenn\u00edk i-Pilot TABLET - up2sky.aero<\/title>\n<meta name=\"description\" content=\"T\u00e1to elegantn\u00e1, vysoko kvalitn\u00e1 doska na kolen\u00e1 je vyroben\u00e1 z ekologickej ko\u017ee a m\u00e1 \u0161irok\u00fd p\u00e1sik na such\u00fd zips a pr\u00edchytn\u00fa sponu.\" \/>\n<meta name=\"robots\" content=\"index, follow, max-snippet:-1, max-image-preview:large, max-video-preview:-1\" \/>\n<link rel=\"canonical\" href=\"https:\/\/up2sky.aero\/en\/product\/i-pilot-tablet\/\" \/>\n<meta property=\"og:locale\" content=\"en_GB\" \/>\n<meta property=\"og:type\" content=\"article\" \/>\n<meta property=\"og:title\" content=\"N\u00e1kolenn\u00edk i-Pilot TABLET - up2sky.aero\" \/>\n<meta property=\"og:description\" content=\"T\u00e1to elegantn\u00e1, vysoko kvalitn\u00e1 doska na kolen\u00e1 je vyroben\u00e1 z ekologickej ko\u017ee a m\u00e1 \u0161irok\u00fd p\u00e1sik na such\u00fd zips a pr\u00edchytn\u00fa sponu.\" \/>\n<meta property=\"og:url\" content=\"https:\/\/up2sky.aero\/en\/product\/i-pilot-tablet\/\" \/>\n<meta property=\"og:site_name\" content=\"up2sky.aero\" \/>\n<meta property=\"article:publisher\" content=\"https:\/\/www.facebook.com\/up2sky.aero\" \/>\n<meta property=\"article:modified_time\" content=\"2024-12-26T16:40:50+00:00\" \/>\n<meta property=\"og:image\" content=\"http:\/\/up2sky.aero\/wp-content\/uploads\/2022\/12\/E0B61C4F-DDC1-4F00-8B7F-9A9E7062930A.webp\" \/>\n\t<meta property=\"og:image:width\" content=\"586\" \/>\n\t<meta property=\"og:image:height\" content=\"800\" \/>\n\t<meta property=\"og:image:type\" content=\"image\/webp\" \/>\n<meta name=\"twitter:card\" content=\"summary_large_image\" \/>\n<meta name=\"twitter:label1\" content=\"Estimated reading time\" \/>\n\t<meta name=\"twitter:data1\" content=\"1 minute\" \/>\n<script type=\"application\/ld+json\" class=\"yoast-schema-graph\">{\"@context\":\"https:\\\/\\\/schema.org\",\"@graph\":[{\"@type\":\"WebPage\",\"@id\":\"https:\\\/\\\/up2sky.aero\\\/produkt\\\/i-pilot-tablet\\\/\",\"url\":\"https:\\\/\\\/up2sky.aero\\\/produkt\\\/i-pilot-tablet\\\/\",\"name\":\"N\u00e1kolenn\u00edk i-Pilot TABLET - up2sky.aero\",\"isPartOf\":{\"@id\":\"https:\\\/\\\/up2sky.aero\\\/#website\"},\"primaryImageOfPage\":{\"@id\":\"https:\\\/\\\/up2sky.aero\\\/produkt\\\/i-pilot-tablet\\\/#primaryimage\"},\"image\":{\"@id\":\"https:\\\/\\\/up2sky.aero\\\/produkt\\\/i-pilot-tablet\\\/#primaryimage\"},\"thumbnailUrl\":\"https:\\\/\\\/up2sky.aero\\\/wp-content\\\/uploads\\\/2022\\\/12\\\/E0B61C4F-DDC1-4F00-8B7F-9A9E7062930A.webp\",\"datePublished\":\"2022-12-13T20:59:31+00:00\",\"dateModified\":\"2024-12-26T16:40:50+00:00\",\"description\":\"T\u00e1to elegantn\u00e1, vysoko kvalitn\u00e1 doska na kolen\u00e1 je vyroben\u00e1 z ekologickej ko\u017ee a m\u00e1 \u0161irok\u00fd p\u00e1sik na such\u00fd zips a pr\u00edchytn\u00fa sponu.\",\"breadcrumb\":{\"@id\":\"https:\\\/\\\/up2sky.aero\\\/produkt\\\/i-pilot-tablet\\\/#breadcrumb\"},\"inLanguage\":\"en-GB\",\"potentialAction\":[{\"@type\":\"ReadAction\",\"target\":[\"https:\\\/\\\/up2sky.aero\\\/produkt\\\/i-pilot-tablet\\\/\"]}]},{\"@type\":\"ImageObject\",\"inLanguage\":\"en-GB\",\"@id\":\"https:\\\/\\\/up2sky.aero\\\/produkt\\\/i-pilot-tablet\\\/#primaryimage\",\"url\":\"https:\\\/\\\/up2sky.aero\\\/wp-content\\\/uploads\\\/2022\\\/12\\\/E0B61C4F-DDC1-4F00-8B7F-9A9E7062930A.webp\",\"contentUrl\":\"https:\\\/\\\/up2sky.aero\\\/wp-content\\\/uploads\\\/2022\\\/12\\\/E0B61C4F-DDC1-4F00-8B7F-9A9E7062930A.webp\",\"width\":586,\"height\":800},{\"@type\":\"BreadcrumbList\",\"@id\":\"https:\\\/\\\/up2sky.aero\\\/produkt\\\/i-pilot-tablet\\\/#breadcrumb\",\"itemListElement\":[{\"@type\":\"ListItem\",\"position\":1,\"name\":\"Domovsk\u00e1 str\u00e1nka\",\"item\":\"https:\\\/\\\/up2sky.aero\\\/\"},{\"@type\":\"ListItem\",\"position\":2,\"name\":\"Pilot shop\",\"item\":\"https:\\\/\\\/up2sky.aero\\\/?page_id=126\"},{\"@type\":\"ListItem\",\"position\":3,\"name\":\"N\u00e1kolenn\u00edk i-Pilot TABLET\"}]},{\"@type\":\"WebSite\",\"@id\":\"https:\\\/\\\/up2sky.aero\\\/#website\",\"url\":\"https:\\\/\\\/up2sky.aero\\\/\",\"name\":\"up2sky.aero\",\"description\":\"Z\u00e1\u017eitkov\u00e9 lety pre milovn\u00edkov dobrodru\u017estiev\",\"publisher\":{\"@id\":\"https:\\\/\\\/up2sky.aero\\\/#organization\"},\"alternateName\":\"up2sky\",\"potentialAction\":[{\"@type\":\"SearchAction\",\"target\":{\"@type\":\"EntryPoint\",\"urlTemplate\":\"https:\\\/\\\/up2sky.aero\\\/?s={search_term_string}\"},\"query-input\":{\"@type\":\"PropertyValueSpecification\",\"valueRequired\":true,\"valueName\":\"search_term_string\"}}],\"inLanguage\":\"en-GB\"},{\"@type\":\"Organization\",\"@id\":\"https:\\\/\\\/up2sky.aero\\\/#organization\",\"name\":\"up2sky.aero, s.r.o.\",\"url\":\"https:\\\/\\\/up2sky.aero\\\/\",\"logo\":{\"@type\":\"ImageObject\",\"inLanguage\":\"en-GB\",\"@id\":\"https:\\\/\\\/up2sky.aero\\\/#\\\/schema\\\/logo\\\/image\\\/\",\"url\":\"https:\\\/\\\/up2sky.aero\\\/wp-content\\\/uploads\\\/2022\\\/10\\\/up2sky-logo.svg\",\"contentUrl\":\"https:\\\/\\\/up2sky.aero\\\/wp-content\\\/uploads\\\/2022\\\/10\\\/up2sky-logo.svg\",\"width\":180,\"height\":141,\"caption\":\"up2sky.aero, s.r.o.\"},\"image\":{\"@id\":\"https:\\\/\\\/up2sky.aero\\\/#\\\/schema\\\/logo\\\/image\\\/\"},\"sameAs\":[\"https:\\\/\\\/www.facebook.com\\\/up2sky.aero\"]}]}<\/script>\n<!-- \/ Yoast SEO plugin. -->","yoast_head_json":{"title":"N\u00e1kolenn\u00edk i-Pilot TABLET - up2sky.aero","description":"T\u00e1to elegantn\u00e1, vysoko kvalitn\u00e1 doska na kolen\u00e1 je vyroben\u00e1 z ekologickej ko\u017ee a m\u00e1 \u0161irok\u00fd p\u00e1sik na such\u00fd zips a pr\u00edchytn\u00fa sponu.","robots":{"index":"index","follow":"follow","max-snippet":"max-snippet:-1","max-image-preview":"max-image-preview:large","max-video-preview":"max-video-preview:-1"},"canonical":"https:\/\/up2sky.aero\/en\/product\/i-pilot-tablet\/","og_locale":"en_GB","og_type":"article","og_title":"N\u00e1kolenn\u00edk i-Pilot TABLET - up2sky.aero","og_description":"T\u00e1to elegantn\u00e1, vysoko kvalitn\u00e1 doska na kolen\u00e1 je vyroben\u00e1 z ekologickej ko\u017ee a m\u00e1 \u0161irok\u00fd p\u00e1sik na such\u00fd zips a pr\u00edchytn\u00fa sponu.","og_url":"https:\/\/up2sky.aero\/en\/product\/i-pilot-tablet\/","og_site_name":"up2sky.aero","article_publisher":"https:\/\/www.facebook.com\/up2sky.aero","article_modified_time":"2024-12-26T16:40:50+00:00","og_image":[{"width":586,"height":800,"url":"http:\/\/up2sky.aero\/wp-content\/uploads\/2022\/12\/E0B61C4F-DDC1-4F00-8B7F-9A9E7062930A.webp","type":"image\/webp"}],"twitter_card":"summary_large_image","twitter_misc":{"Estimated reading time":"1 minute"},"schema":{"@context":"https:\/\/schema.org","@graph":[{"@type":"WebPage","@id":"https:\/\/up2sky.aero\/produkt\/i-pilot-tablet\/","url":"https:\/\/up2sky.aero\/produkt\/i-pilot-tablet\/","name":"N\u00e1kolenn\u00edk i-Pilot TABLET - up2sky.aero","isPartOf":{"@id":"https:\/\/up2sky.aero\/#website"},"primaryImageOfPage":{"@id":"https:\/\/up2sky.aero\/produkt\/i-pilot-tablet\/#primaryimage"},"image":{"@id":"https:\/\/up2sky.aero\/produkt\/i-pilot-tablet\/#primaryimage"},"thumbnailUrl":"https:\/\/up2sky.aero\/wp-content\/uploads\/2022\/12\/E0B61C4F-DDC1-4F00-8B7F-9A9E7062930A.webp","datePublished":"2022-12-13T20:59:31+00:00","dateModified":"2024-12-26T16:40:50+00:00","description":"T\u00e1to elegantn\u00e1, vysoko kvalitn\u00e1 doska na kolen\u00e1 je vyroben\u00e1 z ekologickej ko\u017ee a m\u00e1 \u0161irok\u00fd p\u00e1sik na such\u00fd zips a pr\u00edchytn\u00fa sponu.","breadcrumb":{"@id":"https:\/\/up2sky.aero\/produkt\/i-pilot-tablet\/#breadcrumb"},"inLanguage":"en-GB","potentialAction":[{"@type":"ReadAction","target":["https:\/\/up2sky.aero\/produkt\/i-pilot-tablet\/"]}]},{"@type":"ImageObject","inLanguage":"en-GB","@id":"https:\/\/up2sky.aero\/produkt\/i-pilot-tablet\/#primaryimage","url":"https:\/\/up2sky.aero\/wp-content\/uploads\/2022\/12\/E0B61C4F-DDC1-4F00-8B7F-9A9E7062930A.webp","contentUrl":"https:\/\/up2sky.aero\/wp-content\/uploads\/2022\/12\/E0B61C4F-DDC1-4F00-8B7F-9A9E7062930A.webp","width":586,"height":800},{"@type":"BreadcrumbList","@id":"https:\/\/up2sky.aero\/produkt\/i-pilot-tablet\/#breadcrumb","itemListElement":[{"@type":"ListItem","position":1,"name":"Domovsk\u00e1 str\u00e1nka","item":"https:\/\/up2sky.aero\/"},{"@type":"ListItem","position":2,"name":"Pilot shop","item":"https:\/\/up2sky.aero\/?page_id=126"},{"@type":"ListItem","position":3,"name":"N\u00e1kolenn\u00edk i-Pilot TABLET"}]},{"@type":"WebSite","@id":"https:\/\/up2sky.aero\/#website","url":"https:\/\/up2sky.aero\/","name":"up2sky.aero","description":"Z\u00e1\u017eitkov\u00e9 lety pre milovn\u00edkov dobrodru\u017estiev","publisher":{"@id":"https:\/\/up2sky.aero\/#organization"},"alternateName":"up2sky","potentialAction":[{"@type":"SearchAction","target":{"@type":"EntryPoint","urlTemplate":"https:\/\/up2sky.aero\/?s={search_term_string}"},"query-input":{"@type":"PropertyValueSpecification","valueRequired":true,"valueName":"search_term_string"}}],"inLanguage":"en-GB"},{"@type":"Organization","@id":"https:\/\/up2sky.aero\/#organization","name":"up2sky.aero, s.r.o.","url":"https:\/\/up2sky.aero\/","logo":{"@type":"ImageObject","inLanguage":"en-GB","@id":"https:\/\/up2sky.aero\/#\/schema\/logo\/image\/","url":"https:\/\/up2sky.aero\/wp-content\/uploads\/2022\/10\/up2sky-logo.svg","contentUrl":"https:\/\/up2sky.aero\/wp-content\/uploads\/2022\/10\/up2sky-logo.svg","width":180,"height":141,"caption":"up2sky.aero, s.r.o."},"image":{"@id":"https:\/\/up2sky.aero\/#\/schema\/logo\/image\/"},"sameAs":["https:\/\/www.facebook.com\/up2sky.aero"]}]}},"_links":{"self":[{"href":"https:\/\/up2sky.aero\/en\/wp-json\/wp\/v2\/product\/355","targetHints":{"allow":["GET"]}}],"collection":[{"href":"https:\/\/up2sky.aero\/en\/wp-json\/wp\/v2\/product"}],"about":[{"href":"https:\/\/up2sky.aero\/en\/wp-json\/wp\/v2\/types\/product"}],"wp:featuredmedia":[{"embeddable":true,"href":"https:\/\/up2sky.aero\/en\/wp-json\/wp\/v2\/media\/356"}],"wp:attachment":[{"href":"https:\/\/up2sky.aero\/en\/wp-json\/wp\/v2\/media?parent=355"}],"wp:term":[{"taxonomy":"product_brand","embeddable":true,"href":"https:\/\/up2sky.aero\/en\/wp-json\/wp\/v2\/product_brand?post=355"},{"taxonomy":"product_cat","embeddable":true,"href":"https:\/\/up2sky.aero\/en\/wp-json\/wp\/v2\/product_cat?post=355"},{"taxonomy":"product_tag","embeddable":true,"href":"https:\/\/up2sky.aero\/en\/wp-json\/wp\/v2\/product_tag?post=355"}],"curies":[{"name":"wp","href":"https:\/\/api.w.org\/{rel}","templated":true}]}}