{"id":370,"date":"2022-12-13T22:17:00","date_gmt":"2022-12-13T21:17:00","guid":{"rendered":"https:\/\/up2sky.aero\/?post_type=product&#038;p=370"},"modified":"2024-12-26T17:37:41","modified_gmt":"2024-12-26T16:37:41","slug":"i-pilot-phone-plus","status":"publish","type":"product","link":"https:\/\/up2sky.aero\/en\/product\/i-pilot-phone-plus\/","title":{"rendered":"i-Pilot PHONE PLUS knee pad"},"content":{"rendered":"<p>Elegantn\u00e1, kvalitn\u00e1 n\u00e1kolenn\u00e1 doska je vyroben\u00e1 z ekologickej ko\u017ee pre najpou\u017e\u00edvanej\u0161ie mobiln\u00e9 telef\u00f3ny (5,5\" - 6,5\"). Obsahuje \u0161irok\u00fd p\u00e1sik na such\u00fd zips, pr\u00edchytn\u00fa sponu, elastick\u00fd dr\u017eiak na pero a kovov\u00fd dr\u017eiak pre s\u00fapravu PILOT CONTROLLER\u00ae KIT.<br \/>\nOkrem popruhu poskytuj\u00fa proti\u0161mykov\u00e9 podlo\u017eky ve\u013emi dobr\u00fa stabilitu.<\/p>\n<p>Pre telef\u00f3ny iPhone 6 Plus, 6s Plus, 7 Plus a 8 Plus.<\/p>\n<p>Vn\u00fatri je n\u00e1kolenn\u00edk potiahnut\u00fd m\u00e4kk\u00fdm mikrovl\u00e1knom, ktor\u00e9 chr\u00e1ni v\u00e1\u0161 iPhone, a m\u00e1 aj vrecko na vizitky.<\/p>\n<p>Rozmer: 9x17,5x2 cm<\/p>","protected":false},"excerpt":{"rendered":"<p>Elegantn\u00e1, kvalitn\u00e1 n\u00e1kolenn\u00e1 doska je vyroben\u00e1 z ekologickej ko\u017ee pre najpou\u017e\u00edvanej\u0161ie mobiln\u00e9 telef\u00f3ny (5,5\" - 6,5\"). Obsahuje \u0161irok\u00fd p\u00e1sik na such\u00fd zips, pr\u00edchytn\u00fa sponu, elastick\u00fd dr\u017eiak na pero a kovov\u00fd dr\u017eiak pre s\u00fapravu PILOT CONTROLLER\u00ae KIT. Okrem popruhu poskytuj\u00fa proti\u0161mykov\u00e9 podlo\u017eky ve\u013emi dobr\u00fa stabilitu. Pre telef\u00f3ny iPhone 6 Plus, 6s Plus, 7 Plus a 8 [&hellip;]<\/p>","protected":false},"featured_media":371,"template":"","meta":{"_acf_changed":false,"inline_featured_image":false},"product_brand":[],"product_cat":[27,22],"product_tag":[29],"class_list":{"0":"post-370","1":"product","2":"type-product","3":"status-publish","4":"has-post-thumbnail","6":"product_cat-nakolenniky","7":"product_cat-pilot-shop","8":"product_tag-design-4-pilots","10":"first","11":"instock","12":"taxable","13":"shipping-taxable","14":"purchasable","15":"product-type-variable"},"acf":[],"yoast_head":"<!-- This site is optimized with the Yoast SEO plugin v27.4 - https:\/\/yoast.com\/product\/yoast-seo-wordpress\/ -->\n<title>N\u00e1kolenn\u00edk i-Pilot PHONE PLUS - up2sky.aero<\/title>\n<meta name=\"description\" content=\"Elegantn\u00e1, kvalitn\u00e1 n\u00e1kolenn\u00e1 doska je vyroben\u00e1 z ekologickej ko\u017ee pre najpou\u017e\u00edvanej\u0161ie mobiln\u00e9 telef\u00f3ny (5,5&quot; - 6,5&quot;). up2sky.aero\" \/>\n<meta name=\"robots\" content=\"index, follow, max-snippet:-1, max-image-preview:large, max-video-preview:-1\" \/>\n<link rel=\"canonical\" href=\"https:\/\/up2sky.aero\/en\/product\/i-pilot-phone-plus\/\" \/>\n<meta property=\"og:locale\" content=\"en_GB\" \/>\n<meta property=\"og:type\" content=\"article\" \/>\n<meta property=\"og:title\" content=\"N\u00e1kolenn\u00edk i-Pilot PHONE PLUS - up2sky.aero\" \/>\n<meta property=\"og:description\" content=\"Elegantn\u00e1, kvalitn\u00e1 n\u00e1kolenn\u00e1 doska je vyroben\u00e1 z ekologickej ko\u017ee pre najpou\u017e\u00edvanej\u0161ie mobiln\u00e9 telef\u00f3ny (5,5&quot; - 6,5&quot;). up2sky.aero\" \/>\n<meta property=\"og:url\" content=\"https:\/\/up2sky.aero\/en\/product\/i-pilot-phone-plus\/\" \/>\n<meta property=\"og:site_name\" content=\"up2sky.aero\" \/>\n<meta property=\"article:publisher\" content=\"https:\/\/www.facebook.com\/up2sky.aero\" \/>\n<meta property=\"article:modified_time\" content=\"2024-12-26T16:37:41+00:00\" \/>\n<meta property=\"og:image\" content=\"http:\/\/up2sky.aero\/wp-content\/uploads\/2022\/12\/476E6790-BD14-4366-8C3B-D9121C1FF85C.webp\" \/>\n\t<meta property=\"og:image:width\" content=\"432\" \/>\n\t<meta property=\"og:image:height\" content=\"800\" \/>\n\t<meta property=\"og:image:type\" content=\"image\/webp\" \/>\n<meta name=\"twitter:card\" content=\"summary_large_image\" \/>\n<meta name=\"twitter:label1\" content=\"Estimated reading time\" \/>\n\t<meta name=\"twitter:data1\" content=\"1 minute\" \/>\n<script type=\"application\/ld+json\" class=\"yoast-schema-graph\">{\"@context\":\"https:\\\/\\\/schema.org\",\"@graph\":[{\"@type\":\"WebPage\",\"@id\":\"https:\\\/\\\/up2sky.aero\\\/produkt\\\/i-pilot-phone-plus\\\/\",\"url\":\"https:\\\/\\\/up2sky.aero\\\/produkt\\\/i-pilot-phone-plus\\\/\",\"name\":\"N\u00e1kolenn\u00edk i-Pilot PHONE PLUS - up2sky.aero\",\"isPartOf\":{\"@id\":\"https:\\\/\\\/up2sky.aero\\\/#website\"},\"primaryImageOfPage\":{\"@id\":\"https:\\\/\\\/up2sky.aero\\\/produkt\\\/i-pilot-phone-plus\\\/#primaryimage\"},\"image\":{\"@id\":\"https:\\\/\\\/up2sky.aero\\\/produkt\\\/i-pilot-phone-plus\\\/#primaryimage\"},\"thumbnailUrl\":\"https:\\\/\\\/up2sky.aero\\\/wp-content\\\/uploads\\\/2022\\\/12\\\/476E6790-BD14-4366-8C3B-D9121C1FF85C.webp\",\"datePublished\":\"2022-12-13T21:17:00+00:00\",\"dateModified\":\"2024-12-26T16:37:41+00:00\",\"description\":\"Elegantn\u00e1, kvalitn\u00e1 n\u00e1kolenn\u00e1 doska je vyroben\u00e1 z ekologickej ko\u017ee pre najpou\u017e\u00edvanej\u0161ie mobiln\u00e9 telef\u00f3ny (5,5\\\" - 6,5\\\"). up2sky.aero\",\"breadcrumb\":{\"@id\":\"https:\\\/\\\/up2sky.aero\\\/produkt\\\/i-pilot-phone-plus\\\/#breadcrumb\"},\"inLanguage\":\"en-GB\",\"potentialAction\":[{\"@type\":\"ReadAction\",\"target\":[\"https:\\\/\\\/up2sky.aero\\\/produkt\\\/i-pilot-phone-plus\\\/\"]}]},{\"@type\":\"ImageObject\",\"inLanguage\":\"en-GB\",\"@id\":\"https:\\\/\\\/up2sky.aero\\\/produkt\\\/i-pilot-phone-plus\\\/#primaryimage\",\"url\":\"https:\\\/\\\/up2sky.aero\\\/wp-content\\\/uploads\\\/2022\\\/12\\\/476E6790-BD14-4366-8C3B-D9121C1FF85C.webp\",\"contentUrl\":\"https:\\\/\\\/up2sky.aero\\\/wp-content\\\/uploads\\\/2022\\\/12\\\/476E6790-BD14-4366-8C3B-D9121C1FF85C.webp\",\"width\":432,\"height\":800},{\"@type\":\"BreadcrumbList\",\"@id\":\"https:\\\/\\\/up2sky.aero\\\/produkt\\\/i-pilot-phone-plus\\\/#breadcrumb\",\"itemListElement\":[{\"@type\":\"ListItem\",\"position\":1,\"name\":\"Domovsk\u00e1 str\u00e1nka\",\"item\":\"https:\\\/\\\/up2sky.aero\\\/\"},{\"@type\":\"ListItem\",\"position\":2,\"name\":\"Pilot shop\",\"item\":\"https:\\\/\\\/up2sky.aero\\\/?page_id=126\"},{\"@type\":\"ListItem\",\"position\":3,\"name\":\"N\u00e1kolenn\u00edk i-Pilot PHONE PLUS\"}]},{\"@type\":\"WebSite\",\"@id\":\"https:\\\/\\\/up2sky.aero\\\/#website\",\"url\":\"https:\\\/\\\/up2sky.aero\\\/\",\"name\":\"up2sky.aero\",\"description\":\"Z\u00e1\u017eitkov\u00e9 lety pre milovn\u00edkov dobrodru\u017estiev\",\"publisher\":{\"@id\":\"https:\\\/\\\/up2sky.aero\\\/#organization\"},\"alternateName\":\"up2sky\",\"potentialAction\":[{\"@type\":\"SearchAction\",\"target\":{\"@type\":\"EntryPoint\",\"urlTemplate\":\"https:\\\/\\\/up2sky.aero\\\/?s={search_term_string}\"},\"query-input\":{\"@type\":\"PropertyValueSpecification\",\"valueRequired\":true,\"valueName\":\"search_term_string\"}}],\"inLanguage\":\"en-GB\"},{\"@type\":\"Organization\",\"@id\":\"https:\\\/\\\/up2sky.aero\\\/#organization\",\"name\":\"up2sky.aero, s.r.o.\",\"url\":\"https:\\\/\\\/up2sky.aero\\\/\",\"logo\":{\"@type\":\"ImageObject\",\"inLanguage\":\"en-GB\",\"@id\":\"https:\\\/\\\/up2sky.aero\\\/#\\\/schema\\\/logo\\\/image\\\/\",\"url\":\"https:\\\/\\\/up2sky.aero\\\/wp-content\\\/uploads\\\/2022\\\/10\\\/up2sky-logo.svg\",\"contentUrl\":\"https:\\\/\\\/up2sky.aero\\\/wp-content\\\/uploads\\\/2022\\\/10\\\/up2sky-logo.svg\",\"width\":180,\"height\":141,\"caption\":\"up2sky.aero, s.r.o.\"},\"image\":{\"@id\":\"https:\\\/\\\/up2sky.aero\\\/#\\\/schema\\\/logo\\\/image\\\/\"},\"sameAs\":[\"https:\\\/\\\/www.facebook.com\\\/up2sky.aero\"]}]}<\/script>\n<!-- \/ Yoast SEO plugin. -->","yoast_head_json":{"title":"N\u00e1kolenn\u00edk i-Pilot PHONE PLUS - up2sky.aero","description":"Elegantn\u00e1, kvalitn\u00e1 n\u00e1kolenn\u00e1 doska je vyroben\u00e1 z ekologickej ko\u017ee pre najpou\u017e\u00edvanej\u0161ie mobiln\u00e9 telef\u00f3ny (5,5\" - 6,5\"). up2sky.aero","robots":{"index":"index","follow":"follow","max-snippet":"max-snippet:-1","max-image-preview":"max-image-preview:large","max-video-preview":"max-video-preview:-1"},"canonical":"https:\/\/up2sky.aero\/en\/product\/i-pilot-phone-plus\/","og_locale":"en_GB","og_type":"article","og_title":"N\u00e1kolenn\u00edk i-Pilot PHONE PLUS - up2sky.aero","og_description":"Elegantn\u00e1, kvalitn\u00e1 n\u00e1kolenn\u00e1 doska je vyroben\u00e1 z ekologickej ko\u017ee pre najpou\u017e\u00edvanej\u0161ie mobiln\u00e9 telef\u00f3ny (5,5\" - 6,5\"). up2sky.aero","og_url":"https:\/\/up2sky.aero\/en\/product\/i-pilot-phone-plus\/","og_site_name":"up2sky.aero","article_publisher":"https:\/\/www.facebook.com\/up2sky.aero","article_modified_time":"2024-12-26T16:37:41+00:00","og_image":[{"width":432,"height":800,"url":"http:\/\/up2sky.aero\/wp-content\/uploads\/2022\/12\/476E6790-BD14-4366-8C3B-D9121C1FF85C.webp","type":"image\/webp"}],"twitter_card":"summary_large_image","twitter_misc":{"Estimated reading time":"1 minute"},"schema":{"@context":"https:\/\/schema.org","@graph":[{"@type":"WebPage","@id":"https:\/\/up2sky.aero\/produkt\/i-pilot-phone-plus\/","url":"https:\/\/up2sky.aero\/produkt\/i-pilot-phone-plus\/","name":"N\u00e1kolenn\u00edk i-Pilot PHONE PLUS - up2sky.aero","isPartOf":{"@id":"https:\/\/up2sky.aero\/#website"},"primaryImageOfPage":{"@id":"https:\/\/up2sky.aero\/produkt\/i-pilot-phone-plus\/#primaryimage"},"image":{"@id":"https:\/\/up2sky.aero\/produkt\/i-pilot-phone-plus\/#primaryimage"},"thumbnailUrl":"https:\/\/up2sky.aero\/wp-content\/uploads\/2022\/12\/476E6790-BD14-4366-8C3B-D9121C1FF85C.webp","datePublished":"2022-12-13T21:17:00+00:00","dateModified":"2024-12-26T16:37:41+00:00","description":"Elegantn\u00e1, kvalitn\u00e1 n\u00e1kolenn\u00e1 doska je vyroben\u00e1 z ekologickej ko\u017ee pre najpou\u017e\u00edvanej\u0161ie mobiln\u00e9 telef\u00f3ny (5,5\" - 6,5\"). up2sky.aero","breadcrumb":{"@id":"https:\/\/up2sky.aero\/produkt\/i-pilot-phone-plus\/#breadcrumb"},"inLanguage":"en-GB","potentialAction":[{"@type":"ReadAction","target":["https:\/\/up2sky.aero\/produkt\/i-pilot-phone-plus\/"]}]},{"@type":"ImageObject","inLanguage":"en-GB","@id":"https:\/\/up2sky.aero\/produkt\/i-pilot-phone-plus\/#primaryimage","url":"https:\/\/up2sky.aero\/wp-content\/uploads\/2022\/12\/476E6790-BD14-4366-8C3B-D9121C1FF85C.webp","contentUrl":"https:\/\/up2sky.aero\/wp-content\/uploads\/2022\/12\/476E6790-BD14-4366-8C3B-D9121C1FF85C.webp","width":432,"height":800},{"@type":"BreadcrumbList","@id":"https:\/\/up2sky.aero\/produkt\/i-pilot-phone-plus\/#breadcrumb","itemListElement":[{"@type":"ListItem","position":1,"name":"Domovsk\u00e1 str\u00e1nka","item":"https:\/\/up2sky.aero\/"},{"@type":"ListItem","position":2,"name":"Pilot shop","item":"https:\/\/up2sky.aero\/?page_id=126"},{"@type":"ListItem","position":3,"name":"N\u00e1kolenn\u00edk i-Pilot PHONE PLUS"}]},{"@type":"WebSite","@id":"https:\/\/up2sky.aero\/#website","url":"https:\/\/up2sky.aero\/","name":"up2sky.aero","description":"Z\u00e1\u017eitkov\u00e9 lety pre milovn\u00edkov dobrodru\u017estiev","publisher":{"@id":"https:\/\/up2sky.aero\/#organization"},"alternateName":"up2sky","potentialAction":[{"@type":"SearchAction","target":{"@type":"EntryPoint","urlTemplate":"https:\/\/up2sky.aero\/?s={search_term_string}"},"query-input":{"@type":"PropertyValueSpecification","valueRequired":true,"valueName":"search_term_string"}}],"inLanguage":"en-GB"},{"@type":"Organization","@id":"https:\/\/up2sky.aero\/#organization","name":"up2sky.aero, s.r.o.","url":"https:\/\/up2sky.aero\/","logo":{"@type":"ImageObject","inLanguage":"en-GB","@id":"https:\/\/up2sky.aero\/#\/schema\/logo\/image\/","url":"https:\/\/up2sky.aero\/wp-content\/uploads\/2022\/10\/up2sky-logo.svg","contentUrl":"https:\/\/up2sky.aero\/wp-content\/uploads\/2022\/10\/up2sky-logo.svg","width":180,"height":141,"caption":"up2sky.aero, s.r.o."},"image":{"@id":"https:\/\/up2sky.aero\/#\/schema\/logo\/image\/"},"sameAs":["https:\/\/www.facebook.com\/up2sky.aero"]}]}},"_links":{"self":[{"href":"https:\/\/up2sky.aero\/en\/wp-json\/wp\/v2\/product\/370","targetHints":{"allow":["GET"]}}],"collection":[{"href":"https:\/\/up2sky.aero\/en\/wp-json\/wp\/v2\/product"}],"about":[{"href":"https:\/\/up2sky.aero\/en\/wp-json\/wp\/v2\/types\/product"}],"wp:featuredmedia":[{"embeddable":true,"href":"https:\/\/up2sky.aero\/en\/wp-json\/wp\/v2\/media\/371"}],"wp:attachment":[{"href":"https:\/\/up2sky.aero\/en\/wp-json\/wp\/v2\/media?parent=370"}],"wp:term":[{"taxonomy":"product_brand","embeddable":true,"href":"https:\/\/up2sky.aero\/en\/wp-json\/wp\/v2\/product_brand?post=370"},{"taxonomy":"product_cat","embeddable":true,"href":"https:\/\/up2sky.aero\/en\/wp-json\/wp\/v2\/product_cat?post=370"},{"taxonomy":"product_tag","embeddable":true,"href":"https:\/\/up2sky.aero\/en\/wp-json\/wp\/v2\/product_tag?post=370"}],"curies":[{"name":"wp","href":"https:\/\/api.w.org\/{rel}","templated":true}]}}