{"id":382,"date":"2022-12-13T22:35:44","date_gmt":"2022-12-13T21:35:44","guid":{"rendered":"https:\/\/up2sky.aero\/?post_type=product&#038;p=382"},"modified":"2025-03-04T18:29:04","modified_gmt":"2025-03-04T17:29:04","slug":"nakolennik-rookie","status":"publish","type":"product","link":"https:\/\/up2sky.aero\/en\/product\/nakolennik-rookie\/","title":{"rendered":"ROOKIE knee pad"},"content":{"rendered":"<p>T\u00e1to elegantn\u00e1 a kvalitn\u00e1 doska na kolen\u00e1 form\u00e1tu A5 je vyroben\u00e1 z ekologickej ko\u017ee. Pon\u00faka v\u00e1m tie\u017e \u0161irok\u00fd p\u00e1sik na such\u00fd zips s proti\u0161mykov\u00fdmi podlo\u017ekami pre stabilitu, pr\u00edchytn\u00fa sponu a elastick\u00e9 dr\u017eiaky na per\u00e1 a z\u00e1suvku pre stopky zo s\u00fapravy PILOT CONTROLLER\u00ae KIT.<br \/>\nNa zadnej strane je aj miesto pre n\u00e1hradn\u00e9 pero.<\/p>\n<p>Rookie je perfektn\u00e1 doska na kolen\u00e1 pre \u0161tudentov a pon\u00faka vynikaj\u00faci pomer ceny a v\u00fdkonu.<\/p>\n<p>Rozmer: 16x23 cm<\/p>","protected":false},"excerpt":{"rendered":"<p>T\u00e1to elegantn\u00e1 a kvalitn\u00e1 doska na kolen\u00e1 form\u00e1tu A5 je vyroben\u00e1 z ekologickej ko\u017ee. Pon\u00faka v\u00e1m tie\u017e \u0161irok\u00fd p\u00e1sik na such\u00fd zips s proti\u0161mykov\u00fdmi podlo\u017ekami pre stabilitu, pr\u00edchytn\u00fa sponu a elastick\u00e9 dr\u017eiaky na per\u00e1 a z\u00e1suvku pre stopky zo s\u00fapravy PILOT CONTROLLER\u00ae KIT. Na zadnej strane je aj miesto pre n\u00e1hradn\u00e9 pero. Rookie je perfektn\u00e1 [&hellip;]<\/p>","protected":false},"featured_media":383,"template":"","meta":{"_acf_changed":false,"inline_featured_image":false},"product_brand":[],"product_cat":[27,22],"product_tag":[29],"class_list":{"0":"post-382","1":"product","2":"type-product","3":"status-publish","4":"has-post-thumbnail","6":"product_cat-nakolenniky","7":"product_cat-pilot-shop","8":"product_tag-design-4-pilots","10":"first","11":"instock","12":"taxable","13":"shipping-taxable","14":"purchasable","15":"product-type-variable"},"acf":[],"yoast_head":"<!-- This site is optimized with the Yoast SEO plugin v27.4 - https:\/\/yoast.com\/product\/yoast-seo-wordpress\/ -->\n<title>N\u00e1kolenn\u00edk ROOKIE - up2sky.aero<\/title>\n<meta name=\"description\" content=\"T\u00e1to elegantn\u00e1 a kvalitn\u00e1 doska na kolen\u00e1 form\u00e1tu A5 je vyroben\u00e1 z ekologickej ko\u017ee. Pon\u00faka v\u00e1m tie\u017e \u0161irok\u00fd p\u00e1sik na such\u00fd zips s proti\u0161mykov\u00fdmi podlo\u017ekami\" \/>\n<meta name=\"robots\" content=\"index, follow, max-snippet:-1, max-image-preview:large, max-video-preview:-1\" \/>\n<link rel=\"canonical\" href=\"https:\/\/up2sky.aero\/en\/product\/nakolennik-rookie\/\" \/>\n<meta property=\"og:locale\" content=\"en_GB\" \/>\n<meta property=\"og:type\" content=\"article\" \/>\n<meta property=\"og:title\" content=\"N\u00e1kolenn\u00edk ROOKIE - up2sky.aero\" \/>\n<meta property=\"og:description\" content=\"T\u00e1to elegantn\u00e1 a kvalitn\u00e1 doska na kolen\u00e1 form\u00e1tu A5 je vyroben\u00e1 z ekologickej ko\u017ee. Pon\u00faka v\u00e1m tie\u017e \u0161irok\u00fd p\u00e1sik na such\u00fd zips s proti\u0161mykov\u00fdmi podlo\u017ekami\" \/>\n<meta property=\"og:url\" content=\"https:\/\/up2sky.aero\/en\/product\/nakolennik-rookie\/\" \/>\n<meta property=\"og:site_name\" content=\"up2sky.aero\" \/>\n<meta property=\"article:publisher\" content=\"https:\/\/www.facebook.com\/up2sky.aero\" \/>\n<meta property=\"article:modified_time\" content=\"2025-03-04T17:29:04+00:00\" \/>\n<meta property=\"og:image\" content=\"http:\/\/up2sky.aero\/wp-content\/uploads\/2022\/12\/4284C38E-D827-45C4-9083-30FDF1C1C62D.webp\" \/>\n\t<meta property=\"og:image:width\" content=\"662\" \/>\n\t<meta property=\"og:image:height\" content=\"800\" \/>\n\t<meta property=\"og:image:type\" content=\"image\/webp\" \/>\n<meta name=\"twitter:card\" content=\"summary_large_image\" \/>\n<meta name=\"twitter:label1\" content=\"Estimated reading time\" \/>\n\t<meta name=\"twitter:data1\" content=\"1 minute\" \/>\n<script type=\"application\/ld+json\" class=\"yoast-schema-graph\">{\"@context\":\"https:\\\/\\\/schema.org\",\"@graph\":[{\"@type\":\"WebPage\",\"@id\":\"https:\\\/\\\/up2sky.aero\\\/produkt\\\/nakolennik-rookie\\\/\",\"url\":\"https:\\\/\\\/up2sky.aero\\\/produkt\\\/nakolennik-rookie\\\/\",\"name\":\"N\u00e1kolenn\u00edk ROOKIE - up2sky.aero\",\"isPartOf\":{\"@id\":\"https:\\\/\\\/up2sky.aero\\\/#website\"},\"primaryImageOfPage\":{\"@id\":\"https:\\\/\\\/up2sky.aero\\\/produkt\\\/nakolennik-rookie\\\/#primaryimage\"},\"image\":{\"@id\":\"https:\\\/\\\/up2sky.aero\\\/produkt\\\/nakolennik-rookie\\\/#primaryimage\"},\"thumbnailUrl\":\"https:\\\/\\\/up2sky.aero\\\/wp-content\\\/uploads\\\/2022\\\/12\\\/4284C38E-D827-45C4-9083-30FDF1C1C62D.webp\",\"datePublished\":\"2022-12-13T21:35:44+00:00\",\"dateModified\":\"2025-03-04T17:29:04+00:00\",\"description\":\"T\u00e1to elegantn\u00e1 a kvalitn\u00e1 doska na kolen\u00e1 form\u00e1tu A5 je vyroben\u00e1 z ekologickej ko\u017ee. Pon\u00faka v\u00e1m tie\u017e \u0161irok\u00fd p\u00e1sik na such\u00fd zips s proti\u0161mykov\u00fdmi podlo\u017ekami\",\"breadcrumb\":{\"@id\":\"https:\\\/\\\/up2sky.aero\\\/produkt\\\/nakolennik-rookie\\\/#breadcrumb\"},\"inLanguage\":\"en-GB\",\"potentialAction\":[{\"@type\":\"ReadAction\",\"target\":[\"https:\\\/\\\/up2sky.aero\\\/produkt\\\/nakolennik-rookie\\\/\"]}]},{\"@type\":\"ImageObject\",\"inLanguage\":\"en-GB\",\"@id\":\"https:\\\/\\\/up2sky.aero\\\/produkt\\\/nakolennik-rookie\\\/#primaryimage\",\"url\":\"https:\\\/\\\/up2sky.aero\\\/wp-content\\\/uploads\\\/2022\\\/12\\\/4284C38E-D827-45C4-9083-30FDF1C1C62D.webp\",\"contentUrl\":\"https:\\\/\\\/up2sky.aero\\\/wp-content\\\/uploads\\\/2022\\\/12\\\/4284C38E-D827-45C4-9083-30FDF1C1C62D.webp\",\"width\":662,\"height\":800},{\"@type\":\"BreadcrumbList\",\"@id\":\"https:\\\/\\\/up2sky.aero\\\/produkt\\\/nakolennik-rookie\\\/#breadcrumb\",\"itemListElement\":[{\"@type\":\"ListItem\",\"position\":1,\"name\":\"Domovsk\u00e1 str\u00e1nka\",\"item\":\"https:\\\/\\\/up2sky.aero\\\/\"},{\"@type\":\"ListItem\",\"position\":2,\"name\":\"Pilot shop\",\"item\":\"https:\\\/\\\/up2sky.aero\\\/?page_id=126\"},{\"@type\":\"ListItem\",\"position\":3,\"name\":\"N\u00e1kolenn\u00edk ROOKIE\"}]},{\"@type\":\"WebSite\",\"@id\":\"https:\\\/\\\/up2sky.aero\\\/#website\",\"url\":\"https:\\\/\\\/up2sky.aero\\\/\",\"name\":\"up2sky.aero\",\"description\":\"Z\u00e1\u017eitkov\u00e9 lety pre milovn\u00edkov dobrodru\u017estiev\",\"publisher\":{\"@id\":\"https:\\\/\\\/up2sky.aero\\\/#organization\"},\"alternateName\":\"up2sky\",\"potentialAction\":[{\"@type\":\"SearchAction\",\"target\":{\"@type\":\"EntryPoint\",\"urlTemplate\":\"https:\\\/\\\/up2sky.aero\\\/?s={search_term_string}\"},\"query-input\":{\"@type\":\"PropertyValueSpecification\",\"valueRequired\":true,\"valueName\":\"search_term_string\"}}],\"inLanguage\":\"en-GB\"},{\"@type\":\"Organization\",\"@id\":\"https:\\\/\\\/up2sky.aero\\\/#organization\",\"name\":\"up2sky.aero, s.r.o.\",\"url\":\"https:\\\/\\\/up2sky.aero\\\/\",\"logo\":{\"@type\":\"ImageObject\",\"inLanguage\":\"en-GB\",\"@id\":\"https:\\\/\\\/up2sky.aero\\\/#\\\/schema\\\/logo\\\/image\\\/\",\"url\":\"https:\\\/\\\/up2sky.aero\\\/wp-content\\\/uploads\\\/2022\\\/10\\\/up2sky-logo.svg\",\"contentUrl\":\"https:\\\/\\\/up2sky.aero\\\/wp-content\\\/uploads\\\/2022\\\/10\\\/up2sky-logo.svg\",\"width\":180,\"height\":141,\"caption\":\"up2sky.aero, s.r.o.\"},\"image\":{\"@id\":\"https:\\\/\\\/up2sky.aero\\\/#\\\/schema\\\/logo\\\/image\\\/\"},\"sameAs\":[\"https:\\\/\\\/www.facebook.com\\\/up2sky.aero\"]}]}<\/script>\n<!-- \/ Yoast SEO plugin. -->","yoast_head_json":{"title":"N\u00e1kolenn\u00edk ROOKIE - up2sky.aero","description":"T\u00e1to elegantn\u00e1 a kvalitn\u00e1 doska na kolen\u00e1 form\u00e1tu A5 je vyroben\u00e1 z ekologickej ko\u017ee. Pon\u00faka v\u00e1m tie\u017e \u0161irok\u00fd p\u00e1sik na such\u00fd zips s proti\u0161mykov\u00fdmi podlo\u017ekami","robots":{"index":"index","follow":"follow","max-snippet":"max-snippet:-1","max-image-preview":"max-image-preview:large","max-video-preview":"max-video-preview:-1"},"canonical":"https:\/\/up2sky.aero\/en\/product\/nakolennik-rookie\/","og_locale":"en_GB","og_type":"article","og_title":"N\u00e1kolenn\u00edk ROOKIE - up2sky.aero","og_description":"T\u00e1to elegantn\u00e1 a kvalitn\u00e1 doska na kolen\u00e1 form\u00e1tu A5 je vyroben\u00e1 z ekologickej ko\u017ee. Pon\u00faka v\u00e1m tie\u017e \u0161irok\u00fd p\u00e1sik na such\u00fd zips s proti\u0161mykov\u00fdmi podlo\u017ekami","og_url":"https:\/\/up2sky.aero\/en\/product\/nakolennik-rookie\/","og_site_name":"up2sky.aero","article_publisher":"https:\/\/www.facebook.com\/up2sky.aero","article_modified_time":"2025-03-04T17:29:04+00:00","og_image":[{"width":662,"height":800,"url":"http:\/\/up2sky.aero\/wp-content\/uploads\/2022\/12\/4284C38E-D827-45C4-9083-30FDF1C1C62D.webp","type":"image\/webp"}],"twitter_card":"summary_large_image","twitter_misc":{"Estimated reading time":"1 minute"},"schema":{"@context":"https:\/\/schema.org","@graph":[{"@type":"WebPage","@id":"https:\/\/up2sky.aero\/produkt\/nakolennik-rookie\/","url":"https:\/\/up2sky.aero\/produkt\/nakolennik-rookie\/","name":"N\u00e1kolenn\u00edk ROOKIE - up2sky.aero","isPartOf":{"@id":"https:\/\/up2sky.aero\/#website"},"primaryImageOfPage":{"@id":"https:\/\/up2sky.aero\/produkt\/nakolennik-rookie\/#primaryimage"},"image":{"@id":"https:\/\/up2sky.aero\/produkt\/nakolennik-rookie\/#primaryimage"},"thumbnailUrl":"https:\/\/up2sky.aero\/wp-content\/uploads\/2022\/12\/4284C38E-D827-45C4-9083-30FDF1C1C62D.webp","datePublished":"2022-12-13T21:35:44+00:00","dateModified":"2025-03-04T17:29:04+00:00","description":"T\u00e1to elegantn\u00e1 a kvalitn\u00e1 doska na kolen\u00e1 form\u00e1tu A5 je vyroben\u00e1 z ekologickej ko\u017ee. Pon\u00faka v\u00e1m tie\u017e \u0161irok\u00fd p\u00e1sik na such\u00fd zips s proti\u0161mykov\u00fdmi podlo\u017ekami","breadcrumb":{"@id":"https:\/\/up2sky.aero\/produkt\/nakolennik-rookie\/#breadcrumb"},"inLanguage":"en-GB","potentialAction":[{"@type":"ReadAction","target":["https:\/\/up2sky.aero\/produkt\/nakolennik-rookie\/"]}]},{"@type":"ImageObject","inLanguage":"en-GB","@id":"https:\/\/up2sky.aero\/produkt\/nakolennik-rookie\/#primaryimage","url":"https:\/\/up2sky.aero\/wp-content\/uploads\/2022\/12\/4284C38E-D827-45C4-9083-30FDF1C1C62D.webp","contentUrl":"https:\/\/up2sky.aero\/wp-content\/uploads\/2022\/12\/4284C38E-D827-45C4-9083-30FDF1C1C62D.webp","width":662,"height":800},{"@type":"BreadcrumbList","@id":"https:\/\/up2sky.aero\/produkt\/nakolennik-rookie\/#breadcrumb","itemListElement":[{"@type":"ListItem","position":1,"name":"Domovsk\u00e1 str\u00e1nka","item":"https:\/\/up2sky.aero\/"},{"@type":"ListItem","position":2,"name":"Pilot shop","item":"https:\/\/up2sky.aero\/?page_id=126"},{"@type":"ListItem","position":3,"name":"N\u00e1kolenn\u00edk ROOKIE"}]},{"@type":"WebSite","@id":"https:\/\/up2sky.aero\/#website","url":"https:\/\/up2sky.aero\/","name":"up2sky.aero","description":"Z\u00e1\u017eitkov\u00e9 lety pre milovn\u00edkov dobrodru\u017estiev","publisher":{"@id":"https:\/\/up2sky.aero\/#organization"},"alternateName":"up2sky","potentialAction":[{"@type":"SearchAction","target":{"@type":"EntryPoint","urlTemplate":"https:\/\/up2sky.aero\/?s={search_term_string}"},"query-input":{"@type":"PropertyValueSpecification","valueRequired":true,"valueName":"search_term_string"}}],"inLanguage":"en-GB"},{"@type":"Organization","@id":"https:\/\/up2sky.aero\/#organization","name":"up2sky.aero, s.r.o.","url":"https:\/\/up2sky.aero\/","logo":{"@type":"ImageObject","inLanguage":"en-GB","@id":"https:\/\/up2sky.aero\/#\/schema\/logo\/image\/","url":"https:\/\/up2sky.aero\/wp-content\/uploads\/2022\/10\/up2sky-logo.svg","contentUrl":"https:\/\/up2sky.aero\/wp-content\/uploads\/2022\/10\/up2sky-logo.svg","width":180,"height":141,"caption":"up2sky.aero, s.r.o."},"image":{"@id":"https:\/\/up2sky.aero\/#\/schema\/logo\/image\/"},"sameAs":["https:\/\/www.facebook.com\/up2sky.aero"]}]}},"_links":{"self":[{"href":"https:\/\/up2sky.aero\/en\/wp-json\/wp\/v2\/product\/382","targetHints":{"allow":["GET"]}}],"collection":[{"href":"https:\/\/up2sky.aero\/en\/wp-json\/wp\/v2\/product"}],"about":[{"href":"https:\/\/up2sky.aero\/en\/wp-json\/wp\/v2\/types\/product"}],"wp:featuredmedia":[{"embeddable":true,"href":"https:\/\/up2sky.aero\/en\/wp-json\/wp\/v2\/media\/383"}],"wp:attachment":[{"href":"https:\/\/up2sky.aero\/en\/wp-json\/wp\/v2\/media?parent=382"}],"wp:term":[{"taxonomy":"product_brand","embeddable":true,"href":"https:\/\/up2sky.aero\/en\/wp-json\/wp\/v2\/product_brand?post=382"},{"taxonomy":"product_cat","embeddable":true,"href":"https:\/\/up2sky.aero\/en\/wp-json\/wp\/v2\/product_cat?post=382"},{"taxonomy":"product_tag","embeddable":true,"href":"https:\/\/up2sky.aero\/en\/wp-json\/wp\/v2\/product_tag?post=382"}],"curies":[{"name":"wp","href":"https:\/\/api.w.org\/{rel}","templated":true}]}}