{"id":391,"date":"2022-12-13T22:47:29","date_gmt":"2022-12-13T21:47:29","guid":{"rendered":"https:\/\/up2sky.aero\/?post_type=product&#038;p=391"},"modified":"2024-12-26T17:30:24","modified_gmt":"2024-12-26T16:30:24","slug":"nahradne-obaly-nakolennik-piccolo-profi","status":"publish","type":"product","link":"https:\/\/up2sky.aero\/en\/product\/nahradne-obaly-nakolennik-piccolo-profi\/","title":{"rendered":"Spare covers\/kneepad PICCOLO PROFI"},"content":{"rendered":"<p>Prieh\u013eadn\u00e9 obaly s\u00fa vyroben\u00e9 v \u0161tandardnej ve\u013ekosti A6 a maj\u00fa \u0161irok\u00fd otvor, v\u010faka ktor\u00e9mu je vkladanie tenk\u00fdch pribli\u017eovac\u00edch tabuliek jednoduch\u0161ie ako do be\u017en\u00fdch plastov\u00fdch krytov.<\/p>\n<p>10ks\/1 balenie<\/p>","protected":false},"excerpt":{"rendered":"<p>Prieh\u013eadn\u00e9 obaly s\u00fa vyroben\u00e9 v \u0161tandardnej ve\u013ekosti A6 a maj\u00fa \u0161irok\u00fd otvor, v\u010faka ktor\u00e9mu je vkladanie tenk\u00fdch pribli\u017eovac\u00edch tabuliek jednoduch\u0161ie ako do be\u017en\u00fdch plastov\u00fdch krytov. 10ks\/1 balenie<\/p>","protected":false},"featured_media":392,"template":"","meta":{"_acf_changed":false,"inline_featured_image":false},"product_brand":[],"product_cat":[27,22],"product_tag":[29],"class_list":{"0":"post-391","1":"product","2":"type-product","3":"status-publish","4":"has-post-thumbnail","6":"product_cat-nakolenniky","7":"product_cat-pilot-shop","8":"product_tag-design-4-pilots","10":"first","11":"instock","12":"taxable","13":"shipping-taxable","14":"purchasable","15":"product-type-simple"},"acf":[],"yoast_head":"<!-- This site is optimized with the Yoast SEO plugin v27.4 - https:\/\/yoast.com\/product\/yoast-seo-wordpress\/ -->\n<title>N\u00e1hradn\u00e9 obaly\/n\u00e1kolenn\u00edk PICCOLO PROFI - up2sky.aero<\/title>\n<meta name=\"description\" content=\"Prieh\u013eadn\u00e9 obaly s\u00fa vyroben\u00e9 v \u0161tandardnej ve\u013ekosti A6 a maj\u00fa \u0161irok\u00fd otvor, v\u010faka ktor\u00e9mu je vkladanie tenk\u00fdch pribli\u017eovac\u00edch tabuliek jednoduch\u0161ie ako do be\u017en\u00fdch plastov\u00fdch krytov.\" \/>\n<meta name=\"robots\" content=\"index, follow, max-snippet:-1, max-image-preview:large, max-video-preview:-1\" \/>\n<link rel=\"canonical\" href=\"https:\/\/up2sky.aero\/en\/product\/nahradne-obaly-nakolennik-piccolo-profi\/\" \/>\n<meta property=\"og:locale\" content=\"en_GB\" \/>\n<meta property=\"og:type\" content=\"article\" \/>\n<meta property=\"og:title\" content=\"N\u00e1hradn\u00e9 obaly\/n\u00e1kolenn\u00edk PICCOLO PROFI - up2sky.aero\" \/>\n<meta property=\"og:description\" content=\"Prieh\u013eadn\u00e9 obaly s\u00fa vyroben\u00e9 v \u0161tandardnej ve\u013ekosti A6 a maj\u00fa \u0161irok\u00fd otvor, v\u010faka ktor\u00e9mu je vkladanie tenk\u00fdch pribli\u017eovac\u00edch tabuliek jednoduch\u0161ie ako do be\u017en\u00fdch plastov\u00fdch krytov.\" \/>\n<meta property=\"og:url\" content=\"https:\/\/up2sky.aero\/en\/product\/nahradne-obaly-nakolennik-piccolo-profi\/\" \/>\n<meta property=\"og:site_name\" content=\"up2sky.aero\" \/>\n<meta property=\"article:publisher\" content=\"https:\/\/www.facebook.com\/up2sky.aero\" \/>\n<meta property=\"article:modified_time\" content=\"2024-12-26T16:30:24+00:00\" \/>\n<meta property=\"og:image\" content=\"http:\/\/up2sky.aero\/wp-content\/uploads\/2022\/12\/0971C882-6247-475A-BF17-3F3B917323E2.png\" \/>\n\t<meta property=\"og:image:width\" content=\"500\" \/>\n\t<meta property=\"og:image:height\" content=\"369\" \/>\n\t<meta property=\"og:image:type\" content=\"image\/png\" \/>\n<meta name=\"twitter:card\" content=\"summary_large_image\" \/>\n<meta name=\"twitter:label1\" content=\"Estimated reading time\" \/>\n\t<meta name=\"twitter:data1\" content=\"1 minute\" \/>\n<script type=\"application\/ld+json\" class=\"yoast-schema-graph\">{\"@context\":\"https:\\\/\\\/schema.org\",\"@graph\":[{\"@type\":\"WebPage\",\"@id\":\"https:\\\/\\\/up2sky.aero\\\/produkt\\\/nahradne-obaly-nakolennik-piccolo-profi\\\/\",\"url\":\"https:\\\/\\\/up2sky.aero\\\/produkt\\\/nahradne-obaly-nakolennik-piccolo-profi\\\/\",\"name\":\"N\u00e1hradn\u00e9 obaly\\\/n\u00e1kolenn\u00edk PICCOLO PROFI - up2sky.aero\",\"isPartOf\":{\"@id\":\"https:\\\/\\\/up2sky.aero\\\/#website\"},\"primaryImageOfPage\":{\"@id\":\"https:\\\/\\\/up2sky.aero\\\/produkt\\\/nahradne-obaly-nakolennik-piccolo-profi\\\/#primaryimage\"},\"image\":{\"@id\":\"https:\\\/\\\/up2sky.aero\\\/produkt\\\/nahradne-obaly-nakolennik-piccolo-profi\\\/#primaryimage\"},\"thumbnailUrl\":\"https:\\\/\\\/up2sky.aero\\\/wp-content\\\/uploads\\\/2022\\\/12\\\/0971C882-6247-475A-BF17-3F3B917323E2.png\",\"datePublished\":\"2022-12-13T21:47:29+00:00\",\"dateModified\":\"2024-12-26T16:30:24+00:00\",\"description\":\"Prieh\u013eadn\u00e9 obaly s\u00fa vyroben\u00e9 v \u0161tandardnej ve\u013ekosti A6 a maj\u00fa \u0161irok\u00fd otvor, v\u010faka ktor\u00e9mu je vkladanie tenk\u00fdch pribli\u017eovac\u00edch tabuliek jednoduch\u0161ie ako do be\u017en\u00fdch plastov\u00fdch krytov.\",\"breadcrumb\":{\"@id\":\"https:\\\/\\\/up2sky.aero\\\/produkt\\\/nahradne-obaly-nakolennik-piccolo-profi\\\/#breadcrumb\"},\"inLanguage\":\"en-GB\",\"potentialAction\":[{\"@type\":\"ReadAction\",\"target\":[\"https:\\\/\\\/up2sky.aero\\\/produkt\\\/nahradne-obaly-nakolennik-piccolo-profi\\\/\"]}]},{\"@type\":\"ImageObject\",\"inLanguage\":\"en-GB\",\"@id\":\"https:\\\/\\\/up2sky.aero\\\/produkt\\\/nahradne-obaly-nakolennik-piccolo-profi\\\/#primaryimage\",\"url\":\"https:\\\/\\\/up2sky.aero\\\/wp-content\\\/uploads\\\/2022\\\/12\\\/0971C882-6247-475A-BF17-3F3B917323E2.png\",\"contentUrl\":\"https:\\\/\\\/up2sky.aero\\\/wp-content\\\/uploads\\\/2022\\\/12\\\/0971C882-6247-475A-BF17-3F3B917323E2.png\",\"width\":500,\"height\":369},{\"@type\":\"BreadcrumbList\",\"@id\":\"https:\\\/\\\/up2sky.aero\\\/produkt\\\/nahradne-obaly-nakolennik-piccolo-profi\\\/#breadcrumb\",\"itemListElement\":[{\"@type\":\"ListItem\",\"position\":1,\"name\":\"Domovsk\u00e1 str\u00e1nka\",\"item\":\"https:\\\/\\\/up2sky.aero\\\/\"},{\"@type\":\"ListItem\",\"position\":2,\"name\":\"Pilot shop\",\"item\":\"https:\\\/\\\/up2sky.aero\\\/?page_id=126\"},{\"@type\":\"ListItem\",\"position\":3,\"name\":\"N\u00e1hradn\u00e9 obaly\\\/n\u00e1kolenn\u00edk PICCOLO PROFI\"}]},{\"@type\":\"WebSite\",\"@id\":\"https:\\\/\\\/up2sky.aero\\\/#website\",\"url\":\"https:\\\/\\\/up2sky.aero\\\/\",\"name\":\"up2sky.aero\",\"description\":\"Z\u00e1\u017eitkov\u00e9 lety pre milovn\u00edkov dobrodru\u017estiev\",\"publisher\":{\"@id\":\"https:\\\/\\\/up2sky.aero\\\/#organization\"},\"alternateName\":\"up2sky\",\"potentialAction\":[{\"@type\":\"SearchAction\",\"target\":{\"@type\":\"EntryPoint\",\"urlTemplate\":\"https:\\\/\\\/up2sky.aero\\\/?s={search_term_string}\"},\"query-input\":{\"@type\":\"PropertyValueSpecification\",\"valueRequired\":true,\"valueName\":\"search_term_string\"}}],\"inLanguage\":\"en-GB\"},{\"@type\":\"Organization\",\"@id\":\"https:\\\/\\\/up2sky.aero\\\/#organization\",\"name\":\"up2sky.aero, s.r.o.\",\"url\":\"https:\\\/\\\/up2sky.aero\\\/\",\"logo\":{\"@type\":\"ImageObject\",\"inLanguage\":\"en-GB\",\"@id\":\"https:\\\/\\\/up2sky.aero\\\/#\\\/schema\\\/logo\\\/image\\\/\",\"url\":\"https:\\\/\\\/up2sky.aero\\\/wp-content\\\/uploads\\\/2022\\\/10\\\/up2sky-logo.svg\",\"contentUrl\":\"https:\\\/\\\/up2sky.aero\\\/wp-content\\\/uploads\\\/2022\\\/10\\\/up2sky-logo.svg\",\"width\":180,\"height\":141,\"caption\":\"up2sky.aero, s.r.o.\"},\"image\":{\"@id\":\"https:\\\/\\\/up2sky.aero\\\/#\\\/schema\\\/logo\\\/image\\\/\"},\"sameAs\":[\"https:\\\/\\\/www.facebook.com\\\/up2sky.aero\"]}]}<\/script>\n<!-- \/ Yoast SEO plugin. -->","yoast_head_json":{"title":"N\u00e1hradn\u00e9 obaly\/n\u00e1kolenn\u00edk PICCOLO PROFI - up2sky.aero","description":"Prieh\u013eadn\u00e9 obaly s\u00fa vyroben\u00e9 v \u0161tandardnej ve\u013ekosti A6 a maj\u00fa \u0161irok\u00fd otvor, v\u010faka ktor\u00e9mu je vkladanie tenk\u00fdch pribli\u017eovac\u00edch tabuliek jednoduch\u0161ie ako do be\u017en\u00fdch plastov\u00fdch krytov.","robots":{"index":"index","follow":"follow","max-snippet":"max-snippet:-1","max-image-preview":"max-image-preview:large","max-video-preview":"max-video-preview:-1"},"canonical":"https:\/\/up2sky.aero\/en\/product\/nahradne-obaly-nakolennik-piccolo-profi\/","og_locale":"en_GB","og_type":"article","og_title":"N\u00e1hradn\u00e9 obaly\/n\u00e1kolenn\u00edk PICCOLO PROFI - up2sky.aero","og_description":"Prieh\u013eadn\u00e9 obaly s\u00fa vyroben\u00e9 v \u0161tandardnej ve\u013ekosti A6 a maj\u00fa \u0161irok\u00fd otvor, v\u010faka ktor\u00e9mu je vkladanie tenk\u00fdch pribli\u017eovac\u00edch tabuliek jednoduch\u0161ie ako do be\u017en\u00fdch plastov\u00fdch krytov.","og_url":"https:\/\/up2sky.aero\/en\/product\/nahradne-obaly-nakolennik-piccolo-profi\/","og_site_name":"up2sky.aero","article_publisher":"https:\/\/www.facebook.com\/up2sky.aero","article_modified_time":"2024-12-26T16:30:24+00:00","og_image":[{"width":500,"height":369,"url":"http:\/\/up2sky.aero\/wp-content\/uploads\/2022\/12\/0971C882-6247-475A-BF17-3F3B917323E2.png","type":"image\/png"}],"twitter_card":"summary_large_image","twitter_misc":{"Estimated reading time":"1 minute"},"schema":{"@context":"https:\/\/schema.org","@graph":[{"@type":"WebPage","@id":"https:\/\/up2sky.aero\/produkt\/nahradne-obaly-nakolennik-piccolo-profi\/","url":"https:\/\/up2sky.aero\/produkt\/nahradne-obaly-nakolennik-piccolo-profi\/","name":"N\u00e1hradn\u00e9 obaly\/n\u00e1kolenn\u00edk PICCOLO PROFI - up2sky.aero","isPartOf":{"@id":"https:\/\/up2sky.aero\/#website"},"primaryImageOfPage":{"@id":"https:\/\/up2sky.aero\/produkt\/nahradne-obaly-nakolennik-piccolo-profi\/#primaryimage"},"image":{"@id":"https:\/\/up2sky.aero\/produkt\/nahradne-obaly-nakolennik-piccolo-profi\/#primaryimage"},"thumbnailUrl":"https:\/\/up2sky.aero\/wp-content\/uploads\/2022\/12\/0971C882-6247-475A-BF17-3F3B917323E2.png","datePublished":"2022-12-13T21:47:29+00:00","dateModified":"2024-12-26T16:30:24+00:00","description":"Prieh\u013eadn\u00e9 obaly s\u00fa vyroben\u00e9 v \u0161tandardnej ve\u013ekosti A6 a maj\u00fa \u0161irok\u00fd otvor, v\u010faka ktor\u00e9mu je vkladanie tenk\u00fdch pribli\u017eovac\u00edch tabuliek jednoduch\u0161ie ako do be\u017en\u00fdch plastov\u00fdch krytov.","breadcrumb":{"@id":"https:\/\/up2sky.aero\/produkt\/nahradne-obaly-nakolennik-piccolo-profi\/#breadcrumb"},"inLanguage":"en-GB","potentialAction":[{"@type":"ReadAction","target":["https:\/\/up2sky.aero\/produkt\/nahradne-obaly-nakolennik-piccolo-profi\/"]}]},{"@type":"ImageObject","inLanguage":"en-GB","@id":"https:\/\/up2sky.aero\/produkt\/nahradne-obaly-nakolennik-piccolo-profi\/#primaryimage","url":"https:\/\/up2sky.aero\/wp-content\/uploads\/2022\/12\/0971C882-6247-475A-BF17-3F3B917323E2.png","contentUrl":"https:\/\/up2sky.aero\/wp-content\/uploads\/2022\/12\/0971C882-6247-475A-BF17-3F3B917323E2.png","width":500,"height":369},{"@type":"BreadcrumbList","@id":"https:\/\/up2sky.aero\/produkt\/nahradne-obaly-nakolennik-piccolo-profi\/#breadcrumb","itemListElement":[{"@type":"ListItem","position":1,"name":"Domovsk\u00e1 str\u00e1nka","item":"https:\/\/up2sky.aero\/"},{"@type":"ListItem","position":2,"name":"Pilot shop","item":"https:\/\/up2sky.aero\/?page_id=126"},{"@type":"ListItem","position":3,"name":"N\u00e1hradn\u00e9 obaly\/n\u00e1kolenn\u00edk PICCOLO PROFI"}]},{"@type":"WebSite","@id":"https:\/\/up2sky.aero\/#website","url":"https:\/\/up2sky.aero\/","name":"up2sky.aero","description":"Z\u00e1\u017eitkov\u00e9 lety pre milovn\u00edkov dobrodru\u017estiev","publisher":{"@id":"https:\/\/up2sky.aero\/#organization"},"alternateName":"up2sky","potentialAction":[{"@type":"SearchAction","target":{"@type":"EntryPoint","urlTemplate":"https:\/\/up2sky.aero\/?s={search_term_string}"},"query-input":{"@type":"PropertyValueSpecification","valueRequired":true,"valueName":"search_term_string"}}],"inLanguage":"en-GB"},{"@type":"Organization","@id":"https:\/\/up2sky.aero\/#organization","name":"up2sky.aero, s.r.o.","url":"https:\/\/up2sky.aero\/","logo":{"@type":"ImageObject","inLanguage":"en-GB","@id":"https:\/\/up2sky.aero\/#\/schema\/logo\/image\/","url":"https:\/\/up2sky.aero\/wp-content\/uploads\/2022\/10\/up2sky-logo.svg","contentUrl":"https:\/\/up2sky.aero\/wp-content\/uploads\/2022\/10\/up2sky-logo.svg","width":180,"height":141,"caption":"up2sky.aero, s.r.o."},"image":{"@id":"https:\/\/up2sky.aero\/#\/schema\/logo\/image\/"},"sameAs":["https:\/\/www.facebook.com\/up2sky.aero"]}]}},"_links":{"self":[{"href":"https:\/\/up2sky.aero\/en\/wp-json\/wp\/v2\/product\/391","targetHints":{"allow":["GET"]}}],"collection":[{"href":"https:\/\/up2sky.aero\/en\/wp-json\/wp\/v2\/product"}],"about":[{"href":"https:\/\/up2sky.aero\/en\/wp-json\/wp\/v2\/types\/product"}],"wp:featuredmedia":[{"embeddable":true,"href":"https:\/\/up2sky.aero\/en\/wp-json\/wp\/v2\/media\/392"}],"wp:attachment":[{"href":"https:\/\/up2sky.aero\/en\/wp-json\/wp\/v2\/media?parent=391"}],"wp:term":[{"taxonomy":"product_brand","embeddable":true,"href":"https:\/\/up2sky.aero\/en\/wp-json\/wp\/v2\/product_brand?post=391"},{"taxonomy":"product_cat","embeddable":true,"href":"https:\/\/up2sky.aero\/en\/wp-json\/wp\/v2\/product_cat?post=391"},{"taxonomy":"product_tag","embeddable":true,"href":"https:\/\/up2sky.aero\/en\/wp-json\/wp\/v2\/product_tag?post=391"}],"curies":[{"name":"wp","href":"https:\/\/api.w.org\/{rel}","templated":true}]}}