{"id":393,"date":"2022-12-13T22:51:56","date_gmt":"2022-12-13T21:51:56","guid":{"rendered":"https:\/\/up2sky.aero\/?post_type=product&#038;p=393"},"modified":"2026-03-26T11:36:51","modified_gmt":"2026-03-26T10:36:51","slug":"nakolennik-piccolo","status":"publish","type":"product","link":"https:\/\/up2sky.aero\/en\/product\/nakolennik-piccolo\/","title":{"rendered":"Knee pad PICCOLO"},"content":{"rendered":"<p>Pre t\u00fdch, ktor\u00fdm je m\u00e1lo miesta v kokpite, no napriek tomu sa nechc\u00fa zaob\u00eds\u0165 bez dobr\u00e9ho kolenn\u00e9ho k\u013abu, potom je toto ide\u00e1lne pre v\u00e1s.<\/p>\n<p>Napriek svojej ve\u013ekosti m\u00e1 na\u0161a najmen\u0161ia doska na kolen\u00e1 v\u0161etky funkcie svojho v\u00e4\u010d\u0161ieho brata. Po\u010dn\u00fac \u0161irokou p\u00e1skou na such\u00fd zips, proti\u0161mykov\u00fdmi podlo\u017ekami a\u017e po stabiln\u00fa pr\u00edchytku a z\u00e1suvku pre stopky alebo s\u00fapravu PILOT CONTROLLER\u00ae KIT.<\/p>\n<p>\u010ci u\u017e ste vetro\u0148, helikopt\u00e9ra alebo pilot \u013eahk\u00e9ho lietadla, t\u00fato \u201ePiccolo\u201c m\u00f4\u017eete dobre vyu\u017ei\u0165.<\/p>\n<p>Tie\u017e u\u017eito\u010dn\u00e9 pre upevnenie PDA a GPS.<\/p>\n<p>Rozmer: 11x18,5 cm<\/p>","protected":false},"excerpt":{"rendered":"<p>Pre t\u00fdch, ktor\u00fdm je m\u00e1lo miesta v kokpite, no napriek tomu sa nechc\u00fa zaob\u00eds\u0165 bez dobr\u00e9ho kolenn\u00e9ho k\u013abu, potom je toto ide\u00e1lne pre v\u00e1s. Napriek svojej ve\u013ekosti m\u00e1 na\u0161a najmen\u0161ia doska na kolen\u00e1 v\u0161etky funkcie svojho v\u00e4\u010d\u0161ieho brata. Po\u010dn\u00fac \u0161irokou p\u00e1skou na such\u00fd zips, proti\u0161mykov\u00fdmi podlo\u017ekami a\u017e po stabiln\u00fa pr\u00edchytku a z\u00e1suvku pre stopky alebo [&hellip;]<\/p>","protected":false},"featured_media":394,"template":"","meta":{"_acf_changed":false,"inline_featured_image":false},"product_brand":[],"product_cat":[27,22],"product_tag":[29],"class_list":{"0":"post-393","1":"product","2":"type-product","3":"status-publish","4":"has-post-thumbnail","6":"product_cat-nakolenniky","7":"product_cat-pilot-shop","8":"product_tag-design-4-pilots","10":"first","11":"instock","12":"taxable","13":"shipping-taxable","14":"purchasable","15":"product-type-variable"},"acf":[],"yoast_head":"<!-- This site is optimized with the Yoast SEO plugin v27.4 - https:\/\/yoast.com\/product\/yoast-seo-wordpress\/ -->\n<title>N\u00e1kolenn\u00edk PICCOLO - up2sky.aero<\/title>\n<meta name=\"description\" content=\"Pre t\u00fdch, ktor\u00fdm je m\u00e1lo miesta v kokpite, no napriek tomu sa nechc\u00fa zaob\u00eds\u0165 bez dobr\u00e9ho kolenn\u00e9ho k\u013abu, potom je toto ide\u00e1lne pre v\u00e1s\" \/>\n<meta name=\"robots\" content=\"index, follow, max-snippet:-1, max-image-preview:large, max-video-preview:-1\" \/>\n<link rel=\"canonical\" href=\"https:\/\/up2sky.aero\/en\/product\/nakolennik-piccolo\/\" \/>\n<meta property=\"og:locale\" content=\"en_GB\" \/>\n<meta property=\"og:type\" content=\"article\" \/>\n<meta property=\"og:title\" content=\"N\u00e1kolenn\u00edk PICCOLO - up2sky.aero\" \/>\n<meta property=\"og:description\" content=\"Pre t\u00fdch, ktor\u00fdm je m\u00e1lo miesta v kokpite, no napriek tomu sa nechc\u00fa zaob\u00eds\u0165 bez dobr\u00e9ho kolenn\u00e9ho k\u013abu, potom je toto ide\u00e1lne pre v\u00e1s\" \/>\n<meta property=\"og:url\" content=\"https:\/\/up2sky.aero\/en\/product\/nakolennik-piccolo\/\" \/>\n<meta property=\"og:site_name\" content=\"up2sky.aero\" \/>\n<meta property=\"article:publisher\" content=\"https:\/\/www.facebook.com\/up2sky.aero\" \/>\n<meta property=\"article:modified_time\" content=\"2026-03-26T10:36:51+00:00\" \/>\n<meta property=\"og:image\" content=\"http:\/\/up2sky.aero\/wp-content\/uploads\/2022\/12\/B7E21912-3969-4713-97E0-3F06407A3A43.webp\" \/>\n\t<meta property=\"og:image:width\" content=\"607\" \/>\n\t<meta property=\"og:image:height\" content=\"800\" \/>\n\t<meta property=\"og:image:type\" content=\"image\/webp\" \/>\n<meta name=\"twitter:card\" content=\"summary_large_image\" \/>\n<meta name=\"twitter:label1\" content=\"Estimated reading time\" \/>\n\t<meta name=\"twitter:data1\" content=\"1 minute\" \/>\n<script type=\"application\/ld+json\" class=\"yoast-schema-graph\">{\"@context\":\"https:\\\/\\\/schema.org\",\"@graph\":[{\"@type\":\"WebPage\",\"@id\":\"https:\\\/\\\/up2sky.aero\\\/produkt\\\/nakolennik-piccolo\\\/\",\"url\":\"https:\\\/\\\/up2sky.aero\\\/produkt\\\/nakolennik-piccolo\\\/\",\"name\":\"N\u00e1kolenn\u00edk PICCOLO - up2sky.aero\",\"isPartOf\":{\"@id\":\"https:\\\/\\\/up2sky.aero\\\/#website\"},\"primaryImageOfPage\":{\"@id\":\"https:\\\/\\\/up2sky.aero\\\/produkt\\\/nakolennik-piccolo\\\/#primaryimage\"},\"image\":{\"@id\":\"https:\\\/\\\/up2sky.aero\\\/produkt\\\/nakolennik-piccolo\\\/#primaryimage\"},\"thumbnailUrl\":\"https:\\\/\\\/up2sky.aero\\\/wp-content\\\/uploads\\\/2022\\\/12\\\/B7E21912-3969-4713-97E0-3F06407A3A43.webp\",\"datePublished\":\"2022-12-13T21:51:56+00:00\",\"dateModified\":\"2026-03-26T10:36:51+00:00\",\"description\":\"Pre t\u00fdch, ktor\u00fdm je m\u00e1lo miesta v kokpite, no napriek tomu sa nechc\u00fa zaob\u00eds\u0165 bez dobr\u00e9ho kolenn\u00e9ho k\u013abu, potom je toto ide\u00e1lne pre v\u00e1s\",\"breadcrumb\":{\"@id\":\"https:\\\/\\\/up2sky.aero\\\/produkt\\\/nakolennik-piccolo\\\/#breadcrumb\"},\"inLanguage\":\"en-GB\",\"potentialAction\":[{\"@type\":\"ReadAction\",\"target\":[\"https:\\\/\\\/up2sky.aero\\\/produkt\\\/nakolennik-piccolo\\\/\"]}]},{\"@type\":\"ImageObject\",\"inLanguage\":\"en-GB\",\"@id\":\"https:\\\/\\\/up2sky.aero\\\/produkt\\\/nakolennik-piccolo\\\/#primaryimage\",\"url\":\"https:\\\/\\\/up2sky.aero\\\/wp-content\\\/uploads\\\/2022\\\/12\\\/B7E21912-3969-4713-97E0-3F06407A3A43.webp\",\"contentUrl\":\"https:\\\/\\\/up2sky.aero\\\/wp-content\\\/uploads\\\/2022\\\/12\\\/B7E21912-3969-4713-97E0-3F06407A3A43.webp\",\"width\":607,\"height\":800},{\"@type\":\"BreadcrumbList\",\"@id\":\"https:\\\/\\\/up2sky.aero\\\/produkt\\\/nakolennik-piccolo\\\/#breadcrumb\",\"itemListElement\":[{\"@type\":\"ListItem\",\"position\":1,\"name\":\"Domovsk\u00e1 str\u00e1nka\",\"item\":\"https:\\\/\\\/up2sky.aero\\\/\"},{\"@type\":\"ListItem\",\"position\":2,\"name\":\"Pilot shop\",\"item\":\"https:\\\/\\\/up2sky.aero\\\/?page_id=126\"},{\"@type\":\"ListItem\",\"position\":3,\"name\":\"N\u00e1kolenn\u00edk PICCOLO\"}]},{\"@type\":\"WebSite\",\"@id\":\"https:\\\/\\\/up2sky.aero\\\/#website\",\"url\":\"https:\\\/\\\/up2sky.aero\\\/\",\"name\":\"up2sky.aero\",\"description\":\"Z\u00e1\u017eitkov\u00e9 lety pre milovn\u00edkov dobrodru\u017estiev\",\"publisher\":{\"@id\":\"https:\\\/\\\/up2sky.aero\\\/#organization\"},\"alternateName\":\"up2sky\",\"potentialAction\":[{\"@type\":\"SearchAction\",\"target\":{\"@type\":\"EntryPoint\",\"urlTemplate\":\"https:\\\/\\\/up2sky.aero\\\/?s={search_term_string}\"},\"query-input\":{\"@type\":\"PropertyValueSpecification\",\"valueRequired\":true,\"valueName\":\"search_term_string\"}}],\"inLanguage\":\"en-GB\"},{\"@type\":\"Organization\",\"@id\":\"https:\\\/\\\/up2sky.aero\\\/#organization\",\"name\":\"up2sky.aero, s.r.o.\",\"url\":\"https:\\\/\\\/up2sky.aero\\\/\",\"logo\":{\"@type\":\"ImageObject\",\"inLanguage\":\"en-GB\",\"@id\":\"https:\\\/\\\/up2sky.aero\\\/#\\\/schema\\\/logo\\\/image\\\/\",\"url\":\"https:\\\/\\\/up2sky.aero\\\/wp-content\\\/uploads\\\/2022\\\/10\\\/up2sky-logo.svg\",\"contentUrl\":\"https:\\\/\\\/up2sky.aero\\\/wp-content\\\/uploads\\\/2022\\\/10\\\/up2sky-logo.svg\",\"width\":180,\"height\":141,\"caption\":\"up2sky.aero, s.r.o.\"},\"image\":{\"@id\":\"https:\\\/\\\/up2sky.aero\\\/#\\\/schema\\\/logo\\\/image\\\/\"},\"sameAs\":[\"https:\\\/\\\/www.facebook.com\\\/up2sky.aero\"]}]}<\/script>\n<!-- \/ Yoast SEO plugin. -->","yoast_head_json":{"title":"N\u00e1kolenn\u00edk PICCOLO - up2sky.aero","description":"Pre t\u00fdch, ktor\u00fdm je m\u00e1lo miesta v kokpite, no napriek tomu sa nechc\u00fa zaob\u00eds\u0165 bez dobr\u00e9ho kolenn\u00e9ho k\u013abu, potom je toto ide\u00e1lne pre v\u00e1s","robots":{"index":"index","follow":"follow","max-snippet":"max-snippet:-1","max-image-preview":"max-image-preview:large","max-video-preview":"max-video-preview:-1"},"canonical":"https:\/\/up2sky.aero\/en\/product\/nakolennik-piccolo\/","og_locale":"en_GB","og_type":"article","og_title":"N\u00e1kolenn\u00edk PICCOLO - up2sky.aero","og_description":"Pre t\u00fdch, ktor\u00fdm je m\u00e1lo miesta v kokpite, no napriek tomu sa nechc\u00fa zaob\u00eds\u0165 bez dobr\u00e9ho kolenn\u00e9ho k\u013abu, potom je toto ide\u00e1lne pre v\u00e1s","og_url":"https:\/\/up2sky.aero\/en\/product\/nakolennik-piccolo\/","og_site_name":"up2sky.aero","article_publisher":"https:\/\/www.facebook.com\/up2sky.aero","article_modified_time":"2026-03-26T10:36:51+00:00","og_image":[{"width":607,"height":800,"url":"http:\/\/up2sky.aero\/wp-content\/uploads\/2022\/12\/B7E21912-3969-4713-97E0-3F06407A3A43.webp","type":"image\/webp"}],"twitter_card":"summary_large_image","twitter_misc":{"Estimated reading time":"1 minute"},"schema":{"@context":"https:\/\/schema.org","@graph":[{"@type":"WebPage","@id":"https:\/\/up2sky.aero\/produkt\/nakolennik-piccolo\/","url":"https:\/\/up2sky.aero\/produkt\/nakolennik-piccolo\/","name":"N\u00e1kolenn\u00edk PICCOLO - up2sky.aero","isPartOf":{"@id":"https:\/\/up2sky.aero\/#website"},"primaryImageOfPage":{"@id":"https:\/\/up2sky.aero\/produkt\/nakolennik-piccolo\/#primaryimage"},"image":{"@id":"https:\/\/up2sky.aero\/produkt\/nakolennik-piccolo\/#primaryimage"},"thumbnailUrl":"https:\/\/up2sky.aero\/wp-content\/uploads\/2022\/12\/B7E21912-3969-4713-97E0-3F06407A3A43.webp","datePublished":"2022-12-13T21:51:56+00:00","dateModified":"2026-03-26T10:36:51+00:00","description":"Pre t\u00fdch, ktor\u00fdm je m\u00e1lo miesta v kokpite, no napriek tomu sa nechc\u00fa zaob\u00eds\u0165 bez dobr\u00e9ho kolenn\u00e9ho k\u013abu, potom je toto ide\u00e1lne pre v\u00e1s","breadcrumb":{"@id":"https:\/\/up2sky.aero\/produkt\/nakolennik-piccolo\/#breadcrumb"},"inLanguage":"en-GB","potentialAction":[{"@type":"ReadAction","target":["https:\/\/up2sky.aero\/produkt\/nakolennik-piccolo\/"]}]},{"@type":"ImageObject","inLanguage":"en-GB","@id":"https:\/\/up2sky.aero\/produkt\/nakolennik-piccolo\/#primaryimage","url":"https:\/\/up2sky.aero\/wp-content\/uploads\/2022\/12\/B7E21912-3969-4713-97E0-3F06407A3A43.webp","contentUrl":"https:\/\/up2sky.aero\/wp-content\/uploads\/2022\/12\/B7E21912-3969-4713-97E0-3F06407A3A43.webp","width":607,"height":800},{"@type":"BreadcrumbList","@id":"https:\/\/up2sky.aero\/produkt\/nakolennik-piccolo\/#breadcrumb","itemListElement":[{"@type":"ListItem","position":1,"name":"Domovsk\u00e1 str\u00e1nka","item":"https:\/\/up2sky.aero\/"},{"@type":"ListItem","position":2,"name":"Pilot shop","item":"https:\/\/up2sky.aero\/?page_id=126"},{"@type":"ListItem","position":3,"name":"N\u00e1kolenn\u00edk PICCOLO"}]},{"@type":"WebSite","@id":"https:\/\/up2sky.aero\/#website","url":"https:\/\/up2sky.aero\/","name":"up2sky.aero","description":"Z\u00e1\u017eitkov\u00e9 lety pre milovn\u00edkov dobrodru\u017estiev","publisher":{"@id":"https:\/\/up2sky.aero\/#organization"},"alternateName":"up2sky","potentialAction":[{"@type":"SearchAction","target":{"@type":"EntryPoint","urlTemplate":"https:\/\/up2sky.aero\/?s={search_term_string}"},"query-input":{"@type":"PropertyValueSpecification","valueRequired":true,"valueName":"search_term_string"}}],"inLanguage":"en-GB"},{"@type":"Organization","@id":"https:\/\/up2sky.aero\/#organization","name":"up2sky.aero, s.r.o.","url":"https:\/\/up2sky.aero\/","logo":{"@type":"ImageObject","inLanguage":"en-GB","@id":"https:\/\/up2sky.aero\/#\/schema\/logo\/image\/","url":"https:\/\/up2sky.aero\/wp-content\/uploads\/2022\/10\/up2sky-logo.svg","contentUrl":"https:\/\/up2sky.aero\/wp-content\/uploads\/2022\/10\/up2sky-logo.svg","width":180,"height":141,"caption":"up2sky.aero, s.r.o."},"image":{"@id":"https:\/\/up2sky.aero\/#\/schema\/logo\/image\/"},"sameAs":["https:\/\/www.facebook.com\/up2sky.aero"]}]}},"_links":{"self":[{"href":"https:\/\/up2sky.aero\/en\/wp-json\/wp\/v2\/product\/393","targetHints":{"allow":["GET"]}}],"collection":[{"href":"https:\/\/up2sky.aero\/en\/wp-json\/wp\/v2\/product"}],"about":[{"href":"https:\/\/up2sky.aero\/en\/wp-json\/wp\/v2\/types\/product"}],"wp:featuredmedia":[{"embeddable":true,"href":"https:\/\/up2sky.aero\/en\/wp-json\/wp\/v2\/media\/394"}],"wp:attachment":[{"href":"https:\/\/up2sky.aero\/en\/wp-json\/wp\/v2\/media?parent=393"}],"wp:term":[{"taxonomy":"product_brand","embeddable":true,"href":"https:\/\/up2sky.aero\/en\/wp-json\/wp\/v2\/product_brand?post=393"},{"taxonomy":"product_cat","embeddable":true,"href":"https:\/\/up2sky.aero\/en\/wp-json\/wp\/v2\/product_cat?post=393"},{"taxonomy":"product_tag","embeddable":true,"href":"https:\/\/up2sky.aero\/en\/wp-json\/wp\/v2\/product_tag?post=393"}],"curies":[{"name":"wp","href":"https:\/\/api.w.org\/{rel}","templated":true}]}}