{"id":397,"date":"2022-12-14T08:52:23","date_gmt":"2022-12-14T07:52:23","guid":{"rendered":"https:\/\/up2sky.aero\/?post_type=product&#038;p=397"},"modified":"2024-12-26T17:27:53","modified_gmt":"2024-12-26T16:27:53","slug":"obal-na-logbook-pilot","status":"publish","type":"product","link":"https:\/\/up2sky.aero\/en\/product\/obal-na-logbook-pilot\/","title":{"rendered":"PILOT logbook cover"},"content":{"rendered":"<p>Obal s nastavite\u013en\u00fdm uzatv\u00e1rac\u00edm syst\u00e9mom z ekologickej ko\u017ee je na ve\u013emi vysokej \u00farovni.<\/p>\n<p>Vn\u00fatri je 6 odn\u00edmate\u013en\u00fdch plastov\u00fdch vreciek na v\u00e1\u0161 pilotn\u00fd preukaz, osved\u010denie r\u00e1diov\u00e9ho oper\u00e1tora at\u010f. Toto puzdro na palubn\u00e9 denn\u00edky je vhodn\u00e9 aj na palubn\u00e9 denn\u00edky s pevn\u00fdmi obalmi. \u0160tyri \u010fal\u0161ie vreck\u00e1 poskytuj\u00fa priestor na palivov\u00e9 karty, kreditn\u00e9 karty at\u010f. a nech\u00fdba ani elastick\u00fd dr\u017eiak na pero.<\/p>\n<p>Rozmer: 20,5x14,5 cm<\/p>","protected":false},"excerpt":{"rendered":"<p>Obal s nastavite\u013en\u00fdm uzatv\u00e1rac\u00edm syst\u00e9mom z ekologickej ko\u017ee je na ve\u013emi vysokej \u00farovni. Vn\u00fatri je 6 odn\u00edmate\u013en\u00fdch plastov\u00fdch vreciek na v\u00e1\u0161 pilotn\u00fd preukaz, osved\u010denie r\u00e1diov\u00e9ho oper\u00e1tora at\u010f. Toto puzdro na palubn\u00e9 denn\u00edky je vhodn\u00e9 aj na palubn\u00e9 denn\u00edky s pevn\u00fdmi obalmi. \u0160tyri \u010fal\u0161ie vreck\u00e1 poskytuj\u00fa priestor na palivov\u00e9 karty, kreditn\u00e9 karty at\u010f. a nech\u00fdba ani [&hellip;]<\/p>","protected":false},"featured_media":398,"template":"","meta":{"_acf_changed":false,"inline_featured_image":false},"product_brand":[],"product_cat":[22,28],"product_tag":[29],"class_list":{"0":"post-397","1":"product","2":"type-product","3":"status-publish","4":"has-post-thumbnail","6":"product_cat-pilot-shop","7":"product_cat-puzdra","8":"product_tag-design-4-pilots","10":"first","11":"instock","12":"taxable","13":"shipping-taxable","14":"purchasable","15":"product-type-variable"},"acf":[],"yoast_head":"<!-- This site is optimized with the Yoast SEO plugin v27.4 - https:\/\/yoast.com\/product\/yoast-seo-wordpress\/ -->\n<title>Obal na logbook PILOT - up2sky.aero<\/title>\n<meta name=\"robots\" content=\"index, follow, max-snippet:-1, max-image-preview:large, max-video-preview:-1\" \/>\n<link rel=\"canonical\" href=\"https:\/\/up2sky.aero\/en\/product\/obal-na-logbook-pilot\/\" \/>\n<meta property=\"og:locale\" content=\"en_GB\" \/>\n<meta property=\"og:type\" content=\"article\" \/>\n<meta property=\"og:title\" content=\"Obal na logbook PILOT - up2sky.aero\" \/>\n<meta property=\"og:description\" content=\"Obal s nastavite\u013en\u00fdm uzatv\u00e1rac\u00edm syst\u00e9mom z ekologickej ko\u017ee je na ve\u013emi vysokej \u00farovni. Vn\u00fatri je 6 odn\u00edmate\u013en\u00fdch plastov\u00fdch vreciek na v\u00e1\u0161 pilotn\u00fd preukaz, osved\u010denie r\u00e1diov\u00e9ho oper\u00e1tora at\u010f. Toto puzdro na palubn\u00e9 denn\u00edky je vhodn\u00e9 aj na palubn\u00e9 denn\u00edky s pevn\u00fdmi obalmi. \u0160tyri \u010fal\u0161ie vreck\u00e1 poskytuj\u00fa priestor na palivov\u00e9 karty, kreditn\u00e9 karty at\u010f. a nech\u00fdba ani [&hellip;]\" \/>\n<meta property=\"og:url\" content=\"https:\/\/up2sky.aero\/en\/product\/obal-na-logbook-pilot\/\" \/>\n<meta property=\"og:site_name\" content=\"up2sky.aero\" \/>\n<meta property=\"article:publisher\" content=\"https:\/\/www.facebook.com\/up2sky.aero\" \/>\n<meta property=\"article:modified_time\" content=\"2024-12-26T16:27:53+00:00\" \/>\n<meta property=\"og:image\" content=\"http:\/\/up2sky.aero\/wp-content\/uploads\/2022\/12\/53FD2689-6868-4D36-B3F8-2E29BB5A06AF.webp\" \/>\n\t<meta property=\"og:image:width\" content=\"900\" \/>\n\t<meta property=\"og:image:height\" content=\"628\" \/>\n\t<meta property=\"og:image:type\" content=\"image\/webp\" \/>\n<meta name=\"twitter:card\" content=\"summary_large_image\" \/>\n<meta name=\"twitter:label1\" content=\"Estimated reading time\" \/>\n\t<meta name=\"twitter:data1\" content=\"1 minute\" \/>\n<script type=\"application\/ld+json\" class=\"yoast-schema-graph\">{\"@context\":\"https:\\\/\\\/schema.org\",\"@graph\":[{\"@type\":\"WebPage\",\"@id\":\"https:\\\/\\\/up2sky.aero\\\/produkt\\\/obal-na-logbook-pilot\\\/\",\"url\":\"https:\\\/\\\/up2sky.aero\\\/produkt\\\/obal-na-logbook-pilot\\\/\",\"name\":\"Obal na logbook PILOT - up2sky.aero\",\"isPartOf\":{\"@id\":\"https:\\\/\\\/up2sky.aero\\\/#website\"},\"primaryImageOfPage\":{\"@id\":\"https:\\\/\\\/up2sky.aero\\\/produkt\\\/obal-na-logbook-pilot\\\/#primaryimage\"},\"image\":{\"@id\":\"https:\\\/\\\/up2sky.aero\\\/produkt\\\/obal-na-logbook-pilot\\\/#primaryimage\"},\"thumbnailUrl\":\"https:\\\/\\\/up2sky.aero\\\/wp-content\\\/uploads\\\/2022\\\/12\\\/53FD2689-6868-4D36-B3F8-2E29BB5A06AF.webp\",\"datePublished\":\"2022-12-14T07:52:23+00:00\",\"dateModified\":\"2024-12-26T16:27:53+00:00\",\"breadcrumb\":{\"@id\":\"https:\\\/\\\/up2sky.aero\\\/produkt\\\/obal-na-logbook-pilot\\\/#breadcrumb\"},\"inLanguage\":\"en-GB\",\"potentialAction\":[{\"@type\":\"ReadAction\",\"target\":[\"https:\\\/\\\/up2sky.aero\\\/produkt\\\/obal-na-logbook-pilot\\\/\"]}]},{\"@type\":\"ImageObject\",\"inLanguage\":\"en-GB\",\"@id\":\"https:\\\/\\\/up2sky.aero\\\/produkt\\\/obal-na-logbook-pilot\\\/#primaryimage\",\"url\":\"https:\\\/\\\/up2sky.aero\\\/wp-content\\\/uploads\\\/2022\\\/12\\\/53FD2689-6868-4D36-B3F8-2E29BB5A06AF.webp\",\"contentUrl\":\"https:\\\/\\\/up2sky.aero\\\/wp-content\\\/uploads\\\/2022\\\/12\\\/53FD2689-6868-4D36-B3F8-2E29BB5A06AF.webp\",\"width\":900,\"height\":628},{\"@type\":\"BreadcrumbList\",\"@id\":\"https:\\\/\\\/up2sky.aero\\\/produkt\\\/obal-na-logbook-pilot\\\/#breadcrumb\",\"itemListElement\":[{\"@type\":\"ListItem\",\"position\":1,\"name\":\"Domovsk\u00e1 str\u00e1nka\",\"item\":\"https:\\\/\\\/up2sky.aero\\\/\"},{\"@type\":\"ListItem\",\"position\":2,\"name\":\"Pilot shop\",\"item\":\"https:\\\/\\\/up2sky.aero\\\/?page_id=126\"},{\"@type\":\"ListItem\",\"position\":3,\"name\":\"Obal na logbook PILOT\"}]},{\"@type\":\"WebSite\",\"@id\":\"https:\\\/\\\/up2sky.aero\\\/#website\",\"url\":\"https:\\\/\\\/up2sky.aero\\\/\",\"name\":\"up2sky.aero\",\"description\":\"Z\u00e1\u017eitkov\u00e9 lety pre milovn\u00edkov dobrodru\u017estiev\",\"publisher\":{\"@id\":\"https:\\\/\\\/up2sky.aero\\\/#organization\"},\"alternateName\":\"up2sky\",\"potentialAction\":[{\"@type\":\"SearchAction\",\"target\":{\"@type\":\"EntryPoint\",\"urlTemplate\":\"https:\\\/\\\/up2sky.aero\\\/?s={search_term_string}\"},\"query-input\":{\"@type\":\"PropertyValueSpecification\",\"valueRequired\":true,\"valueName\":\"search_term_string\"}}],\"inLanguage\":\"en-GB\"},{\"@type\":\"Organization\",\"@id\":\"https:\\\/\\\/up2sky.aero\\\/#organization\",\"name\":\"up2sky.aero, s.r.o.\",\"url\":\"https:\\\/\\\/up2sky.aero\\\/\",\"logo\":{\"@type\":\"ImageObject\",\"inLanguage\":\"en-GB\",\"@id\":\"https:\\\/\\\/up2sky.aero\\\/#\\\/schema\\\/logo\\\/image\\\/\",\"url\":\"https:\\\/\\\/up2sky.aero\\\/wp-content\\\/uploads\\\/2022\\\/10\\\/up2sky-logo.svg\",\"contentUrl\":\"https:\\\/\\\/up2sky.aero\\\/wp-content\\\/uploads\\\/2022\\\/10\\\/up2sky-logo.svg\",\"width\":180,\"height\":141,\"caption\":\"up2sky.aero, s.r.o.\"},\"image\":{\"@id\":\"https:\\\/\\\/up2sky.aero\\\/#\\\/schema\\\/logo\\\/image\\\/\"},\"sameAs\":[\"https:\\\/\\\/www.facebook.com\\\/up2sky.aero\"]}]}<\/script>\n<!-- \/ Yoast SEO plugin. -->","yoast_head_json":{"title":"Obal na logbook PILOT - up2sky.aero","robots":{"index":"index","follow":"follow","max-snippet":"max-snippet:-1","max-image-preview":"max-image-preview:large","max-video-preview":"max-video-preview:-1"},"canonical":"https:\/\/up2sky.aero\/en\/product\/obal-na-logbook-pilot\/","og_locale":"en_GB","og_type":"article","og_title":"Obal na logbook PILOT - up2sky.aero","og_description":"Obal s nastavite\u013en\u00fdm uzatv\u00e1rac\u00edm syst\u00e9mom z ekologickej ko\u017ee je na ve\u013emi vysokej \u00farovni. Vn\u00fatri je 6 odn\u00edmate\u013en\u00fdch plastov\u00fdch vreciek na v\u00e1\u0161 pilotn\u00fd preukaz, osved\u010denie r\u00e1diov\u00e9ho oper\u00e1tora at\u010f. Toto puzdro na palubn\u00e9 denn\u00edky je vhodn\u00e9 aj na palubn\u00e9 denn\u00edky s pevn\u00fdmi obalmi. \u0160tyri \u010fal\u0161ie vreck\u00e1 poskytuj\u00fa priestor na palivov\u00e9 karty, kreditn\u00e9 karty at\u010f. a nech\u00fdba ani [&hellip;]","og_url":"https:\/\/up2sky.aero\/en\/product\/obal-na-logbook-pilot\/","og_site_name":"up2sky.aero","article_publisher":"https:\/\/www.facebook.com\/up2sky.aero","article_modified_time":"2024-12-26T16:27:53+00:00","og_image":[{"width":900,"height":628,"url":"http:\/\/up2sky.aero\/wp-content\/uploads\/2022\/12\/53FD2689-6868-4D36-B3F8-2E29BB5A06AF.webp","type":"image\/webp"}],"twitter_card":"summary_large_image","twitter_misc":{"Estimated reading time":"1 minute"},"schema":{"@context":"https:\/\/schema.org","@graph":[{"@type":"WebPage","@id":"https:\/\/up2sky.aero\/produkt\/obal-na-logbook-pilot\/","url":"https:\/\/up2sky.aero\/produkt\/obal-na-logbook-pilot\/","name":"Obal na logbook PILOT - up2sky.aero","isPartOf":{"@id":"https:\/\/up2sky.aero\/#website"},"primaryImageOfPage":{"@id":"https:\/\/up2sky.aero\/produkt\/obal-na-logbook-pilot\/#primaryimage"},"image":{"@id":"https:\/\/up2sky.aero\/produkt\/obal-na-logbook-pilot\/#primaryimage"},"thumbnailUrl":"https:\/\/up2sky.aero\/wp-content\/uploads\/2022\/12\/53FD2689-6868-4D36-B3F8-2E29BB5A06AF.webp","datePublished":"2022-12-14T07:52:23+00:00","dateModified":"2024-12-26T16:27:53+00:00","breadcrumb":{"@id":"https:\/\/up2sky.aero\/produkt\/obal-na-logbook-pilot\/#breadcrumb"},"inLanguage":"en-GB","potentialAction":[{"@type":"ReadAction","target":["https:\/\/up2sky.aero\/produkt\/obal-na-logbook-pilot\/"]}]},{"@type":"ImageObject","inLanguage":"en-GB","@id":"https:\/\/up2sky.aero\/produkt\/obal-na-logbook-pilot\/#primaryimage","url":"https:\/\/up2sky.aero\/wp-content\/uploads\/2022\/12\/53FD2689-6868-4D36-B3F8-2E29BB5A06AF.webp","contentUrl":"https:\/\/up2sky.aero\/wp-content\/uploads\/2022\/12\/53FD2689-6868-4D36-B3F8-2E29BB5A06AF.webp","width":900,"height":628},{"@type":"BreadcrumbList","@id":"https:\/\/up2sky.aero\/produkt\/obal-na-logbook-pilot\/#breadcrumb","itemListElement":[{"@type":"ListItem","position":1,"name":"Domovsk\u00e1 str\u00e1nka","item":"https:\/\/up2sky.aero\/"},{"@type":"ListItem","position":2,"name":"Pilot shop","item":"https:\/\/up2sky.aero\/?page_id=126"},{"@type":"ListItem","position":3,"name":"Obal na logbook PILOT"}]},{"@type":"WebSite","@id":"https:\/\/up2sky.aero\/#website","url":"https:\/\/up2sky.aero\/","name":"up2sky.aero","description":"Z\u00e1\u017eitkov\u00e9 lety pre milovn\u00edkov dobrodru\u017estiev","publisher":{"@id":"https:\/\/up2sky.aero\/#organization"},"alternateName":"up2sky","potentialAction":[{"@type":"SearchAction","target":{"@type":"EntryPoint","urlTemplate":"https:\/\/up2sky.aero\/?s={search_term_string}"},"query-input":{"@type":"PropertyValueSpecification","valueRequired":true,"valueName":"search_term_string"}}],"inLanguage":"en-GB"},{"@type":"Organization","@id":"https:\/\/up2sky.aero\/#organization","name":"up2sky.aero, s.r.o.","url":"https:\/\/up2sky.aero\/","logo":{"@type":"ImageObject","inLanguage":"en-GB","@id":"https:\/\/up2sky.aero\/#\/schema\/logo\/image\/","url":"https:\/\/up2sky.aero\/wp-content\/uploads\/2022\/10\/up2sky-logo.svg","contentUrl":"https:\/\/up2sky.aero\/wp-content\/uploads\/2022\/10\/up2sky-logo.svg","width":180,"height":141,"caption":"up2sky.aero, s.r.o."},"image":{"@id":"https:\/\/up2sky.aero\/#\/schema\/logo\/image\/"},"sameAs":["https:\/\/www.facebook.com\/up2sky.aero"]}]}},"_links":{"self":[{"href":"https:\/\/up2sky.aero\/en\/wp-json\/wp\/v2\/product\/397","targetHints":{"allow":["GET"]}}],"collection":[{"href":"https:\/\/up2sky.aero\/en\/wp-json\/wp\/v2\/product"}],"about":[{"href":"https:\/\/up2sky.aero\/en\/wp-json\/wp\/v2\/types\/product"}],"wp:featuredmedia":[{"embeddable":true,"href":"https:\/\/up2sky.aero\/en\/wp-json\/wp\/v2\/media\/398"}],"wp:attachment":[{"href":"https:\/\/up2sky.aero\/en\/wp-json\/wp\/v2\/media?parent=397"}],"wp:term":[{"taxonomy":"product_brand","embeddable":true,"href":"https:\/\/up2sky.aero\/en\/wp-json\/wp\/v2\/product_brand?post=397"},{"taxonomy":"product_cat","embeddable":true,"href":"https:\/\/up2sky.aero\/en\/wp-json\/wp\/v2\/product_cat?post=397"},{"taxonomy":"product_tag","embeddable":true,"href":"https:\/\/up2sky.aero\/en\/wp-json\/wp\/v2\/product_tag?post=397"}],"curies":[{"name":"wp","href":"https:\/\/api.w.org\/{rel}","templated":true}]}}