{"id":421,"date":"2022-12-14T09:29:00","date_gmt":"2022-12-14T08:29:00","guid":{"rendered":"https:\/\/up2sky.aero\/?post_type=product&#038;p=421"},"modified":"2025-07-11T11:26:45","modified_gmt":"2025-07-11T09:26:45","slug":"obal-na-licenciu-easa","status":"publish","type":"product","link":"https:\/\/up2sky.aero\/en\/product\/obal-na-licenciu-easa\/","title":{"rendered":"EASA license cover"},"content":{"rendered":"<p>Tento elegantn\u00fd kryt na licenciu je vyroben\u00fd z vysoko kvalitnej ekologickej ko\u017ee s vyrazen\u00fdm logom a strieborn\u00fdm kovov\u00fdm kr\u00eddlom na prednej strane. Kryt licencie je vybaven\u00fd RFID ochranou.<\/p>\n<p>Vn\u00fatri je \u0161es\u0165 plastov\u00fdch vreciek na pilotn\u00fd preukaz, zdravotn\u00e9 at\u010f. \u010eal\u0161ie tri vreck\u00e1 na kreditn\u00e9 karty, jedno na vizitku, druh\u00e9 na papier a vyrazen\u00e9 logo PILOT\u00ae.<\/p>\n<p>Rozmer: 13,5x10x1 cm<\/p>","protected":false},"excerpt":{"rendered":"<p>Tento elegantn\u00fd kryt na licenciu je vyroben\u00fd z vysoko kvalitnej ekologickej ko\u017ee s vyrazen\u00fdm logom a strieborn\u00fdm kovov\u00fdm kr\u00eddlom na prednej strane. Kryt licencie je vybaven\u00fd RFID ochranou. Vn\u00fatri je \u0161es\u0165 plastov\u00fdch vreciek na pilotn\u00fd preukaz, zdravotn\u00e9 at\u010f. \u010eal\u0161ie tri vreck\u00e1 na kreditn\u00e9 karty, jedno na vizitku, druh\u00e9 na papier a vyrazen\u00e9 logo PILOT\u00ae. Rozmer: [&hellip;]<\/p>","protected":false},"featured_media":422,"template":"","meta":{"_acf_changed":false,"inline_featured_image":false},"product_brand":[],"product_cat":[22,28],"product_tag":[29],"class_list":{"0":"post-421","1":"product","2":"type-product","3":"status-publish","4":"has-post-thumbnail","6":"product_cat-pilot-shop","7":"product_cat-puzdra","8":"product_tag-design-4-pilots","10":"first","11":"instock","12":"taxable","13":"shipping-taxable","14":"purchasable","15":"product-type-variable"},"acf":[],"yoast_head":"<!-- This site is optimized with the Yoast SEO plugin v27.5 - https:\/\/yoast.com\/product\/yoast-seo-wordpress\/ -->\n<title>Obal na licenciu EASA - up2sky.aero<\/title>\n<meta name=\"description\" content=\"Tento elegantn\u00fd kryt na licenciu je vyroben\u00fd z vysoko kvalitnej ekologickej ko\u017ee s vyrazen\u00fdm logom a strieborn\u00fdm kovov\u00fdm kr\u00eddlom na prednej strane\" \/>\n<meta name=\"robots\" content=\"index, follow, max-snippet:-1, max-image-preview:large, max-video-preview:-1\" \/>\n<link rel=\"canonical\" href=\"https:\/\/up2sky.aero\/en\/product\/obal-na-licenciu-easa\/\" \/>\n<meta property=\"og:locale\" content=\"en_GB\" \/>\n<meta property=\"og:type\" content=\"article\" \/>\n<meta property=\"og:title\" content=\"Obal na licenciu EASA - up2sky.aero\" \/>\n<meta property=\"og:description\" content=\"Tento elegantn\u00fd kryt na licenciu je vyroben\u00fd z vysoko kvalitnej ekologickej ko\u017ee s vyrazen\u00fdm logom a strieborn\u00fdm kovov\u00fdm kr\u00eddlom na prednej strane\" \/>\n<meta property=\"og:url\" content=\"https:\/\/up2sky.aero\/en\/product\/obal-na-licenciu-easa\/\" \/>\n<meta property=\"og:site_name\" content=\"up2sky.aero\" \/>\n<meta property=\"article:publisher\" content=\"https:\/\/www.facebook.com\/up2sky.aero\" \/>\n<meta property=\"article:modified_time\" content=\"2025-07-11T09:26:45+00:00\" \/>\n<meta property=\"og:image\" content=\"http:\/\/up2sky.aero\/wp-content\/uploads\/2022\/12\/9CF4B7FA-0AF1-4F1B-A017-B23371B2FDA4.webp\" \/>\n\t<meta property=\"og:image:width\" content=\"469\" \/>\n\t<meta property=\"og:image:height\" content=\"800\" \/>\n\t<meta property=\"og:image:type\" content=\"image\/webp\" \/>\n<meta name=\"twitter:card\" content=\"summary_large_image\" \/>\n<meta name=\"twitter:label1\" content=\"Estimated reading time\" \/>\n\t<meta name=\"twitter:data1\" content=\"1 minute\" \/>\n<script type=\"application\/ld+json\" class=\"yoast-schema-graph\">{\"@context\":\"https:\\\/\\\/schema.org\",\"@graph\":[{\"@type\":\"WebPage\",\"@id\":\"https:\\\/\\\/up2sky.aero\\\/produkt\\\/obal-na-licenciu-easa\\\/\",\"url\":\"https:\\\/\\\/up2sky.aero\\\/produkt\\\/obal-na-licenciu-easa\\\/\",\"name\":\"Obal na licenciu EASA - up2sky.aero\",\"isPartOf\":{\"@id\":\"https:\\\/\\\/up2sky.aero\\\/#website\"},\"primaryImageOfPage\":{\"@id\":\"https:\\\/\\\/up2sky.aero\\\/produkt\\\/obal-na-licenciu-easa\\\/#primaryimage\"},\"image\":{\"@id\":\"https:\\\/\\\/up2sky.aero\\\/produkt\\\/obal-na-licenciu-easa\\\/#primaryimage\"},\"thumbnailUrl\":\"https:\\\/\\\/up2sky.aero\\\/wp-content\\\/uploads\\\/2022\\\/12\\\/9CF4B7FA-0AF1-4F1B-A017-B23371B2FDA4.webp\",\"datePublished\":\"2022-12-14T08:29:00+00:00\",\"dateModified\":\"2025-07-11T09:26:45+00:00\",\"description\":\"Tento elegantn\u00fd kryt na licenciu je vyroben\u00fd z vysoko kvalitnej ekologickej ko\u017ee s vyrazen\u00fdm logom a strieborn\u00fdm kovov\u00fdm kr\u00eddlom na prednej strane\",\"breadcrumb\":{\"@id\":\"https:\\\/\\\/up2sky.aero\\\/produkt\\\/obal-na-licenciu-easa\\\/#breadcrumb\"},\"inLanguage\":\"en-GB\",\"potentialAction\":[{\"@type\":\"ReadAction\",\"target\":[\"https:\\\/\\\/up2sky.aero\\\/produkt\\\/obal-na-licenciu-easa\\\/\"]}]},{\"@type\":\"ImageObject\",\"inLanguage\":\"en-GB\",\"@id\":\"https:\\\/\\\/up2sky.aero\\\/produkt\\\/obal-na-licenciu-easa\\\/#primaryimage\",\"url\":\"https:\\\/\\\/up2sky.aero\\\/wp-content\\\/uploads\\\/2022\\\/12\\\/9CF4B7FA-0AF1-4F1B-A017-B23371B2FDA4.webp\",\"contentUrl\":\"https:\\\/\\\/up2sky.aero\\\/wp-content\\\/uploads\\\/2022\\\/12\\\/9CF4B7FA-0AF1-4F1B-A017-B23371B2FDA4.webp\",\"width\":469,\"height\":800},{\"@type\":\"BreadcrumbList\",\"@id\":\"https:\\\/\\\/up2sky.aero\\\/produkt\\\/obal-na-licenciu-easa\\\/#breadcrumb\",\"itemListElement\":[{\"@type\":\"ListItem\",\"position\":1,\"name\":\"Domovsk\u00e1 str\u00e1nka\",\"item\":\"https:\\\/\\\/up2sky.aero\\\/\"},{\"@type\":\"ListItem\",\"position\":2,\"name\":\"Pilot shop\",\"item\":\"https:\\\/\\\/up2sky.aero\\\/?page_id=126\"},{\"@type\":\"ListItem\",\"position\":3,\"name\":\"Obal na licenciu EASA\"}]},{\"@type\":\"WebSite\",\"@id\":\"https:\\\/\\\/up2sky.aero\\\/#website\",\"url\":\"https:\\\/\\\/up2sky.aero\\\/\",\"name\":\"up2sky.aero\",\"description\":\"Z\u00e1\u017eitkov\u00e9 lety pre milovn\u00edkov dobrodru\u017estiev\",\"publisher\":{\"@id\":\"https:\\\/\\\/up2sky.aero\\\/#organization\"},\"alternateName\":\"up2sky\",\"potentialAction\":[{\"@type\":\"SearchAction\",\"target\":{\"@type\":\"EntryPoint\",\"urlTemplate\":\"https:\\\/\\\/up2sky.aero\\\/?s={search_term_string}\"},\"query-input\":{\"@type\":\"PropertyValueSpecification\",\"valueRequired\":true,\"valueName\":\"search_term_string\"}}],\"inLanguage\":\"en-GB\"},{\"@type\":\"Organization\",\"@id\":\"https:\\\/\\\/up2sky.aero\\\/#organization\",\"name\":\"up2sky.aero, s.r.o.\",\"url\":\"https:\\\/\\\/up2sky.aero\\\/\",\"logo\":{\"@type\":\"ImageObject\",\"inLanguage\":\"en-GB\",\"@id\":\"https:\\\/\\\/up2sky.aero\\\/#\\\/schema\\\/logo\\\/image\\\/\",\"url\":\"https:\\\/\\\/up2sky.aero\\\/wp-content\\\/uploads\\\/2022\\\/10\\\/up2sky-logo.svg\",\"contentUrl\":\"https:\\\/\\\/up2sky.aero\\\/wp-content\\\/uploads\\\/2022\\\/10\\\/up2sky-logo.svg\",\"width\":180,\"height\":141,\"caption\":\"up2sky.aero, s.r.o.\"},\"image\":{\"@id\":\"https:\\\/\\\/up2sky.aero\\\/#\\\/schema\\\/logo\\\/image\\\/\"},\"sameAs\":[\"https:\\\/\\\/www.facebook.com\\\/up2sky.aero\"]}]}<\/script>\n<!-- \/ Yoast SEO plugin. -->","yoast_head_json":{"title":"Obal na licenciu EASA - up2sky.aero","description":"Tento elegantn\u00fd kryt na licenciu je vyroben\u00fd z vysoko kvalitnej ekologickej ko\u017ee s vyrazen\u00fdm logom a strieborn\u00fdm kovov\u00fdm kr\u00eddlom na prednej strane","robots":{"index":"index","follow":"follow","max-snippet":"max-snippet:-1","max-image-preview":"max-image-preview:large","max-video-preview":"max-video-preview:-1"},"canonical":"https:\/\/up2sky.aero\/en\/product\/obal-na-licenciu-easa\/","og_locale":"en_GB","og_type":"article","og_title":"Obal na licenciu EASA - up2sky.aero","og_description":"Tento elegantn\u00fd kryt na licenciu je vyroben\u00fd z vysoko kvalitnej ekologickej ko\u017ee s vyrazen\u00fdm logom a strieborn\u00fdm kovov\u00fdm kr\u00eddlom na prednej strane","og_url":"https:\/\/up2sky.aero\/en\/product\/obal-na-licenciu-easa\/","og_site_name":"up2sky.aero","article_publisher":"https:\/\/www.facebook.com\/up2sky.aero","article_modified_time":"2025-07-11T09:26:45+00:00","og_image":[{"width":469,"height":800,"url":"http:\/\/up2sky.aero\/wp-content\/uploads\/2022\/12\/9CF4B7FA-0AF1-4F1B-A017-B23371B2FDA4.webp","type":"image\/webp"}],"twitter_card":"summary_large_image","twitter_misc":{"Estimated reading time":"1 minute"},"schema":{"@context":"https:\/\/schema.org","@graph":[{"@type":"WebPage","@id":"https:\/\/up2sky.aero\/produkt\/obal-na-licenciu-easa\/","url":"https:\/\/up2sky.aero\/produkt\/obal-na-licenciu-easa\/","name":"Obal na licenciu EASA - up2sky.aero","isPartOf":{"@id":"https:\/\/up2sky.aero\/#website"},"primaryImageOfPage":{"@id":"https:\/\/up2sky.aero\/produkt\/obal-na-licenciu-easa\/#primaryimage"},"image":{"@id":"https:\/\/up2sky.aero\/produkt\/obal-na-licenciu-easa\/#primaryimage"},"thumbnailUrl":"https:\/\/up2sky.aero\/wp-content\/uploads\/2022\/12\/9CF4B7FA-0AF1-4F1B-A017-B23371B2FDA4.webp","datePublished":"2022-12-14T08:29:00+00:00","dateModified":"2025-07-11T09:26:45+00:00","description":"Tento elegantn\u00fd kryt na licenciu je vyroben\u00fd z vysoko kvalitnej ekologickej ko\u017ee s vyrazen\u00fdm logom a strieborn\u00fdm kovov\u00fdm kr\u00eddlom na prednej strane","breadcrumb":{"@id":"https:\/\/up2sky.aero\/produkt\/obal-na-licenciu-easa\/#breadcrumb"},"inLanguage":"en-GB","potentialAction":[{"@type":"ReadAction","target":["https:\/\/up2sky.aero\/produkt\/obal-na-licenciu-easa\/"]}]},{"@type":"ImageObject","inLanguage":"en-GB","@id":"https:\/\/up2sky.aero\/produkt\/obal-na-licenciu-easa\/#primaryimage","url":"https:\/\/up2sky.aero\/wp-content\/uploads\/2022\/12\/9CF4B7FA-0AF1-4F1B-A017-B23371B2FDA4.webp","contentUrl":"https:\/\/up2sky.aero\/wp-content\/uploads\/2022\/12\/9CF4B7FA-0AF1-4F1B-A017-B23371B2FDA4.webp","width":469,"height":800},{"@type":"BreadcrumbList","@id":"https:\/\/up2sky.aero\/produkt\/obal-na-licenciu-easa\/#breadcrumb","itemListElement":[{"@type":"ListItem","position":1,"name":"Domovsk\u00e1 str\u00e1nka","item":"https:\/\/up2sky.aero\/"},{"@type":"ListItem","position":2,"name":"Pilot shop","item":"https:\/\/up2sky.aero\/?page_id=126"},{"@type":"ListItem","position":3,"name":"Obal na licenciu EASA"}]},{"@type":"WebSite","@id":"https:\/\/up2sky.aero\/#website","url":"https:\/\/up2sky.aero\/","name":"up2sky.aero","description":"Z\u00e1\u017eitkov\u00e9 lety pre milovn\u00edkov dobrodru\u017estiev","publisher":{"@id":"https:\/\/up2sky.aero\/#organization"},"alternateName":"up2sky","potentialAction":[{"@type":"SearchAction","target":{"@type":"EntryPoint","urlTemplate":"https:\/\/up2sky.aero\/?s={search_term_string}"},"query-input":{"@type":"PropertyValueSpecification","valueRequired":true,"valueName":"search_term_string"}}],"inLanguage":"en-GB"},{"@type":"Organization","@id":"https:\/\/up2sky.aero\/#organization","name":"up2sky.aero, s.r.o.","url":"https:\/\/up2sky.aero\/","logo":{"@type":"ImageObject","inLanguage":"en-GB","@id":"https:\/\/up2sky.aero\/#\/schema\/logo\/image\/","url":"https:\/\/up2sky.aero\/wp-content\/uploads\/2022\/10\/up2sky-logo.svg","contentUrl":"https:\/\/up2sky.aero\/wp-content\/uploads\/2022\/10\/up2sky-logo.svg","width":180,"height":141,"caption":"up2sky.aero, s.r.o."},"image":{"@id":"https:\/\/up2sky.aero\/#\/schema\/logo\/image\/"},"sameAs":["https:\/\/www.facebook.com\/up2sky.aero"]}]}},"_links":{"self":[{"href":"https:\/\/up2sky.aero\/en\/wp-json\/wp\/v2\/product\/421","targetHints":{"allow":["GET"]}}],"collection":[{"href":"https:\/\/up2sky.aero\/en\/wp-json\/wp\/v2\/product"}],"about":[{"href":"https:\/\/up2sky.aero\/en\/wp-json\/wp\/v2\/types\/product"}],"wp:featuredmedia":[{"embeddable":true,"href":"https:\/\/up2sky.aero\/en\/wp-json\/wp\/v2\/media\/422"}],"wp:attachment":[{"href":"https:\/\/up2sky.aero\/en\/wp-json\/wp\/v2\/media?parent=421"}],"wp:term":[{"taxonomy":"product_brand","embeddable":true,"href":"https:\/\/up2sky.aero\/en\/wp-json\/wp\/v2\/product_brand?post=421"},{"taxonomy":"product_cat","embeddable":true,"href":"https:\/\/up2sky.aero\/en\/wp-json\/wp\/v2\/product_cat?post=421"},{"taxonomy":"product_tag","embeddable":true,"href":"https:\/\/up2sky.aero\/en\/wp-json\/wp\/v2\/product_tag?post=421"}],"curies":[{"name":"wp","href":"https:\/\/api.w.org\/{rel}","templated":true}]}}