{"id":427,"date":"2022-12-14T09:38:06","date_gmt":"2022-12-14T08:38:06","guid":{"rendered":"https:\/\/up2sky.aero\/?post_type=product&#038;p=427"},"modified":"2025-12-15T11:41:17","modified_gmt":"2025-12-15T10:41:17","slug":"pilotna-bunda-p-j-general-aviation","status":"publish","type":"product","link":"https:\/\/up2sky.aero\/en\/product\/pilotna-bunda-p-j-general-aviation\/","title":{"rendered":"P.J. GENERAL AVIATION pilot jacket"},"content":{"rendered":"<p>T\u00e1to \u0161portov\u00e1, elegantn\u00e1 pilotn\u00e1 bunda je vyroben\u00e1 z priedu\u0161nej softshellovej l\u00e1tky vr. vesty s vysokou vidite\u013enos\u0165ou. Bunda dobre sed\u00ed na ramen\u00e1ch a m\u00e1 nasleduj\u00face vlastnosti:<\/p>\n<p>vysoko kvalitn\u00e1 softshellov\u00e1 tkanina<br \/>\nodoln\u00e1 proti vetru<br \/>\nvodeodoln\u00e1 vr. kryt\u00fdch zipsov<br \/>\nve\u013ea vreciek vo vn\u00fatri aj vonku<br \/>\ndr\u017eiak na pero a vrecko na identifika\u010dn\u00fa kartu na \u013eavej ruke<br \/>\nodn\u00edmate\u013en\u00e1 n\u00e1\u0161ivka na such\u00fd zips na pravej ruke<br \/>\npleten\u00fd p\u00e1s a man\u017eety<br \/>\nbunda s funkciou epolety<br \/>\nvr\u00e1tane reflexnej pilotnej vesty<\/p>","protected":false},"excerpt":{"rendered":"<p>T\u00e1to \u0161portov\u00e1, elegantn\u00e1 pilotn\u00e1 bunda je vyroben\u00e1 z priedu\u0161nej softshellovej l\u00e1tky vr. vesty s vysokou vidite\u013enos\u0165ou. Bunda dobre sed\u00ed na ramen\u00e1ch a m\u00e1 nasleduj\u00face vlastnosti: vysoko kvalitn\u00e1 softshellov\u00e1 tkanina odoln\u00e1 proti vetru vodeodoln\u00e1 vr. kryt\u00fdch zipsov ve\u013ea vreciek vo vn\u00fatri aj vonku dr\u017eiak na pero a vrecko na identifika\u010dn\u00fa kartu na \u013eavej ruke odn\u00edmate\u013en\u00e1 n\u00e1\u0161ivka [&hellip;]<\/p>","protected":false},"featured_media":428,"template":"","meta":{"_acf_changed":false,"inline_featured_image":false},"product_brand":[],"product_cat":[24,22],"product_tag":[29],"class_list":{"0":"post-427","1":"product","2":"type-product","3":"status-publish","4":"has-post-thumbnail","6":"product_cat-oblecenie-pilot-shop-2","7":"product_cat-pilot-shop","8":"product_tag-design-4-pilots","10":"first","11":"instock","12":"taxable","13":"shipping-taxable","14":"purchasable","15":"product-type-variable"},"acf":[],"yoast_head":"<!-- This site is optimized with the Yoast SEO plugin v27.5 - https:\/\/yoast.com\/product\/yoast-seo-wordpress\/ -->\n<title>Pilotn\u00e1 bunda P.J. GENERAL AVIATION - up2sky.aero<\/title>\n<meta name=\"description\" content=\"T\u00e1to \u0161portov\u00e1, elegantn\u00e1 pilotn\u00e1 bunda je vyroben\u00e1 z priedu\u0161nej softshellovej l\u00e1tky vr. vesty s vysokou vidite\u013enos\u0165ou. Bunda dobre sed\u00ed na ramen\u00e1ch\" \/>\n<meta name=\"robots\" content=\"index, follow, max-snippet:-1, max-image-preview:large, max-video-preview:-1\" \/>\n<link rel=\"canonical\" href=\"https:\/\/up2sky.aero\/en\/product\/pilotna-bunda-p-j-general-aviation\/\" \/>\n<meta property=\"og:locale\" content=\"en_GB\" \/>\n<meta property=\"og:type\" content=\"article\" \/>\n<meta property=\"og:title\" content=\"Pilotn\u00e1 bunda P.J. GENERAL AVIATION - up2sky.aero\" \/>\n<meta property=\"og:description\" content=\"T\u00e1to \u0161portov\u00e1, elegantn\u00e1 pilotn\u00e1 bunda je vyroben\u00e1 z priedu\u0161nej softshellovej l\u00e1tky vr. vesty s vysokou vidite\u013enos\u0165ou. Bunda dobre sed\u00ed na ramen\u00e1ch\" \/>\n<meta property=\"og:url\" content=\"https:\/\/up2sky.aero\/en\/product\/pilotna-bunda-p-j-general-aviation\/\" \/>\n<meta property=\"og:site_name\" content=\"up2sky.aero\" \/>\n<meta property=\"article:publisher\" content=\"https:\/\/www.facebook.com\/up2sky.aero\" \/>\n<meta property=\"article:modified_time\" content=\"2025-12-15T10:41:17+00:00\" \/>\n<meta property=\"og:image\" content=\"http:\/\/up2sky.aero\/wp-content\/uploads\/2022\/12\/3DF2AE8E-8CCB-40A5-8430-BE9579C8CCCB.webp\" \/>\n\t<meta property=\"og:image:width\" content=\"580\" \/>\n\t<meta property=\"og:image:height\" content=\"800\" \/>\n\t<meta property=\"og:image:type\" content=\"image\/webp\" \/>\n<meta name=\"twitter:card\" content=\"summary_large_image\" \/>\n<meta name=\"twitter:label1\" content=\"Estimated reading time\" \/>\n\t<meta name=\"twitter:data1\" content=\"1 minute\" \/>\n<script type=\"application\/ld+json\" class=\"yoast-schema-graph\">{\"@context\":\"https:\\\/\\\/schema.org\",\"@graph\":[{\"@type\":\"WebPage\",\"@id\":\"https:\\\/\\\/up2sky.aero\\\/produkt\\\/pilotna-bunda-p-j-general-aviation\\\/\",\"url\":\"https:\\\/\\\/up2sky.aero\\\/produkt\\\/pilotna-bunda-p-j-general-aviation\\\/\",\"name\":\"Pilotn\u00e1 bunda P.J. GENERAL AVIATION - up2sky.aero\",\"isPartOf\":{\"@id\":\"https:\\\/\\\/up2sky.aero\\\/#website\"},\"primaryImageOfPage\":{\"@id\":\"https:\\\/\\\/up2sky.aero\\\/produkt\\\/pilotna-bunda-p-j-general-aviation\\\/#primaryimage\"},\"image\":{\"@id\":\"https:\\\/\\\/up2sky.aero\\\/produkt\\\/pilotna-bunda-p-j-general-aviation\\\/#primaryimage\"},\"thumbnailUrl\":\"https:\\\/\\\/up2sky.aero\\\/wp-content\\\/uploads\\\/2022\\\/12\\\/3DF2AE8E-8CCB-40A5-8430-BE9579C8CCCB.webp\",\"datePublished\":\"2022-12-14T08:38:06+00:00\",\"dateModified\":\"2025-12-15T10:41:17+00:00\",\"description\":\"T\u00e1to \u0161portov\u00e1, elegantn\u00e1 pilotn\u00e1 bunda je vyroben\u00e1 z priedu\u0161nej softshellovej l\u00e1tky vr. vesty s vysokou vidite\u013enos\u0165ou. Bunda dobre sed\u00ed na ramen\u00e1ch\",\"breadcrumb\":{\"@id\":\"https:\\\/\\\/up2sky.aero\\\/produkt\\\/pilotna-bunda-p-j-general-aviation\\\/#breadcrumb\"},\"inLanguage\":\"en-GB\",\"potentialAction\":[{\"@type\":\"ReadAction\",\"target\":[\"https:\\\/\\\/up2sky.aero\\\/produkt\\\/pilotna-bunda-p-j-general-aviation\\\/\"]}]},{\"@type\":\"ImageObject\",\"inLanguage\":\"en-GB\",\"@id\":\"https:\\\/\\\/up2sky.aero\\\/produkt\\\/pilotna-bunda-p-j-general-aviation\\\/#primaryimage\",\"url\":\"https:\\\/\\\/up2sky.aero\\\/wp-content\\\/uploads\\\/2022\\\/12\\\/3DF2AE8E-8CCB-40A5-8430-BE9579C8CCCB.webp\",\"contentUrl\":\"https:\\\/\\\/up2sky.aero\\\/wp-content\\\/uploads\\\/2022\\\/12\\\/3DF2AE8E-8CCB-40A5-8430-BE9579C8CCCB.webp\",\"width\":580,\"height\":800},{\"@type\":\"BreadcrumbList\",\"@id\":\"https:\\\/\\\/up2sky.aero\\\/produkt\\\/pilotna-bunda-p-j-general-aviation\\\/#breadcrumb\",\"itemListElement\":[{\"@type\":\"ListItem\",\"position\":1,\"name\":\"Domovsk\u00e1 str\u00e1nka\",\"item\":\"https:\\\/\\\/up2sky.aero\\\/\"},{\"@type\":\"ListItem\",\"position\":2,\"name\":\"Pilot shop\",\"item\":\"https:\\\/\\\/up2sky.aero\\\/?page_id=126\"},{\"@type\":\"ListItem\",\"position\":3,\"name\":\"Pilotn\u00e1 bunda P.J. GENERAL AVIATION\"}]},{\"@type\":\"WebSite\",\"@id\":\"https:\\\/\\\/up2sky.aero\\\/#website\",\"url\":\"https:\\\/\\\/up2sky.aero\\\/\",\"name\":\"up2sky.aero\",\"description\":\"Z\u00e1\u017eitkov\u00e9 lety pre milovn\u00edkov dobrodru\u017estiev\",\"publisher\":{\"@id\":\"https:\\\/\\\/up2sky.aero\\\/#organization\"},\"alternateName\":\"up2sky\",\"potentialAction\":[{\"@type\":\"SearchAction\",\"target\":{\"@type\":\"EntryPoint\",\"urlTemplate\":\"https:\\\/\\\/up2sky.aero\\\/?s={search_term_string}\"},\"query-input\":{\"@type\":\"PropertyValueSpecification\",\"valueRequired\":true,\"valueName\":\"search_term_string\"}}],\"inLanguage\":\"en-GB\"},{\"@type\":\"Organization\",\"@id\":\"https:\\\/\\\/up2sky.aero\\\/#organization\",\"name\":\"up2sky.aero, s.r.o.\",\"url\":\"https:\\\/\\\/up2sky.aero\\\/\",\"logo\":{\"@type\":\"ImageObject\",\"inLanguage\":\"en-GB\",\"@id\":\"https:\\\/\\\/up2sky.aero\\\/#\\\/schema\\\/logo\\\/image\\\/\",\"url\":\"https:\\\/\\\/up2sky.aero\\\/wp-content\\\/uploads\\\/2022\\\/10\\\/up2sky-logo.svg\",\"contentUrl\":\"https:\\\/\\\/up2sky.aero\\\/wp-content\\\/uploads\\\/2022\\\/10\\\/up2sky-logo.svg\",\"width\":180,\"height\":141,\"caption\":\"up2sky.aero, s.r.o.\"},\"image\":{\"@id\":\"https:\\\/\\\/up2sky.aero\\\/#\\\/schema\\\/logo\\\/image\\\/\"},\"sameAs\":[\"https:\\\/\\\/www.facebook.com\\\/up2sky.aero\"]}]}<\/script>\n<!-- \/ Yoast SEO plugin. -->","yoast_head_json":{"title":"Pilotn\u00e1 bunda P.J. GENERAL AVIATION - up2sky.aero","description":"T\u00e1to \u0161portov\u00e1, elegantn\u00e1 pilotn\u00e1 bunda je vyroben\u00e1 z priedu\u0161nej softshellovej l\u00e1tky vr. vesty s vysokou vidite\u013enos\u0165ou. Bunda dobre sed\u00ed na ramen\u00e1ch","robots":{"index":"index","follow":"follow","max-snippet":"max-snippet:-1","max-image-preview":"max-image-preview:large","max-video-preview":"max-video-preview:-1"},"canonical":"https:\/\/up2sky.aero\/en\/product\/pilotna-bunda-p-j-general-aviation\/","og_locale":"en_GB","og_type":"article","og_title":"Pilotn\u00e1 bunda P.J. GENERAL AVIATION - up2sky.aero","og_description":"T\u00e1to \u0161portov\u00e1, elegantn\u00e1 pilotn\u00e1 bunda je vyroben\u00e1 z priedu\u0161nej softshellovej l\u00e1tky vr. vesty s vysokou vidite\u013enos\u0165ou. Bunda dobre sed\u00ed na ramen\u00e1ch","og_url":"https:\/\/up2sky.aero\/en\/product\/pilotna-bunda-p-j-general-aviation\/","og_site_name":"up2sky.aero","article_publisher":"https:\/\/www.facebook.com\/up2sky.aero","article_modified_time":"2025-12-15T10:41:17+00:00","og_image":[{"width":580,"height":800,"url":"http:\/\/up2sky.aero\/wp-content\/uploads\/2022\/12\/3DF2AE8E-8CCB-40A5-8430-BE9579C8CCCB.webp","type":"image\/webp"}],"twitter_card":"summary_large_image","twitter_misc":{"Estimated reading time":"1 minute"},"schema":{"@context":"https:\/\/schema.org","@graph":[{"@type":"WebPage","@id":"https:\/\/up2sky.aero\/produkt\/pilotna-bunda-p-j-general-aviation\/","url":"https:\/\/up2sky.aero\/produkt\/pilotna-bunda-p-j-general-aviation\/","name":"Pilotn\u00e1 bunda P.J. GENERAL AVIATION - up2sky.aero","isPartOf":{"@id":"https:\/\/up2sky.aero\/#website"},"primaryImageOfPage":{"@id":"https:\/\/up2sky.aero\/produkt\/pilotna-bunda-p-j-general-aviation\/#primaryimage"},"image":{"@id":"https:\/\/up2sky.aero\/produkt\/pilotna-bunda-p-j-general-aviation\/#primaryimage"},"thumbnailUrl":"https:\/\/up2sky.aero\/wp-content\/uploads\/2022\/12\/3DF2AE8E-8CCB-40A5-8430-BE9579C8CCCB.webp","datePublished":"2022-12-14T08:38:06+00:00","dateModified":"2025-12-15T10:41:17+00:00","description":"T\u00e1to \u0161portov\u00e1, elegantn\u00e1 pilotn\u00e1 bunda je vyroben\u00e1 z priedu\u0161nej softshellovej l\u00e1tky vr. vesty s vysokou vidite\u013enos\u0165ou. Bunda dobre sed\u00ed na ramen\u00e1ch","breadcrumb":{"@id":"https:\/\/up2sky.aero\/produkt\/pilotna-bunda-p-j-general-aviation\/#breadcrumb"},"inLanguage":"en-GB","potentialAction":[{"@type":"ReadAction","target":["https:\/\/up2sky.aero\/produkt\/pilotna-bunda-p-j-general-aviation\/"]}]},{"@type":"ImageObject","inLanguage":"en-GB","@id":"https:\/\/up2sky.aero\/produkt\/pilotna-bunda-p-j-general-aviation\/#primaryimage","url":"https:\/\/up2sky.aero\/wp-content\/uploads\/2022\/12\/3DF2AE8E-8CCB-40A5-8430-BE9579C8CCCB.webp","contentUrl":"https:\/\/up2sky.aero\/wp-content\/uploads\/2022\/12\/3DF2AE8E-8CCB-40A5-8430-BE9579C8CCCB.webp","width":580,"height":800},{"@type":"BreadcrumbList","@id":"https:\/\/up2sky.aero\/produkt\/pilotna-bunda-p-j-general-aviation\/#breadcrumb","itemListElement":[{"@type":"ListItem","position":1,"name":"Domovsk\u00e1 str\u00e1nka","item":"https:\/\/up2sky.aero\/"},{"@type":"ListItem","position":2,"name":"Pilot shop","item":"https:\/\/up2sky.aero\/?page_id=126"},{"@type":"ListItem","position":3,"name":"Pilotn\u00e1 bunda P.J. GENERAL AVIATION"}]},{"@type":"WebSite","@id":"https:\/\/up2sky.aero\/#website","url":"https:\/\/up2sky.aero\/","name":"up2sky.aero","description":"Z\u00e1\u017eitkov\u00e9 lety pre milovn\u00edkov dobrodru\u017estiev","publisher":{"@id":"https:\/\/up2sky.aero\/#organization"},"alternateName":"up2sky","potentialAction":[{"@type":"SearchAction","target":{"@type":"EntryPoint","urlTemplate":"https:\/\/up2sky.aero\/?s={search_term_string}"},"query-input":{"@type":"PropertyValueSpecification","valueRequired":true,"valueName":"search_term_string"}}],"inLanguage":"en-GB"},{"@type":"Organization","@id":"https:\/\/up2sky.aero\/#organization","name":"up2sky.aero, s.r.o.","url":"https:\/\/up2sky.aero\/","logo":{"@type":"ImageObject","inLanguage":"en-GB","@id":"https:\/\/up2sky.aero\/#\/schema\/logo\/image\/","url":"https:\/\/up2sky.aero\/wp-content\/uploads\/2022\/10\/up2sky-logo.svg","contentUrl":"https:\/\/up2sky.aero\/wp-content\/uploads\/2022\/10\/up2sky-logo.svg","width":180,"height":141,"caption":"up2sky.aero, s.r.o."},"image":{"@id":"https:\/\/up2sky.aero\/#\/schema\/logo\/image\/"},"sameAs":["https:\/\/www.facebook.com\/up2sky.aero"]}]}},"_links":{"self":[{"href":"https:\/\/up2sky.aero\/en\/wp-json\/wp\/v2\/product\/427","targetHints":{"allow":["GET"]}}],"collection":[{"href":"https:\/\/up2sky.aero\/en\/wp-json\/wp\/v2\/product"}],"about":[{"href":"https:\/\/up2sky.aero\/en\/wp-json\/wp\/v2\/types\/product"}],"wp:featuredmedia":[{"embeddable":true,"href":"https:\/\/up2sky.aero\/en\/wp-json\/wp\/v2\/media\/428"}],"wp:attachment":[{"href":"https:\/\/up2sky.aero\/en\/wp-json\/wp\/v2\/media?parent=427"}],"wp:term":[{"taxonomy":"product_brand","embeddable":true,"href":"https:\/\/up2sky.aero\/en\/wp-json\/wp\/v2\/product_brand?post=427"},{"taxonomy":"product_cat","embeddable":true,"href":"https:\/\/up2sky.aero\/en\/wp-json\/wp\/v2\/product_cat?post=427"},{"taxonomy":"product_tag","embeddable":true,"href":"https:\/\/up2sky.aero\/en\/wp-json\/wp\/v2\/product_tag?post=427"}],"curies":[{"name":"wp","href":"https:\/\/api.w.org\/{rel}","templated":true}]}}