{"id":442,"date":"2022-12-14T14:54:09","date_gmt":"2022-12-14T13:54:09","guid":{"rendered":"https:\/\/up2sky.aero\/?post_type=product&#038;p=442"},"modified":"2025-03-16T12:42:37","modified_gmt":"2025-03-16T11:42:37","slug":"siltovka-pilot","status":"publish","type":"product","link":"https:\/\/up2sky.aero\/en\/product\/siltovka-pilot\/","title":{"rendered":"PILOT microfiber cap"},"content":{"rendered":"<p>These pilot caps are made of comfortable and lightweight microfiber material. High wearing comfort even in combination with your headset, as there is no annoying button on the top.<\/p>\n<p>The size is adjustable using a quality fastener.<\/p>\n<p>Equipped with reflective edges for your safety.<\/p>","protected":false},"excerpt":{"rendered":"<p>Tieto pilotn\u00e9 \u010diapky s\u00fa vyroben\u00e9 z pohodln\u00e9ho a \u013eahk\u00e9ho materi\u00e1lu z mikrovl\u00e1kna. Vysok\u00fd komfort nosenia aj v kombin\u00e1cii s va\u0161ou n\u00e1hlavnou s\u00fapravou, preto\u017ee na vrchnej strane nie je \u017eiadne ru\u0161iv\u00e9 tla\u010didlo. Ve\u013ekos\u0165 je nastavite\u013en\u00e1 pomocou kvalitn\u00e9ho zap\u00ednania. Vybaven\u00e9 reflexn\u00fdmi okrajmi pre va\u0161u bezpe\u010dnos\u0165.<\/p>","protected":false},"featured_media":443,"template":"","meta":{"_acf_changed":false,"inline_featured_image":false},"product_brand":[],"product_cat":[24,22],"product_tag":[29],"class_list":{"0":"post-442","1":"product","2":"type-product","3":"status-publish","4":"has-post-thumbnail","6":"product_cat-oblecenie-pilot-shop-2","7":"product_cat-pilot-shop","8":"product_tag-design-4-pilots","10":"first","11":"instock","12":"taxable","13":"shipping-taxable","14":"purchasable","15":"product-type-variable"},"acf":[],"yoast_head":"<!-- This site is optimized with the Yoast SEO plugin v27.4 - https:\/\/yoast.com\/product\/yoast-seo-wordpress\/ -->\n<title>\u0160iltovka PILOT z mikrovl\u00e1kna - up2sky.aero<\/title>\n<meta name=\"description\" content=\"Tieto pilotn\u00e9 \u010diapky s\u00fa vyroben\u00e9 z pohodln\u00e9ho a \u013eahk\u00e9ho materi\u00e1lu z mikrovl\u00e1kna. Vysok\u00fd komfort nosenia aj v kombin\u00e1cii s va\u0161ou n\u00e1hlavnou s\u00fapravou\" \/>\n<meta name=\"robots\" content=\"index, follow, max-snippet:-1, max-image-preview:large, max-video-preview:-1\" \/>\n<link rel=\"canonical\" href=\"https:\/\/up2sky.aero\/en\/product\/siltovka-pilot\/\" \/>\n<meta property=\"og:locale\" content=\"en_GB\" \/>\n<meta property=\"og:type\" content=\"article\" \/>\n<meta property=\"og:title\" content=\"\u0160iltovka PILOT z mikrovl\u00e1kna - up2sky.aero\" \/>\n<meta property=\"og:description\" content=\"Tieto pilotn\u00e9 \u010diapky s\u00fa vyroben\u00e9 z pohodln\u00e9ho a \u013eahk\u00e9ho materi\u00e1lu z mikrovl\u00e1kna. Vysok\u00fd komfort nosenia aj v kombin\u00e1cii s va\u0161ou n\u00e1hlavnou s\u00fapravou\" \/>\n<meta property=\"og:url\" content=\"https:\/\/up2sky.aero\/en\/product\/siltovka-pilot\/\" \/>\n<meta property=\"og:site_name\" content=\"up2sky.aero\" \/>\n<meta property=\"article:publisher\" content=\"https:\/\/www.facebook.com\/up2sky.aero\" \/>\n<meta property=\"article:modified_time\" content=\"2025-03-16T11:42:37+00:00\" \/>\n<meta property=\"og:image\" content=\"http:\/\/up2sky.aero\/wp-content\/uploads\/2022\/12\/5E3558C8-369A-40C7-9FCF-6AAA18385868.webp\" \/>\n\t<meta property=\"og:image:width\" content=\"900\" \/>\n\t<meta property=\"og:image:height\" content=\"632\" \/>\n\t<meta property=\"og:image:type\" content=\"image\/webp\" \/>\n<meta name=\"twitter:card\" content=\"summary_large_image\" \/>\n<meta name=\"twitter:label1\" content=\"Estimated reading time\" \/>\n\t<meta name=\"twitter:data1\" content=\"1 minute\" \/>\n<script type=\"application\/ld+json\" class=\"yoast-schema-graph\">{\"@context\":\"https:\\\/\\\/schema.org\",\"@graph\":[{\"@type\":\"WebPage\",\"@id\":\"https:\\\/\\\/up2sky.aero\\\/produkt\\\/siltovka-pilot\\\/\",\"url\":\"https:\\\/\\\/up2sky.aero\\\/produkt\\\/siltovka-pilot\\\/\",\"name\":\"\u0160iltovka PILOT z mikrovl\u00e1kna - up2sky.aero\",\"isPartOf\":{\"@id\":\"https:\\\/\\\/up2sky.aero\\\/#website\"},\"primaryImageOfPage\":{\"@id\":\"https:\\\/\\\/up2sky.aero\\\/produkt\\\/siltovka-pilot\\\/#primaryimage\"},\"image\":{\"@id\":\"https:\\\/\\\/up2sky.aero\\\/produkt\\\/siltovka-pilot\\\/#primaryimage\"},\"thumbnailUrl\":\"https:\\\/\\\/up2sky.aero\\\/wp-content\\\/uploads\\\/2022\\\/12\\\/5E3558C8-369A-40C7-9FCF-6AAA18385868.webp\",\"datePublished\":\"2022-12-14T13:54:09+00:00\",\"dateModified\":\"2025-03-16T11:42:37+00:00\",\"description\":\"Tieto pilotn\u00e9 \u010diapky s\u00fa vyroben\u00e9 z pohodln\u00e9ho a \u013eahk\u00e9ho materi\u00e1lu z mikrovl\u00e1kna. Vysok\u00fd komfort nosenia aj v kombin\u00e1cii s va\u0161ou n\u00e1hlavnou s\u00fapravou\",\"breadcrumb\":{\"@id\":\"https:\\\/\\\/up2sky.aero\\\/produkt\\\/siltovka-pilot\\\/#breadcrumb\"},\"inLanguage\":\"en-GB\",\"potentialAction\":[{\"@type\":\"ReadAction\",\"target\":[\"https:\\\/\\\/up2sky.aero\\\/produkt\\\/siltovka-pilot\\\/\"]}]},{\"@type\":\"ImageObject\",\"inLanguage\":\"en-GB\",\"@id\":\"https:\\\/\\\/up2sky.aero\\\/produkt\\\/siltovka-pilot\\\/#primaryimage\",\"url\":\"https:\\\/\\\/up2sky.aero\\\/wp-content\\\/uploads\\\/2022\\\/12\\\/5E3558C8-369A-40C7-9FCF-6AAA18385868.webp\",\"contentUrl\":\"https:\\\/\\\/up2sky.aero\\\/wp-content\\\/uploads\\\/2022\\\/12\\\/5E3558C8-369A-40C7-9FCF-6AAA18385868.webp\",\"width\":900,\"height\":632,\"caption\":\"\u0161iltovka PILOT\"},{\"@type\":\"BreadcrumbList\",\"@id\":\"https:\\\/\\\/up2sky.aero\\\/produkt\\\/siltovka-pilot\\\/#breadcrumb\",\"itemListElement\":[{\"@type\":\"ListItem\",\"position\":1,\"name\":\"Domovsk\u00e1 str\u00e1nka\",\"item\":\"https:\\\/\\\/up2sky.aero\\\/\"},{\"@type\":\"ListItem\",\"position\":2,\"name\":\"Pilot shop\",\"item\":\"https:\\\/\\\/up2sky.aero\\\/?page_id=126\"},{\"@type\":\"ListItem\",\"position\":3,\"name\":\"\u0160iltovka PILOT z mikrovl\u00e1kna\"}]},{\"@type\":\"WebSite\",\"@id\":\"https:\\\/\\\/up2sky.aero\\\/#website\",\"url\":\"https:\\\/\\\/up2sky.aero\\\/\",\"name\":\"up2sky.aero\",\"description\":\"Z\u00e1\u017eitkov\u00e9 lety pre milovn\u00edkov dobrodru\u017estiev\",\"publisher\":{\"@id\":\"https:\\\/\\\/up2sky.aero\\\/#organization\"},\"alternateName\":\"up2sky\",\"potentialAction\":[{\"@type\":\"SearchAction\",\"target\":{\"@type\":\"EntryPoint\",\"urlTemplate\":\"https:\\\/\\\/up2sky.aero\\\/?s={search_term_string}\"},\"query-input\":{\"@type\":\"PropertyValueSpecification\",\"valueRequired\":true,\"valueName\":\"search_term_string\"}}],\"inLanguage\":\"en-GB\"},{\"@type\":\"Organization\",\"@id\":\"https:\\\/\\\/up2sky.aero\\\/#organization\",\"name\":\"up2sky.aero, s.r.o.\",\"url\":\"https:\\\/\\\/up2sky.aero\\\/\",\"logo\":{\"@type\":\"ImageObject\",\"inLanguage\":\"en-GB\",\"@id\":\"https:\\\/\\\/up2sky.aero\\\/#\\\/schema\\\/logo\\\/image\\\/\",\"url\":\"https:\\\/\\\/up2sky.aero\\\/wp-content\\\/uploads\\\/2022\\\/10\\\/up2sky-logo.svg\",\"contentUrl\":\"https:\\\/\\\/up2sky.aero\\\/wp-content\\\/uploads\\\/2022\\\/10\\\/up2sky-logo.svg\",\"width\":180,\"height\":141,\"caption\":\"up2sky.aero, s.r.o.\"},\"image\":{\"@id\":\"https:\\\/\\\/up2sky.aero\\\/#\\\/schema\\\/logo\\\/image\\\/\"},\"sameAs\":[\"https:\\\/\\\/www.facebook.com\\\/up2sky.aero\"]}]}<\/script>\n<!-- \/ Yoast SEO plugin. -->","yoast_head_json":{"title":"\u0160iltovka PILOT z mikrovl\u00e1kna - up2sky.aero","description":"Tieto pilotn\u00e9 \u010diapky s\u00fa vyroben\u00e9 z pohodln\u00e9ho a \u013eahk\u00e9ho materi\u00e1lu z mikrovl\u00e1kna. Vysok\u00fd komfort nosenia aj v kombin\u00e1cii s va\u0161ou n\u00e1hlavnou s\u00fapravou","robots":{"index":"index","follow":"follow","max-snippet":"max-snippet:-1","max-image-preview":"max-image-preview:large","max-video-preview":"max-video-preview:-1"},"canonical":"https:\/\/up2sky.aero\/en\/product\/siltovka-pilot\/","og_locale":"en_GB","og_type":"article","og_title":"\u0160iltovka PILOT z mikrovl\u00e1kna - up2sky.aero","og_description":"Tieto pilotn\u00e9 \u010diapky s\u00fa vyroben\u00e9 z pohodln\u00e9ho a \u013eahk\u00e9ho materi\u00e1lu z mikrovl\u00e1kna. Vysok\u00fd komfort nosenia aj v kombin\u00e1cii s va\u0161ou n\u00e1hlavnou s\u00fapravou","og_url":"https:\/\/up2sky.aero\/en\/product\/siltovka-pilot\/","og_site_name":"up2sky.aero","article_publisher":"https:\/\/www.facebook.com\/up2sky.aero","article_modified_time":"2025-03-16T11:42:37+00:00","og_image":[{"width":900,"height":632,"url":"http:\/\/up2sky.aero\/wp-content\/uploads\/2022\/12\/5E3558C8-369A-40C7-9FCF-6AAA18385868.webp","type":"image\/webp"}],"twitter_card":"summary_large_image","twitter_misc":{"Estimated reading time":"1 minute"},"schema":{"@context":"https:\/\/schema.org","@graph":[{"@type":"WebPage","@id":"https:\/\/up2sky.aero\/produkt\/siltovka-pilot\/","url":"https:\/\/up2sky.aero\/produkt\/siltovka-pilot\/","name":"\u0160iltovka PILOT z mikrovl\u00e1kna - up2sky.aero","isPartOf":{"@id":"https:\/\/up2sky.aero\/#website"},"primaryImageOfPage":{"@id":"https:\/\/up2sky.aero\/produkt\/siltovka-pilot\/#primaryimage"},"image":{"@id":"https:\/\/up2sky.aero\/produkt\/siltovka-pilot\/#primaryimage"},"thumbnailUrl":"https:\/\/up2sky.aero\/wp-content\/uploads\/2022\/12\/5E3558C8-369A-40C7-9FCF-6AAA18385868.webp","datePublished":"2022-12-14T13:54:09+00:00","dateModified":"2025-03-16T11:42:37+00:00","description":"Tieto pilotn\u00e9 \u010diapky s\u00fa vyroben\u00e9 z pohodln\u00e9ho a \u013eahk\u00e9ho materi\u00e1lu z mikrovl\u00e1kna. Vysok\u00fd komfort nosenia aj v kombin\u00e1cii s va\u0161ou n\u00e1hlavnou s\u00fapravou","breadcrumb":{"@id":"https:\/\/up2sky.aero\/produkt\/siltovka-pilot\/#breadcrumb"},"inLanguage":"en-GB","potentialAction":[{"@type":"ReadAction","target":["https:\/\/up2sky.aero\/produkt\/siltovka-pilot\/"]}]},{"@type":"ImageObject","inLanguage":"en-GB","@id":"https:\/\/up2sky.aero\/produkt\/siltovka-pilot\/#primaryimage","url":"https:\/\/up2sky.aero\/wp-content\/uploads\/2022\/12\/5E3558C8-369A-40C7-9FCF-6AAA18385868.webp","contentUrl":"https:\/\/up2sky.aero\/wp-content\/uploads\/2022\/12\/5E3558C8-369A-40C7-9FCF-6AAA18385868.webp","width":900,"height":632,"caption":"\u0161iltovka PILOT"},{"@type":"BreadcrumbList","@id":"https:\/\/up2sky.aero\/produkt\/siltovka-pilot\/#breadcrumb","itemListElement":[{"@type":"ListItem","position":1,"name":"Domovsk\u00e1 str\u00e1nka","item":"https:\/\/up2sky.aero\/"},{"@type":"ListItem","position":2,"name":"Pilot shop","item":"https:\/\/up2sky.aero\/?page_id=126"},{"@type":"ListItem","position":3,"name":"\u0160iltovka PILOT z mikrovl\u00e1kna"}]},{"@type":"WebSite","@id":"https:\/\/up2sky.aero\/#website","url":"https:\/\/up2sky.aero\/","name":"up2sky.aero","description":"Z\u00e1\u017eitkov\u00e9 lety pre milovn\u00edkov dobrodru\u017estiev","publisher":{"@id":"https:\/\/up2sky.aero\/#organization"},"alternateName":"up2sky","potentialAction":[{"@type":"SearchAction","target":{"@type":"EntryPoint","urlTemplate":"https:\/\/up2sky.aero\/?s={search_term_string}"},"query-input":{"@type":"PropertyValueSpecification","valueRequired":true,"valueName":"search_term_string"}}],"inLanguage":"en-GB"},{"@type":"Organization","@id":"https:\/\/up2sky.aero\/#organization","name":"up2sky.aero, s.r.o.","url":"https:\/\/up2sky.aero\/","logo":{"@type":"ImageObject","inLanguage":"en-GB","@id":"https:\/\/up2sky.aero\/#\/schema\/logo\/image\/","url":"https:\/\/up2sky.aero\/wp-content\/uploads\/2022\/10\/up2sky-logo.svg","contentUrl":"https:\/\/up2sky.aero\/wp-content\/uploads\/2022\/10\/up2sky-logo.svg","width":180,"height":141,"caption":"up2sky.aero, s.r.o."},"image":{"@id":"https:\/\/up2sky.aero\/#\/schema\/logo\/image\/"},"sameAs":["https:\/\/www.facebook.com\/up2sky.aero"]}]}},"_links":{"self":[{"href":"https:\/\/up2sky.aero\/en\/wp-json\/wp\/v2\/product\/442","targetHints":{"allow":["GET"]}}],"collection":[{"href":"https:\/\/up2sky.aero\/en\/wp-json\/wp\/v2\/product"}],"about":[{"href":"https:\/\/up2sky.aero\/en\/wp-json\/wp\/v2\/types\/product"}],"wp:featuredmedia":[{"embeddable":true,"href":"https:\/\/up2sky.aero\/en\/wp-json\/wp\/v2\/media\/443"}],"wp:attachment":[{"href":"https:\/\/up2sky.aero\/en\/wp-json\/wp\/v2\/media?parent=442"}],"wp:term":[{"taxonomy":"product_brand","embeddable":true,"href":"https:\/\/up2sky.aero\/en\/wp-json\/wp\/v2\/product_brand?post=442"},{"taxonomy":"product_cat","embeddable":true,"href":"https:\/\/up2sky.aero\/en\/wp-json\/wp\/v2\/product_cat?post=442"},{"taxonomy":"product_tag","embeddable":true,"href":"https:\/\/up2sky.aero\/en\/wp-json\/wp\/v2\/product_tag?post=442"}],"curies":[{"name":"wp","href":"https:\/\/api.w.org\/{rel}","templated":true}]}}