{"id":447,"date":"2022-12-14T14:57:44","date_gmt":"2022-12-14T13:57:44","guid":{"rendered":"https:\/\/up2sky.aero\/?post_type=product&#038;p=447"},"modified":"2025-05-09T11:05:32","modified_gmt":"2025-05-09T09:05:32","slug":"siltovka-pilot-ii","status":"publish","type":"product","link":"https:\/\/up2sky.aero\/en\/product\/siltovka-pilot-ii\/","title":{"rendered":"PILOT cotton cap"},"content":{"rendered":"<p>The \"pilot\" caps are made of 100% cotton. Comfortable to wear even with a headset, as there is no annoying button on top.<\/p>\n<p>The size is variably adjustable, with high-quality fastening.<\/p>\n<p>Equipped with reflective piping for safety on the ramp.<\/p>","protected":false},"excerpt":{"rendered":"<p>\u010ciapky \u201epilot\u201c s\u00fa vyroben\u00e9 zo 100% bavlny. Pohodln\u00e9 nosenie aj s headsetom, preto\u017ee navrchu nie je \u017eiadne ru\u0161iv\u00e9 tla\u010didlo. Ve\u013ekos\u0165 je variabilne nastavite\u013en\u00e1, s kvalitn\u00fdm zap\u00ednan\u00edm. Vybaven\u00e9 reflexn\u00fdm lemovan\u00edm pre bezpe\u010dnos\u0165 na rampe.<\/p>","protected":false},"featured_media":448,"template":"","meta":{"_acf_changed":false,"inline_featured_image":false},"product_brand":[],"product_cat":[24,22],"product_tag":[29],"class_list":{"0":"post-447","1":"product","2":"type-product","3":"status-publish","4":"has-post-thumbnail","6":"product_cat-oblecenie-pilot-shop-2","7":"product_cat-pilot-shop","8":"product_tag-design-4-pilots","10":"first","11":"instock","12":"taxable","13":"shipping-taxable","14":"purchasable","15":"product-type-variable","16":"has-default-attributes"},"acf":[],"yoast_head":"<!-- This site is optimized with the Yoast SEO plugin v27.4 - https:\/\/yoast.com\/product\/yoast-seo-wordpress\/ -->\n<title>Bavlnen\u00e1 \u0161iltovka PILOT - up2sky.aero<\/title>\n<meta name=\"description\" content=\"\u010ciapky \u201epilot\u201c s\u00fa vyroben\u00e9 zo 100% bavlny. Pohodln\u00e9 nosenie aj s headsetom, preto\u017ee navrchu nie je \u017eiadne ru\u0161iv\u00e9 tla\u010didlo.Ve\u013ekos\u0165 je variabilne nastavite\u013en\u00e1\" \/>\n<meta name=\"robots\" content=\"index, follow, max-snippet:-1, max-image-preview:large, max-video-preview:-1\" \/>\n<link rel=\"canonical\" href=\"https:\/\/up2sky.aero\/en\/product\/siltovka-pilot-ii\/\" \/>\n<meta property=\"og:locale\" content=\"en_GB\" \/>\n<meta property=\"og:type\" content=\"article\" \/>\n<meta property=\"og:title\" content=\"Bavlnen\u00e1 \u0161iltovka PILOT - up2sky.aero\" \/>\n<meta property=\"og:description\" content=\"\u010ciapky \u201epilot\u201c s\u00fa vyroben\u00e9 zo 100% bavlny. Pohodln\u00e9 nosenie aj s headsetom, preto\u017ee navrchu nie je \u017eiadne ru\u0161iv\u00e9 tla\u010didlo.Ve\u013ekos\u0165 je variabilne nastavite\u013en\u00e1\" \/>\n<meta property=\"og:url\" content=\"https:\/\/up2sky.aero\/en\/product\/siltovka-pilot-ii\/\" \/>\n<meta property=\"og:site_name\" content=\"up2sky.aero\" \/>\n<meta property=\"article:publisher\" content=\"https:\/\/www.facebook.com\/up2sky.aero\" \/>\n<meta property=\"article:modified_time\" content=\"2025-05-09T09:05:32+00:00\" \/>\n<meta property=\"og:image\" content=\"http:\/\/up2sky.aero\/wp-content\/uploads\/2022\/12\/97F17311-5180-42C3-943B-767B9AA71333.webp\" \/>\n\t<meta property=\"og:image:width\" content=\"900\" \/>\n\t<meta property=\"og:image:height\" content=\"632\" \/>\n\t<meta property=\"og:image:type\" content=\"image\/webp\" \/>\n<meta name=\"twitter:card\" content=\"summary_large_image\" \/>\n<meta name=\"twitter:label1\" content=\"Estimated reading time\" \/>\n\t<meta name=\"twitter:data1\" content=\"1 minute\" \/>\n<script type=\"application\/ld+json\" class=\"yoast-schema-graph\">{\"@context\":\"https:\\\/\\\/schema.org\",\"@graph\":[{\"@type\":\"WebPage\",\"@id\":\"https:\\\/\\\/up2sky.aero\\\/produkt\\\/siltovka-pilot-ii\\\/\",\"url\":\"https:\\\/\\\/up2sky.aero\\\/produkt\\\/siltovka-pilot-ii\\\/\",\"name\":\"Bavlnen\u00e1 \u0161iltovka PILOT - up2sky.aero\",\"isPartOf\":{\"@id\":\"https:\\\/\\\/up2sky.aero\\\/#website\"},\"primaryImageOfPage\":{\"@id\":\"https:\\\/\\\/up2sky.aero\\\/produkt\\\/siltovka-pilot-ii\\\/#primaryimage\"},\"image\":{\"@id\":\"https:\\\/\\\/up2sky.aero\\\/produkt\\\/siltovka-pilot-ii\\\/#primaryimage\"},\"thumbnailUrl\":\"https:\\\/\\\/up2sky.aero\\\/wp-content\\\/uploads\\\/2022\\\/12\\\/97F17311-5180-42C3-943B-767B9AA71333.webp\",\"datePublished\":\"2022-12-14T13:57:44+00:00\",\"dateModified\":\"2025-05-09T09:05:32+00:00\",\"description\":\"\u010ciapky \u201epilot\u201c s\u00fa vyroben\u00e9 zo 100% bavlny. Pohodln\u00e9 nosenie aj s headsetom, preto\u017ee navrchu nie je \u017eiadne ru\u0161iv\u00e9 tla\u010didlo.Ve\u013ekos\u0165 je variabilne nastavite\u013en\u00e1\",\"breadcrumb\":{\"@id\":\"https:\\\/\\\/up2sky.aero\\\/produkt\\\/siltovka-pilot-ii\\\/#breadcrumb\"},\"inLanguage\":\"en-GB\",\"potentialAction\":[{\"@type\":\"ReadAction\",\"target\":[\"https:\\\/\\\/up2sky.aero\\\/produkt\\\/siltovka-pilot-ii\\\/\"]}]},{\"@type\":\"ImageObject\",\"inLanguage\":\"en-GB\",\"@id\":\"https:\\\/\\\/up2sky.aero\\\/produkt\\\/siltovka-pilot-ii\\\/#primaryimage\",\"url\":\"https:\\\/\\\/up2sky.aero\\\/wp-content\\\/uploads\\\/2022\\\/12\\\/97F17311-5180-42C3-943B-767B9AA71333.webp\",\"contentUrl\":\"https:\\\/\\\/up2sky.aero\\\/wp-content\\\/uploads\\\/2022\\\/12\\\/97F17311-5180-42C3-943B-767B9AA71333.webp\",\"width\":900,\"height\":632,\"caption\":\"\u0161iltovka PILOT\"},{\"@type\":\"BreadcrumbList\",\"@id\":\"https:\\\/\\\/up2sky.aero\\\/produkt\\\/siltovka-pilot-ii\\\/#breadcrumb\",\"itemListElement\":[{\"@type\":\"ListItem\",\"position\":1,\"name\":\"Domovsk\u00e1 str\u00e1nka\",\"item\":\"https:\\\/\\\/up2sky.aero\\\/\"},{\"@type\":\"ListItem\",\"position\":2,\"name\":\"Pilot shop\",\"item\":\"https:\\\/\\\/up2sky.aero\\\/?page_id=126\"},{\"@type\":\"ListItem\",\"position\":3,\"name\":\"Bavlnen\u00e1 \u0161iltovka PILOT\"}]},{\"@type\":\"WebSite\",\"@id\":\"https:\\\/\\\/up2sky.aero\\\/#website\",\"url\":\"https:\\\/\\\/up2sky.aero\\\/\",\"name\":\"up2sky.aero\",\"description\":\"Z\u00e1\u017eitkov\u00e9 lety pre milovn\u00edkov dobrodru\u017estiev\",\"publisher\":{\"@id\":\"https:\\\/\\\/up2sky.aero\\\/#organization\"},\"alternateName\":\"up2sky\",\"potentialAction\":[{\"@type\":\"SearchAction\",\"target\":{\"@type\":\"EntryPoint\",\"urlTemplate\":\"https:\\\/\\\/up2sky.aero\\\/?s={search_term_string}\"},\"query-input\":{\"@type\":\"PropertyValueSpecification\",\"valueRequired\":true,\"valueName\":\"search_term_string\"}}],\"inLanguage\":\"en-GB\"},{\"@type\":\"Organization\",\"@id\":\"https:\\\/\\\/up2sky.aero\\\/#organization\",\"name\":\"up2sky.aero, s.r.o.\",\"url\":\"https:\\\/\\\/up2sky.aero\\\/\",\"logo\":{\"@type\":\"ImageObject\",\"inLanguage\":\"en-GB\",\"@id\":\"https:\\\/\\\/up2sky.aero\\\/#\\\/schema\\\/logo\\\/image\\\/\",\"url\":\"https:\\\/\\\/up2sky.aero\\\/wp-content\\\/uploads\\\/2022\\\/10\\\/up2sky-logo.svg\",\"contentUrl\":\"https:\\\/\\\/up2sky.aero\\\/wp-content\\\/uploads\\\/2022\\\/10\\\/up2sky-logo.svg\",\"width\":180,\"height\":141,\"caption\":\"up2sky.aero, s.r.o.\"},\"image\":{\"@id\":\"https:\\\/\\\/up2sky.aero\\\/#\\\/schema\\\/logo\\\/image\\\/\"},\"sameAs\":[\"https:\\\/\\\/www.facebook.com\\\/up2sky.aero\"]}]}<\/script>\n<!-- \/ Yoast SEO plugin. -->","yoast_head_json":{"title":"Bavlnen\u00e1 \u0161iltovka PILOT - up2sky.aero","description":"\u010ciapky \u201epilot\u201c s\u00fa vyroben\u00e9 zo 100% bavlny. Pohodln\u00e9 nosenie aj s headsetom, preto\u017ee navrchu nie je \u017eiadne ru\u0161iv\u00e9 tla\u010didlo.Ve\u013ekos\u0165 je variabilne nastavite\u013en\u00e1","robots":{"index":"index","follow":"follow","max-snippet":"max-snippet:-1","max-image-preview":"max-image-preview:large","max-video-preview":"max-video-preview:-1"},"canonical":"https:\/\/up2sky.aero\/en\/product\/siltovka-pilot-ii\/","og_locale":"en_GB","og_type":"article","og_title":"Bavlnen\u00e1 \u0161iltovka PILOT - up2sky.aero","og_description":"\u010ciapky \u201epilot\u201c s\u00fa vyroben\u00e9 zo 100% bavlny. Pohodln\u00e9 nosenie aj s headsetom, preto\u017ee navrchu nie je \u017eiadne ru\u0161iv\u00e9 tla\u010didlo.Ve\u013ekos\u0165 je variabilne nastavite\u013en\u00e1","og_url":"https:\/\/up2sky.aero\/en\/product\/siltovka-pilot-ii\/","og_site_name":"up2sky.aero","article_publisher":"https:\/\/www.facebook.com\/up2sky.aero","article_modified_time":"2025-05-09T09:05:32+00:00","og_image":[{"width":900,"height":632,"url":"http:\/\/up2sky.aero\/wp-content\/uploads\/2022\/12\/97F17311-5180-42C3-943B-767B9AA71333.webp","type":"image\/webp"}],"twitter_card":"summary_large_image","twitter_misc":{"Estimated reading time":"1 minute"},"schema":{"@context":"https:\/\/schema.org","@graph":[{"@type":"WebPage","@id":"https:\/\/up2sky.aero\/produkt\/siltovka-pilot-ii\/","url":"https:\/\/up2sky.aero\/produkt\/siltovka-pilot-ii\/","name":"Bavlnen\u00e1 \u0161iltovka PILOT - up2sky.aero","isPartOf":{"@id":"https:\/\/up2sky.aero\/#website"},"primaryImageOfPage":{"@id":"https:\/\/up2sky.aero\/produkt\/siltovka-pilot-ii\/#primaryimage"},"image":{"@id":"https:\/\/up2sky.aero\/produkt\/siltovka-pilot-ii\/#primaryimage"},"thumbnailUrl":"https:\/\/up2sky.aero\/wp-content\/uploads\/2022\/12\/97F17311-5180-42C3-943B-767B9AA71333.webp","datePublished":"2022-12-14T13:57:44+00:00","dateModified":"2025-05-09T09:05:32+00:00","description":"\u010ciapky \u201epilot\u201c s\u00fa vyroben\u00e9 zo 100% bavlny. Pohodln\u00e9 nosenie aj s headsetom, preto\u017ee navrchu nie je \u017eiadne ru\u0161iv\u00e9 tla\u010didlo.Ve\u013ekos\u0165 je variabilne nastavite\u013en\u00e1","breadcrumb":{"@id":"https:\/\/up2sky.aero\/produkt\/siltovka-pilot-ii\/#breadcrumb"},"inLanguage":"en-GB","potentialAction":[{"@type":"ReadAction","target":["https:\/\/up2sky.aero\/produkt\/siltovka-pilot-ii\/"]}]},{"@type":"ImageObject","inLanguage":"en-GB","@id":"https:\/\/up2sky.aero\/produkt\/siltovka-pilot-ii\/#primaryimage","url":"https:\/\/up2sky.aero\/wp-content\/uploads\/2022\/12\/97F17311-5180-42C3-943B-767B9AA71333.webp","contentUrl":"https:\/\/up2sky.aero\/wp-content\/uploads\/2022\/12\/97F17311-5180-42C3-943B-767B9AA71333.webp","width":900,"height":632,"caption":"\u0161iltovka PILOT"},{"@type":"BreadcrumbList","@id":"https:\/\/up2sky.aero\/produkt\/siltovka-pilot-ii\/#breadcrumb","itemListElement":[{"@type":"ListItem","position":1,"name":"Domovsk\u00e1 str\u00e1nka","item":"https:\/\/up2sky.aero\/"},{"@type":"ListItem","position":2,"name":"Pilot shop","item":"https:\/\/up2sky.aero\/?page_id=126"},{"@type":"ListItem","position":3,"name":"Bavlnen\u00e1 \u0161iltovka PILOT"}]},{"@type":"WebSite","@id":"https:\/\/up2sky.aero\/#website","url":"https:\/\/up2sky.aero\/","name":"up2sky.aero","description":"Z\u00e1\u017eitkov\u00e9 lety pre milovn\u00edkov dobrodru\u017estiev","publisher":{"@id":"https:\/\/up2sky.aero\/#organization"},"alternateName":"up2sky","potentialAction":[{"@type":"SearchAction","target":{"@type":"EntryPoint","urlTemplate":"https:\/\/up2sky.aero\/?s={search_term_string}"},"query-input":{"@type":"PropertyValueSpecification","valueRequired":true,"valueName":"search_term_string"}}],"inLanguage":"en-GB"},{"@type":"Organization","@id":"https:\/\/up2sky.aero\/#organization","name":"up2sky.aero, s.r.o.","url":"https:\/\/up2sky.aero\/","logo":{"@type":"ImageObject","inLanguage":"en-GB","@id":"https:\/\/up2sky.aero\/#\/schema\/logo\/image\/","url":"https:\/\/up2sky.aero\/wp-content\/uploads\/2022\/10\/up2sky-logo.svg","contentUrl":"https:\/\/up2sky.aero\/wp-content\/uploads\/2022\/10\/up2sky-logo.svg","width":180,"height":141,"caption":"up2sky.aero, s.r.o."},"image":{"@id":"https:\/\/up2sky.aero\/#\/schema\/logo\/image\/"},"sameAs":["https:\/\/www.facebook.com\/up2sky.aero"]}]}},"_links":{"self":[{"href":"https:\/\/up2sky.aero\/en\/wp-json\/wp\/v2\/product\/447","targetHints":{"allow":["GET"]}}],"collection":[{"href":"https:\/\/up2sky.aero\/en\/wp-json\/wp\/v2\/product"}],"about":[{"href":"https:\/\/up2sky.aero\/en\/wp-json\/wp\/v2\/types\/product"}],"wp:featuredmedia":[{"embeddable":true,"href":"https:\/\/up2sky.aero\/en\/wp-json\/wp\/v2\/media\/448"}],"wp:attachment":[{"href":"https:\/\/up2sky.aero\/en\/wp-json\/wp\/v2\/media?parent=447"}],"wp:term":[{"taxonomy":"product_brand","embeddable":true,"href":"https:\/\/up2sky.aero\/en\/wp-json\/wp\/v2\/product_brand?post=447"},{"taxonomy":"product_cat","embeddable":true,"href":"https:\/\/up2sky.aero\/en\/wp-json\/wp\/v2\/product_cat?post=447"},{"taxonomy":"product_tag","embeddable":true,"href":"https:\/\/up2sky.aero\/en\/wp-json\/wp\/v2\/product_tag?post=447"}],"curies":[{"name":"wp","href":"https:\/\/api.w.org\/{rel}","templated":true}]}}