{"id":452,"date":"2022-12-14T15:04:58","date_gmt":"2022-12-14T14:04:58","guid":{"rendered":"https:\/\/up2sky.aero\/?post_type=product&#038;p=452"},"modified":"2024-10-27T13:55:36","modified_gmt":"2024-10-27T12:55:36","slug":"nabijacka-pilot","status":"publish","type":"product","link":"https:\/\/up2sky.aero\/en\/product\/nabijacka-pilot\/","title":{"rendered":"PILOT charger"},"content":{"rendered":"<p>This multifunctional USB fast charger for 12-28V made of aluminum has two fast charging ports: USB and USB-C. The PILOT CO CHARGER has an integrated CO detector and also functions as a safety hammer.<\/p>\n<p>PILOT CO CHARGER signals dangerous, odorless and tasteless carbon monoxide gas starting at 50 ppm by sending visual and audible alarms. Can also be used in cars, boats, etc.<\/p>\n<p>The fast charging function supports all current systems and the integrated smart chip monitors the most important parameters such as voltage, temperature and charging status by automatically adjusting the outgoing power.<\/p>\n<p>Included in delivery: 4-in-1 QC3.0 cable for fast charging and data transfer (USB, USB-C to USB-C, Lightning)<\/p>\n<p>Technical data:<\/p>\n<p>USB \u00e0 QC3.0 5V\/3A 9V\/2A 12V\/1,5A (18W)<br \/>\nUSB-C \u00e0 PD QC3.0 5V\/3,5A 9V\/2,2A 12V\/1,5A (20W)<br \/>\nUp to 24W is available when using both ports<br \/>\nFast charging and data transfer cable:<\/p>\n<p>Color: silver gray<br \/>\nLength: 100 cm<br \/>\noutput power: 60W<br \/>\nData rate: 2 GB\/s<br \/>\ncurrent: 3A<\/p>\n<p>Dimensions: 75x34x20 cm<\/p>","protected":false},"excerpt":{"rendered":"<p>T\u00e1to multifunk\u010dn\u00e1 USB r\u00fdchlonab\u00edja\u010dka pre 12-28V vyroben\u00e1 z hlin\u00edka m\u00e1 dva r\u00fdchlonab\u00edjacie porty: USB a USB-C. PILOT CO CHARGER m\u00e1 integrovan\u00fd CO-detektor a funguje aj ako bezpe\u010dnostn\u00e9 kladivo. PILOT CO CHARGER signalizuje nebezpe\u010dn\u00fd, bez z\u00e1pachu a chuti plyn oxid uho\u013enat\u00fd po\u010dn\u00fac hodnotou 50 ppm odosielan\u00edm vizu\u00e1lnych a akustick\u00fdch alarmov. Mo\u017eno pou\u017ei\u0165 aj v aut\u00e1ch, lodiach [&hellip;]<\/p>","protected":false},"featured_media":453,"template":"","meta":{"_acf_changed":false,"inline_featured_image":false},"product_brand":[],"product_cat":[25,22],"product_tag":[29],"class_list":{"0":"post-452","1":"product","2":"type-product","3":"status-publish","4":"has-post-thumbnail","6":"product_cat-doplnky-pre-pilotov","7":"product_cat-pilot-shop","8":"product_tag-design-4-pilots","10":"first","11":"instock","12":"taxable","13":"shipping-taxable","14":"purchasable","15":"product-type-variable"},"acf":[],"yoast_head":"<!-- This site is optimized with the Yoast SEO plugin v27.5 - https:\/\/yoast.com\/product\/yoast-seo-wordpress\/ -->\n<title>Nab\u00edja\u010dka PILOT - up2sky.aero<\/title>\n<meta name=\"description\" content=\"T\u00e1to multifunk\u010dn\u00e1 USB r\u00fdchlonab\u00edja\u010dka pre 12-28V vyroben\u00e1 z hlin\u00edka m\u00e1 dva r\u00fdchlonab\u00edjacie porty: USB a USB-C. PILOT CO CHARGER m\u00e1 integrovan\u00fd CO-detektor a funguje aj ako bezpe\u010dnostn\u00e9 kladivo.\" \/>\n<meta name=\"robots\" content=\"index, follow, max-snippet:-1, max-image-preview:large, max-video-preview:-1\" \/>\n<link rel=\"canonical\" href=\"https:\/\/up2sky.aero\/en\/product\/nabijacka-pilot\/\" \/>\n<meta property=\"og:locale\" content=\"en_GB\" \/>\n<meta property=\"og:type\" content=\"article\" \/>\n<meta property=\"og:title\" content=\"Nab\u00edja\u010dka PILOT - up2sky.aero\" \/>\n<meta property=\"og:description\" content=\"T\u00e1to multifunk\u010dn\u00e1 USB r\u00fdchlonab\u00edja\u010dka pre 12-28V vyroben\u00e1 z hlin\u00edka m\u00e1 dva r\u00fdchlonab\u00edjacie porty: USB a USB-C. PILOT CO CHARGER m\u00e1 integrovan\u00fd CO-detektor a funguje aj ako bezpe\u010dnostn\u00e9 kladivo.\" \/>\n<meta property=\"og:url\" content=\"https:\/\/up2sky.aero\/en\/product\/nabijacka-pilot\/\" \/>\n<meta property=\"og:site_name\" content=\"up2sky.aero\" \/>\n<meta property=\"article:publisher\" content=\"https:\/\/www.facebook.com\/up2sky.aero\" \/>\n<meta property=\"article:modified_time\" content=\"2024-10-27T12:55:36+00:00\" \/>\n<meta property=\"og:image\" content=\"http:\/\/up2sky.aero\/wp-content\/uploads\/2022\/12\/A82A1F73-DDC3-4997-B258-A57CF3D58DC9.webp\" \/>\n\t<meta property=\"og:image:width\" content=\"900\" \/>\n\t<meta property=\"og:image:height\" content=\"611\" \/>\n\t<meta property=\"og:image:type\" content=\"image\/webp\" \/>\n<meta name=\"twitter:card\" content=\"summary_large_image\" \/>\n<meta name=\"twitter:label1\" content=\"Estimated reading time\" \/>\n\t<meta name=\"twitter:data1\" content=\"2 minutes\" \/>\n<script type=\"application\/ld+json\" class=\"yoast-schema-graph\">{\"@context\":\"https:\\\/\\\/schema.org\",\"@graph\":[{\"@type\":\"WebPage\",\"@id\":\"https:\\\/\\\/up2sky.aero\\\/produkt\\\/nabijacka-pilot\\\/\",\"url\":\"https:\\\/\\\/up2sky.aero\\\/produkt\\\/nabijacka-pilot\\\/\",\"name\":\"Nab\u00edja\u010dka PILOT - up2sky.aero\",\"isPartOf\":{\"@id\":\"https:\\\/\\\/up2sky.aero\\\/#website\"},\"primaryImageOfPage\":{\"@id\":\"https:\\\/\\\/up2sky.aero\\\/produkt\\\/nabijacka-pilot\\\/#primaryimage\"},\"image\":{\"@id\":\"https:\\\/\\\/up2sky.aero\\\/produkt\\\/nabijacka-pilot\\\/#primaryimage\"},\"thumbnailUrl\":\"https:\\\/\\\/up2sky.aero\\\/wp-content\\\/uploads\\\/2022\\\/12\\\/A82A1F73-DDC3-4997-B258-A57CF3D58DC9.webp\",\"datePublished\":\"2022-12-14T14:04:58+00:00\",\"dateModified\":\"2024-10-27T12:55:36+00:00\",\"description\":\"T\u00e1to multifunk\u010dn\u00e1 USB r\u00fdchlonab\u00edja\u010dka pre 12-28V vyroben\u00e1 z hlin\u00edka m\u00e1 dva r\u00fdchlonab\u00edjacie porty: USB a USB-C. PILOT CO CHARGER m\u00e1 integrovan\u00fd CO-detektor a funguje aj ako bezpe\u010dnostn\u00e9 kladivo.\",\"breadcrumb\":{\"@id\":\"https:\\\/\\\/up2sky.aero\\\/produkt\\\/nabijacka-pilot\\\/#breadcrumb\"},\"inLanguage\":\"en-GB\",\"potentialAction\":[{\"@type\":\"ReadAction\",\"target\":[\"https:\\\/\\\/up2sky.aero\\\/produkt\\\/nabijacka-pilot\\\/\"]}]},{\"@type\":\"ImageObject\",\"inLanguage\":\"en-GB\",\"@id\":\"https:\\\/\\\/up2sky.aero\\\/produkt\\\/nabijacka-pilot\\\/#primaryimage\",\"url\":\"https:\\\/\\\/up2sky.aero\\\/wp-content\\\/uploads\\\/2022\\\/12\\\/A82A1F73-DDC3-4997-B258-A57CF3D58DC9.webp\",\"contentUrl\":\"https:\\\/\\\/up2sky.aero\\\/wp-content\\\/uploads\\\/2022\\\/12\\\/A82A1F73-DDC3-4997-B258-A57CF3D58DC9.webp\",\"width\":900,\"height\":611},{\"@type\":\"BreadcrumbList\",\"@id\":\"https:\\\/\\\/up2sky.aero\\\/produkt\\\/nabijacka-pilot\\\/#breadcrumb\",\"itemListElement\":[{\"@type\":\"ListItem\",\"position\":1,\"name\":\"Domovsk\u00e1 str\u00e1nka\",\"item\":\"https:\\\/\\\/up2sky.aero\\\/\"},{\"@type\":\"ListItem\",\"position\":2,\"name\":\"Pilot shop\",\"item\":\"https:\\\/\\\/up2sky.aero\\\/?page_id=126\"},{\"@type\":\"ListItem\",\"position\":3,\"name\":\"Nab\u00edja\u010dka PILOT\"}]},{\"@type\":\"WebSite\",\"@id\":\"https:\\\/\\\/up2sky.aero\\\/#website\",\"url\":\"https:\\\/\\\/up2sky.aero\\\/\",\"name\":\"up2sky.aero\",\"description\":\"Z\u00e1\u017eitkov\u00e9 lety pre milovn\u00edkov dobrodru\u017estiev\",\"publisher\":{\"@id\":\"https:\\\/\\\/up2sky.aero\\\/#organization\"},\"alternateName\":\"up2sky\",\"potentialAction\":[{\"@type\":\"SearchAction\",\"target\":{\"@type\":\"EntryPoint\",\"urlTemplate\":\"https:\\\/\\\/up2sky.aero\\\/?s={search_term_string}\"},\"query-input\":{\"@type\":\"PropertyValueSpecification\",\"valueRequired\":true,\"valueName\":\"search_term_string\"}}],\"inLanguage\":\"en-GB\"},{\"@type\":\"Organization\",\"@id\":\"https:\\\/\\\/up2sky.aero\\\/#organization\",\"name\":\"up2sky.aero, s.r.o.\",\"url\":\"https:\\\/\\\/up2sky.aero\\\/\",\"logo\":{\"@type\":\"ImageObject\",\"inLanguage\":\"en-GB\",\"@id\":\"https:\\\/\\\/up2sky.aero\\\/#\\\/schema\\\/logo\\\/image\\\/\",\"url\":\"https:\\\/\\\/up2sky.aero\\\/wp-content\\\/uploads\\\/2022\\\/10\\\/up2sky-logo.svg\",\"contentUrl\":\"https:\\\/\\\/up2sky.aero\\\/wp-content\\\/uploads\\\/2022\\\/10\\\/up2sky-logo.svg\",\"width\":180,\"height\":141,\"caption\":\"up2sky.aero, s.r.o.\"},\"image\":{\"@id\":\"https:\\\/\\\/up2sky.aero\\\/#\\\/schema\\\/logo\\\/image\\\/\"},\"sameAs\":[\"https:\\\/\\\/www.facebook.com\\\/up2sky.aero\"]}]}<\/script>\n<!-- \/ Yoast SEO plugin. -->","yoast_head_json":{"title":"Nab\u00edja\u010dka PILOT - up2sky.aero","description":"This multifunctional USB fast charger for 12-28V made of aluminum has two fast charging ports: USB and USB-C. The PILOT CO CHARGER has an integrated CO detector and also functions as a safety hammer.","robots":{"index":"index","follow":"follow","max-snippet":"max-snippet:-1","max-image-preview":"max-image-preview:large","max-video-preview":"max-video-preview:-1"},"canonical":"https:\/\/up2sky.aero\/en\/product\/nabijacka-pilot\/","og_locale":"en_GB","og_type":"article","og_title":"Nab\u00edja\u010dka PILOT - up2sky.aero","og_description":"T\u00e1to multifunk\u010dn\u00e1 USB r\u00fdchlonab\u00edja\u010dka pre 12-28V vyroben\u00e1 z hlin\u00edka m\u00e1 dva r\u00fdchlonab\u00edjacie porty: USB a USB-C. PILOT CO CHARGER m\u00e1 integrovan\u00fd CO-detektor a funguje aj ako bezpe\u010dnostn\u00e9 kladivo.","og_url":"https:\/\/up2sky.aero\/en\/product\/nabijacka-pilot\/","og_site_name":"up2sky.aero","article_publisher":"https:\/\/www.facebook.com\/up2sky.aero","article_modified_time":"2024-10-27T12:55:36+00:00","og_image":[{"width":900,"height":611,"url":"http:\/\/up2sky.aero\/wp-content\/uploads\/2022\/12\/A82A1F73-DDC3-4997-B258-A57CF3D58DC9.webp","type":"image\/webp"}],"twitter_card":"summary_large_image","twitter_misc":{"Estimated reading time":"2 minutes"},"schema":{"@context":"https:\/\/schema.org","@graph":[{"@type":"WebPage","@id":"https:\/\/up2sky.aero\/produkt\/nabijacka-pilot\/","url":"https:\/\/up2sky.aero\/produkt\/nabijacka-pilot\/","name":"Nab\u00edja\u010dka PILOT - up2sky.aero","isPartOf":{"@id":"https:\/\/up2sky.aero\/#website"},"primaryImageOfPage":{"@id":"https:\/\/up2sky.aero\/produkt\/nabijacka-pilot\/#primaryimage"},"image":{"@id":"https:\/\/up2sky.aero\/produkt\/nabijacka-pilot\/#primaryimage"},"thumbnailUrl":"https:\/\/up2sky.aero\/wp-content\/uploads\/2022\/12\/A82A1F73-DDC3-4997-B258-A57CF3D58DC9.webp","datePublished":"2022-12-14T14:04:58+00:00","dateModified":"2024-10-27T12:55:36+00:00","description":"This multifunctional USB fast charger for 12-28V made of aluminum has two fast charging ports: USB and USB-C. The PILOT CO CHARGER has an integrated CO detector and also functions as a safety hammer.","breadcrumb":{"@id":"https:\/\/up2sky.aero\/produkt\/nabijacka-pilot\/#breadcrumb"},"inLanguage":"en-GB","potentialAction":[{"@type":"ReadAction","target":["https:\/\/up2sky.aero\/produkt\/nabijacka-pilot\/"]}]},{"@type":"ImageObject","inLanguage":"en-GB","@id":"https:\/\/up2sky.aero\/produkt\/nabijacka-pilot\/#primaryimage","url":"https:\/\/up2sky.aero\/wp-content\/uploads\/2022\/12\/A82A1F73-DDC3-4997-B258-A57CF3D58DC9.webp","contentUrl":"https:\/\/up2sky.aero\/wp-content\/uploads\/2022\/12\/A82A1F73-DDC3-4997-B258-A57CF3D58DC9.webp","width":900,"height":611},{"@type":"BreadcrumbList","@id":"https:\/\/up2sky.aero\/produkt\/nabijacka-pilot\/#breadcrumb","itemListElement":[{"@type":"ListItem","position":1,"name":"Domovsk\u00e1 str\u00e1nka","item":"https:\/\/up2sky.aero\/"},{"@type":"ListItem","position":2,"name":"Pilot shop","item":"https:\/\/up2sky.aero\/?page_id=126"},{"@type":"ListItem","position":3,"name":"Nab\u00edja\u010dka PILOT"}]},{"@type":"WebSite","@id":"https:\/\/up2sky.aero\/#website","url":"https:\/\/up2sky.aero\/","name":"up2sky.aero","description":"Z\u00e1\u017eitkov\u00e9 lety pre milovn\u00edkov dobrodru\u017estiev","publisher":{"@id":"https:\/\/up2sky.aero\/#organization"},"alternateName":"up2sky","potentialAction":[{"@type":"SearchAction","target":{"@type":"EntryPoint","urlTemplate":"https:\/\/up2sky.aero\/?s={search_term_string}"},"query-input":{"@type":"PropertyValueSpecification","valueRequired":true,"valueName":"search_term_string"}}],"inLanguage":"en-GB"},{"@type":"Organization","@id":"https:\/\/up2sky.aero\/#organization","name":"up2sky.aero, s.r.o.","url":"https:\/\/up2sky.aero\/","logo":{"@type":"ImageObject","inLanguage":"en-GB","@id":"https:\/\/up2sky.aero\/#\/schema\/logo\/image\/","url":"https:\/\/up2sky.aero\/wp-content\/uploads\/2022\/10\/up2sky-logo.svg","contentUrl":"https:\/\/up2sky.aero\/wp-content\/uploads\/2022\/10\/up2sky-logo.svg","width":180,"height":141,"caption":"up2sky.aero, s.r.o."},"image":{"@id":"https:\/\/up2sky.aero\/#\/schema\/logo\/image\/"},"sameAs":["https:\/\/www.facebook.com\/up2sky.aero"]}]}},"_links":{"self":[{"href":"https:\/\/up2sky.aero\/en\/wp-json\/wp\/v2\/product\/452","targetHints":{"allow":["GET"]}}],"collection":[{"href":"https:\/\/up2sky.aero\/en\/wp-json\/wp\/v2\/product"}],"about":[{"href":"https:\/\/up2sky.aero\/en\/wp-json\/wp\/v2\/types\/product"}],"wp:featuredmedia":[{"embeddable":true,"href":"https:\/\/up2sky.aero\/en\/wp-json\/wp\/v2\/media\/453"}],"wp:attachment":[{"href":"https:\/\/up2sky.aero\/en\/wp-json\/wp\/v2\/media?parent=452"}],"wp:term":[{"taxonomy":"product_brand","embeddable":true,"href":"https:\/\/up2sky.aero\/en\/wp-json\/wp\/v2\/product_brand?post=452"},{"taxonomy":"product_cat","embeddable":true,"href":"https:\/\/up2sky.aero\/en\/wp-json\/wp\/v2\/product_cat?post=452"},{"taxonomy":"product_tag","embeddable":true,"href":"https:\/\/up2sky.aero\/en\/wp-json\/wp\/v2\/product_tag?post=452"}],"curies":[{"name":"wp","href":"https:\/\/api.w.org\/{rel}","templated":true}]}}