{"id":460,"date":"2022-12-14T15:14:54","date_gmt":"2022-12-14T14:14:54","guid":{"rendered":"https:\/\/up2sky.aero\/?post_type=product&#038;p=460"},"modified":"2025-04-28T14:20:07","modified_gmt":"2025-04-28T12:20:07","slug":"pilot-controller","status":"publish","type":"product","link":"https:\/\/up2sky.aero\/en\/product\/pilot-controller\/","title":{"rendered":"PILOT CONTROLLER"},"content":{"rendered":"<p>Carbon monoxide (CO) is an extremely dangerous, colorless, odorless, and tasteless gas that can lead to potentially fatal incapacitation in even small amounts. Deadly carbon monoxide (CO) is produced wherever fossil fuels (such as gasoline, kerosene, diesel, natural gas, and propane) are burned without sufficient oxygen.<\/p>\n<p>The PILOT CONTROLLER\u00ae is ideal for use in an airplane, boat, car or at home.<\/p>\n<p>It can be used with adhesive tape as usual or in combination with our PILOT CONTROLLER\u00ae KIT.<\/p>","protected":false},"excerpt":{"rendered":"<p>Oxid uho\u013enat\u00fd (CO) je mimoriadne nebezpe\u010dn\u00fd bezfarebn\u00fd plyn bez z\u00e1pachu a chuti, ktor\u00fd m\u00f4\u017ee vies\u0165 k potenci\u00e1lne smrte\u013enej neschopnosti pilota aj v mal\u00fdch mno\u017estv\u00e1ch. Smrte\u013en\u00fd oxid uho\u013enat\u00fd (CO) vznik\u00e1 v\u0161ade tam, kde sa fos\u00edlne paliv\u00e1 (ako je benz\u00edn, petrolej, nafta, zemn\u00fd plyn a prop\u00e1n) spa\u013euj\u00fa bez dostato\u010dn\u00e9ho mno\u017estva kysl\u00edka. PILOT CONTROLLER\u00ae je ide\u00e1lny na pou\u017eitie [&hellip;]<\/p>","protected":false},"featured_media":461,"template":"","meta":{"_acf_changed":false,"inline_featured_image":false},"product_brand":[],"product_cat":[25,22],"product_tag":[29],"class_list":{"0":"post-460","1":"product","2":"type-product","3":"status-publish","4":"has-post-thumbnail","6":"product_cat-doplnky-pre-pilotov","7":"product_cat-pilot-shop","8":"product_tag-design-4-pilots","10":"first","11":"instock","12":"taxable","13":"shipping-taxable","14":"purchasable","15":"product-type-simple"},"acf":[],"yoast_head":"<!-- This site is optimized with the Yoast SEO plugin v27.4 - https:\/\/yoast.com\/product\/yoast-seo-wordpress\/ -->\n<title>PILOT CONTROLLER - up2sky.aero<\/title>\n<meta name=\"description\" content=\"PILOT CONTROLLER\u00ae je ide\u00e1lny na pou\u017eitie v lietadle, lodi, aute alebo doma.M\u00f4\u017ee sa pou\u017ei\u0165 s lepiacou p\u00e1skou ako obvykle alebo v kombin\u00e1cii s na\u0161ou s\u00fapravou\" \/>\n<meta name=\"robots\" content=\"index, follow, max-snippet:-1, max-image-preview:large, max-video-preview:-1\" \/>\n<link rel=\"canonical\" href=\"https:\/\/up2sky.aero\/en\/product\/pilot-controller\/\" \/>\n<meta property=\"og:locale\" content=\"en_GB\" \/>\n<meta property=\"og:type\" content=\"article\" \/>\n<meta property=\"og:title\" content=\"PILOT CONTROLLER - up2sky.aero\" \/>\n<meta property=\"og:description\" content=\"PILOT CONTROLLER\u00ae je ide\u00e1lny na pou\u017eitie v lietadle, lodi, aute alebo doma.M\u00f4\u017ee sa pou\u017ei\u0165 s lepiacou p\u00e1skou ako obvykle alebo v kombin\u00e1cii s na\u0161ou s\u00fapravou\" \/>\n<meta property=\"og:url\" content=\"https:\/\/up2sky.aero\/en\/product\/pilot-controller\/\" \/>\n<meta property=\"og:site_name\" content=\"up2sky.aero\" \/>\n<meta property=\"article:publisher\" content=\"https:\/\/www.facebook.com\/up2sky.aero\" \/>\n<meta property=\"article:modified_time\" content=\"2025-04-28T12:20:07+00:00\" \/>\n<meta property=\"og:image\" content=\"http:\/\/up2sky.aero\/wp-content\/uploads\/2022\/12\/24A28DF9-333E-43BB-AE96-4A34F3CCD19F.webp\" \/>\n\t<meta property=\"og:image:width\" content=\"790\" \/>\n\t<meta property=\"og:image:height\" content=\"800\" \/>\n\t<meta property=\"og:image:type\" content=\"image\/webp\" \/>\n<meta name=\"twitter:card\" content=\"summary_large_image\" \/>\n<meta name=\"twitter:label1\" content=\"Estimated reading time\" \/>\n\t<meta name=\"twitter:data1\" content=\"1 minute\" \/>\n<script type=\"application\/ld+json\" class=\"yoast-schema-graph\">{\"@context\":\"https:\\\/\\\/schema.org\",\"@graph\":[{\"@type\":\"WebPage\",\"@id\":\"https:\\\/\\\/up2sky.aero\\\/produkt\\\/pilot-controller\\\/\",\"url\":\"https:\\\/\\\/up2sky.aero\\\/produkt\\\/pilot-controller\\\/\",\"name\":\"PILOT CONTROLLER - up2sky.aero\",\"isPartOf\":{\"@id\":\"https:\\\/\\\/up2sky.aero\\\/#website\"},\"primaryImageOfPage\":{\"@id\":\"https:\\\/\\\/up2sky.aero\\\/produkt\\\/pilot-controller\\\/#primaryimage\"},\"image\":{\"@id\":\"https:\\\/\\\/up2sky.aero\\\/produkt\\\/pilot-controller\\\/#primaryimage\"},\"thumbnailUrl\":\"https:\\\/\\\/up2sky.aero\\\/wp-content\\\/uploads\\\/2022\\\/12\\\/24A28DF9-333E-43BB-AE96-4A34F3CCD19F.webp\",\"datePublished\":\"2022-12-14T14:14:54+00:00\",\"dateModified\":\"2025-04-28T12:20:07+00:00\",\"description\":\"PILOT CONTROLLER\u00ae je ide\u00e1lny na pou\u017eitie v lietadle, lodi, aute alebo doma.M\u00f4\u017ee sa pou\u017ei\u0165 s lepiacou p\u00e1skou ako obvykle alebo v kombin\u00e1cii s na\u0161ou s\u00fapravou\",\"breadcrumb\":{\"@id\":\"https:\\\/\\\/up2sky.aero\\\/produkt\\\/pilot-controller\\\/#breadcrumb\"},\"inLanguage\":\"en-GB\",\"potentialAction\":[{\"@type\":\"ReadAction\",\"target\":[\"https:\\\/\\\/up2sky.aero\\\/produkt\\\/pilot-controller\\\/\"]}]},{\"@type\":\"ImageObject\",\"inLanguage\":\"en-GB\",\"@id\":\"https:\\\/\\\/up2sky.aero\\\/produkt\\\/pilot-controller\\\/#primaryimage\",\"url\":\"https:\\\/\\\/up2sky.aero\\\/wp-content\\\/uploads\\\/2022\\\/12\\\/24A28DF9-333E-43BB-AE96-4A34F3CCD19F.webp\",\"contentUrl\":\"https:\\\/\\\/up2sky.aero\\\/wp-content\\\/uploads\\\/2022\\\/12\\\/24A28DF9-333E-43BB-AE96-4A34F3CCD19F.webp\",\"width\":790,\"height\":800},{\"@type\":\"BreadcrumbList\",\"@id\":\"https:\\\/\\\/up2sky.aero\\\/produkt\\\/pilot-controller\\\/#breadcrumb\",\"itemListElement\":[{\"@type\":\"ListItem\",\"position\":1,\"name\":\"Domovsk\u00e1 str\u00e1nka\",\"item\":\"https:\\\/\\\/up2sky.aero\\\/\"},{\"@type\":\"ListItem\",\"position\":2,\"name\":\"Pilot shop\",\"item\":\"https:\\\/\\\/up2sky.aero\\\/?page_id=126\"},{\"@type\":\"ListItem\",\"position\":3,\"name\":\"PILOT CONTROLLER\"}]},{\"@type\":\"WebSite\",\"@id\":\"https:\\\/\\\/up2sky.aero\\\/#website\",\"url\":\"https:\\\/\\\/up2sky.aero\\\/\",\"name\":\"up2sky.aero\",\"description\":\"Z\u00e1\u017eitkov\u00e9 lety pre milovn\u00edkov dobrodru\u017estiev\",\"publisher\":{\"@id\":\"https:\\\/\\\/up2sky.aero\\\/#organization\"},\"alternateName\":\"up2sky\",\"potentialAction\":[{\"@type\":\"SearchAction\",\"target\":{\"@type\":\"EntryPoint\",\"urlTemplate\":\"https:\\\/\\\/up2sky.aero\\\/?s={search_term_string}\"},\"query-input\":{\"@type\":\"PropertyValueSpecification\",\"valueRequired\":true,\"valueName\":\"search_term_string\"}}],\"inLanguage\":\"en-GB\"},{\"@type\":\"Organization\",\"@id\":\"https:\\\/\\\/up2sky.aero\\\/#organization\",\"name\":\"up2sky.aero, s.r.o.\",\"url\":\"https:\\\/\\\/up2sky.aero\\\/\",\"logo\":{\"@type\":\"ImageObject\",\"inLanguage\":\"en-GB\",\"@id\":\"https:\\\/\\\/up2sky.aero\\\/#\\\/schema\\\/logo\\\/image\\\/\",\"url\":\"https:\\\/\\\/up2sky.aero\\\/wp-content\\\/uploads\\\/2022\\\/10\\\/up2sky-logo.svg\",\"contentUrl\":\"https:\\\/\\\/up2sky.aero\\\/wp-content\\\/uploads\\\/2022\\\/10\\\/up2sky-logo.svg\",\"width\":180,\"height\":141,\"caption\":\"up2sky.aero, s.r.o.\"},\"image\":{\"@id\":\"https:\\\/\\\/up2sky.aero\\\/#\\\/schema\\\/logo\\\/image\\\/\"},\"sameAs\":[\"https:\\\/\\\/www.facebook.com\\\/up2sky.aero\"]}]}<\/script>\n<!-- \/ Yoast SEO plugin. -->","yoast_head_json":{"title":"PILOT CONTROLLER - up2sky.aero","description":"PILOT CONTROLLER\u00ae je ide\u00e1lny na pou\u017eitie v lietadle, lodi, aute alebo doma.M\u00f4\u017ee sa pou\u017ei\u0165 s lepiacou p\u00e1skou ako obvykle alebo v kombin\u00e1cii s na\u0161ou s\u00fapravou","robots":{"index":"index","follow":"follow","max-snippet":"max-snippet:-1","max-image-preview":"max-image-preview:large","max-video-preview":"max-video-preview:-1"},"canonical":"https:\/\/up2sky.aero\/en\/product\/pilot-controller\/","og_locale":"en_GB","og_type":"article","og_title":"PILOT CONTROLLER - up2sky.aero","og_description":"PILOT CONTROLLER\u00ae je ide\u00e1lny na pou\u017eitie v lietadle, lodi, aute alebo doma.M\u00f4\u017ee sa pou\u017ei\u0165 s lepiacou p\u00e1skou ako obvykle alebo v kombin\u00e1cii s na\u0161ou s\u00fapravou","og_url":"https:\/\/up2sky.aero\/en\/product\/pilot-controller\/","og_site_name":"up2sky.aero","article_publisher":"https:\/\/www.facebook.com\/up2sky.aero","article_modified_time":"2025-04-28T12:20:07+00:00","og_image":[{"width":790,"height":800,"url":"http:\/\/up2sky.aero\/wp-content\/uploads\/2022\/12\/24A28DF9-333E-43BB-AE96-4A34F3CCD19F.webp","type":"image\/webp"}],"twitter_card":"summary_large_image","twitter_misc":{"Estimated reading time":"1 minute"},"schema":{"@context":"https:\/\/schema.org","@graph":[{"@type":"WebPage","@id":"https:\/\/up2sky.aero\/produkt\/pilot-controller\/","url":"https:\/\/up2sky.aero\/produkt\/pilot-controller\/","name":"PILOT CONTROLLER - up2sky.aero","isPartOf":{"@id":"https:\/\/up2sky.aero\/#website"},"primaryImageOfPage":{"@id":"https:\/\/up2sky.aero\/produkt\/pilot-controller\/#primaryimage"},"image":{"@id":"https:\/\/up2sky.aero\/produkt\/pilot-controller\/#primaryimage"},"thumbnailUrl":"https:\/\/up2sky.aero\/wp-content\/uploads\/2022\/12\/24A28DF9-333E-43BB-AE96-4A34F3CCD19F.webp","datePublished":"2022-12-14T14:14:54+00:00","dateModified":"2025-04-28T12:20:07+00:00","description":"PILOT CONTROLLER\u00ae je ide\u00e1lny na pou\u017eitie v lietadle, lodi, aute alebo doma.M\u00f4\u017ee sa pou\u017ei\u0165 s lepiacou p\u00e1skou ako obvykle alebo v kombin\u00e1cii s na\u0161ou s\u00fapravou","breadcrumb":{"@id":"https:\/\/up2sky.aero\/produkt\/pilot-controller\/#breadcrumb"},"inLanguage":"en-GB","potentialAction":[{"@type":"ReadAction","target":["https:\/\/up2sky.aero\/produkt\/pilot-controller\/"]}]},{"@type":"ImageObject","inLanguage":"en-GB","@id":"https:\/\/up2sky.aero\/produkt\/pilot-controller\/#primaryimage","url":"https:\/\/up2sky.aero\/wp-content\/uploads\/2022\/12\/24A28DF9-333E-43BB-AE96-4A34F3CCD19F.webp","contentUrl":"https:\/\/up2sky.aero\/wp-content\/uploads\/2022\/12\/24A28DF9-333E-43BB-AE96-4A34F3CCD19F.webp","width":790,"height":800},{"@type":"BreadcrumbList","@id":"https:\/\/up2sky.aero\/produkt\/pilot-controller\/#breadcrumb","itemListElement":[{"@type":"ListItem","position":1,"name":"Domovsk\u00e1 str\u00e1nka","item":"https:\/\/up2sky.aero\/"},{"@type":"ListItem","position":2,"name":"Pilot shop","item":"https:\/\/up2sky.aero\/?page_id=126"},{"@type":"ListItem","position":3,"name":"PILOT CONTROLLER"}]},{"@type":"WebSite","@id":"https:\/\/up2sky.aero\/#website","url":"https:\/\/up2sky.aero\/","name":"up2sky.aero","description":"Z\u00e1\u017eitkov\u00e9 lety pre milovn\u00edkov dobrodru\u017estiev","publisher":{"@id":"https:\/\/up2sky.aero\/#organization"},"alternateName":"up2sky","potentialAction":[{"@type":"SearchAction","target":{"@type":"EntryPoint","urlTemplate":"https:\/\/up2sky.aero\/?s={search_term_string}"},"query-input":{"@type":"PropertyValueSpecification","valueRequired":true,"valueName":"search_term_string"}}],"inLanguage":"en-GB"},{"@type":"Organization","@id":"https:\/\/up2sky.aero\/#organization","name":"up2sky.aero, s.r.o.","url":"https:\/\/up2sky.aero\/","logo":{"@type":"ImageObject","inLanguage":"en-GB","@id":"https:\/\/up2sky.aero\/#\/schema\/logo\/image\/","url":"https:\/\/up2sky.aero\/wp-content\/uploads\/2022\/10\/up2sky-logo.svg","contentUrl":"https:\/\/up2sky.aero\/wp-content\/uploads\/2022\/10\/up2sky-logo.svg","width":180,"height":141,"caption":"up2sky.aero, s.r.o."},"image":{"@id":"https:\/\/up2sky.aero\/#\/schema\/logo\/image\/"},"sameAs":["https:\/\/www.facebook.com\/up2sky.aero"]}]}},"_links":{"self":[{"href":"https:\/\/up2sky.aero\/en\/wp-json\/wp\/v2\/product\/460","targetHints":{"allow":["GET"]}}],"collection":[{"href":"https:\/\/up2sky.aero\/en\/wp-json\/wp\/v2\/product"}],"about":[{"href":"https:\/\/up2sky.aero\/en\/wp-json\/wp\/v2\/types\/product"}],"wp:featuredmedia":[{"embeddable":true,"href":"https:\/\/up2sky.aero\/en\/wp-json\/wp\/v2\/media\/461"}],"wp:attachment":[{"href":"https:\/\/up2sky.aero\/en\/wp-json\/wp\/v2\/media?parent=460"}],"wp:term":[{"taxonomy":"product_brand","embeddable":true,"href":"https:\/\/up2sky.aero\/en\/wp-json\/wp\/v2\/product_brand?post=460"},{"taxonomy":"product_cat","embeddable":true,"href":"https:\/\/up2sky.aero\/en\/wp-json\/wp\/v2\/product_cat?post=460"},{"taxonomy":"product_tag","embeddable":true,"href":"https:\/\/up2sky.aero\/en\/wp-json\/wp\/v2\/product_tag?post=460"}],"curies":[{"name":"wp","href":"https:\/\/api.w.org\/{rel}","templated":true}]}}