{"id":462,"date":"2022-12-14T15:18:31","date_gmt":"2022-12-14T14:18:31","guid":{"rendered":"https:\/\/up2sky.aero\/?post_type=product&#038;p=462"},"modified":"2025-05-09T11:02:20","modified_gmt":"2025-05-09T09:02:20","slug":"tester-pri-kontrole-paliva","status":"publish","type":"product","link":"https:\/\/up2sky.aero\/en\/product\/tester-pri-kontrole-paliva\/","title":{"rendered":"Fuel Check Tester"},"content":{"rendered":"<p>Mandatory equipment for every pilot when checking fuel for water and contamination.<\/p>\n<p>For all major types of aircraft fuel drain valves<br \/>\nStable design<br \/>\nScrewdriver with 6 standard bit tips<br \/>\nflat screwdriver 3,4,5<br \/>\nPhillips screwdriver 1,2,3<br \/>\nSimple and clean operation<br \/>\nIntelligent solution and compact dimensions<br \/>\nPackaged in a beautiful gift box<\/p>","protected":false},"excerpt":{"rendered":"<p>Povinn\u00e1 v\u00fdbava ka\u017ed\u00e9ho pilota pri kontrole paliva, \u010di neobsahuje vodu a zne\u010distenie. Pre v\u0161etky hlavn\u00e9 typy vyp\u00fa\u0161\u0165ac\u00edch ventilov paliva lietadiel Stabiln\u00e9 prevedenie Skrutkova\u010d so 6 \u0161tandardn\u00fdmi hrotmi bitov ploch\u00fd skrutkova\u010d 3,4,5 kr\u00ed\u017eov\u00fd skrutkova\u010d 1,2,3 Jednoduch\u00e1 a \u010dist\u00e1 obsluha Inteligentn\u00e9 rie\u0161enie a kompaktn\u00e9 rozmery Zabalen\u00e9 v kr\u00e1snej dar\u010dekovej krabi\u010dke<\/p>","protected":false},"featured_media":463,"template":"","meta":{"_acf_changed":false,"inline_featured_image":false},"product_brand":[],"product_cat":[25,22],"product_tag":[29],"class_list":{"0":"post-462","1":"product","2":"type-product","3":"status-publish","4":"has-post-thumbnail","6":"product_cat-doplnky-pre-pilotov","7":"product_cat-pilot-shop","8":"product_tag-design-4-pilots","10":"first","11":"instock","12":"taxable","13":"shipping-taxable","14":"purchasable","15":"product-type-simple"},"acf":[],"yoast_head":"<!-- This site is optimized with the Yoast SEO plugin v27.5 - https:\/\/yoast.com\/product\/yoast-seo-wordpress\/ -->\n<title>Tester na kontrolu paliva - up2sky.aero<\/title>\n<meta name=\"description\" content=\"Povinn\u00e1 v\u00fdbava ka\u017ed\u00e9ho pilota pri kontrole paliva, \u010di neobsahuje vodu a zne\u010distenie.\" \/>\n<meta name=\"robots\" content=\"index, follow, max-snippet:-1, max-image-preview:large, max-video-preview:-1\" \/>\n<link rel=\"canonical\" href=\"https:\/\/up2sky.aero\/en\/product\/tester-pri-kontrole-paliva\/\" \/>\n<meta property=\"og:locale\" content=\"en_GB\" \/>\n<meta property=\"og:type\" content=\"article\" \/>\n<meta property=\"og:title\" content=\"Tester na kontrolu paliva - up2sky.aero\" \/>\n<meta property=\"og:description\" content=\"Povinn\u00e1 v\u00fdbava ka\u017ed\u00e9ho pilota pri kontrole paliva, \u010di neobsahuje vodu a zne\u010distenie.\" \/>\n<meta property=\"og:url\" content=\"https:\/\/up2sky.aero\/en\/product\/tester-pri-kontrole-paliva\/\" \/>\n<meta property=\"og:site_name\" content=\"up2sky.aero\" \/>\n<meta property=\"article:publisher\" content=\"https:\/\/www.facebook.com\/up2sky.aero\" \/>\n<meta property=\"article:modified_time\" content=\"2025-05-09T09:02:20+00:00\" \/>\n<meta property=\"og:image\" content=\"http:\/\/up2sky.aero\/wp-content\/uploads\/2022\/12\/BD1A0A97-817A-4009-8EFF-76F243C0A6C0.webp\" \/>\n\t<meta property=\"og:image:width\" content=\"638\" \/>\n\t<meta property=\"og:image:height\" content=\"800\" \/>\n\t<meta property=\"og:image:type\" content=\"image\/webp\" \/>\n<meta name=\"twitter:card\" content=\"summary_large_image\" \/>\n<meta name=\"twitter:label1\" content=\"Estimated reading time\" \/>\n\t<meta name=\"twitter:data1\" content=\"1 minute\" \/>\n<script type=\"application\/ld+json\" class=\"yoast-schema-graph\">{\"@context\":\"https:\\\/\\\/schema.org\",\"@graph\":[{\"@type\":\"WebPage\",\"@id\":\"https:\\\/\\\/up2sky.aero\\\/produkt\\\/tester-pri-kontrole-paliva\\\/\",\"url\":\"https:\\\/\\\/up2sky.aero\\\/produkt\\\/tester-pri-kontrole-paliva\\\/\",\"name\":\"Tester na kontrolu paliva - up2sky.aero\",\"isPartOf\":{\"@id\":\"https:\\\/\\\/up2sky.aero\\\/#website\"},\"primaryImageOfPage\":{\"@id\":\"https:\\\/\\\/up2sky.aero\\\/produkt\\\/tester-pri-kontrole-paliva\\\/#primaryimage\"},\"image\":{\"@id\":\"https:\\\/\\\/up2sky.aero\\\/produkt\\\/tester-pri-kontrole-paliva\\\/#primaryimage\"},\"thumbnailUrl\":\"https:\\\/\\\/up2sky.aero\\\/wp-content\\\/uploads\\\/2022\\\/12\\\/BD1A0A97-817A-4009-8EFF-76F243C0A6C0.webp\",\"datePublished\":\"2022-12-14T14:18:31+00:00\",\"dateModified\":\"2025-05-09T09:02:20+00:00\",\"description\":\"Povinn\u00e1 v\u00fdbava ka\u017ed\u00e9ho pilota pri kontrole paliva, \u010di neobsahuje vodu a zne\u010distenie.\",\"breadcrumb\":{\"@id\":\"https:\\\/\\\/up2sky.aero\\\/produkt\\\/tester-pri-kontrole-paliva\\\/#breadcrumb\"},\"inLanguage\":\"en-GB\",\"potentialAction\":[{\"@type\":\"ReadAction\",\"target\":[\"https:\\\/\\\/up2sky.aero\\\/produkt\\\/tester-pri-kontrole-paliva\\\/\"]}]},{\"@type\":\"ImageObject\",\"inLanguage\":\"en-GB\",\"@id\":\"https:\\\/\\\/up2sky.aero\\\/produkt\\\/tester-pri-kontrole-paliva\\\/#primaryimage\",\"url\":\"https:\\\/\\\/up2sky.aero\\\/wp-content\\\/uploads\\\/2022\\\/12\\\/BD1A0A97-817A-4009-8EFF-76F243C0A6C0.webp\",\"contentUrl\":\"https:\\\/\\\/up2sky.aero\\\/wp-content\\\/uploads\\\/2022\\\/12\\\/BD1A0A97-817A-4009-8EFF-76F243C0A6C0.webp\",\"width\":638,\"height\":800},{\"@type\":\"BreadcrumbList\",\"@id\":\"https:\\\/\\\/up2sky.aero\\\/produkt\\\/tester-pri-kontrole-paliva\\\/#breadcrumb\",\"itemListElement\":[{\"@type\":\"ListItem\",\"position\":1,\"name\":\"Domovsk\u00e1 str\u00e1nka\",\"item\":\"https:\\\/\\\/up2sky.aero\\\/\"},{\"@type\":\"ListItem\",\"position\":2,\"name\":\"Pilot shop\",\"item\":\"https:\\\/\\\/up2sky.aero\\\/?page_id=126\"},{\"@type\":\"ListItem\",\"position\":3,\"name\":\"Tester na kontrolu paliva\"}]},{\"@type\":\"WebSite\",\"@id\":\"https:\\\/\\\/up2sky.aero\\\/#website\",\"url\":\"https:\\\/\\\/up2sky.aero\\\/\",\"name\":\"up2sky.aero\",\"description\":\"Z\u00e1\u017eitkov\u00e9 lety pre milovn\u00edkov dobrodru\u017estiev\",\"publisher\":{\"@id\":\"https:\\\/\\\/up2sky.aero\\\/#organization\"},\"alternateName\":\"up2sky\",\"potentialAction\":[{\"@type\":\"SearchAction\",\"target\":{\"@type\":\"EntryPoint\",\"urlTemplate\":\"https:\\\/\\\/up2sky.aero\\\/?s={search_term_string}\"},\"query-input\":{\"@type\":\"PropertyValueSpecification\",\"valueRequired\":true,\"valueName\":\"search_term_string\"}}],\"inLanguage\":\"en-GB\"},{\"@type\":\"Organization\",\"@id\":\"https:\\\/\\\/up2sky.aero\\\/#organization\",\"name\":\"up2sky.aero, s.r.o.\",\"url\":\"https:\\\/\\\/up2sky.aero\\\/\",\"logo\":{\"@type\":\"ImageObject\",\"inLanguage\":\"en-GB\",\"@id\":\"https:\\\/\\\/up2sky.aero\\\/#\\\/schema\\\/logo\\\/image\\\/\",\"url\":\"https:\\\/\\\/up2sky.aero\\\/wp-content\\\/uploads\\\/2022\\\/10\\\/up2sky-logo.svg\",\"contentUrl\":\"https:\\\/\\\/up2sky.aero\\\/wp-content\\\/uploads\\\/2022\\\/10\\\/up2sky-logo.svg\",\"width\":180,\"height\":141,\"caption\":\"up2sky.aero, s.r.o.\"},\"image\":{\"@id\":\"https:\\\/\\\/up2sky.aero\\\/#\\\/schema\\\/logo\\\/image\\\/\"},\"sameAs\":[\"https:\\\/\\\/www.facebook.com\\\/up2sky.aero\"]}]}<\/script>\n<!-- \/ Yoast SEO plugin. -->","yoast_head_json":{"title":"Tester na kontrolu paliva - up2sky.aero","description":"Mandatory equipment for every pilot when checking fuel for water and contamination.","robots":{"index":"index","follow":"follow","max-snippet":"max-snippet:-1","max-image-preview":"max-image-preview:large","max-video-preview":"max-video-preview:-1"},"canonical":"https:\/\/up2sky.aero\/en\/product\/tester-pri-kontrole-paliva\/","og_locale":"en_GB","og_type":"article","og_title":"Tester na kontrolu paliva - up2sky.aero","og_description":"Povinn\u00e1 v\u00fdbava ka\u017ed\u00e9ho pilota pri kontrole paliva, \u010di neobsahuje vodu a zne\u010distenie.","og_url":"https:\/\/up2sky.aero\/en\/product\/tester-pri-kontrole-paliva\/","og_site_name":"up2sky.aero","article_publisher":"https:\/\/www.facebook.com\/up2sky.aero","article_modified_time":"2025-05-09T09:02:20+00:00","og_image":[{"width":638,"height":800,"url":"http:\/\/up2sky.aero\/wp-content\/uploads\/2022\/12\/BD1A0A97-817A-4009-8EFF-76F243C0A6C0.webp","type":"image\/webp"}],"twitter_card":"summary_large_image","twitter_misc":{"Estimated reading time":"1 minute"},"schema":{"@context":"https:\/\/schema.org","@graph":[{"@type":"WebPage","@id":"https:\/\/up2sky.aero\/produkt\/tester-pri-kontrole-paliva\/","url":"https:\/\/up2sky.aero\/produkt\/tester-pri-kontrole-paliva\/","name":"Tester na kontrolu paliva - up2sky.aero","isPartOf":{"@id":"https:\/\/up2sky.aero\/#website"},"primaryImageOfPage":{"@id":"https:\/\/up2sky.aero\/produkt\/tester-pri-kontrole-paliva\/#primaryimage"},"image":{"@id":"https:\/\/up2sky.aero\/produkt\/tester-pri-kontrole-paliva\/#primaryimage"},"thumbnailUrl":"https:\/\/up2sky.aero\/wp-content\/uploads\/2022\/12\/BD1A0A97-817A-4009-8EFF-76F243C0A6C0.webp","datePublished":"2022-12-14T14:18:31+00:00","dateModified":"2025-05-09T09:02:20+00:00","description":"Mandatory equipment for every pilot when checking fuel for water and contamination.","breadcrumb":{"@id":"https:\/\/up2sky.aero\/produkt\/tester-pri-kontrole-paliva\/#breadcrumb"},"inLanguage":"en-GB","potentialAction":[{"@type":"ReadAction","target":["https:\/\/up2sky.aero\/produkt\/tester-pri-kontrole-paliva\/"]}]},{"@type":"ImageObject","inLanguage":"en-GB","@id":"https:\/\/up2sky.aero\/produkt\/tester-pri-kontrole-paliva\/#primaryimage","url":"https:\/\/up2sky.aero\/wp-content\/uploads\/2022\/12\/BD1A0A97-817A-4009-8EFF-76F243C0A6C0.webp","contentUrl":"https:\/\/up2sky.aero\/wp-content\/uploads\/2022\/12\/BD1A0A97-817A-4009-8EFF-76F243C0A6C0.webp","width":638,"height":800},{"@type":"BreadcrumbList","@id":"https:\/\/up2sky.aero\/produkt\/tester-pri-kontrole-paliva\/#breadcrumb","itemListElement":[{"@type":"ListItem","position":1,"name":"Domovsk\u00e1 str\u00e1nka","item":"https:\/\/up2sky.aero\/"},{"@type":"ListItem","position":2,"name":"Pilot shop","item":"https:\/\/up2sky.aero\/?page_id=126"},{"@type":"ListItem","position":3,"name":"Tester na kontrolu paliva"}]},{"@type":"WebSite","@id":"https:\/\/up2sky.aero\/#website","url":"https:\/\/up2sky.aero\/","name":"up2sky.aero","description":"Z\u00e1\u017eitkov\u00e9 lety pre milovn\u00edkov dobrodru\u017estiev","publisher":{"@id":"https:\/\/up2sky.aero\/#organization"},"alternateName":"up2sky","potentialAction":[{"@type":"SearchAction","target":{"@type":"EntryPoint","urlTemplate":"https:\/\/up2sky.aero\/?s={search_term_string}"},"query-input":{"@type":"PropertyValueSpecification","valueRequired":true,"valueName":"search_term_string"}}],"inLanguage":"en-GB"},{"@type":"Organization","@id":"https:\/\/up2sky.aero\/#organization","name":"up2sky.aero, s.r.o.","url":"https:\/\/up2sky.aero\/","logo":{"@type":"ImageObject","inLanguage":"en-GB","@id":"https:\/\/up2sky.aero\/#\/schema\/logo\/image\/","url":"https:\/\/up2sky.aero\/wp-content\/uploads\/2022\/10\/up2sky-logo.svg","contentUrl":"https:\/\/up2sky.aero\/wp-content\/uploads\/2022\/10\/up2sky-logo.svg","width":180,"height":141,"caption":"up2sky.aero, s.r.o."},"image":{"@id":"https:\/\/up2sky.aero\/#\/schema\/logo\/image\/"},"sameAs":["https:\/\/www.facebook.com\/up2sky.aero"]}]}},"_links":{"self":[{"href":"https:\/\/up2sky.aero\/en\/wp-json\/wp\/v2\/product\/462","targetHints":{"allow":["GET"]}}],"collection":[{"href":"https:\/\/up2sky.aero\/en\/wp-json\/wp\/v2\/product"}],"about":[{"href":"https:\/\/up2sky.aero\/en\/wp-json\/wp\/v2\/types\/product"}],"wp:featuredmedia":[{"embeddable":true,"href":"https:\/\/up2sky.aero\/en\/wp-json\/wp\/v2\/media\/463"}],"wp:attachment":[{"href":"https:\/\/up2sky.aero\/en\/wp-json\/wp\/v2\/media?parent=462"}],"wp:term":[{"taxonomy":"product_brand","embeddable":true,"href":"https:\/\/up2sky.aero\/en\/wp-json\/wp\/v2\/product_brand?post=462"},{"taxonomy":"product_cat","embeddable":true,"href":"https:\/\/up2sky.aero\/en\/wp-json\/wp\/v2\/product_cat?post=462"},{"taxonomy":"product_tag","embeddable":true,"href":"https:\/\/up2sky.aero\/en\/wp-json\/wp\/v2\/product_tag?post=462"}],"curies":[{"name":"wp","href":"https:\/\/api.w.org\/{rel}","templated":true}]}}