{"id":467,"date":"2022-12-14T15:22:11","date_gmt":"2022-12-14T14:22:11","guid":{"rendered":"https:\/\/up2sky.aero\/?post_type=product&#038;p=467"},"modified":"2024-12-26T16:57:08","modified_gmt":"2024-12-26T15:57:08","slug":"toaletna-taska-pilot","status":"publish","type":"product","link":"https:\/\/up2sky.aero\/en\/product\/toaletna-taska-pilot\/","title":{"rendered":"Toiletry bag PILOT"},"content":{"rendered":"<p>As a travel accessory or as a gift, this toiletry bag offers everything you need, giving you space and compactness for your toiletries.<\/p>\n<p>The bag is made of strong, waterproof and eco-friendly 1680 recycled nylon and has padding all around. The main compartment is divided into three side compartments with six elastic straps, two compartments with a zipper and a hook so you can hang the bag to save space.<br \/>\nOn the back you will find an extra compartment with an integrated business card holder in case you lose the bag.<\/p>\n<p>Size: 25x23 cm<\/p>","protected":false},"excerpt":{"rendered":"<p>Ako cestovn\u00e1 pom\u00f4cka alebo ako dar\u010dek t\u00e1to toaletn\u00e1 ta\u0161ka pon\u00faka v\u0161etko, \u010do potrebujete, a poskytuje v\u00e1m priestor a kompaktnos\u0165 pre va\u0161e toaletn\u00e9 potreby. Ta\u0161ka je vyroben\u00e1 z pevn\u00e9ho, vodeodoln\u00e9ho a ekologick\u00e9ho recyklovan\u00e9ho nylonu 1680 a m\u00e1 po celom obvode polstrovanie. Hlavn\u00e1 priehradka je rozdelen\u00e1 na tri bo\u010dn\u00e9 priehradky so \u0161iestimi elastick\u00fdmi popruhmi, dve priehradky so [&hellip;]<\/p>","protected":false},"featured_media":468,"template":"","meta":{"_acf_changed":false,"inline_featured_image":false},"product_brand":[],"product_cat":[22,23],"product_tag":[29],"class_list":{"0":"post-467","1":"product","2":"type-product","3":"status-publish","4":"has-post-thumbnail","6":"product_cat-pilot-shop","7":"product_cat-pilotne-tasky-kufre","8":"product_tag-design-4-pilots","10":"first","11":"instock","12":"taxable","13":"shipping-taxable","14":"purchasable","15":"product-type-variable","16":"has-default-attributes"},"acf":[],"yoast_head":"<!-- This site is optimized with the Yoast SEO plugin v27.5 - https:\/\/yoast.com\/product\/yoast-seo-wordpress\/ -->\n<title>Toaletn\u00e1 ta\u0161ka PILOT - up2sky.aero<\/title>\n<meta name=\"description\" content=\"Ako cestovn\u00e1 pom\u00f4cka alebo ako dar\u010dek t\u00e1to toaletn\u00e1 ta\u0161ka pon\u00faka v\u0161etko, \u010do potrebujete, a poskytuje v\u00e1m priestor a kompaktnos\u0165 pre va\u0161e toaletn\u00e9 potreby.\" \/>\n<meta name=\"robots\" content=\"index, follow, max-snippet:-1, max-image-preview:large, max-video-preview:-1\" \/>\n<link rel=\"canonical\" href=\"https:\/\/up2sky.aero\/en\/product\/toaletna-taska-pilot\/\" \/>\n<meta property=\"og:locale\" content=\"en_GB\" \/>\n<meta property=\"og:type\" content=\"article\" \/>\n<meta property=\"og:title\" content=\"Toaletn\u00e1 ta\u0161ka PILOT - up2sky.aero\" \/>\n<meta property=\"og:description\" content=\"Ako cestovn\u00e1 pom\u00f4cka alebo ako dar\u010dek t\u00e1to toaletn\u00e1 ta\u0161ka pon\u00faka v\u0161etko, \u010do potrebujete, a poskytuje v\u00e1m priestor a kompaktnos\u0165 pre va\u0161e toaletn\u00e9 potreby.\" \/>\n<meta property=\"og:url\" content=\"https:\/\/up2sky.aero\/en\/product\/toaletna-taska-pilot\/\" \/>\n<meta property=\"og:site_name\" content=\"up2sky.aero\" \/>\n<meta property=\"article:publisher\" content=\"https:\/\/www.facebook.com\/up2sky.aero\" \/>\n<meta property=\"article:modified_time\" content=\"2024-12-26T15:57:08+00:00\" \/>\n<meta property=\"og:image\" content=\"http:\/\/up2sky.aero\/wp-content\/uploads\/2022\/12\/E281CBA0-D8DE-4BFF-AD37-0539A6D55BDA.webp\" \/>\n\t<meta property=\"og:image:width\" content=\"615\" \/>\n\t<meta property=\"og:image:height\" content=\"680\" \/>\n\t<meta property=\"og:image:type\" content=\"image\/webp\" \/>\n<meta name=\"twitter:card\" content=\"summary_large_image\" \/>\n<meta name=\"twitter:label1\" content=\"Estimated reading time\" \/>\n\t<meta name=\"twitter:data1\" content=\"1 minute\" \/>\n<script type=\"application\/ld+json\" class=\"yoast-schema-graph\">{\"@context\":\"https:\\\/\\\/schema.org\",\"@graph\":[{\"@type\":\"WebPage\",\"@id\":\"https:\\\/\\\/up2sky.aero\\\/produkt\\\/toaletna-taska-pilot\\\/\",\"url\":\"https:\\\/\\\/up2sky.aero\\\/produkt\\\/toaletna-taska-pilot\\\/\",\"name\":\"Toaletn\u00e1 ta\u0161ka PILOT - up2sky.aero\",\"isPartOf\":{\"@id\":\"https:\\\/\\\/up2sky.aero\\\/#website\"},\"primaryImageOfPage\":{\"@id\":\"https:\\\/\\\/up2sky.aero\\\/produkt\\\/toaletna-taska-pilot\\\/#primaryimage\"},\"image\":{\"@id\":\"https:\\\/\\\/up2sky.aero\\\/produkt\\\/toaletna-taska-pilot\\\/#primaryimage\"},\"thumbnailUrl\":\"https:\\\/\\\/up2sky.aero\\\/wp-content\\\/uploads\\\/2022\\\/12\\\/E281CBA0-D8DE-4BFF-AD37-0539A6D55BDA.webp\",\"datePublished\":\"2022-12-14T14:22:11+00:00\",\"dateModified\":\"2024-12-26T15:57:08+00:00\",\"description\":\"Ako cestovn\u00e1 pom\u00f4cka alebo ako dar\u010dek t\u00e1to toaletn\u00e1 ta\u0161ka pon\u00faka v\u0161etko, \u010do potrebujete, a poskytuje v\u00e1m priestor a kompaktnos\u0165 pre va\u0161e toaletn\u00e9 potreby.\",\"breadcrumb\":{\"@id\":\"https:\\\/\\\/up2sky.aero\\\/produkt\\\/toaletna-taska-pilot\\\/#breadcrumb\"},\"inLanguage\":\"en-GB\",\"potentialAction\":[{\"@type\":\"ReadAction\",\"target\":[\"https:\\\/\\\/up2sky.aero\\\/produkt\\\/toaletna-taska-pilot\\\/\"]}]},{\"@type\":\"ImageObject\",\"inLanguage\":\"en-GB\",\"@id\":\"https:\\\/\\\/up2sky.aero\\\/produkt\\\/toaletna-taska-pilot\\\/#primaryimage\",\"url\":\"https:\\\/\\\/up2sky.aero\\\/wp-content\\\/uploads\\\/2022\\\/12\\\/E281CBA0-D8DE-4BFF-AD37-0539A6D55BDA.webp\",\"contentUrl\":\"https:\\\/\\\/up2sky.aero\\\/wp-content\\\/uploads\\\/2022\\\/12\\\/E281CBA0-D8DE-4BFF-AD37-0539A6D55BDA.webp\",\"width\":615,\"height\":680},{\"@type\":\"BreadcrumbList\",\"@id\":\"https:\\\/\\\/up2sky.aero\\\/produkt\\\/toaletna-taska-pilot\\\/#breadcrumb\",\"itemListElement\":[{\"@type\":\"ListItem\",\"position\":1,\"name\":\"Domovsk\u00e1 str\u00e1nka\",\"item\":\"https:\\\/\\\/up2sky.aero\\\/\"},{\"@type\":\"ListItem\",\"position\":2,\"name\":\"Pilot shop\",\"item\":\"https:\\\/\\\/up2sky.aero\\\/?page_id=126\"},{\"@type\":\"ListItem\",\"position\":3,\"name\":\"Toaletn\u00e1 ta\u0161ka PILOT\"}]},{\"@type\":\"WebSite\",\"@id\":\"https:\\\/\\\/up2sky.aero\\\/#website\",\"url\":\"https:\\\/\\\/up2sky.aero\\\/\",\"name\":\"up2sky.aero\",\"description\":\"Z\u00e1\u017eitkov\u00e9 lety pre milovn\u00edkov dobrodru\u017estiev\",\"publisher\":{\"@id\":\"https:\\\/\\\/up2sky.aero\\\/#organization\"},\"alternateName\":\"up2sky\",\"potentialAction\":[{\"@type\":\"SearchAction\",\"target\":{\"@type\":\"EntryPoint\",\"urlTemplate\":\"https:\\\/\\\/up2sky.aero\\\/?s={search_term_string}\"},\"query-input\":{\"@type\":\"PropertyValueSpecification\",\"valueRequired\":true,\"valueName\":\"search_term_string\"}}],\"inLanguage\":\"en-GB\"},{\"@type\":\"Organization\",\"@id\":\"https:\\\/\\\/up2sky.aero\\\/#organization\",\"name\":\"up2sky.aero, s.r.o.\",\"url\":\"https:\\\/\\\/up2sky.aero\\\/\",\"logo\":{\"@type\":\"ImageObject\",\"inLanguage\":\"en-GB\",\"@id\":\"https:\\\/\\\/up2sky.aero\\\/#\\\/schema\\\/logo\\\/image\\\/\",\"url\":\"https:\\\/\\\/up2sky.aero\\\/wp-content\\\/uploads\\\/2022\\\/10\\\/up2sky-logo.svg\",\"contentUrl\":\"https:\\\/\\\/up2sky.aero\\\/wp-content\\\/uploads\\\/2022\\\/10\\\/up2sky-logo.svg\",\"width\":180,\"height\":141,\"caption\":\"up2sky.aero, s.r.o.\"},\"image\":{\"@id\":\"https:\\\/\\\/up2sky.aero\\\/#\\\/schema\\\/logo\\\/image\\\/\"},\"sameAs\":[\"https:\\\/\\\/www.facebook.com\\\/up2sky.aero\"]}]}<\/script>\n<!-- \/ Yoast SEO plugin. -->","yoast_head_json":{"title":"Toaletn\u00e1 ta\u0161ka PILOT - up2sky.aero","description":"As a travel accessory or as a gift, this toiletry bag offers everything you need, giving you space and compactness for your toiletries.","robots":{"index":"index","follow":"follow","max-snippet":"max-snippet:-1","max-image-preview":"max-image-preview:large","max-video-preview":"max-video-preview:-1"},"canonical":"https:\/\/up2sky.aero\/en\/product\/toaletna-taska-pilot\/","og_locale":"en_GB","og_type":"article","og_title":"Toaletn\u00e1 ta\u0161ka PILOT - up2sky.aero","og_description":"Ako cestovn\u00e1 pom\u00f4cka alebo ako dar\u010dek t\u00e1to toaletn\u00e1 ta\u0161ka pon\u00faka v\u0161etko, \u010do potrebujete, a poskytuje v\u00e1m priestor a kompaktnos\u0165 pre va\u0161e toaletn\u00e9 potreby.","og_url":"https:\/\/up2sky.aero\/en\/product\/toaletna-taska-pilot\/","og_site_name":"up2sky.aero","article_publisher":"https:\/\/www.facebook.com\/up2sky.aero","article_modified_time":"2024-12-26T15:57:08+00:00","og_image":[{"width":615,"height":680,"url":"http:\/\/up2sky.aero\/wp-content\/uploads\/2022\/12\/E281CBA0-D8DE-4BFF-AD37-0539A6D55BDA.webp","type":"image\/webp"}],"twitter_card":"summary_large_image","twitter_misc":{"Estimated reading time":"1 minute"},"schema":{"@context":"https:\/\/schema.org","@graph":[{"@type":"WebPage","@id":"https:\/\/up2sky.aero\/produkt\/toaletna-taska-pilot\/","url":"https:\/\/up2sky.aero\/produkt\/toaletna-taska-pilot\/","name":"Toaletn\u00e1 ta\u0161ka PILOT - up2sky.aero","isPartOf":{"@id":"https:\/\/up2sky.aero\/#website"},"primaryImageOfPage":{"@id":"https:\/\/up2sky.aero\/produkt\/toaletna-taska-pilot\/#primaryimage"},"image":{"@id":"https:\/\/up2sky.aero\/produkt\/toaletna-taska-pilot\/#primaryimage"},"thumbnailUrl":"https:\/\/up2sky.aero\/wp-content\/uploads\/2022\/12\/E281CBA0-D8DE-4BFF-AD37-0539A6D55BDA.webp","datePublished":"2022-12-14T14:22:11+00:00","dateModified":"2024-12-26T15:57:08+00:00","description":"As a travel accessory or as a gift, this toiletry bag offers everything you need, giving you space and compactness for your toiletries.","breadcrumb":{"@id":"https:\/\/up2sky.aero\/produkt\/toaletna-taska-pilot\/#breadcrumb"},"inLanguage":"en-GB","potentialAction":[{"@type":"ReadAction","target":["https:\/\/up2sky.aero\/produkt\/toaletna-taska-pilot\/"]}]},{"@type":"ImageObject","inLanguage":"en-GB","@id":"https:\/\/up2sky.aero\/produkt\/toaletna-taska-pilot\/#primaryimage","url":"https:\/\/up2sky.aero\/wp-content\/uploads\/2022\/12\/E281CBA0-D8DE-4BFF-AD37-0539A6D55BDA.webp","contentUrl":"https:\/\/up2sky.aero\/wp-content\/uploads\/2022\/12\/E281CBA0-D8DE-4BFF-AD37-0539A6D55BDA.webp","width":615,"height":680},{"@type":"BreadcrumbList","@id":"https:\/\/up2sky.aero\/produkt\/toaletna-taska-pilot\/#breadcrumb","itemListElement":[{"@type":"ListItem","position":1,"name":"Domovsk\u00e1 str\u00e1nka","item":"https:\/\/up2sky.aero\/"},{"@type":"ListItem","position":2,"name":"Pilot shop","item":"https:\/\/up2sky.aero\/?page_id=126"},{"@type":"ListItem","position":3,"name":"Toaletn\u00e1 ta\u0161ka PILOT"}]},{"@type":"WebSite","@id":"https:\/\/up2sky.aero\/#website","url":"https:\/\/up2sky.aero\/","name":"up2sky.aero","description":"Z\u00e1\u017eitkov\u00e9 lety pre milovn\u00edkov dobrodru\u017estiev","publisher":{"@id":"https:\/\/up2sky.aero\/#organization"},"alternateName":"up2sky","potentialAction":[{"@type":"SearchAction","target":{"@type":"EntryPoint","urlTemplate":"https:\/\/up2sky.aero\/?s={search_term_string}"},"query-input":{"@type":"PropertyValueSpecification","valueRequired":true,"valueName":"search_term_string"}}],"inLanguage":"en-GB"},{"@type":"Organization","@id":"https:\/\/up2sky.aero\/#organization","name":"up2sky.aero, s.r.o.","url":"https:\/\/up2sky.aero\/","logo":{"@type":"ImageObject","inLanguage":"en-GB","@id":"https:\/\/up2sky.aero\/#\/schema\/logo\/image\/","url":"https:\/\/up2sky.aero\/wp-content\/uploads\/2022\/10\/up2sky-logo.svg","contentUrl":"https:\/\/up2sky.aero\/wp-content\/uploads\/2022\/10\/up2sky-logo.svg","width":180,"height":141,"caption":"up2sky.aero, s.r.o."},"image":{"@id":"https:\/\/up2sky.aero\/#\/schema\/logo\/image\/"},"sameAs":["https:\/\/www.facebook.com\/up2sky.aero"]}]}},"_links":{"self":[{"href":"https:\/\/up2sky.aero\/en\/wp-json\/wp\/v2\/product\/467","targetHints":{"allow":["GET"]}}],"collection":[{"href":"https:\/\/up2sky.aero\/en\/wp-json\/wp\/v2\/product"}],"about":[{"href":"https:\/\/up2sky.aero\/en\/wp-json\/wp\/v2\/types\/product"}],"wp:featuredmedia":[{"embeddable":true,"href":"https:\/\/up2sky.aero\/en\/wp-json\/wp\/v2\/media\/468"}],"wp:attachment":[{"href":"https:\/\/up2sky.aero\/en\/wp-json\/wp\/v2\/media?parent=467"}],"wp:term":[{"taxonomy":"product_brand","embeddable":true,"href":"https:\/\/up2sky.aero\/en\/wp-json\/wp\/v2\/product_brand?post=467"},{"taxonomy":"product_cat","embeddable":true,"href":"https:\/\/up2sky.aero\/en\/wp-json\/wp\/v2\/product_cat?post=467"},{"taxonomy":"product_tag","embeddable":true,"href":"https:\/\/up2sky.aero\/en\/wp-json\/wp\/v2\/product_tag?post=467"}],"curies":[{"name":"wp","href":"https:\/\/api.w.org\/{rel}","templated":true}]}}