{"id":474,"date":"2022-12-14T15:31:38","date_gmt":"2022-12-14T14:31:38","guid":{"rendered":"https:\/\/up2sky.aero\/?post_type=product&#038;p=474"},"modified":"2024-12-26T16:54:11","modified_gmt":"2024-12-26T15:54:11","slug":"sada-penazenka-pilot","status":"publish","type":"product","link":"https:\/\/up2sky.aero\/en\/product\/sada-penazenka-pilot\/","title":{"rendered":"PILOT wallet set"},"content":{"rendered":"<p>This elegant PILOT WALLET set is made of high-quality eco-leather. The wallet has RFID protection.<\/p>\n<p>This set consists of: one wallet with 2 bill pockets and a silver metal flap on the outside, a change pocket with an embossed PILOT\u00ae-Logo, six credit card pockets and one ID card pocket<br \/>\none key case for six keys with a metal wing on the outside and an embossed PILOT\u00ae-Logo on the inside<br \/>\none high-quality pen with standard pen refill<br \/>\nDelivery in a black gift box with silver print<\/p>\n<p>Size:<\/p>\n<p>10x8,5x2 cm<\/p>\n<p>10x6x2 cm<\/p>\n<p>&nbsp;<\/p>","protected":false},"excerpt":{"rendered":"<p>T\u00e1to elegantn\u00e1 s\u00faprava PILOT PE\u0147A\u017dENKY je vyroben\u00e1 z vysoko kvalitnej ekologickej ko\u017ee. Pe\u0148a\u017eenka m\u00e1 RFID ochranou. T\u00e1to sada pozost\u00e1va z: jedna pe\u0148a\u017eenka s 2 vreckami na bankovky a strieborn\u00fdm kovov\u00fdm kr\u00eddlom na vonkaj\u0161ej strane, vrecko na drobn\u00e9 s vyrazen\u00fdm logom PILOT\u00ae-Logo, \u0161es\u0165 vreciek na kreditn\u00e9 karty a jedno na ob\u010diansky preukaz jedno puzdro na k\u013e\u00fa\u010de [&hellip;]<\/p>","protected":false},"featured_media":478,"template":"","meta":{"_acf_changed":false,"inline_featured_image":false},"product_brand":[],"product_cat":[22,28],"product_tag":[29],"class_list":{"0":"post-474","1":"product","2":"type-product","3":"status-publish","4":"has-post-thumbnail","6":"product_cat-pilot-shop","7":"product_cat-puzdra","8":"product_tag-design-4-pilots","10":"first","11":"instock","12":"taxable","13":"shipping-taxable","14":"purchasable","15":"product-type-variable"},"acf":[],"yoast_head":"<!-- This site is optimized with the Yoast SEO plugin v27.5 - https:\/\/yoast.com\/product\/yoast-seo-wordpress\/ -->\n<title>Sada pe\u0148a\u017eenka PILOT - up2sky.aero<\/title>\n<meta name=\"description\" content=\"T\u00e1to elegantn\u00e1 s\u00faprava PILOT PE\u0147A\u017dENKY je vyroben\u00e1 z vysoko kvalitnej ekologickej ko\u017ee. Pe\u0148a\u017eenka m\u00e1 RFID ochranou. up2sky.aero\" \/>\n<meta name=\"robots\" content=\"index, follow, max-snippet:-1, max-image-preview:large, max-video-preview:-1\" \/>\n<link rel=\"canonical\" href=\"https:\/\/up2sky.aero\/en\/product\/sada-penazenka-pilot\/\" \/>\n<meta property=\"og:locale\" content=\"en_GB\" \/>\n<meta property=\"og:type\" content=\"article\" \/>\n<meta property=\"og:title\" content=\"Sada pe\u0148a\u017eenka PILOT - up2sky.aero\" \/>\n<meta property=\"og:description\" content=\"T\u00e1to elegantn\u00e1 s\u00faprava PILOT PE\u0147A\u017dENKY je vyroben\u00e1 z vysoko kvalitnej ekologickej ko\u017ee. Pe\u0148a\u017eenka m\u00e1 RFID ochranou. up2sky.aero\" \/>\n<meta property=\"og:url\" content=\"https:\/\/up2sky.aero\/en\/product\/sada-penazenka-pilot\/\" \/>\n<meta property=\"og:site_name\" content=\"up2sky.aero\" \/>\n<meta property=\"article:publisher\" content=\"https:\/\/www.facebook.com\/up2sky.aero\" \/>\n<meta property=\"article:modified_time\" content=\"2024-12-26T15:54:11+00:00\" \/>\n<meta property=\"og:image\" content=\"http:\/\/up2sky.aero\/wp-content\/uploads\/2022\/12\/1F51E13E-1F8A-4C91-84AD-C623D1E89BA2.webp\" \/>\n\t<meta property=\"og:image:width\" content=\"666\" \/>\n\t<meta property=\"og:image:height\" content=\"800\" \/>\n\t<meta property=\"og:image:type\" content=\"image\/webp\" \/>\n<meta name=\"twitter:card\" content=\"summary_large_image\" \/>\n<meta name=\"twitter:label1\" content=\"Estimated reading time\" \/>\n\t<meta name=\"twitter:data1\" content=\"1 minute\" \/>\n<script type=\"application\/ld+json\" class=\"yoast-schema-graph\">{\"@context\":\"https:\\\/\\\/schema.org\",\"@graph\":[{\"@type\":\"WebPage\",\"@id\":\"https:\\\/\\\/up2sky.aero\\\/produkt\\\/sada-penazenka-pilot\\\/\",\"url\":\"https:\\\/\\\/up2sky.aero\\\/produkt\\\/sada-penazenka-pilot\\\/\",\"name\":\"Sada pe\u0148a\u017eenka PILOT - up2sky.aero\",\"isPartOf\":{\"@id\":\"https:\\\/\\\/up2sky.aero\\\/#website\"},\"primaryImageOfPage\":{\"@id\":\"https:\\\/\\\/up2sky.aero\\\/produkt\\\/sada-penazenka-pilot\\\/#primaryimage\"},\"image\":{\"@id\":\"https:\\\/\\\/up2sky.aero\\\/produkt\\\/sada-penazenka-pilot\\\/#primaryimage\"},\"thumbnailUrl\":\"https:\\\/\\\/up2sky.aero\\\/wp-content\\\/uploads\\\/2022\\\/12\\\/1F51E13E-1F8A-4C91-84AD-C623D1E89BA2.webp\",\"datePublished\":\"2022-12-14T14:31:38+00:00\",\"dateModified\":\"2024-12-26T15:54:11+00:00\",\"description\":\"T\u00e1to elegantn\u00e1 s\u00faprava PILOT PE\u0147A\u017dENKY je vyroben\u00e1 z vysoko kvalitnej ekologickej ko\u017ee. Pe\u0148a\u017eenka m\u00e1 RFID ochranou. up2sky.aero\",\"breadcrumb\":{\"@id\":\"https:\\\/\\\/up2sky.aero\\\/produkt\\\/sada-penazenka-pilot\\\/#breadcrumb\"},\"inLanguage\":\"en-GB\",\"potentialAction\":[{\"@type\":\"ReadAction\",\"target\":[\"https:\\\/\\\/up2sky.aero\\\/produkt\\\/sada-penazenka-pilot\\\/\"]}]},{\"@type\":\"ImageObject\",\"inLanguage\":\"en-GB\",\"@id\":\"https:\\\/\\\/up2sky.aero\\\/produkt\\\/sada-penazenka-pilot\\\/#primaryimage\",\"url\":\"https:\\\/\\\/up2sky.aero\\\/wp-content\\\/uploads\\\/2022\\\/12\\\/1F51E13E-1F8A-4C91-84AD-C623D1E89BA2.webp\",\"contentUrl\":\"https:\\\/\\\/up2sky.aero\\\/wp-content\\\/uploads\\\/2022\\\/12\\\/1F51E13E-1F8A-4C91-84AD-C623D1E89BA2.webp\",\"width\":666,\"height\":800,\"caption\":\"Sada pe\u0148a\u017eenka PILOT\"},{\"@type\":\"BreadcrumbList\",\"@id\":\"https:\\\/\\\/up2sky.aero\\\/produkt\\\/sada-penazenka-pilot\\\/#breadcrumb\",\"itemListElement\":[{\"@type\":\"ListItem\",\"position\":1,\"name\":\"Domovsk\u00e1 str\u00e1nka\",\"item\":\"https:\\\/\\\/up2sky.aero\\\/\"},{\"@type\":\"ListItem\",\"position\":2,\"name\":\"Pilot shop\",\"item\":\"https:\\\/\\\/up2sky.aero\\\/?page_id=126\"},{\"@type\":\"ListItem\",\"position\":3,\"name\":\"Sada pe\u0148a\u017eenka PILOT\"}]},{\"@type\":\"WebSite\",\"@id\":\"https:\\\/\\\/up2sky.aero\\\/#website\",\"url\":\"https:\\\/\\\/up2sky.aero\\\/\",\"name\":\"up2sky.aero\",\"description\":\"Z\u00e1\u017eitkov\u00e9 lety pre milovn\u00edkov dobrodru\u017estiev\",\"publisher\":{\"@id\":\"https:\\\/\\\/up2sky.aero\\\/#organization\"},\"alternateName\":\"up2sky\",\"potentialAction\":[{\"@type\":\"SearchAction\",\"target\":{\"@type\":\"EntryPoint\",\"urlTemplate\":\"https:\\\/\\\/up2sky.aero\\\/?s={search_term_string}\"},\"query-input\":{\"@type\":\"PropertyValueSpecification\",\"valueRequired\":true,\"valueName\":\"search_term_string\"}}],\"inLanguage\":\"en-GB\"},{\"@type\":\"Organization\",\"@id\":\"https:\\\/\\\/up2sky.aero\\\/#organization\",\"name\":\"up2sky.aero, s.r.o.\",\"url\":\"https:\\\/\\\/up2sky.aero\\\/\",\"logo\":{\"@type\":\"ImageObject\",\"inLanguage\":\"en-GB\",\"@id\":\"https:\\\/\\\/up2sky.aero\\\/#\\\/schema\\\/logo\\\/image\\\/\",\"url\":\"https:\\\/\\\/up2sky.aero\\\/wp-content\\\/uploads\\\/2022\\\/10\\\/up2sky-logo.svg\",\"contentUrl\":\"https:\\\/\\\/up2sky.aero\\\/wp-content\\\/uploads\\\/2022\\\/10\\\/up2sky-logo.svg\",\"width\":180,\"height\":141,\"caption\":\"up2sky.aero, s.r.o.\"},\"image\":{\"@id\":\"https:\\\/\\\/up2sky.aero\\\/#\\\/schema\\\/logo\\\/image\\\/\"},\"sameAs\":[\"https:\\\/\\\/www.facebook.com\\\/up2sky.aero\"]}]}<\/script>\n<!-- \/ Yoast SEO plugin. -->","yoast_head_json":{"title":"Sada pe\u0148a\u017eenka PILOT - up2sky.aero","description":"T\u00e1to elegantn\u00e1 s\u00faprava PILOT PE\u0147A\u017dENKY je vyroben\u00e1 z vysoko kvalitnej ekologickej ko\u017ee. Pe\u0148a\u017eenka m\u00e1 RFID ochranou. up2sky.aero","robots":{"index":"index","follow":"follow","max-snippet":"max-snippet:-1","max-image-preview":"max-image-preview:large","max-video-preview":"max-video-preview:-1"},"canonical":"https:\/\/up2sky.aero\/en\/product\/sada-penazenka-pilot\/","og_locale":"en_GB","og_type":"article","og_title":"Sada pe\u0148a\u017eenka PILOT - up2sky.aero","og_description":"T\u00e1to elegantn\u00e1 s\u00faprava PILOT PE\u0147A\u017dENKY je vyroben\u00e1 z vysoko kvalitnej ekologickej ko\u017ee. Pe\u0148a\u017eenka m\u00e1 RFID ochranou. up2sky.aero","og_url":"https:\/\/up2sky.aero\/en\/product\/sada-penazenka-pilot\/","og_site_name":"up2sky.aero","article_publisher":"https:\/\/www.facebook.com\/up2sky.aero","article_modified_time":"2024-12-26T15:54:11+00:00","og_image":[{"width":666,"height":800,"url":"http:\/\/up2sky.aero\/wp-content\/uploads\/2022\/12\/1F51E13E-1F8A-4C91-84AD-C623D1E89BA2.webp","type":"image\/webp"}],"twitter_card":"summary_large_image","twitter_misc":{"Estimated reading time":"1 minute"},"schema":{"@context":"https:\/\/schema.org","@graph":[{"@type":"WebPage","@id":"https:\/\/up2sky.aero\/produkt\/sada-penazenka-pilot\/","url":"https:\/\/up2sky.aero\/produkt\/sada-penazenka-pilot\/","name":"Sada pe\u0148a\u017eenka PILOT - up2sky.aero","isPartOf":{"@id":"https:\/\/up2sky.aero\/#website"},"primaryImageOfPage":{"@id":"https:\/\/up2sky.aero\/produkt\/sada-penazenka-pilot\/#primaryimage"},"image":{"@id":"https:\/\/up2sky.aero\/produkt\/sada-penazenka-pilot\/#primaryimage"},"thumbnailUrl":"https:\/\/up2sky.aero\/wp-content\/uploads\/2022\/12\/1F51E13E-1F8A-4C91-84AD-C623D1E89BA2.webp","datePublished":"2022-12-14T14:31:38+00:00","dateModified":"2024-12-26T15:54:11+00:00","description":"T\u00e1to elegantn\u00e1 s\u00faprava PILOT PE\u0147A\u017dENKY je vyroben\u00e1 z vysoko kvalitnej ekologickej ko\u017ee. Pe\u0148a\u017eenka m\u00e1 RFID ochranou. up2sky.aero","breadcrumb":{"@id":"https:\/\/up2sky.aero\/produkt\/sada-penazenka-pilot\/#breadcrumb"},"inLanguage":"en-GB","potentialAction":[{"@type":"ReadAction","target":["https:\/\/up2sky.aero\/produkt\/sada-penazenka-pilot\/"]}]},{"@type":"ImageObject","inLanguage":"en-GB","@id":"https:\/\/up2sky.aero\/produkt\/sada-penazenka-pilot\/#primaryimage","url":"https:\/\/up2sky.aero\/wp-content\/uploads\/2022\/12\/1F51E13E-1F8A-4C91-84AD-C623D1E89BA2.webp","contentUrl":"https:\/\/up2sky.aero\/wp-content\/uploads\/2022\/12\/1F51E13E-1F8A-4C91-84AD-C623D1E89BA2.webp","width":666,"height":800,"caption":"Sada pe\u0148a\u017eenka PILOT"},{"@type":"BreadcrumbList","@id":"https:\/\/up2sky.aero\/produkt\/sada-penazenka-pilot\/#breadcrumb","itemListElement":[{"@type":"ListItem","position":1,"name":"Domovsk\u00e1 str\u00e1nka","item":"https:\/\/up2sky.aero\/"},{"@type":"ListItem","position":2,"name":"Pilot shop","item":"https:\/\/up2sky.aero\/?page_id=126"},{"@type":"ListItem","position":3,"name":"Sada pe\u0148a\u017eenka PILOT"}]},{"@type":"WebSite","@id":"https:\/\/up2sky.aero\/#website","url":"https:\/\/up2sky.aero\/","name":"up2sky.aero","description":"Z\u00e1\u017eitkov\u00e9 lety pre milovn\u00edkov dobrodru\u017estiev","publisher":{"@id":"https:\/\/up2sky.aero\/#organization"},"alternateName":"up2sky","potentialAction":[{"@type":"SearchAction","target":{"@type":"EntryPoint","urlTemplate":"https:\/\/up2sky.aero\/?s={search_term_string}"},"query-input":{"@type":"PropertyValueSpecification","valueRequired":true,"valueName":"search_term_string"}}],"inLanguage":"en-GB"},{"@type":"Organization","@id":"https:\/\/up2sky.aero\/#organization","name":"up2sky.aero, s.r.o.","url":"https:\/\/up2sky.aero\/","logo":{"@type":"ImageObject","inLanguage":"en-GB","@id":"https:\/\/up2sky.aero\/#\/schema\/logo\/image\/","url":"https:\/\/up2sky.aero\/wp-content\/uploads\/2022\/10\/up2sky-logo.svg","contentUrl":"https:\/\/up2sky.aero\/wp-content\/uploads\/2022\/10\/up2sky-logo.svg","width":180,"height":141,"caption":"up2sky.aero, s.r.o."},"image":{"@id":"https:\/\/up2sky.aero\/#\/schema\/logo\/image\/"},"sameAs":["https:\/\/www.facebook.com\/up2sky.aero"]}]}},"_links":{"self":[{"href":"https:\/\/up2sky.aero\/en\/wp-json\/wp\/v2\/product\/474","targetHints":{"allow":["GET"]}}],"collection":[{"href":"https:\/\/up2sky.aero\/en\/wp-json\/wp\/v2\/product"}],"about":[{"href":"https:\/\/up2sky.aero\/en\/wp-json\/wp\/v2\/types\/product"}],"wp:featuredmedia":[{"embeddable":true,"href":"https:\/\/up2sky.aero\/en\/wp-json\/wp\/v2\/media\/478"}],"wp:attachment":[{"href":"https:\/\/up2sky.aero\/en\/wp-json\/wp\/v2\/media?parent=474"}],"wp:term":[{"taxonomy":"product_brand","embeddable":true,"href":"https:\/\/up2sky.aero\/en\/wp-json\/wp\/v2\/product_brand?post=474"},{"taxonomy":"product_cat","embeddable":true,"href":"https:\/\/up2sky.aero\/en\/wp-json\/wp\/v2\/product_cat?post=474"},{"taxonomy":"product_tag","embeddable":true,"href":"https:\/\/up2sky.aero\/en\/wp-json\/wp\/v2\/product_tag?post=474"}],"curies":[{"name":"wp","href":"https:\/\/api.w.org\/{rel}","templated":true}]}}