{"id":481,"date":"2022-12-14T15:39:51","date_gmt":"2022-12-14T14:39:51","guid":{"rendered":"https:\/\/up2sky.aero\/?post_type=product&#038;p=481"},"modified":"2025-05-09T11:06:17","modified_gmt":"2025-05-09T09:06:17","slug":"pilotne-kridla","status":"publish","type":"product","link":"https:\/\/up2sky.aero\/en\/product\/pilotne-kridla\/","title":{"rendered":"Pilot wings 5 \u200b\u200bcm"},"content":{"rendered":"<p>Elegant and discreet metal Pilot Wings, the perfect gift for you.<\/p>\n<p>Size: 5cm<\/p>\n<p>Color: gold, silver<\/p>","protected":false},"excerpt":{"rendered":"<p>Elegantn\u00e9 a decentn\u00e9 kovov\u00e9 kr\u00eddla Pilot Wings, dokonal\u00fd dar\u010dek pre Teba. Ve\u013ekos\u0165: 5 cm Farba: zlat\u00e1, strieborn\u00e1<\/p>","protected":false},"featured_media":482,"template":"","meta":{"_acf_changed":false,"inline_featured_image":false},"product_brand":[],"product_cat":[25,22],"product_tag":[29],"class_list":{"0":"post-481","1":"product","2":"type-product","3":"status-publish","4":"has-post-thumbnail","6":"product_cat-doplnky-pre-pilotov","7":"product_cat-pilot-shop","8":"product_tag-design-4-pilots","10":"first","11":"instock","12":"taxable","13":"shipping-taxable","14":"purchasable","15":"product-type-variable"},"acf":[],"yoast_head":"<!-- This site is optimized with the Yoast SEO plugin v27.4 - https:\/\/yoast.com\/product\/yoast-seo-wordpress\/ -->\n<title>Pilotn\u00e9 kr\u00eddla 5 cm - up2sky.aero<\/title>\n<meta name=\"description\" content=\"Pilotn\u00e9 kr\u00eddla 5 cm Elegantn\u00e9 a decentn\u00e9 kovov\u00e9 kr\u00eddla Pilot Wings s\u00fa dokonal\u00fdm dar\u010dekom. Ve\u013ekos\u0165: 5 cm up2sky.aero V zlatej a striebornej farbe.\" \/>\n<meta name=\"robots\" content=\"index, follow, max-snippet:-1, max-image-preview:large, max-video-preview:-1\" \/>\n<link rel=\"canonical\" href=\"https:\/\/up2sky.aero\/en\/product\/pilotne-kridla\/\" \/>\n<meta property=\"og:locale\" content=\"en_GB\" \/>\n<meta property=\"og:type\" content=\"article\" \/>\n<meta property=\"og:title\" content=\"Pilotn\u00e9 kr\u00eddla 5 cm - up2sky.aero\" \/>\n<meta property=\"og:description\" content=\"Pilotn\u00e9 kr\u00eddla 5 cm Elegantn\u00e9 a decentn\u00e9 kovov\u00e9 kr\u00eddla Pilot Wings s\u00fa dokonal\u00fdm dar\u010dekom. Ve\u013ekos\u0165: 5 cm up2sky.aero V zlatej a striebornej farbe.\" \/>\n<meta property=\"og:url\" content=\"https:\/\/up2sky.aero\/en\/product\/pilotne-kridla\/\" \/>\n<meta property=\"og:site_name\" content=\"up2sky.aero\" \/>\n<meta property=\"article:publisher\" content=\"https:\/\/www.facebook.com\/up2sky.aero\" \/>\n<meta property=\"article:modified_time\" content=\"2025-05-09T09:06:17+00:00\" \/>\n<meta property=\"og:image\" content=\"http:\/\/up2sky.aero\/wp-content\/uploads\/2022\/12\/97C238B3-0466-4DA9-B2FE-2288DB95ACC1.webp\" \/>\n\t<meta property=\"og:image:width\" content=\"900\" \/>\n\t<meta property=\"og:image:height\" content=\"772\" \/>\n\t<meta property=\"og:image:type\" content=\"image\/webp\" \/>\n<meta name=\"twitter:card\" content=\"summary_large_image\" \/>\n<meta name=\"twitter:label1\" content=\"Estimated reading time\" \/>\n\t<meta name=\"twitter:data1\" content=\"1 minute\" \/>\n<script type=\"application\/ld+json\" class=\"yoast-schema-graph\">{\"@context\":\"https:\\\/\\\/schema.org\",\"@graph\":[{\"@type\":\"WebPage\",\"@id\":\"https:\\\/\\\/up2sky.aero\\\/produkt\\\/pilotne-kridla\\\/\",\"url\":\"https:\\\/\\\/up2sky.aero\\\/produkt\\\/pilotne-kridla\\\/\",\"name\":\"Pilotn\u00e9 kr\u00eddla 5 cm - up2sky.aero\",\"isPartOf\":{\"@id\":\"https:\\\/\\\/up2sky.aero\\\/#website\"},\"primaryImageOfPage\":{\"@id\":\"https:\\\/\\\/up2sky.aero\\\/produkt\\\/pilotne-kridla\\\/#primaryimage\"},\"image\":{\"@id\":\"https:\\\/\\\/up2sky.aero\\\/produkt\\\/pilotne-kridla\\\/#primaryimage\"},\"thumbnailUrl\":\"https:\\\/\\\/up2sky.aero\\\/wp-content\\\/uploads\\\/2022\\\/12\\\/97C238B3-0466-4DA9-B2FE-2288DB95ACC1.webp\",\"datePublished\":\"2022-12-14T14:39:51+00:00\",\"dateModified\":\"2025-05-09T09:06:17+00:00\",\"description\":\"Pilotn\u00e9 kr\u00eddla 5 cm Elegantn\u00e9 a decentn\u00e9 kovov\u00e9 kr\u00eddla Pilot Wings s\u00fa dokonal\u00fdm dar\u010dekom. Ve\u013ekos\u0165: 5 cm up2sky.aero V zlatej a striebornej farbe.\",\"breadcrumb\":{\"@id\":\"https:\\\/\\\/up2sky.aero\\\/produkt\\\/pilotne-kridla\\\/#breadcrumb\"},\"inLanguage\":\"en-GB\",\"potentialAction\":[{\"@type\":\"ReadAction\",\"target\":[\"https:\\\/\\\/up2sky.aero\\\/produkt\\\/pilotne-kridla\\\/\"]}]},{\"@type\":\"ImageObject\",\"inLanguage\":\"en-GB\",\"@id\":\"https:\\\/\\\/up2sky.aero\\\/produkt\\\/pilotne-kridla\\\/#primaryimage\",\"url\":\"https:\\\/\\\/up2sky.aero\\\/wp-content\\\/uploads\\\/2022\\\/12\\\/97C238B3-0466-4DA9-B2FE-2288DB95ACC1.webp\",\"contentUrl\":\"https:\\\/\\\/up2sky.aero\\\/wp-content\\\/uploads\\\/2022\\\/12\\\/97C238B3-0466-4DA9-B2FE-2288DB95ACC1.webp\",\"width\":900,\"height\":772,\"caption\":\"Zlat\u00e9 kr\u00eddla PILOT\"},{\"@type\":\"BreadcrumbList\",\"@id\":\"https:\\\/\\\/up2sky.aero\\\/produkt\\\/pilotne-kridla\\\/#breadcrumb\",\"itemListElement\":[{\"@type\":\"ListItem\",\"position\":1,\"name\":\"Domovsk\u00e1 str\u00e1nka\",\"item\":\"https:\\\/\\\/up2sky.aero\\\/\"},{\"@type\":\"ListItem\",\"position\":2,\"name\":\"Pilot shop\",\"item\":\"https:\\\/\\\/up2sky.aero\\\/?page_id=126\"},{\"@type\":\"ListItem\",\"position\":3,\"name\":\"Pilotn\u00e9 kr\u00eddla 5 cm\"}]},{\"@type\":\"WebSite\",\"@id\":\"https:\\\/\\\/up2sky.aero\\\/#website\",\"url\":\"https:\\\/\\\/up2sky.aero\\\/\",\"name\":\"up2sky.aero\",\"description\":\"Z\u00e1\u017eitkov\u00e9 lety pre milovn\u00edkov dobrodru\u017estiev\",\"publisher\":{\"@id\":\"https:\\\/\\\/up2sky.aero\\\/#organization\"},\"alternateName\":\"up2sky\",\"potentialAction\":[{\"@type\":\"SearchAction\",\"target\":{\"@type\":\"EntryPoint\",\"urlTemplate\":\"https:\\\/\\\/up2sky.aero\\\/?s={search_term_string}\"},\"query-input\":{\"@type\":\"PropertyValueSpecification\",\"valueRequired\":true,\"valueName\":\"search_term_string\"}}],\"inLanguage\":\"en-GB\"},{\"@type\":\"Organization\",\"@id\":\"https:\\\/\\\/up2sky.aero\\\/#organization\",\"name\":\"up2sky.aero, s.r.o.\",\"url\":\"https:\\\/\\\/up2sky.aero\\\/\",\"logo\":{\"@type\":\"ImageObject\",\"inLanguage\":\"en-GB\",\"@id\":\"https:\\\/\\\/up2sky.aero\\\/#\\\/schema\\\/logo\\\/image\\\/\",\"url\":\"https:\\\/\\\/up2sky.aero\\\/wp-content\\\/uploads\\\/2022\\\/10\\\/up2sky-logo.svg\",\"contentUrl\":\"https:\\\/\\\/up2sky.aero\\\/wp-content\\\/uploads\\\/2022\\\/10\\\/up2sky-logo.svg\",\"width\":180,\"height\":141,\"caption\":\"up2sky.aero, s.r.o.\"},\"image\":{\"@id\":\"https:\\\/\\\/up2sky.aero\\\/#\\\/schema\\\/logo\\\/image\\\/\"},\"sameAs\":[\"https:\\\/\\\/www.facebook.com\\\/up2sky.aero\"]}]}<\/script>\n<!-- \/ Yoast SEO plugin. -->","yoast_head_json":{"title":"Pilotn\u00e9 kr\u00eddla 5 cm - up2sky.aero","description":"Pilotn\u00e9 kr\u00eddla 5 cm Elegantn\u00e9 a decentn\u00e9 kovov\u00e9 kr\u00eddla Pilot Wings s\u00fa dokonal\u00fdm dar\u010dekom. Ve\u013ekos\u0165: 5 cm up2sky.aero V zlatej a striebornej farbe.","robots":{"index":"index","follow":"follow","max-snippet":"max-snippet:-1","max-image-preview":"max-image-preview:large","max-video-preview":"max-video-preview:-1"},"canonical":"https:\/\/up2sky.aero\/en\/product\/pilotne-kridla\/","og_locale":"en_GB","og_type":"article","og_title":"Pilotn\u00e9 kr\u00eddla 5 cm - up2sky.aero","og_description":"Pilotn\u00e9 kr\u00eddla 5 cm Elegantn\u00e9 a decentn\u00e9 kovov\u00e9 kr\u00eddla Pilot Wings s\u00fa dokonal\u00fdm dar\u010dekom. Ve\u013ekos\u0165: 5 cm up2sky.aero V zlatej a striebornej farbe.","og_url":"https:\/\/up2sky.aero\/en\/product\/pilotne-kridla\/","og_site_name":"up2sky.aero","article_publisher":"https:\/\/www.facebook.com\/up2sky.aero","article_modified_time":"2025-05-09T09:06:17+00:00","og_image":[{"width":900,"height":772,"url":"http:\/\/up2sky.aero\/wp-content\/uploads\/2022\/12\/97C238B3-0466-4DA9-B2FE-2288DB95ACC1.webp","type":"image\/webp"}],"twitter_card":"summary_large_image","twitter_misc":{"Estimated reading time":"1 minute"},"schema":{"@context":"https:\/\/schema.org","@graph":[{"@type":"WebPage","@id":"https:\/\/up2sky.aero\/produkt\/pilotne-kridla\/","url":"https:\/\/up2sky.aero\/produkt\/pilotne-kridla\/","name":"Pilotn\u00e9 kr\u00eddla 5 cm - up2sky.aero","isPartOf":{"@id":"https:\/\/up2sky.aero\/#website"},"primaryImageOfPage":{"@id":"https:\/\/up2sky.aero\/produkt\/pilotne-kridla\/#primaryimage"},"image":{"@id":"https:\/\/up2sky.aero\/produkt\/pilotne-kridla\/#primaryimage"},"thumbnailUrl":"https:\/\/up2sky.aero\/wp-content\/uploads\/2022\/12\/97C238B3-0466-4DA9-B2FE-2288DB95ACC1.webp","datePublished":"2022-12-14T14:39:51+00:00","dateModified":"2025-05-09T09:06:17+00:00","description":"Pilotn\u00e9 kr\u00eddla 5 cm Elegantn\u00e9 a decentn\u00e9 kovov\u00e9 kr\u00eddla Pilot Wings s\u00fa dokonal\u00fdm dar\u010dekom. Ve\u013ekos\u0165: 5 cm up2sky.aero V zlatej a striebornej farbe.","breadcrumb":{"@id":"https:\/\/up2sky.aero\/produkt\/pilotne-kridla\/#breadcrumb"},"inLanguage":"en-GB","potentialAction":[{"@type":"ReadAction","target":["https:\/\/up2sky.aero\/produkt\/pilotne-kridla\/"]}]},{"@type":"ImageObject","inLanguage":"en-GB","@id":"https:\/\/up2sky.aero\/produkt\/pilotne-kridla\/#primaryimage","url":"https:\/\/up2sky.aero\/wp-content\/uploads\/2022\/12\/97C238B3-0466-4DA9-B2FE-2288DB95ACC1.webp","contentUrl":"https:\/\/up2sky.aero\/wp-content\/uploads\/2022\/12\/97C238B3-0466-4DA9-B2FE-2288DB95ACC1.webp","width":900,"height":772,"caption":"Zlat\u00e9 kr\u00eddla PILOT"},{"@type":"BreadcrumbList","@id":"https:\/\/up2sky.aero\/produkt\/pilotne-kridla\/#breadcrumb","itemListElement":[{"@type":"ListItem","position":1,"name":"Domovsk\u00e1 str\u00e1nka","item":"https:\/\/up2sky.aero\/"},{"@type":"ListItem","position":2,"name":"Pilot shop","item":"https:\/\/up2sky.aero\/?page_id=126"},{"@type":"ListItem","position":3,"name":"Pilotn\u00e9 kr\u00eddla 5 cm"}]},{"@type":"WebSite","@id":"https:\/\/up2sky.aero\/#website","url":"https:\/\/up2sky.aero\/","name":"up2sky.aero","description":"Z\u00e1\u017eitkov\u00e9 lety pre milovn\u00edkov dobrodru\u017estiev","publisher":{"@id":"https:\/\/up2sky.aero\/#organization"},"alternateName":"up2sky","potentialAction":[{"@type":"SearchAction","target":{"@type":"EntryPoint","urlTemplate":"https:\/\/up2sky.aero\/?s={search_term_string}"},"query-input":{"@type":"PropertyValueSpecification","valueRequired":true,"valueName":"search_term_string"}}],"inLanguage":"en-GB"},{"@type":"Organization","@id":"https:\/\/up2sky.aero\/#organization","name":"up2sky.aero, s.r.o.","url":"https:\/\/up2sky.aero\/","logo":{"@type":"ImageObject","inLanguage":"en-GB","@id":"https:\/\/up2sky.aero\/#\/schema\/logo\/image\/","url":"https:\/\/up2sky.aero\/wp-content\/uploads\/2022\/10\/up2sky-logo.svg","contentUrl":"https:\/\/up2sky.aero\/wp-content\/uploads\/2022\/10\/up2sky-logo.svg","width":180,"height":141,"caption":"up2sky.aero, s.r.o."},"image":{"@id":"https:\/\/up2sky.aero\/#\/schema\/logo\/image\/"},"sameAs":["https:\/\/www.facebook.com\/up2sky.aero"]}]}},"_links":{"self":[{"href":"https:\/\/up2sky.aero\/en\/wp-json\/wp\/v2\/product\/481","targetHints":{"allow":["GET"]}}],"collection":[{"href":"https:\/\/up2sky.aero\/en\/wp-json\/wp\/v2\/product"}],"about":[{"href":"https:\/\/up2sky.aero\/en\/wp-json\/wp\/v2\/types\/product"}],"wp:featuredmedia":[{"embeddable":true,"href":"https:\/\/up2sky.aero\/en\/wp-json\/wp\/v2\/media\/482"}],"wp:attachment":[{"href":"https:\/\/up2sky.aero\/en\/wp-json\/wp\/v2\/media?parent=481"}],"wp:term":[{"taxonomy":"product_brand","embeddable":true,"href":"https:\/\/up2sky.aero\/en\/wp-json\/wp\/v2\/product_brand?post=481"},{"taxonomy":"product_cat","embeddable":true,"href":"https:\/\/up2sky.aero\/en\/wp-json\/wp\/v2\/product_cat?post=481"},{"taxonomy":"product_tag","embeddable":true,"href":"https:\/\/up2sky.aero\/en\/wp-json\/wp\/v2\/product_tag?post=481"}],"curies":[{"name":"wp","href":"https:\/\/api.w.org\/{rel}","templated":true}]}}