{"id":489,"date":"2022-12-14T15:52:43","date_gmt":"2022-12-14T14:52:43","guid":{"rendered":"https:\/\/up2sky.aero\/?post_type=product&#038;p=489"},"modified":"2024-12-26T16:49:06","modified_gmt":"2024-12-26T15:49:06","slug":"oximeter-pilot","status":"publish","type":"product","link":"https:\/\/up2sky.aero\/en\/product\/oximeter-pilot\/","title":{"rendered":"Oximeter PILOT"},"content":{"rendered":"<p>Since everyone's body is different, it is important to measure the pilot's blood oxygen saturation level during flights above 8,000 feet to prevent any deterioration caused by lack of oxygen. In addition, you can read the pulse at any time.<\/p>\n<p>PILOT FPO is to be used solely for informational and monitoring purposes and is not a substitute for mandatory oxygen supply required by law when flying at high altitudes.<\/p>\n<p>Other benefits are:<\/p>\n<p>Bright and easy-to-read scratch-resistant color OLED display<br \/>\nBattery indication \u2013 up to 30 hours with 2 AAA batteries<br \/>\nLow weight approx. 55 g including battery<br \/>\nAutomatic shut-off after 8 seconds if not in use<br \/>\nAdjustable brightness and 6 display modes<br \/>\nPerfusion index<br \/>\nAlso included:<\/p>\n<p>Protective cover made of nylon<br \/>\nLanyard<br \/>\nManual in D, E, F, ESP and I<\/p>","protected":false},"excerpt":{"rendered":"<p>Ke\u010f\u017ee telo ka\u017ed\u00e9ho \u010dloveka je in\u00e9, je d\u00f4le\u017eit\u00e9, aby sa po\u010das letov nad 8 000 st\u00f4p merala \u00farove\u0148 satur\u00e1cie krvi pilota kysl\u00edkom, aby sa predi\u0161lo ak\u00e9muko\u013evek zhor\u0161eniu sp\u00f4soben\u00e9mu nedostatkom kysl\u00edka. Okrem toho si m\u00f4\u017eete kedyko\u013evek pre\u010d\u00edta\u0165 pulz. PILOT FPO sa m\u00e1 pou\u017e\u00edva\u0165 v\u00fdhradne na informa\u010dn\u00e9 a monitorovacie \u00fa\u010dely a nie je n\u00e1hradou za povinn\u00e9 z\u00e1sobovanie [&hellip;]<\/p>","protected":false},"featured_media":490,"template":"","meta":{"_acf_changed":false,"inline_featured_image":false},"product_brand":[],"product_cat":[25,22],"product_tag":[29],"class_list":{"0":"post-489","1":"product","2":"type-product","3":"status-publish","4":"has-post-thumbnail","6":"product_cat-doplnky-pre-pilotov","7":"product_cat-pilot-shop","8":"product_tag-design-4-pilots","10":"first","11":"instock","12":"taxable","13":"shipping-taxable","14":"purchasable","15":"product-type-simple"},"acf":[],"yoast_head":"<!-- This site is optimized with the Yoast SEO plugin v27.4 - https:\/\/yoast.com\/product\/yoast-seo-wordpress\/ -->\n<title>Oximeter PILOT - up2sky.aero<\/title>\n<meta name=\"description\" content=\"Oximeter PILOT Ke\u010f\u017ee telo ka\u017ed\u00e9ho \u010dloveka je in\u00e9, je d\u00f4le\u017eit\u00e9, aby sa po\u010das letov nad 8 000 st\u00f4p merala \u00farove\u0148 satur\u00e1cie krvi pilota kysl\u00edkom. up2sky.aero\" \/>\n<meta name=\"robots\" content=\"index, follow, max-snippet:-1, max-image-preview:large, max-video-preview:-1\" \/>\n<link rel=\"canonical\" href=\"https:\/\/up2sky.aero\/en\/product\/oximeter-pilot\/\" \/>\n<meta property=\"og:locale\" content=\"en_GB\" \/>\n<meta property=\"og:type\" content=\"article\" \/>\n<meta property=\"og:title\" content=\"Oximeter PILOT - up2sky.aero\" \/>\n<meta property=\"og:description\" content=\"Oximeter PILOT Ke\u010f\u017ee telo ka\u017ed\u00e9ho \u010dloveka je in\u00e9, je d\u00f4le\u017eit\u00e9, aby sa po\u010das letov nad 8 000 st\u00f4p merala \u00farove\u0148 satur\u00e1cie krvi pilota kysl\u00edkom. up2sky.aero\" \/>\n<meta property=\"og:url\" content=\"https:\/\/up2sky.aero\/en\/product\/oximeter-pilot\/\" \/>\n<meta property=\"og:site_name\" content=\"up2sky.aero\" \/>\n<meta property=\"article:publisher\" content=\"https:\/\/www.facebook.com\/up2sky.aero\" \/>\n<meta property=\"article:modified_time\" content=\"2024-12-26T15:49:06+00:00\" \/>\n<meta property=\"og:image\" content=\"http:\/\/up2sky.aero\/wp-content\/uploads\/2022\/12\/9DE2C764-283E-4298-B130-54D034E701F9.webp\" \/>\n\t<meta property=\"og:image:width\" content=\"800\" \/>\n\t<meta property=\"og:image:height\" content=\"800\" \/>\n\t<meta property=\"og:image:type\" content=\"image\/webp\" \/>\n<meta name=\"twitter:card\" content=\"summary_large_image\" \/>\n<meta name=\"twitter:label1\" content=\"Estimated reading time\" \/>\n\t<meta name=\"twitter:data1\" content=\"1 minute\" \/>\n<script type=\"application\/ld+json\" class=\"yoast-schema-graph\">{\"@context\":\"https:\\\/\\\/schema.org\",\"@graph\":[{\"@type\":\"WebPage\",\"@id\":\"https:\\\/\\\/up2sky.aero\\\/produkt\\\/oximeter-pilot\\\/\",\"url\":\"https:\\\/\\\/up2sky.aero\\\/produkt\\\/oximeter-pilot\\\/\",\"name\":\"Oximeter PILOT - up2sky.aero\",\"isPartOf\":{\"@id\":\"https:\\\/\\\/up2sky.aero\\\/#website\"},\"primaryImageOfPage\":{\"@id\":\"https:\\\/\\\/up2sky.aero\\\/produkt\\\/oximeter-pilot\\\/#primaryimage\"},\"image\":{\"@id\":\"https:\\\/\\\/up2sky.aero\\\/produkt\\\/oximeter-pilot\\\/#primaryimage\"},\"thumbnailUrl\":\"https:\\\/\\\/up2sky.aero\\\/wp-content\\\/uploads\\\/2022\\\/12\\\/9DE2C764-283E-4298-B130-54D034E701F9.webp\",\"datePublished\":\"2022-12-14T14:52:43+00:00\",\"dateModified\":\"2024-12-26T15:49:06+00:00\",\"description\":\"Oximeter PILOT Ke\u010f\u017ee telo ka\u017ed\u00e9ho \u010dloveka je in\u00e9, je d\u00f4le\u017eit\u00e9, aby sa po\u010das letov nad 8 000 st\u00f4p merala \u00farove\u0148 satur\u00e1cie krvi pilota kysl\u00edkom. up2sky.aero\",\"breadcrumb\":{\"@id\":\"https:\\\/\\\/up2sky.aero\\\/produkt\\\/oximeter-pilot\\\/#breadcrumb\"},\"inLanguage\":\"en-GB\",\"potentialAction\":[{\"@type\":\"ReadAction\",\"target\":[\"https:\\\/\\\/up2sky.aero\\\/produkt\\\/oximeter-pilot\\\/\"]}]},{\"@type\":\"ImageObject\",\"inLanguage\":\"en-GB\",\"@id\":\"https:\\\/\\\/up2sky.aero\\\/produkt\\\/oximeter-pilot\\\/#primaryimage\",\"url\":\"https:\\\/\\\/up2sky.aero\\\/wp-content\\\/uploads\\\/2022\\\/12\\\/9DE2C764-283E-4298-B130-54D034E701F9.webp\",\"contentUrl\":\"https:\\\/\\\/up2sky.aero\\\/wp-content\\\/uploads\\\/2022\\\/12\\\/9DE2C764-283E-4298-B130-54D034E701F9.webp\",\"width\":800,\"height\":800,\"caption\":\"Oximeter PILOT\"},{\"@type\":\"BreadcrumbList\",\"@id\":\"https:\\\/\\\/up2sky.aero\\\/produkt\\\/oximeter-pilot\\\/#breadcrumb\",\"itemListElement\":[{\"@type\":\"ListItem\",\"position\":1,\"name\":\"Domovsk\u00e1 str\u00e1nka\",\"item\":\"https:\\\/\\\/up2sky.aero\\\/\"},{\"@type\":\"ListItem\",\"position\":2,\"name\":\"Pilot shop\",\"item\":\"https:\\\/\\\/up2sky.aero\\\/?page_id=126\"},{\"@type\":\"ListItem\",\"position\":3,\"name\":\"Oximeter PILOT\"}]},{\"@type\":\"WebSite\",\"@id\":\"https:\\\/\\\/up2sky.aero\\\/#website\",\"url\":\"https:\\\/\\\/up2sky.aero\\\/\",\"name\":\"up2sky.aero\",\"description\":\"Z\u00e1\u017eitkov\u00e9 lety pre milovn\u00edkov dobrodru\u017estiev\",\"publisher\":{\"@id\":\"https:\\\/\\\/up2sky.aero\\\/#organization\"},\"alternateName\":\"up2sky\",\"potentialAction\":[{\"@type\":\"SearchAction\",\"target\":{\"@type\":\"EntryPoint\",\"urlTemplate\":\"https:\\\/\\\/up2sky.aero\\\/?s={search_term_string}\"},\"query-input\":{\"@type\":\"PropertyValueSpecification\",\"valueRequired\":true,\"valueName\":\"search_term_string\"}}],\"inLanguage\":\"en-GB\"},{\"@type\":\"Organization\",\"@id\":\"https:\\\/\\\/up2sky.aero\\\/#organization\",\"name\":\"up2sky.aero, s.r.o.\",\"url\":\"https:\\\/\\\/up2sky.aero\\\/\",\"logo\":{\"@type\":\"ImageObject\",\"inLanguage\":\"en-GB\",\"@id\":\"https:\\\/\\\/up2sky.aero\\\/#\\\/schema\\\/logo\\\/image\\\/\",\"url\":\"https:\\\/\\\/up2sky.aero\\\/wp-content\\\/uploads\\\/2022\\\/10\\\/up2sky-logo.svg\",\"contentUrl\":\"https:\\\/\\\/up2sky.aero\\\/wp-content\\\/uploads\\\/2022\\\/10\\\/up2sky-logo.svg\",\"width\":180,\"height\":141,\"caption\":\"up2sky.aero, s.r.o.\"},\"image\":{\"@id\":\"https:\\\/\\\/up2sky.aero\\\/#\\\/schema\\\/logo\\\/image\\\/\"},\"sameAs\":[\"https:\\\/\\\/www.facebook.com\\\/up2sky.aero\"]}]}<\/script>\n<!-- \/ Yoast SEO plugin. -->","yoast_head_json":{"title":"Oximeter PILOT - up2sky.aero","description":"Oximeter PILOT Ke\u010f\u017ee telo ka\u017ed\u00e9ho \u010dloveka je in\u00e9, je d\u00f4le\u017eit\u00e9, aby sa po\u010das letov nad 8 000 st\u00f4p merala \u00farove\u0148 satur\u00e1cie krvi pilota kysl\u00edkom. up2sky.aero","robots":{"index":"index","follow":"follow","max-snippet":"max-snippet:-1","max-image-preview":"max-image-preview:large","max-video-preview":"max-video-preview:-1"},"canonical":"https:\/\/up2sky.aero\/en\/product\/oximeter-pilot\/","og_locale":"en_GB","og_type":"article","og_title":"Oximeter PILOT - up2sky.aero","og_description":"Oximeter PILOT Ke\u010f\u017ee telo ka\u017ed\u00e9ho \u010dloveka je in\u00e9, je d\u00f4le\u017eit\u00e9, aby sa po\u010das letov nad 8 000 st\u00f4p merala \u00farove\u0148 satur\u00e1cie krvi pilota kysl\u00edkom. up2sky.aero","og_url":"https:\/\/up2sky.aero\/en\/product\/oximeter-pilot\/","og_site_name":"up2sky.aero","article_publisher":"https:\/\/www.facebook.com\/up2sky.aero","article_modified_time":"2024-12-26T15:49:06+00:00","og_image":[{"width":800,"height":800,"url":"http:\/\/up2sky.aero\/wp-content\/uploads\/2022\/12\/9DE2C764-283E-4298-B130-54D034E701F9.webp","type":"image\/webp"}],"twitter_card":"summary_large_image","twitter_misc":{"Estimated reading time":"1 minute"},"schema":{"@context":"https:\/\/schema.org","@graph":[{"@type":"WebPage","@id":"https:\/\/up2sky.aero\/produkt\/oximeter-pilot\/","url":"https:\/\/up2sky.aero\/produkt\/oximeter-pilot\/","name":"Oximeter PILOT - up2sky.aero","isPartOf":{"@id":"https:\/\/up2sky.aero\/#website"},"primaryImageOfPage":{"@id":"https:\/\/up2sky.aero\/produkt\/oximeter-pilot\/#primaryimage"},"image":{"@id":"https:\/\/up2sky.aero\/produkt\/oximeter-pilot\/#primaryimage"},"thumbnailUrl":"https:\/\/up2sky.aero\/wp-content\/uploads\/2022\/12\/9DE2C764-283E-4298-B130-54D034E701F9.webp","datePublished":"2022-12-14T14:52:43+00:00","dateModified":"2024-12-26T15:49:06+00:00","description":"Oximeter PILOT Ke\u010f\u017ee telo ka\u017ed\u00e9ho \u010dloveka je in\u00e9, je d\u00f4le\u017eit\u00e9, aby sa po\u010das letov nad 8 000 st\u00f4p merala \u00farove\u0148 satur\u00e1cie krvi pilota kysl\u00edkom. up2sky.aero","breadcrumb":{"@id":"https:\/\/up2sky.aero\/produkt\/oximeter-pilot\/#breadcrumb"},"inLanguage":"en-GB","potentialAction":[{"@type":"ReadAction","target":["https:\/\/up2sky.aero\/produkt\/oximeter-pilot\/"]}]},{"@type":"ImageObject","inLanguage":"en-GB","@id":"https:\/\/up2sky.aero\/produkt\/oximeter-pilot\/#primaryimage","url":"https:\/\/up2sky.aero\/wp-content\/uploads\/2022\/12\/9DE2C764-283E-4298-B130-54D034E701F9.webp","contentUrl":"https:\/\/up2sky.aero\/wp-content\/uploads\/2022\/12\/9DE2C764-283E-4298-B130-54D034E701F9.webp","width":800,"height":800,"caption":"Oximeter PILOT"},{"@type":"BreadcrumbList","@id":"https:\/\/up2sky.aero\/produkt\/oximeter-pilot\/#breadcrumb","itemListElement":[{"@type":"ListItem","position":1,"name":"Domovsk\u00e1 str\u00e1nka","item":"https:\/\/up2sky.aero\/"},{"@type":"ListItem","position":2,"name":"Pilot shop","item":"https:\/\/up2sky.aero\/?page_id=126"},{"@type":"ListItem","position":3,"name":"Oximeter PILOT"}]},{"@type":"WebSite","@id":"https:\/\/up2sky.aero\/#website","url":"https:\/\/up2sky.aero\/","name":"up2sky.aero","description":"Z\u00e1\u017eitkov\u00e9 lety pre milovn\u00edkov dobrodru\u017estiev","publisher":{"@id":"https:\/\/up2sky.aero\/#organization"},"alternateName":"up2sky","potentialAction":[{"@type":"SearchAction","target":{"@type":"EntryPoint","urlTemplate":"https:\/\/up2sky.aero\/?s={search_term_string}"},"query-input":{"@type":"PropertyValueSpecification","valueRequired":true,"valueName":"search_term_string"}}],"inLanguage":"en-GB"},{"@type":"Organization","@id":"https:\/\/up2sky.aero\/#organization","name":"up2sky.aero, s.r.o.","url":"https:\/\/up2sky.aero\/","logo":{"@type":"ImageObject","inLanguage":"en-GB","@id":"https:\/\/up2sky.aero\/#\/schema\/logo\/image\/","url":"https:\/\/up2sky.aero\/wp-content\/uploads\/2022\/10\/up2sky-logo.svg","contentUrl":"https:\/\/up2sky.aero\/wp-content\/uploads\/2022\/10\/up2sky-logo.svg","width":180,"height":141,"caption":"up2sky.aero, s.r.o."},"image":{"@id":"https:\/\/up2sky.aero\/#\/schema\/logo\/image\/"},"sameAs":["https:\/\/www.facebook.com\/up2sky.aero"]}]}},"_links":{"self":[{"href":"https:\/\/up2sky.aero\/en\/wp-json\/wp\/v2\/product\/489","targetHints":{"allow":["GET"]}}],"collection":[{"href":"https:\/\/up2sky.aero\/en\/wp-json\/wp\/v2\/product"}],"about":[{"href":"https:\/\/up2sky.aero\/en\/wp-json\/wp\/v2\/types\/product"}],"wp:featuredmedia":[{"embeddable":true,"href":"https:\/\/up2sky.aero\/en\/wp-json\/wp\/v2\/media\/490"}],"wp:attachment":[{"href":"https:\/\/up2sky.aero\/en\/wp-json\/wp\/v2\/media?parent=489"}],"wp:term":[{"taxonomy":"product_brand","embeddable":true,"href":"https:\/\/up2sky.aero\/en\/wp-json\/wp\/v2\/product_brand?post=489"},{"taxonomy":"product_cat","embeddable":true,"href":"https:\/\/up2sky.aero\/en\/wp-json\/wp\/v2\/product_cat?post=489"},{"taxonomy":"product_tag","embeddable":true,"href":"https:\/\/up2sky.aero\/en\/wp-json\/wp\/v2\/product_tag?post=489"}],"curies":[{"name":"wp","href":"https:\/\/api.w.org\/{rel}","templated":true}]}}