{"id":498,"date":"2022-12-14T16:02:35","date_gmt":"2022-12-14T15:02:35","guid":{"rendered":"https:\/\/up2sky.aero\/?post_type=product&#038;p=498"},"modified":"2024-10-14T13:46:04","modified_gmt":"2024-10-14T11:46:04","slug":"rusko-na-tvar-pilot","status":"publish","type":"product","link":"https:\/\/up2sky.aero\/en\/product\/rusko-na-tvar-pilot\/","title":{"rendered":"PILOT face mask"},"content":{"rendered":"<p>The complete PILOT product line was developed in close cooperation with glider, fixed-wing and helicopter pilots, as well as commercial aircraft pilots.<\/p>\n<p>Thanks to its antibacterial and thermoregulatory properties, this material is very comfortable to wear. Ideal for everyday use. Machine washable.<\/p>\n<p>PILOT FACE MASK does not meet the requirements for a medical product.<\/p>","protected":false},"excerpt":{"rendered":"<p>T\u00e1to elastick\u00e1 tv\u00e1rov\u00e1 maska sa vyr\u00e1ba z m\u00e4kkej, priedu\u0161nej pr\u00edrodnej merino vlny a m\u00e1 elastick\u00e9 p\u00e1sy. V\u010faka svojim antibakteri\u00e1lnym a termoregula\u010dn\u00fdm vlastnostiam je tento materi\u00e1l ve\u013emi pr\u00edjemn\u00fd na nosenie. Ide\u00e1lne na ka\u017edodenn\u00e9 pou\u017eitie. Mo\u017eno pra\u0165 v pr\u00e1\u010dke. PILOTN\u00c1 TV\u00c1ROV\u00c1 MASKA nesp\u013a\u0148a po\u017eiadavky na medic\u00ednsky produkt.<\/p>","protected":false},"featured_media":499,"template":"","meta":{"_acf_changed":false,"inline_featured_image":false},"product_brand":[],"product_cat":[25,22],"product_tag":[29],"class_list":{"0":"post-498","1":"product","2":"type-product","3":"status-publish","4":"has-post-thumbnail","6":"product_cat-doplnky-pre-pilotov","7":"product_cat-pilot-shop","8":"product_tag-design-4-pilots","10":"first","11":"instock","12":"taxable","13":"shipping-taxable","14":"purchasable","15":"product-type-simple"},"acf":[],"yoast_head":"<!-- This site is optimized with the Yoast SEO plugin v27.5 - https:\/\/yoast.com\/product\/yoast-seo-wordpress\/ -->\n<title>R\u00fa\u0161ko na tv\u00e1r PILOT - up2sky.aero<\/title>\n<meta name=\"description\" content=\"R\u00fa\u0161ko na tv\u00e1r PILOT je elastick\u00e1 tv\u00e1rov\u00e1 maska vyroben\u00e1 z m\u00e4kkej, priedu\u0161nej pr\u00edrodnej merino vlny a m\u00e1 elastick\u00e9 p\u00e1sy, ktor\u00e9 s\u00fa ve\u013emi komfortn\u00e9. up2sky.aero\" \/>\n<meta name=\"robots\" content=\"index, follow, max-snippet:-1, max-image-preview:large, max-video-preview:-1\" \/>\n<link rel=\"canonical\" href=\"https:\/\/up2sky.aero\/en\/product\/rusko-na-tvar-pilot\/\" \/>\n<meta property=\"og:locale\" content=\"en_GB\" \/>\n<meta property=\"og:type\" content=\"article\" \/>\n<meta property=\"og:title\" content=\"R\u00fa\u0161ko na tv\u00e1r PILOT - up2sky.aero\" \/>\n<meta property=\"og:description\" content=\"R\u00fa\u0161ko na tv\u00e1r PILOT je elastick\u00e1 tv\u00e1rov\u00e1 maska vyroben\u00e1 z m\u00e4kkej, priedu\u0161nej pr\u00edrodnej merino vlny a m\u00e1 elastick\u00e9 p\u00e1sy, ktor\u00e9 s\u00fa ve\u013emi komfortn\u00e9. up2sky.aero\" \/>\n<meta property=\"og:url\" content=\"https:\/\/up2sky.aero\/en\/product\/rusko-na-tvar-pilot\/\" \/>\n<meta property=\"og:site_name\" content=\"up2sky.aero\" \/>\n<meta property=\"article:publisher\" content=\"https:\/\/www.facebook.com\/up2sky.aero\" \/>\n<meta property=\"article:modified_time\" content=\"2024-10-14T11:46:04+00:00\" \/>\n<meta property=\"og:image\" content=\"http:\/\/up2sky.aero\/wp-content\/uploads\/2022\/12\/D89265A6-04C4-44AB-BB8B-C92F6D66EC44.webp\" \/>\n\t<meta property=\"og:image:width\" content=\"703\" \/>\n\t<meta property=\"og:image:height\" content=\"800\" \/>\n\t<meta property=\"og:image:type\" content=\"image\/webp\" \/>\n<meta name=\"twitter:card\" content=\"summary_large_image\" \/>\n<meta name=\"twitter:label1\" content=\"Estimated reading time\" \/>\n\t<meta name=\"twitter:data1\" content=\"1 minute\" \/>\n<script type=\"application\/ld+json\" class=\"yoast-schema-graph\">{\"@context\":\"https:\\\/\\\/schema.org\",\"@graph\":[{\"@type\":\"WebPage\",\"@id\":\"https:\\\/\\\/up2sky.aero\\\/produkt\\\/rusko-na-tvar-pilot\\\/\",\"url\":\"https:\\\/\\\/up2sky.aero\\\/produkt\\\/rusko-na-tvar-pilot\\\/\",\"name\":\"R\u00fa\u0161ko na tv\u00e1r PILOT - up2sky.aero\",\"isPartOf\":{\"@id\":\"https:\\\/\\\/up2sky.aero\\\/#website\"},\"primaryImageOfPage\":{\"@id\":\"https:\\\/\\\/up2sky.aero\\\/produkt\\\/rusko-na-tvar-pilot\\\/#primaryimage\"},\"image\":{\"@id\":\"https:\\\/\\\/up2sky.aero\\\/produkt\\\/rusko-na-tvar-pilot\\\/#primaryimage\"},\"thumbnailUrl\":\"https:\\\/\\\/up2sky.aero\\\/wp-content\\\/uploads\\\/2022\\\/12\\\/D89265A6-04C4-44AB-BB8B-C92F6D66EC44.webp\",\"datePublished\":\"2022-12-14T15:02:35+00:00\",\"dateModified\":\"2024-10-14T11:46:04+00:00\",\"description\":\"R\u00fa\u0161ko na tv\u00e1r PILOT je elastick\u00e1 tv\u00e1rov\u00e1 maska vyroben\u00e1 z m\u00e4kkej, priedu\u0161nej pr\u00edrodnej merino vlny a m\u00e1 elastick\u00e9 p\u00e1sy, ktor\u00e9 s\u00fa ve\u013emi komfortn\u00e9. up2sky.aero\",\"breadcrumb\":{\"@id\":\"https:\\\/\\\/up2sky.aero\\\/produkt\\\/rusko-na-tvar-pilot\\\/#breadcrumb\"},\"inLanguage\":\"en-GB\",\"potentialAction\":[{\"@type\":\"ReadAction\",\"target\":[\"https:\\\/\\\/up2sky.aero\\\/produkt\\\/rusko-na-tvar-pilot\\\/\"]}]},{\"@type\":\"ImageObject\",\"inLanguage\":\"en-GB\",\"@id\":\"https:\\\/\\\/up2sky.aero\\\/produkt\\\/rusko-na-tvar-pilot\\\/#primaryimage\",\"url\":\"https:\\\/\\\/up2sky.aero\\\/wp-content\\\/uploads\\\/2022\\\/12\\\/D89265A6-04C4-44AB-BB8B-C92F6D66EC44.webp\",\"contentUrl\":\"https:\\\/\\\/up2sky.aero\\\/wp-content\\\/uploads\\\/2022\\\/12\\\/D89265A6-04C4-44AB-BB8B-C92F6D66EC44.webp\",\"width\":703,\"height\":800,\"caption\":\"R\u00fa\u0161ko na tv\u00e1r\"},{\"@type\":\"BreadcrumbList\",\"@id\":\"https:\\\/\\\/up2sky.aero\\\/produkt\\\/rusko-na-tvar-pilot\\\/#breadcrumb\",\"itemListElement\":[{\"@type\":\"ListItem\",\"position\":1,\"name\":\"Domovsk\u00e1 str\u00e1nka\",\"item\":\"https:\\\/\\\/up2sky.aero\\\/\"},{\"@type\":\"ListItem\",\"position\":2,\"name\":\"Pilot shop\",\"item\":\"https:\\\/\\\/up2sky.aero\\\/?page_id=126\"},{\"@type\":\"ListItem\",\"position\":3,\"name\":\"R\u00fa\u0161ko na tv\u00e1r PILOT\"}]},{\"@type\":\"WebSite\",\"@id\":\"https:\\\/\\\/up2sky.aero\\\/#website\",\"url\":\"https:\\\/\\\/up2sky.aero\\\/\",\"name\":\"up2sky.aero\",\"description\":\"Z\u00e1\u017eitkov\u00e9 lety pre milovn\u00edkov dobrodru\u017estiev\",\"publisher\":{\"@id\":\"https:\\\/\\\/up2sky.aero\\\/#organization\"},\"alternateName\":\"up2sky\",\"potentialAction\":[{\"@type\":\"SearchAction\",\"target\":{\"@type\":\"EntryPoint\",\"urlTemplate\":\"https:\\\/\\\/up2sky.aero\\\/?s={search_term_string}\"},\"query-input\":{\"@type\":\"PropertyValueSpecification\",\"valueRequired\":true,\"valueName\":\"search_term_string\"}}],\"inLanguage\":\"en-GB\"},{\"@type\":\"Organization\",\"@id\":\"https:\\\/\\\/up2sky.aero\\\/#organization\",\"name\":\"up2sky.aero, s.r.o.\",\"url\":\"https:\\\/\\\/up2sky.aero\\\/\",\"logo\":{\"@type\":\"ImageObject\",\"inLanguage\":\"en-GB\",\"@id\":\"https:\\\/\\\/up2sky.aero\\\/#\\\/schema\\\/logo\\\/image\\\/\",\"url\":\"https:\\\/\\\/up2sky.aero\\\/wp-content\\\/uploads\\\/2022\\\/10\\\/up2sky-logo.svg\",\"contentUrl\":\"https:\\\/\\\/up2sky.aero\\\/wp-content\\\/uploads\\\/2022\\\/10\\\/up2sky-logo.svg\",\"width\":180,\"height\":141,\"caption\":\"up2sky.aero, s.r.o.\"},\"image\":{\"@id\":\"https:\\\/\\\/up2sky.aero\\\/#\\\/schema\\\/logo\\\/image\\\/\"},\"sameAs\":[\"https:\\\/\\\/www.facebook.com\\\/up2sky.aero\"]}]}<\/script>\n<!-- \/ Yoast SEO plugin. -->","yoast_head_json":{"title":"R\u00fa\u0161ko na tv\u00e1r PILOT - up2sky.aero","description":"R\u00fa\u0161ko na tv\u00e1r PILOT je elastick\u00e1 tv\u00e1rov\u00e1 maska vyroben\u00e1 z m\u00e4kkej, priedu\u0161nej pr\u00edrodnej merino vlny a m\u00e1 elastick\u00e9 p\u00e1sy, ktor\u00e9 s\u00fa ve\u013emi komfortn\u00e9. up2sky.aero","robots":{"index":"index","follow":"follow","max-snippet":"max-snippet:-1","max-image-preview":"max-image-preview:large","max-video-preview":"max-video-preview:-1"},"canonical":"https:\/\/up2sky.aero\/en\/product\/rusko-na-tvar-pilot\/","og_locale":"en_GB","og_type":"article","og_title":"R\u00fa\u0161ko na tv\u00e1r PILOT - up2sky.aero","og_description":"R\u00fa\u0161ko na tv\u00e1r PILOT je elastick\u00e1 tv\u00e1rov\u00e1 maska vyroben\u00e1 z m\u00e4kkej, priedu\u0161nej pr\u00edrodnej merino vlny a m\u00e1 elastick\u00e9 p\u00e1sy, ktor\u00e9 s\u00fa ve\u013emi komfortn\u00e9. up2sky.aero","og_url":"https:\/\/up2sky.aero\/en\/product\/rusko-na-tvar-pilot\/","og_site_name":"up2sky.aero","article_publisher":"https:\/\/www.facebook.com\/up2sky.aero","article_modified_time":"2024-10-14T11:46:04+00:00","og_image":[{"width":703,"height":800,"url":"http:\/\/up2sky.aero\/wp-content\/uploads\/2022\/12\/D89265A6-04C4-44AB-BB8B-C92F6D66EC44.webp","type":"image\/webp"}],"twitter_card":"summary_large_image","twitter_misc":{"Estimated reading time":"1 minute"},"schema":{"@context":"https:\/\/schema.org","@graph":[{"@type":"WebPage","@id":"https:\/\/up2sky.aero\/produkt\/rusko-na-tvar-pilot\/","url":"https:\/\/up2sky.aero\/produkt\/rusko-na-tvar-pilot\/","name":"R\u00fa\u0161ko na tv\u00e1r PILOT - up2sky.aero","isPartOf":{"@id":"https:\/\/up2sky.aero\/#website"},"primaryImageOfPage":{"@id":"https:\/\/up2sky.aero\/produkt\/rusko-na-tvar-pilot\/#primaryimage"},"image":{"@id":"https:\/\/up2sky.aero\/produkt\/rusko-na-tvar-pilot\/#primaryimage"},"thumbnailUrl":"https:\/\/up2sky.aero\/wp-content\/uploads\/2022\/12\/D89265A6-04C4-44AB-BB8B-C92F6D66EC44.webp","datePublished":"2022-12-14T15:02:35+00:00","dateModified":"2024-10-14T11:46:04+00:00","description":"R\u00fa\u0161ko na tv\u00e1r PILOT je elastick\u00e1 tv\u00e1rov\u00e1 maska vyroben\u00e1 z m\u00e4kkej, priedu\u0161nej pr\u00edrodnej merino vlny a m\u00e1 elastick\u00e9 p\u00e1sy, ktor\u00e9 s\u00fa ve\u013emi komfortn\u00e9. up2sky.aero","breadcrumb":{"@id":"https:\/\/up2sky.aero\/produkt\/rusko-na-tvar-pilot\/#breadcrumb"},"inLanguage":"en-GB","potentialAction":[{"@type":"ReadAction","target":["https:\/\/up2sky.aero\/produkt\/rusko-na-tvar-pilot\/"]}]},{"@type":"ImageObject","inLanguage":"en-GB","@id":"https:\/\/up2sky.aero\/produkt\/rusko-na-tvar-pilot\/#primaryimage","url":"https:\/\/up2sky.aero\/wp-content\/uploads\/2022\/12\/D89265A6-04C4-44AB-BB8B-C92F6D66EC44.webp","contentUrl":"https:\/\/up2sky.aero\/wp-content\/uploads\/2022\/12\/D89265A6-04C4-44AB-BB8B-C92F6D66EC44.webp","width":703,"height":800,"caption":"R\u00fa\u0161ko na tv\u00e1r"},{"@type":"BreadcrumbList","@id":"https:\/\/up2sky.aero\/produkt\/rusko-na-tvar-pilot\/#breadcrumb","itemListElement":[{"@type":"ListItem","position":1,"name":"Domovsk\u00e1 str\u00e1nka","item":"https:\/\/up2sky.aero\/"},{"@type":"ListItem","position":2,"name":"Pilot shop","item":"https:\/\/up2sky.aero\/?page_id=126"},{"@type":"ListItem","position":3,"name":"R\u00fa\u0161ko na tv\u00e1r PILOT"}]},{"@type":"WebSite","@id":"https:\/\/up2sky.aero\/#website","url":"https:\/\/up2sky.aero\/","name":"up2sky.aero","description":"Z\u00e1\u017eitkov\u00e9 lety pre milovn\u00edkov dobrodru\u017estiev","publisher":{"@id":"https:\/\/up2sky.aero\/#organization"},"alternateName":"up2sky","potentialAction":[{"@type":"SearchAction","target":{"@type":"EntryPoint","urlTemplate":"https:\/\/up2sky.aero\/?s={search_term_string}"},"query-input":{"@type":"PropertyValueSpecification","valueRequired":true,"valueName":"search_term_string"}}],"inLanguage":"en-GB"},{"@type":"Organization","@id":"https:\/\/up2sky.aero\/#organization","name":"up2sky.aero, s.r.o.","url":"https:\/\/up2sky.aero\/","logo":{"@type":"ImageObject","inLanguage":"en-GB","@id":"https:\/\/up2sky.aero\/#\/schema\/logo\/image\/","url":"https:\/\/up2sky.aero\/wp-content\/uploads\/2022\/10\/up2sky-logo.svg","contentUrl":"https:\/\/up2sky.aero\/wp-content\/uploads\/2022\/10\/up2sky-logo.svg","width":180,"height":141,"caption":"up2sky.aero, s.r.o."},"image":{"@id":"https:\/\/up2sky.aero\/#\/schema\/logo\/image\/"},"sameAs":["https:\/\/www.facebook.com\/up2sky.aero"]}]}},"_links":{"self":[{"href":"https:\/\/up2sky.aero\/en\/wp-json\/wp\/v2\/product\/498","targetHints":{"allow":["GET"]}}],"collection":[{"href":"https:\/\/up2sky.aero\/en\/wp-json\/wp\/v2\/product"}],"about":[{"href":"https:\/\/up2sky.aero\/en\/wp-json\/wp\/v2\/types\/product"}],"wp:featuredmedia":[{"embeddable":true,"href":"https:\/\/up2sky.aero\/en\/wp-json\/wp\/v2\/media\/499"}],"wp:attachment":[{"href":"https:\/\/up2sky.aero\/en\/wp-json\/wp\/v2\/media?parent=498"}],"wp:term":[{"taxonomy":"product_brand","embeddable":true,"href":"https:\/\/up2sky.aero\/en\/wp-json\/wp\/v2\/product_brand?post=498"},{"taxonomy":"product_cat","embeddable":true,"href":"https:\/\/up2sky.aero\/en\/wp-json\/wp\/v2\/product_cat?post=498"},{"taxonomy":"product_tag","embeddable":true,"href":"https:\/\/up2sky.aero\/en\/wp-json\/wp\/v2\/product_tag?post=498"}],"curies":[{"name":"wp","href":"https:\/\/api.w.org\/{rel}","templated":true}]}}