{"id":508,"date":"2022-12-14T16:18:38","date_gmt":"2022-12-14T15:18:38","guid":{"rendered":"https:\/\/up2sky.aero\/?post_type=product&#038;p=508"},"modified":"2025-01-07T17:58:06","modified_gmt":"2025-01-07T16:58:06","slug":"head-set-pilot","status":"publish","type":"product","link":"https:\/\/up2sky.aero\/en\/product\/head-set-pilot\/","title":{"rendered":"Head set PILOT"},"content":{"rendered":"<p>The PILOT HEADSET PAD consists of memory foam covered with soft, breathable natural merino wool with elastic straps for fastening.<\/p>\n<p>Thanks to its antibacterial and thermoregulatory properties, this material is very comfortable to wear.<\/p>\n<p>Suitable for many commonly used headsets such as BOSE, David Clark, Lightspeed, Sennheiser, AGK, among others.<\/p>","protected":false},"excerpt":{"rendered":"<p>PILOT HEADSET PAD pozost\u00e1va z pam\u00e4\u0165ovej peny pokrytej m\u00e4kkou, priedu\u0161nou pr\u00edrodnou merino vlnou s elastick\u00fdmi p\u00e1sikmi na upevnenie. V\u010faka antibakteri\u00e1lnym a termoregula\u010dn\u00fdm vlastnostiam je tento materi\u00e1l ve\u013emi pr\u00edjemn\u00fd na nosenie. Vhodn\u00e9 pre mnoho be\u017ene pou\u017e\u00edvan\u00fdch n\u00e1hlavn\u00fdch s\u00faprav, ako s\u00fa okrem in\u00e9ho BOSE, David Clark, Lightspeed, Sennheiser, AGK.<\/p>","protected":false},"featured_media":509,"template":"","meta":{"_acf_changed":false,"inline_featured_image":false},"product_brand":[],"product_cat":[25,22],"product_tag":[29],"class_list":{"0":"post-508","1":"product","2":"type-product","3":"status-publish","4":"has-post-thumbnail","6":"product_cat-doplnky-pre-pilotov","7":"product_cat-pilot-shop","8":"product_tag-design-4-pilots","9":"product_shipping_class-packeta","11":"first","12":"instock","13":"taxable","14":"shipping-taxable","15":"purchasable","16":"product-type-variable"},"acf":[],"yoast_head":"<!-- This site is optimized with the Yoast SEO plugin v27.4 - https:\/\/yoast.com\/product\/yoast-seo-wordpress\/ -->\n<title>Head set PILOT - up2sky.aero<\/title>\n<meta name=\"description\" content=\"PILOT HEAD SET PAD pozost\u00e1va z pam\u00e4\u0165ovej peny pokrytej m\u00e4kkou, priedu\u0161nou pr\u00edrodnou merino vlnou s elastick\u00fdmi p\u00e1sikmi na upevnenie. up2sky.aero\" \/>\n<meta name=\"robots\" content=\"index, follow, max-snippet:-1, max-image-preview:large, max-video-preview:-1\" \/>\n<link rel=\"canonical\" href=\"https:\/\/up2sky.aero\/en\/product\/head-set-pilot\/\" \/>\n<meta property=\"og:locale\" content=\"en_GB\" \/>\n<meta property=\"og:type\" content=\"article\" \/>\n<meta property=\"og:title\" content=\"Head set PILOT - up2sky.aero\" \/>\n<meta property=\"og:description\" content=\"PILOT HEAD SET PAD pozost\u00e1va z pam\u00e4\u0165ovej peny pokrytej m\u00e4kkou, priedu\u0161nou pr\u00edrodnou merino vlnou s elastick\u00fdmi p\u00e1sikmi na upevnenie. up2sky.aero\" \/>\n<meta property=\"og:url\" content=\"https:\/\/up2sky.aero\/en\/product\/head-set-pilot\/\" \/>\n<meta property=\"og:site_name\" content=\"up2sky.aero\" \/>\n<meta property=\"article:publisher\" content=\"https:\/\/www.facebook.com\/up2sky.aero\" \/>\n<meta property=\"article:modified_time\" content=\"2025-01-07T16:58:06+00:00\" \/>\n<meta property=\"og:image\" content=\"http:\/\/up2sky.aero\/wp-content\/uploads\/2022\/12\/A4F65C12-8765-47EA-B077-648842472343.webp\" \/>\n\t<meta property=\"og:image:width\" content=\"900\" \/>\n\t<meta property=\"og:image:height\" content=\"521\" \/>\n\t<meta property=\"og:image:type\" content=\"image\/webp\" \/>\n<meta name=\"twitter:card\" content=\"summary_large_image\" \/>\n<meta name=\"twitter:label1\" content=\"Estimated reading time\" \/>\n\t<meta name=\"twitter:data1\" content=\"1 minute\" \/>\n<script type=\"application\/ld+json\" class=\"yoast-schema-graph\">{\"@context\":\"https:\\\/\\\/schema.org\",\"@graph\":[{\"@type\":\"WebPage\",\"@id\":\"https:\\\/\\\/up2sky.aero\\\/produkt\\\/head-set-pilot\\\/\",\"url\":\"https:\\\/\\\/up2sky.aero\\\/produkt\\\/head-set-pilot\\\/\",\"name\":\"Head set PILOT - up2sky.aero\",\"isPartOf\":{\"@id\":\"https:\\\/\\\/up2sky.aero\\\/#website\"},\"primaryImageOfPage\":{\"@id\":\"https:\\\/\\\/up2sky.aero\\\/produkt\\\/head-set-pilot\\\/#primaryimage\"},\"image\":{\"@id\":\"https:\\\/\\\/up2sky.aero\\\/produkt\\\/head-set-pilot\\\/#primaryimage\"},\"thumbnailUrl\":\"https:\\\/\\\/up2sky.aero\\\/wp-content\\\/uploads\\\/2022\\\/12\\\/A4F65C12-8765-47EA-B077-648842472343.webp\",\"datePublished\":\"2022-12-14T15:18:38+00:00\",\"dateModified\":\"2025-01-07T16:58:06+00:00\",\"description\":\"PILOT HEAD SET PAD pozost\u00e1va z pam\u00e4\u0165ovej peny pokrytej m\u00e4kkou, priedu\u0161nou pr\u00edrodnou merino vlnou s elastick\u00fdmi p\u00e1sikmi na upevnenie. up2sky.aero\",\"breadcrumb\":{\"@id\":\"https:\\\/\\\/up2sky.aero\\\/produkt\\\/head-set-pilot\\\/#breadcrumb\"},\"inLanguage\":\"en-GB\",\"potentialAction\":[{\"@type\":\"ReadAction\",\"target\":[\"https:\\\/\\\/up2sky.aero\\\/produkt\\\/head-set-pilot\\\/\"]}]},{\"@type\":\"ImageObject\",\"inLanguage\":\"en-GB\",\"@id\":\"https:\\\/\\\/up2sky.aero\\\/produkt\\\/head-set-pilot\\\/#primaryimage\",\"url\":\"https:\\\/\\\/up2sky.aero\\\/wp-content\\\/uploads\\\/2022\\\/12\\\/A4F65C12-8765-47EA-B077-648842472343.webp\",\"contentUrl\":\"https:\\\/\\\/up2sky.aero\\\/wp-content\\\/uploads\\\/2022\\\/12\\\/A4F65C12-8765-47EA-B077-648842472343.webp\",\"width\":900,\"height\":521,\"caption\":\"Head set PILOT\"},{\"@type\":\"BreadcrumbList\",\"@id\":\"https:\\\/\\\/up2sky.aero\\\/produkt\\\/head-set-pilot\\\/#breadcrumb\",\"itemListElement\":[{\"@type\":\"ListItem\",\"position\":1,\"name\":\"Domovsk\u00e1 str\u00e1nka\",\"item\":\"https:\\\/\\\/up2sky.aero\\\/\"},{\"@type\":\"ListItem\",\"position\":2,\"name\":\"Pilot shop\",\"item\":\"https:\\\/\\\/up2sky.aero\\\/?page_id=126\"},{\"@type\":\"ListItem\",\"position\":3,\"name\":\"Head set PILOT\"}]},{\"@type\":\"WebSite\",\"@id\":\"https:\\\/\\\/up2sky.aero\\\/#website\",\"url\":\"https:\\\/\\\/up2sky.aero\\\/\",\"name\":\"up2sky.aero\",\"description\":\"Z\u00e1\u017eitkov\u00e9 lety pre milovn\u00edkov dobrodru\u017estiev\",\"publisher\":{\"@id\":\"https:\\\/\\\/up2sky.aero\\\/#organization\"},\"alternateName\":\"up2sky\",\"potentialAction\":[{\"@type\":\"SearchAction\",\"target\":{\"@type\":\"EntryPoint\",\"urlTemplate\":\"https:\\\/\\\/up2sky.aero\\\/?s={search_term_string}\"},\"query-input\":{\"@type\":\"PropertyValueSpecification\",\"valueRequired\":true,\"valueName\":\"search_term_string\"}}],\"inLanguage\":\"en-GB\"},{\"@type\":\"Organization\",\"@id\":\"https:\\\/\\\/up2sky.aero\\\/#organization\",\"name\":\"up2sky.aero, s.r.o.\",\"url\":\"https:\\\/\\\/up2sky.aero\\\/\",\"logo\":{\"@type\":\"ImageObject\",\"inLanguage\":\"en-GB\",\"@id\":\"https:\\\/\\\/up2sky.aero\\\/#\\\/schema\\\/logo\\\/image\\\/\",\"url\":\"https:\\\/\\\/up2sky.aero\\\/wp-content\\\/uploads\\\/2022\\\/10\\\/up2sky-logo.svg\",\"contentUrl\":\"https:\\\/\\\/up2sky.aero\\\/wp-content\\\/uploads\\\/2022\\\/10\\\/up2sky-logo.svg\",\"width\":180,\"height\":141,\"caption\":\"up2sky.aero, s.r.o.\"},\"image\":{\"@id\":\"https:\\\/\\\/up2sky.aero\\\/#\\\/schema\\\/logo\\\/image\\\/\"},\"sameAs\":[\"https:\\\/\\\/www.facebook.com\\\/up2sky.aero\"]}]}<\/script>\n<!-- \/ Yoast SEO plugin. -->","yoast_head_json":{"title":"Head set PILOT - up2sky.aero","description":"PILOT HEAD SET PAD pozost\u00e1va z pam\u00e4\u0165ovej peny pokrytej m\u00e4kkou, priedu\u0161nou pr\u00edrodnou merino vlnou s elastick\u00fdmi p\u00e1sikmi na upevnenie. up2sky.aero","robots":{"index":"index","follow":"follow","max-snippet":"max-snippet:-1","max-image-preview":"max-image-preview:large","max-video-preview":"max-video-preview:-1"},"canonical":"https:\/\/up2sky.aero\/en\/product\/head-set-pilot\/","og_locale":"en_GB","og_type":"article","og_title":"Head set PILOT - up2sky.aero","og_description":"PILOT HEAD SET PAD pozost\u00e1va z pam\u00e4\u0165ovej peny pokrytej m\u00e4kkou, priedu\u0161nou pr\u00edrodnou merino vlnou s elastick\u00fdmi p\u00e1sikmi na upevnenie. up2sky.aero","og_url":"https:\/\/up2sky.aero\/en\/product\/head-set-pilot\/","og_site_name":"up2sky.aero","article_publisher":"https:\/\/www.facebook.com\/up2sky.aero","article_modified_time":"2025-01-07T16:58:06+00:00","og_image":[{"width":900,"height":521,"url":"http:\/\/up2sky.aero\/wp-content\/uploads\/2022\/12\/A4F65C12-8765-47EA-B077-648842472343.webp","type":"image\/webp"}],"twitter_card":"summary_large_image","twitter_misc":{"Estimated reading time":"1 minute"},"schema":{"@context":"https:\/\/schema.org","@graph":[{"@type":"WebPage","@id":"https:\/\/up2sky.aero\/produkt\/head-set-pilot\/","url":"https:\/\/up2sky.aero\/produkt\/head-set-pilot\/","name":"Head set PILOT - up2sky.aero","isPartOf":{"@id":"https:\/\/up2sky.aero\/#website"},"primaryImageOfPage":{"@id":"https:\/\/up2sky.aero\/produkt\/head-set-pilot\/#primaryimage"},"image":{"@id":"https:\/\/up2sky.aero\/produkt\/head-set-pilot\/#primaryimage"},"thumbnailUrl":"https:\/\/up2sky.aero\/wp-content\/uploads\/2022\/12\/A4F65C12-8765-47EA-B077-648842472343.webp","datePublished":"2022-12-14T15:18:38+00:00","dateModified":"2025-01-07T16:58:06+00:00","description":"PILOT HEAD SET PAD pozost\u00e1va z pam\u00e4\u0165ovej peny pokrytej m\u00e4kkou, priedu\u0161nou pr\u00edrodnou merino vlnou s elastick\u00fdmi p\u00e1sikmi na upevnenie. up2sky.aero","breadcrumb":{"@id":"https:\/\/up2sky.aero\/produkt\/head-set-pilot\/#breadcrumb"},"inLanguage":"en-GB","potentialAction":[{"@type":"ReadAction","target":["https:\/\/up2sky.aero\/produkt\/head-set-pilot\/"]}]},{"@type":"ImageObject","inLanguage":"en-GB","@id":"https:\/\/up2sky.aero\/produkt\/head-set-pilot\/#primaryimage","url":"https:\/\/up2sky.aero\/wp-content\/uploads\/2022\/12\/A4F65C12-8765-47EA-B077-648842472343.webp","contentUrl":"https:\/\/up2sky.aero\/wp-content\/uploads\/2022\/12\/A4F65C12-8765-47EA-B077-648842472343.webp","width":900,"height":521,"caption":"Head set PILOT"},{"@type":"BreadcrumbList","@id":"https:\/\/up2sky.aero\/produkt\/head-set-pilot\/#breadcrumb","itemListElement":[{"@type":"ListItem","position":1,"name":"Domovsk\u00e1 str\u00e1nka","item":"https:\/\/up2sky.aero\/"},{"@type":"ListItem","position":2,"name":"Pilot shop","item":"https:\/\/up2sky.aero\/?page_id=126"},{"@type":"ListItem","position":3,"name":"Head set PILOT"}]},{"@type":"WebSite","@id":"https:\/\/up2sky.aero\/#website","url":"https:\/\/up2sky.aero\/","name":"up2sky.aero","description":"Z\u00e1\u017eitkov\u00e9 lety pre milovn\u00edkov dobrodru\u017estiev","publisher":{"@id":"https:\/\/up2sky.aero\/#organization"},"alternateName":"up2sky","potentialAction":[{"@type":"SearchAction","target":{"@type":"EntryPoint","urlTemplate":"https:\/\/up2sky.aero\/?s={search_term_string}"},"query-input":{"@type":"PropertyValueSpecification","valueRequired":true,"valueName":"search_term_string"}}],"inLanguage":"en-GB"},{"@type":"Organization","@id":"https:\/\/up2sky.aero\/#organization","name":"up2sky.aero, s.r.o.","url":"https:\/\/up2sky.aero\/","logo":{"@type":"ImageObject","inLanguage":"en-GB","@id":"https:\/\/up2sky.aero\/#\/schema\/logo\/image\/","url":"https:\/\/up2sky.aero\/wp-content\/uploads\/2022\/10\/up2sky-logo.svg","contentUrl":"https:\/\/up2sky.aero\/wp-content\/uploads\/2022\/10\/up2sky-logo.svg","width":180,"height":141,"caption":"up2sky.aero, s.r.o."},"image":{"@id":"https:\/\/up2sky.aero\/#\/schema\/logo\/image\/"},"sameAs":["https:\/\/www.facebook.com\/up2sky.aero"]}]}},"_links":{"self":[{"href":"https:\/\/up2sky.aero\/en\/wp-json\/wp\/v2\/product\/508","targetHints":{"allow":["GET"]}}],"collection":[{"href":"https:\/\/up2sky.aero\/en\/wp-json\/wp\/v2\/product"}],"about":[{"href":"https:\/\/up2sky.aero\/en\/wp-json\/wp\/v2\/types\/product"}],"wp:featuredmedia":[{"embeddable":true,"href":"https:\/\/up2sky.aero\/en\/wp-json\/wp\/v2\/media\/509"}],"wp:attachment":[{"href":"https:\/\/up2sky.aero\/en\/wp-json\/wp\/v2\/media?parent=508"}],"wp:term":[{"taxonomy":"product_brand","embeddable":true,"href":"https:\/\/up2sky.aero\/en\/wp-json\/wp\/v2\/product_brand?post=508"},{"taxonomy":"product_cat","embeddable":true,"href":"https:\/\/up2sky.aero\/en\/wp-json\/wp\/v2\/product_cat?post=508"},{"taxonomy":"product_tag","embeddable":true,"href":"https:\/\/up2sky.aero\/en\/wp-json\/wp\/v2\/product_tag?post=508"}],"curies":[{"name":"wp","href":"https:\/\/api.w.org\/{rel}","templated":true}]}}